{"id":26062,"date":"2024-01-25T10:42:51","date_gmt":"2024-01-25T09:42:51","guid":{"rendered":"https:\/\/test.povedavicedo.com\/cookies\/"},"modified":"2024-01-25T10:42:53","modified_gmt":"2024-01-25T09:42:53","slug":"cookies","status":"publish","type":"page","link":"https:\/\/povedavicedo.com\/nl\/cookies\/","title":{"rendered":"Cookies"},"content":{"rendered":"\n<p><strong>POVEDA VICEDO ABOGADOS<\/strong> kan informatie verzamelen over de zoekgewoonten van de gebruikers van de website via cookies of archieven. Cookies worden niet gebruikt om persoonlijke informatie te verzamelen. Ze worden alleen ge\u00efnstalleerd als de gebruiker blijft en blijft surfen op onze webpagina, met dien verstande dat hij of zij het gebruik en de installatie accepteert. Hierna geven we gedetailleerde informatie over wat een cookie is, waarvoor het dient, welke soorten cookies we gebruiken, wat de doelen ervan zijn en hoe u deze kunt configureren of verwijderen als u dat wilt.<\/p>\n\n<p><strong>a) \u00bfQu\u00e9 es una cookie y para qu\u00e9 sirve?<\/strong><\/p>\n\n<p>Een &#8220;Cookie&#8221; is een klein archief dat wordt opgeslagen in de ordenador van de gebruiker, tablet, smartphone of elk ander apparaat met informatie over het navigeren.<\/p>\n\n<p>El conjunto de &#8220;cookies&#8221; de todos nuestros usuarios nos ayuda a mejorar la calidad de nuestra web, permiti\u00e9ndonos controlar qu\u00e9 p\u00e1ginas son \u00fatiles, cu\u00e1les no y cu\u00e1les son sus susceptibles de mejora.<\/p>\n\n<p>Las cookies son esenciales para el funcionamiento de Internet, aportando innumerables ventajas en la prestaci\u00f3n de servicios interactivos, facilit\u00e1ndole la navegaci\u00f3n y usabilidad de nuestro website.<\/p>\n\n<p>En ning\u00fan caso las cookies podr\u00edan da\u00f1ar su equipo. Degenen die actief zijn, helpen ons daarentegen om fouten te identificeren en op te lossen<em>.<\/em><\/p>\n\n<p><strong><em>b) \u00bfQu\u00e9 tipos de cookies utilizamos?<\/em><\/strong><em> <\/em><\/p>\n\n<p><strong><em>Afhankelijk van het bedrijf dat het beheert:<\/em><\/strong><\/p>\n\n<ul><li><strong>\n  <em>Eigen cookies<\/em>\n<\/strong><em>: Dit zijn de cookies die vanuit onze eigen apparatuur of dominios worden verzonden naar onze gebruikers en van waaruit wij de service verlenen die wij vragen.<\/em><\/li><li><strong>\n  <em>Cookies van derden<\/em>\n<\/strong><em>: <\/em><em> Dit zijn cookies die naar uw computer worden verzonden vanaf een computer of dominio die niet door ons wordt beheerd, maar door <\/em>een andere samenwerkende entiteit. Zoals, bijvoorbeeld, las usadas por redes sociales, of por contenido externo como Google Maps.<\/li><\/ul>\n\n<p><strong>Seg\u00fan el plazo de tiempo que permanecen activadas:<\/strong><\/p>\n\n<ul><li><strong>Cookies de sesi\u00f3n<\/strong>: Son cookies temporales que permanecen en el archivo de cookies de su navegador hasta que el Usuario abandona la p\u00e1gina web, por lo que ninguna queda registrada en el disco duro de su ordenador. La informaci\u00f3n obtenida por medio de estas cookies sirven para analizar pautas de tr\u00e1fico en el website. A la larga, esto nos permite proporcionar una mejor experiencia para mejorar el contenido y facilitar su uso.<\/li><li><strong>Persistente cookies<\/strong>: worden opgeslagen in de harde schijf en onze website wordt gelezen zodra de gebruiker een nieuw bezoek aflegt. Una cookie permanente posee una fecha de expiraci\u00f3n determinada. La cookie dejar\u00e1 de funcionar despu\u00e9s de esa fecha. Deze cookies worden over het algemeen gebruikt om de services voor winkelen en registreren te vergemakkelijken.<\/li><\/ul>\n\n<p><strong>Naargelang hun bestemming:<\/strong><\/p>\n\n<ul><li><strong>Technische cookies<\/strong>: Dit zijn cookies die nodig zijn voor een goede werking van onze website. Permiten, por ejemplo, controlar el tr\u00e1fico y la comunicaci\u00f3n de datos, acceder a partes de acceso restringido, realizar el proceso de compra de un pedido, utilizar elementos de seguridad, almacenar contenidos para poder difundir v\u00eddeos o compartir contenidos a trav\u00e9s de redes sociales.<\/li><li><strong>Cookies voor persoonlijk gebruik<\/strong>: Son aqu\u00e9llas que permiten al Usuario acceder al servicio con unas caracter\u00edsticas predefinidas en funci\u00f3n de una serie de criterios, como por ejemplo el idioma, el tipo de navegador a trav\u00e9s del cual se accede al servicio, la configuraci\u00f3n regional desde donde se accede al servicio, etc.<\/li><li><strong>Cookies voor analyse<\/strong>: Dit zijn cookies waarmee we het aantal gebruikers kunnen vaststellen en waarmee we de statistieken kunnen bijhouden van het gebruik dat de gebruikers maken van de aangeboden diensten.<br\/>Daarom wordt uw navigatie op onze website geanalyseerd om het product- en dienstenaanbod te verbeteren.<\/li><li><strong>Cookies voor openbare gelegenheden<\/strong>: Zijn aqu\u00e9llas que permiten la gesti\u00f3n, de la forma m\u00e1s eficaz posible, de los espacios publicitarios que se pudieran incluir en nuestro website.<\/li><li><strong>Cookies de publicidad comportamental<\/strong>: Estas cookies almacenan informaci\u00f3n del comportamiento de los usuarios obtenida a trav\u00e9s de la observaci\u00f3n continuada. Dankzij hen kunnen we de h\u00e1bitos de navegaci\u00f3n op internet leren kennen en de publiciteit met betrekking tot hun navigatieprofiel laten zien.<\/li><\/ul>\n\n<p> <strong>Finalidad de cada una de las cookies utilizadas:<\/strong><\/p>\n\n<p>A continuaci\u00f3n, detallamos las cookies utilizadas en nuestra web y el proveedor al que pertenecen. Cookies propias son las que pertenecen a nuestro dominio y cookies de terceros son las que pertenecen a otros dominios seg\u00fan la <strong>tabla <\/strong>siguiente:  <\/p>\n\n<p><strong>Belangrijk: La informaci\u00f3n contenida en la tabla es un ejemplo de lo que deber\u00eda contener. Cada web es distinta y deb\u00e9is de consultar a vuestro programador web o inform\u00e1tico para que a\u00f1ada las que realmente est\u00e9 utilizando vuestra web.  <\/strong><\/p>\n\n<table class=\"wp-block-table\"><tbody><tr><td><strong><em>Cookie<\/em><\/strong><\/td><td><strong><em>Naam<\/em><\/strong><\/td><td><strong><em>Tipo<\/em><\/strong><\/td><td><strong><em>Prop\u00f3sito<\/em><\/strong><\/td><td><strong><em>Meer informatie<\/em><\/strong><\/td><\/tr><tr><td><em>Google Analytics<\/em><\/td><td><em>__utma<\/em><em>__utmb<\/em><em>__utmc<\/em><em>__utm<\/em><em>z<\/em><\/td><td><em>De terceros, anl\u00edticas en permanente cookies<\/em><\/td><td><em>Informatie verzamelen over de navigatie van gebruikers op de site om de herkomst van hun bezoek te achterhalen en andere soortgelijke gegevens op het niveau van de statistiek. Er worden geen gegevens verkregen over de namen of namen van gebruikers en de concrete postadres vanwaar de verbinding tot stand is gebracht.<\/em><\/td><td><a href=\"http:\/\/www.google.com\/intl\/es\/analytics\/privacyoverview.html\">\n  <em>Google Analytics<\/em>\n<\/a><a href=\"http:\/\/www.google.com\/intl\/es\/privacy.html\">\n  <em>Privacycentrum van Google<\/em>\n<\/a><br\/><\/td><\/tr><\/tbody><\/table>\n\n<p><strong>Let op: <\/strong>je moet niet alleen de leverancier van de cookies informeren, maar ook of de cookies tijdelijk of permanent zijn, of dat het om analoge, publicitaire of gedragsgerichte cookies gaat, zoals in het voorbeeld van de recuadro superior.<br\/><\/p>\n\n<p><strong>\u00bfC\u00f3mo puede el Usuario configurar o deshabilitar las cookies?<\/strong><\/p>\n\n<p>U kunt <strong>cookies die op uw computer zijn ge\u00efnstalleerd toestaan, blokkeren of verwijderen<\/strong> via de configuratie van de opties van uw internetnavigator. Als u de installatie van cookies in uw browser niet toestaat, is het mogelijk dat u geen toegang krijgt tot bepaalde diensten en dat uw ervaring op de website minder bevredigend is.<\/p>\n\n<ul><li><strong>Firefox:<\/strong> <a href=\"http:\/\/support.mozilla.org\/es\/kb\/habilitar-y-deshabilitar-cookies-que-los-sitios-we\">http:\/\/support.mozilla.org\/es\/kb\/habilitar-y-deshabilitar-cookies-que-los-sitios-we<\/a><\/li><li><strong>Chroom:<\/strong> <a href=\"http:\/\/support.google.com\/chrome\/bin\/answer.py?hl=es&amp;answer=95647\">http:\/\/support.google.com\/chrome\/bin\/answer.py?hl=es&amp;answer=95647<\/a><\/li><li><strong>Ontdekkingsreiziger:<\/strong> https:\/\/support.microsoft.com\/es-es\/help\/17442<\/li><li><strong>Safari:<\/strong> <a href=\"http:\/\/support.apple.com\/kb\/ph5042\">http:\/\/support.apple.com\/kb\/ph5042<\/a><\/li><li><strong>Opera:<\/strong> <a href=\"http:\/\/help.opera.com\/Windows\/11.50\/es-ES\/cookies.html\">http:\/\/help.opera.com\/Windows\/11.50\/es-ES\/cookies.html<\/a><\/li><li><strong>Andere navegadores<\/strong>: raadpleeg de documentatie van de navegador die ge\u00efnstalleerd is.<\/li><\/ul>\n","protected":false},"excerpt":{"rendered":"<p>POVEDA VICEDO ABOGADOS kan informatie verzamelen over de zoekgewoonten van de gebruikers van de website via cookies of archieven. Cookies worden niet gebruikt om persoonlijke informatie te verzamelen. Ze worden alleen ge\u00efnstalleerd als de gebruiker blijft en blijft surfen op onze webpagina, met dien verstande dat hij of zij het gebruik en de installatie accepteert. &#8230; <a title=\"Cookies\" class=\"read-more\" href=\"https:\/\/povedavicedo.com\/nl\/cookies\/\" aria-label=\"Lees meer over Cookies\">Lees verder<\/a><\/p>\n","protected":false},"author":1,"featured_media":0,"parent":0,"menu_order":0,"comment_status":"closed","ping_status":"closed","template":"","meta":{"footnotes":""},"yoast_head":"<!-- This site is optimized with the Yoast SEO plugin v23.5 - https:\/\/yoast.com\/wordpress\/plugins\/seo\/ -->\n<title>Cookies - Poveda Vicedo<\/title>\n<meta name=\"robots\" content=\"index, follow, max-snippet:-1, max-image-preview:large, max-video-preview:-1\" \/>\n<link rel=\"canonical\" href=\"https:\/\/povedavicedo.com\/nl\/cookies\/\" \/>\n<meta property=\"og:locale\" content=\"nl_NL\" \/>\n<meta property=\"og:type\" content=\"article\" \/>\n<meta property=\"og:title\" content=\"Cookies - Poveda Vicedo\" \/>\n<meta property=\"og:description\" content=\"POVEDA VICEDO ABOGADOS kan informatie verzamelen over de zoekgewoonten van de gebruikers van de website via cookies of archieven. Cookies worden niet gebruikt om persoonlijke informatie te verzamelen. Ze worden alleen ge\u00efnstalleerd als de gebruiker blijft en blijft surfen op onze webpagina, met dien verstande dat hij of zij het gebruik en de installatie accepteert. ... Lees verder\" \/>\n<meta property=\"og:url\" content=\"https:\/\/povedavicedo.com\/nl\/cookies\/\" \/>\n<meta property=\"og:site_name\" content=\"Poveda Vicedo\" \/>\n<meta property=\"article:modified_time\" content=\"2024-01-25T09:42:53+00:00\" \/>\n<meta name=\"twitter:card\" content=\"summary_large_image\" \/>\n<meta name=\"twitter:label1\" content=\"Geschatte leestijd\" \/>\n\t<meta name=\"twitter:data1\" content=\"5 minuten\" \/>\n<script type=\"application\/ld+json\" class=\"yoast-schema-graph\">{\"@context\":\"https:\/\/schema.org\",\"@graph\":[{\"@type\":\"WebPage\",\"@id\":\"https:\/\/povedavicedo.com\/nl\/cookies\/\",\"url\":\"https:\/\/povedavicedo.com\/nl\/cookies\/\",\"name\":\"Cookies - Poveda Vicedo\",\"isPartOf\":{\"@id\":\"https:\/\/povedavicedo.com\/nl\/#website\"},\"datePublished\":\"2024-01-25T09:42:51+00:00\",\"dateModified\":\"2024-01-25T09:42:53+00:00\",\"breadcrumb\":{\"@id\":\"https:\/\/povedavicedo.com\/nl\/cookies\/#breadcrumb\"},\"inLanguage\":\"nl-NL\",\"potentialAction\":[{\"@type\":\"ReadAction\",\"target\":[\"https:\/\/povedavicedo.com\/nl\/cookies\/\"]}]},{\"@type\":\"BreadcrumbList\",\"@id\":\"https:\/\/povedavicedo.com\/nl\/cookies\/#breadcrumb\",\"itemListElement\":[{\"@type\":\"ListItem\",\"position\":1,\"name\":\"Portada\",\"item\":\"https:\/\/povedavicedo.com\/nl\/\"},{\"@type\":\"ListItem\",\"position\":2,\"name\":\"Cookies\"}]},{\"@type\":\"WebSite\",\"@id\":\"https:\/\/povedavicedo.com\/nl\/#website\",\"url\":\"https:\/\/povedavicedo.com\/nl\/\",\"name\":\"Poveda Vicedo\",\"description\":\"Abogados - Solicitors Est. 1957\",\"publisher\":{\"@id\":\"https:\/\/povedavicedo.com\/nl\/#organization\"},\"potentialAction\":[{\"@type\":\"SearchAction\",\"target\":{\"@type\":\"EntryPoint\",\"urlTemplate\":\"https:\/\/povedavicedo.com\/nl\/?s={search_term_string}\"},\"query-input\":{\"@type\":\"PropertyValueSpecification\",\"valueRequired\":true,\"valueName\":\"search_term_string\"}}],\"inLanguage\":\"nl-NL\"},{\"@type\":\"Organization\",\"@id\":\"https:\/\/povedavicedo.com\/nl\/#organization\",\"name\":\"Poveda Vicedo\",\"url\":\"https:\/\/povedavicedo.com\/nl\/\",\"logo\":{\"@type\":\"ImageObject\",\"inLanguage\":\"nl-NL\",\"@id\":\"https:\/\/povedavicedo.com\/nl\/#\/schema\/logo\/image\/\",\"url\":\"https:\/\/povedavicedo.com\/wp-content\/uploads\/poveda-vicedo-abogados-logo.png\",\"contentUrl\":\"https:\/\/povedavicedo.com\/wp-content\/uploads\/poveda-vicedo-abogados-logo.png\",\"width\":300,\"height\":82,\"caption\":\"Poveda Vicedo\"},\"image\":{\"@id\":\"https:\/\/povedavicedo.com\/nl\/#\/schema\/logo\/image\/\"}}]}<\/script>\n<!-- \/ Yoast SEO plugin. -->","yoast_head_json":{"title":"Cookies - Poveda Vicedo","robots":{"index":"index","follow":"follow","max-snippet":"max-snippet:-1","max-image-preview":"max-image-preview:large","max-video-preview":"max-video-preview:-1"},"canonical":"https:\/\/povedavicedo.com\/nl\/cookies\/","og_locale":"nl_NL","og_type":"article","og_title":"Cookies - Poveda Vicedo","og_description":"POVEDA VICEDO ABOGADOS kan informatie verzamelen over de zoekgewoonten van de gebruikers van de website via cookies of archieven. Cookies worden niet gebruikt om persoonlijke informatie te verzamelen. Ze worden alleen ge\u00efnstalleerd als de gebruiker blijft en blijft surfen op onze webpagina, met dien verstande dat hij of zij het gebruik en de installatie accepteert. ... Lees verder","og_url":"https:\/\/povedavicedo.com\/nl\/cookies\/","og_site_name":"Poveda Vicedo","article_modified_time":"2024-01-25T09:42:53+00:00","twitter_card":"summary_large_image","twitter_misc":{"Geschatte leestijd":"5 minuten"},"schema":{"@context":"https:\/\/schema.org","@graph":[{"@type":"WebPage","@id":"https:\/\/povedavicedo.com\/nl\/cookies\/","url":"https:\/\/povedavicedo.com\/nl\/cookies\/","name":"Cookies - Poveda Vicedo","isPartOf":{"@id":"https:\/\/povedavicedo.com\/nl\/#website"},"datePublished":"2024-01-25T09:42:51+00:00","dateModified":"2024-01-25T09:42:53+00:00","breadcrumb":{"@id":"https:\/\/povedavicedo.com\/nl\/cookies\/#breadcrumb"},"inLanguage":"nl-NL","potentialAction":[{"@type":"ReadAction","target":["https:\/\/povedavicedo.com\/nl\/cookies\/"]}]},{"@type":"BreadcrumbList","@id":"https:\/\/povedavicedo.com\/nl\/cookies\/#breadcrumb","itemListElement":[{"@type":"ListItem","position":1,"name":"Portada","item":"https:\/\/povedavicedo.com\/nl\/"},{"@type":"ListItem","position":2,"name":"Cookies"}]},{"@type":"WebSite","@id":"https:\/\/povedavicedo.com\/nl\/#website","url":"https:\/\/povedavicedo.com\/nl\/","name":"Poveda Vicedo","description":"Abogados - Solicitors Est. 1957","publisher":{"@id":"https:\/\/povedavicedo.com\/nl\/#organization"},"potentialAction":[{"@type":"SearchAction","target":{"@type":"EntryPoint","urlTemplate":"https:\/\/povedavicedo.com\/nl\/?s={search_term_string}"},"query-input":{"@type":"PropertyValueSpecification","valueRequired":true,"valueName":"search_term_string"}}],"inLanguage":"nl-NL"},{"@type":"Organization","@id":"https:\/\/povedavicedo.com\/nl\/#organization","name":"Poveda Vicedo","url":"https:\/\/povedavicedo.com\/nl\/","logo":{"@type":"ImageObject","inLanguage":"nl-NL","@id":"https:\/\/povedavicedo.com\/nl\/#\/schema\/logo\/image\/","url":"https:\/\/povedavicedo.com\/wp-content\/uploads\/poveda-vicedo-abogados-logo.png","contentUrl":"https:\/\/povedavicedo.com\/wp-content\/uploads\/poveda-vicedo-abogados-logo.png","width":300,"height":82,"caption":"Poveda Vicedo"},"image":{"@id":"https:\/\/povedavicedo.com\/nl\/#\/schema\/logo\/image\/"}}]}},"_links":{"self":[{"href":"https:\/\/povedavicedo.com\/nl\/wp-json\/wp\/v2\/pages\/26062"}],"collection":[{"href":"https:\/\/povedavicedo.com\/nl\/wp-json\/wp\/v2\/pages"}],"about":[{"href":"https:\/\/povedavicedo.com\/nl\/wp-json\/wp\/v2\/types\/page"}],"author":[{"embeddable":true,"href":"https:\/\/povedavicedo.com\/nl\/wp-json\/wp\/v2\/users\/1"}],"replies":[{"embeddable":true,"href":"https:\/\/povedavicedo.com\/nl\/wp-json\/wp\/v2\/comments?post=26062"}],"version-history":[{"count":3,"href":"https:\/\/povedavicedo.com\/nl\/wp-json\/wp\/v2\/pages\/26062\/revisions"}],"predecessor-version":[{"id":26065,"href":"https:\/\/povedavicedo.com\/nl\/wp-json\/wp\/v2\/pages\/26062\/revisions\/26065"}],"wp:attachment":[{"href":"https:\/\/povedavicedo.com\/nl\/wp-json\/wp\/v2\/media?parent=26062"}],"curies":[{"name":"wp","href":"https:\/\/api.w.org\/{rel}","templated":true}]}}