{"id":26054,"date":"2024-01-25T10:41:18","date_gmt":"2024-01-25T09:41:18","guid":{"rendered":"https:\/\/test.povedavicedo.com\/contactbeleid\/"},"modified":"2024-01-25T10:41:19","modified_gmt":"2024-01-25T09:41:19","slug":"contactbeleid","status":"publish","type":"page","link":"https:\/\/povedavicedo.com\/nl\/contactbeleid\/","title":{"rendered":"Contactbeleid"},"content":{"rendered":"\n<p><strong>PRIVACYBELEID EN BESCHERMING VAN GEGEVENS<\/strong><\/p>\n\n<p>In overeenstemming met het huidige Reglamento (UE) 2016\/679 informeren wij u dat de persoonlijke gegevens die u ons verstrekt, bedoeld zijn om u, in overeenstemming met de wettelijke voorschriften, commerci\u00eble informatie te verschaffen over onze producten en diensten.<\/p>\n\n<p>Dicho tratamiento de sus datos estar\u00e1 amparado en su propio consentimiento. Al pulsar el bot\u00f3n &#8220;ENVIAR&#8221;, el Usuario consiente el tratamiento arriba descrito.<\/p>\n\n<p>Evenzo informeren wij u dat, behoudens wettelijke verplichtingen of uitdrukkelijke toestemming van uw kant, wij uw gegevens niet doorgeven aan derden.<\/p>\n\n<p>Wij informeren de gebruiker dat hij op elk moment gebruik kan maken van zijn recht op toegang tot, rectificatie van of aanvulling op gegevens, evenals van andere rechten die in dit document worden erkend en die zijn geregeld in het (UE) 2016\/679-reglement, door een correo electr\u00f3nico met een kopie van zijn NIF te sturen naar de volgende elektronische adres: info@povedavicedo.com Informaci\u00f3n adicional y detallada sobre Protecci\u00f3n de Datos en nuestra p\u00e1gina web: www.povedavicedo.com<\/p>\n\n<p>Hier kunt u de rest van het privacybeleid lezen.<\/p>\n","protected":false},"excerpt":{"rendered":"<p>PRIVACYBELEID EN BESCHERMING VAN GEGEVENS In overeenstemming met het huidige Reglamento (UE) 2016\/679 informeren wij u dat de persoonlijke gegevens die u ons verstrekt, bedoeld zijn om u, in overeenstemming met de wettelijke voorschriften, commerci\u00eble informatie te verschaffen over onze producten en diensten. Dicho tratamiento de sus datos estar\u00e1 amparado en su propio consentimiento. Al &#8230; <a title=\"Contactbeleid\" class=\"read-more\" href=\"https:\/\/povedavicedo.com\/nl\/contactbeleid\/\" aria-label=\"Lees meer over Contactbeleid\">Lees verder<\/a><\/p>\n","protected":false},"author":1,"featured_media":0,"parent":0,"menu_order":0,"comment_status":"closed","ping_status":"closed","template":"","meta":{"footnotes":""},"yoast_head":"<!-- This site is optimized with the Yoast SEO plugin v23.5 - https:\/\/yoast.com\/wordpress\/plugins\/seo\/ -->\n<title>Contactbeleid - Poveda Vicedo<\/title>\n<meta name=\"robots\" content=\"index, follow, max-snippet:-1, max-image-preview:large, max-video-preview:-1\" \/>\n<link rel=\"canonical\" href=\"https:\/\/povedavicedo.com\/nl\/contactbeleid\/\" \/>\n<meta property=\"og:locale\" content=\"nl_NL\" \/>\n<meta property=\"og:type\" content=\"article\" \/>\n<meta property=\"og:title\" content=\"Contactbeleid - Poveda Vicedo\" \/>\n<meta property=\"og:description\" content=\"PRIVACYBELEID EN BESCHERMING VAN GEGEVENS In overeenstemming met het huidige Reglamento (UE) 2016\/679 informeren wij u dat de persoonlijke gegevens die u ons verstrekt, bedoeld zijn om u, in overeenstemming met de wettelijke voorschriften, commerci\u00eble informatie te verschaffen over onze producten en diensten. Dicho tratamiento de sus datos estar\u00e1 amparado en su propio consentimiento. Al ... Lees verder\" \/>\n<meta property=\"og:url\" content=\"https:\/\/povedavicedo.com\/nl\/contactbeleid\/\" \/>\n<meta property=\"og:site_name\" content=\"Poveda Vicedo\" \/>\n<meta property=\"article:modified_time\" content=\"2024-01-25T09:41:19+00:00\" \/>\n<meta name=\"twitter:card\" content=\"summary_large_image\" \/>\n<meta name=\"twitter:label1\" content=\"Geschatte leestijd\" \/>\n\t<meta name=\"twitter:data1\" content=\"1 minuut\" \/>\n<script type=\"application\/ld+json\" class=\"yoast-schema-graph\">{\"@context\":\"https:\/\/schema.org\",\"@graph\":[{\"@type\":\"WebPage\",\"@id\":\"https:\/\/povedavicedo.com\/nl\/contactbeleid\/\",\"url\":\"https:\/\/povedavicedo.com\/nl\/contactbeleid\/\",\"name\":\"Contactbeleid - Poveda Vicedo\",\"isPartOf\":{\"@id\":\"https:\/\/povedavicedo.com\/nl\/#website\"},\"datePublished\":\"2024-01-25T09:41:18+00:00\",\"dateModified\":\"2024-01-25T09:41:19+00:00\",\"breadcrumb\":{\"@id\":\"https:\/\/povedavicedo.com\/nl\/contactbeleid\/#breadcrumb\"},\"inLanguage\":\"nl-NL\",\"potentialAction\":[{\"@type\":\"ReadAction\",\"target\":[\"https:\/\/povedavicedo.com\/nl\/contactbeleid\/\"]}]},{\"@type\":\"BreadcrumbList\",\"@id\":\"https:\/\/povedavicedo.com\/nl\/contactbeleid\/#breadcrumb\",\"itemListElement\":[{\"@type\":\"ListItem\",\"position\":1,\"name\":\"Portada\",\"item\":\"https:\/\/povedavicedo.com\/nl\/\"},{\"@type\":\"ListItem\",\"position\":2,\"name\":\"Contactbeleid\"}]},{\"@type\":\"WebSite\",\"@id\":\"https:\/\/povedavicedo.com\/nl\/#website\",\"url\":\"https:\/\/povedavicedo.com\/nl\/\",\"name\":\"Poveda Vicedo\",\"description\":\"Abogados - Solicitors Est. 1957\",\"publisher\":{\"@id\":\"https:\/\/povedavicedo.com\/nl\/#organization\"},\"potentialAction\":[{\"@type\":\"SearchAction\",\"target\":{\"@type\":\"EntryPoint\",\"urlTemplate\":\"https:\/\/povedavicedo.com\/nl\/?s={search_term_string}\"},\"query-input\":{\"@type\":\"PropertyValueSpecification\",\"valueRequired\":true,\"valueName\":\"search_term_string\"}}],\"inLanguage\":\"nl-NL\"},{\"@type\":\"Organization\",\"@id\":\"https:\/\/povedavicedo.com\/nl\/#organization\",\"name\":\"Poveda Vicedo\",\"url\":\"https:\/\/povedavicedo.com\/nl\/\",\"logo\":{\"@type\":\"ImageObject\",\"inLanguage\":\"nl-NL\",\"@id\":\"https:\/\/povedavicedo.com\/nl\/#\/schema\/logo\/image\/\",\"url\":\"https:\/\/povedavicedo.com\/wp-content\/uploads\/poveda-vicedo-abogados-logo.png\",\"contentUrl\":\"https:\/\/povedavicedo.com\/wp-content\/uploads\/poveda-vicedo-abogados-logo.png\",\"width\":300,\"height\":82,\"caption\":\"Poveda Vicedo\"},\"image\":{\"@id\":\"https:\/\/povedavicedo.com\/nl\/#\/schema\/logo\/image\/\"}}]}<\/script>\n<!-- \/ Yoast SEO plugin. -->","yoast_head_json":{"title":"Contactbeleid - Poveda Vicedo","robots":{"index":"index","follow":"follow","max-snippet":"max-snippet:-1","max-image-preview":"max-image-preview:large","max-video-preview":"max-video-preview:-1"},"canonical":"https:\/\/povedavicedo.com\/nl\/contactbeleid\/","og_locale":"nl_NL","og_type":"article","og_title":"Contactbeleid - Poveda Vicedo","og_description":"PRIVACYBELEID EN BESCHERMING VAN GEGEVENS In overeenstemming met het huidige Reglamento (UE) 2016\/679 informeren wij u dat de persoonlijke gegevens die u ons verstrekt, bedoeld zijn om u, in overeenstemming met de wettelijke voorschriften, commerci\u00eble informatie te verschaffen over onze producten en diensten. Dicho tratamiento de sus datos estar\u00e1 amparado en su propio consentimiento. Al ... Lees verder","og_url":"https:\/\/povedavicedo.com\/nl\/contactbeleid\/","og_site_name":"Poveda Vicedo","article_modified_time":"2024-01-25T09:41:19+00:00","twitter_card":"summary_large_image","twitter_misc":{"Geschatte leestijd":"1 minuut"},"schema":{"@context":"https:\/\/schema.org","@graph":[{"@type":"WebPage","@id":"https:\/\/povedavicedo.com\/nl\/contactbeleid\/","url":"https:\/\/povedavicedo.com\/nl\/contactbeleid\/","name":"Contactbeleid - Poveda Vicedo","isPartOf":{"@id":"https:\/\/povedavicedo.com\/nl\/#website"},"datePublished":"2024-01-25T09:41:18+00:00","dateModified":"2024-01-25T09:41:19+00:00","breadcrumb":{"@id":"https:\/\/povedavicedo.com\/nl\/contactbeleid\/#breadcrumb"},"inLanguage":"nl-NL","potentialAction":[{"@type":"ReadAction","target":["https:\/\/povedavicedo.com\/nl\/contactbeleid\/"]}]},{"@type":"BreadcrumbList","@id":"https:\/\/povedavicedo.com\/nl\/contactbeleid\/#breadcrumb","itemListElement":[{"@type":"ListItem","position":1,"name":"Portada","item":"https:\/\/povedavicedo.com\/nl\/"},{"@type":"ListItem","position":2,"name":"Contactbeleid"}]},{"@type":"WebSite","@id":"https:\/\/povedavicedo.com\/nl\/#website","url":"https:\/\/povedavicedo.com\/nl\/","name":"Poveda Vicedo","description":"Abogados - Solicitors Est. 1957","publisher":{"@id":"https:\/\/povedavicedo.com\/nl\/#organization"},"potentialAction":[{"@type":"SearchAction","target":{"@type":"EntryPoint","urlTemplate":"https:\/\/povedavicedo.com\/nl\/?s={search_term_string}"},"query-input":{"@type":"PropertyValueSpecification","valueRequired":true,"valueName":"search_term_string"}}],"inLanguage":"nl-NL"},{"@type":"Organization","@id":"https:\/\/povedavicedo.com\/nl\/#organization","name":"Poveda Vicedo","url":"https:\/\/povedavicedo.com\/nl\/","logo":{"@type":"ImageObject","inLanguage":"nl-NL","@id":"https:\/\/povedavicedo.com\/nl\/#\/schema\/logo\/image\/","url":"https:\/\/povedavicedo.com\/wp-content\/uploads\/poveda-vicedo-abogados-logo.png","contentUrl":"https:\/\/povedavicedo.com\/wp-content\/uploads\/poveda-vicedo-abogados-logo.png","width":300,"height":82,"caption":"Poveda Vicedo"},"image":{"@id":"https:\/\/povedavicedo.com\/nl\/#\/schema\/logo\/image\/"}}]}},"_links":{"self":[{"href":"https:\/\/povedavicedo.com\/nl\/wp-json\/wp\/v2\/pages\/26054"}],"collection":[{"href":"https:\/\/povedavicedo.com\/nl\/wp-json\/wp\/v2\/pages"}],"about":[{"href":"https:\/\/povedavicedo.com\/nl\/wp-json\/wp\/v2\/types\/page"}],"author":[{"embeddable":true,"href":"https:\/\/povedavicedo.com\/nl\/wp-json\/wp\/v2\/users\/1"}],"replies":[{"embeddable":true,"href":"https:\/\/povedavicedo.com\/nl\/wp-json\/wp\/v2\/comments?post=26054"}],"version-history":[{"count":3,"href":"https:\/\/povedavicedo.com\/nl\/wp-json\/wp\/v2\/pages\/26054\/revisions"}],"predecessor-version":[{"id":26057,"href":"https:\/\/povedavicedo.com\/nl\/wp-json\/wp\/v2\/pages\/26054\/revisions\/26057"}],"wp:attachment":[{"href":"https:\/\/povedavicedo.com\/nl\/wp-json\/wp\/v2\/media?parent=26054"}],"curies":[{"name":"wp","href":"https:\/\/api.w.org\/{rel}","templated":true}]}}