{"id":26091,"date":"2024-01-25T11:12:38","date_gmt":"2024-01-25T10:12:38","guid":{"rendered":"https:\/\/test.povedavicedo.com\/?page_id=26091"},"modified":"2024-01-25T16:30:06","modified_gmt":"2024-01-25T15:30:06","slug":"a-propos-de-nous","status":"publish","type":"page","link":"https:\/\/povedavicedo.com\/fr\/a-propos-de-nous\/","title":{"rendered":"A propos de nous"},"content":{"rendered":"\t\t<div data-elementor-type=\"wp-post\" data-elementor-id=\"26091\" class=\"elementor elementor-26091 elementor-26090\">\n\t\t\t\t\t\t<section class=\"elementor-section elementor-top-section elementor-element elementor-element-d0ec3e8 elementor-section-stretched elementor-section-height-min-height elementor-section-boxed elementor-section-height-default elementor-section-items-middle\" data-id=\"d0ec3e8\" data-element_type=\"section\" data-settings=\"{&quot;stretch_section&quot;:&quot;section-stretched&quot;,&quot;background_background&quot;:&quot;classic&quot;}\">\n\t\t\t\t\t\t\t<div class=\"elementor-background-overlay\"><\/div>\n\t\t\t\t\t\t\t<div class=\"elementor-container elementor-column-gap-default\">\n\t\t\t\t\t<div class=\"elementor-column elementor-col-100 elementor-top-column elementor-element elementor-element-7a2980e\" data-id=\"7a2980e\" data-element_type=\"column\">\n\t\t\t<div class=\"elementor-widget-wrap elementor-element-populated\">\n\t\t\t\t\t\t<div class=\"elementor-element elementor-element-558787c2 elementor-widget elementor-widget-heading\" data-id=\"558787c2\" data-element_type=\"widget\" data-widget_type=\"heading.default\">\n\t\t\t\t<div class=\"elementor-widget-container\">\n\t\t\t\t\t<h1 class=\"elementor-heading-title elementor-size-default\">A propos de nous<\/h1>\t\t\t\t<\/div>\n\t\t\t\t<\/div>\n\t\t\t\t\t<\/div>\n\t\t<\/div>\n\t\t\t\t\t<\/div>\n\t\t<\/section>\n\t\t\t\t<section class=\"elementor-section elementor-top-section elementor-element elementor-element-537a5e87 elementor-section-content-middle elementor-section-stretched elementor-section-full_width elementor-section-height-default elementor-section-height-default\" data-id=\"537a5e87\" data-element_type=\"section\" data-settings=\"{&quot;stretch_section&quot;:&quot;section-stretched&quot;}\">\n\t\t\t\t\t\t<div class=\"elementor-container elementor-column-gap-no\">\n\t\t\t\t\t<div class=\"elementor-column elementor-col-100 elementor-top-column elementor-element elementor-element-43387ce3\" data-id=\"43387ce3\" data-element_type=\"column\">\n\t\t\t<div class=\"elementor-widget-wrap elementor-element-populated\">\n\t\t\t\t\t\t<div class=\"elementor-element elementor-element-3abd7b67 elementor-widget elementor-widget-text-editor\" data-id=\"3abd7b67\" data-element_type=\"widget\" data-widget_type=\"text-editor.default\">\n\t\t\t\t<div class=\"elementor-widget-container\">\n\t\t\t\t\t\t\t\t\t<h2><b>UN CABINET JURIDIQUE \u00c0 PART ENTI\u00c8RE<\/b><\/h2>\n<p><strong>Fond\u00e9 en 1957<\/strong> par Angel Poveda senior, <strong>Poveda Abogados &amp; Solicitors<\/strong> est devenu un cabinet d&#8217;avocats moderne et tourn\u00e9 vers l&#8217;avenir, bas\u00e9 dans le centre de Valence et dans la c\u00e9l\u00e8bre ville c\u00f4ti\u00e8re de Javea, \u00e0 Alicante. En outre, nous fournissons nos services \u00e0 notre client\u00e8le internationale anglophone dans toute l&#8217;Espagne, le Royaume-Uni et l&#8217;Irlande. Nous sommes <em>vos avocats parlant anglais et espagnol \u00e0 Valence et Javea, Alicante, Espagne<\/em>.<\/p>\n\t\t\t\t\t\t\t\t<\/div>\n\t\t\t\t<\/div>\n\t\t\t\t<div class=\"elementor-element elementor-element-28dea02 elementor-widget elementor-widget-testimonial\" data-id=\"28dea02\" data-element_type=\"widget\" data-widget_type=\"testimonial.default\">\n\t\t\t\t<div class=\"elementor-widget-container\">\n\t\t\t\t\t\t\t<div class=\"elementor-testimonial-wrapper\">\n\t\t\t\t\t\t\t<div class=\"elementor-testimonial-content\"><p>Nous consid\u00e9rons Poveda Vicedo comme une v\u00e9ritable \u00e9quipe juridique \u00e0 service complet. Du droit civil au droit p\u00e9nal, de l'aide aux personnes \u00e0 la protection des entreprises, notre \u00e9quipe est pr\u00eate - et a les comp\u00e9tences - pour agir en votre nom imm\u00e9diatement<\/p>\n<\/div>\n\t\t\t\n\t\t\t\t\t\t<div class=\"elementor-testimonial-meta\">\n\t\t\t\t<div class=\"elementor-testimonial-meta-inner\">\n\t\t\t\t\t\n\t\t\t\t\t\t\t\t\t\t<div class=\"elementor-testimonial-details\">\n\t\t\t\t\t\t\t\t\t\t\t\t\t\t<div class=\"elementor-testimonial-name\">\u00c1ngel Poveda<\/div>\n\t\t\t\t\t\t\t\t\t\t\t\t\t\t\t\t\t\t\t\t\t\t<div class=\"elementor-testimonial-job\">Avocat<\/div>\n\t\t\t\t\t\t\t\t\t\t\t\t\t<\/div>\n\t\t\t\t\t\t\t\t\t<\/div>\n\t\t\t<\/div>\n\t\t\t\t\t<\/div>\n\t\t\t\t\t\t<\/div>\n\t\t\t\t<\/div>\n\t\t\t\t<section class=\"elementor-section elementor-inner-section elementor-element elementor-element-5985f3c4 elementor-section-boxed elementor-section-height-default elementor-section-height-default\" data-id=\"5985f3c4\" data-element_type=\"section\">\n\t\t\t\t\t\t<div class=\"elementor-container elementor-column-gap-default\">\n\t\t\t\t\t<div class=\"elementor-column elementor-col-50 elementor-inner-column elementor-element elementor-element-371240cd\" data-id=\"371240cd\" data-element_type=\"column\">\n\t\t\t<div class=\"elementor-widget-wrap elementor-element-populated\">\n\t\t\t\t\t\t<div class=\"elementor-element elementor-element-f547336 elementor-widget elementor-widget-text-editor\" data-id=\"f547336\" data-element_type=\"widget\" data-widget_type=\"text-editor.default\">\n\t\t\t\t<div class=\"elementor-widget-container\">\n\t\t\t\t\t\t\t\t\t<h3><b>Services juridiques en espagnol ax\u00e9s sur le client en anglais<\/b><\/h3>\n<p>Chez Poveda Vicedo, notre objectif est de vous donner des conseils clairs, courtois et r\u00e9fl\u00e9chis, sp\u00e9cifiques \u00e0 votre cas, afin de vous permettre de prendre une d\u00e9cision en toute connaissance de cause quant \u00e0 la meilleure fa\u00e7on de proc\u00e9der en fonction de votre situation particuli\u00e8re.<\/p>\n<h3><b>Abogados &amp; Solicitors en Espagne<\/b><\/h3>\n<p>Comme notre nom l&#8217;indique, nous sommes une association d&#8217;Abogados et de Solicitors &#8211; Nos clients b\u00e9n\u00e9ficient de l&#8217;avantage inestimable de pouvoir parler et correspondre directement avec des avocats de langue maternelle anglaise qui sont qualifi\u00e9s et autoris\u00e9s \u00e0 exercer en Espagne ainsi que dans leur juridiction d&#8217;origine. De m\u00eame, nos clients peuvent \u00e9galement traiter directement avec des avocats espagnols parlant couramment l&#8217;anglais et poss\u00e9dant de nombreuses ann\u00e9es d&#8217;exp\u00e9rience dans les relations avec les clients \u00e9trangers.<\/p>\n\t\t\t\t\t\t\t\t<\/div>\n\t\t\t\t<\/div>\n\t\t\t\t\t<\/div>\n\t\t<\/div>\n\t\t\t\t<div class=\"elementor-column elementor-col-50 elementor-inner-column elementor-element elementor-element-28aa17ce\" data-id=\"28aa17ce\" data-element_type=\"column\">\n\t\t\t<div class=\"elementor-widget-wrap elementor-element-populated\">\n\t\t\t\t\t\t<div class=\"elementor-element elementor-element-24dd1629 elementor-widget elementor-widget-text-editor\" data-id=\"24dd1629\" data-element_type=\"widget\" data-widget_type=\"text-editor.default\">\n\t\t\t\t<div class=\"elementor-widget-container\">\n\t\t\t\t\t\t\t\t\t<h3><b>L&#8217;utilisation des communications modernes pour r\u00e9duire la distance<\/b><\/h3>\n<p>Nous sommes un cabinet de m\u00e9decine g\u00e9n\u00e9rale avec une v\u00e9ritable envergure mondiale. L&#8217;une des principales caract\u00e9ristiques de notre activit\u00e9 est que nous pouvons fournir nos services juridiques \u00e0 distance.<\/p>\n<p>Pour ce faire, nous d\u00e9veloppons constamment notre utilisation des technologies de l&#8217;information et de la communication afin de r\u00e9duire les distances auxquelles sont g\u00e9n\u00e9ralement confront\u00e9s nos clients \u00e9trangers.<\/p>\n<p>Le VOIP (Voice Over Internet Protocol) et la vid\u00e9oconf\u00e9rence sont deux technologies qui nous permettent de maintenir un contact \u00e9troit avec nos clients, qu&#8217;ils se trouvent \u00e0 Dublin, Londres, Abu Dhabi, New York ou ici en Espagne. Si vous disposez d&#8217;une connexion Internet \u00e0 haut d\u00e9bit, d&#8217;un microphone, de haut-parleurs et d&#8217;une webcam, nous pouvons organiser une vid\u00e9oconf\u00e9rence avec vous. Veuillez nous envoyer un courriel \u00e0 l&#8217;avance pour convenir d&#8217;un rendez-vous<\/p>\n\t\t\t\t\t\t\t\t<\/div>\n\t\t\t\t<\/div>\n\t\t\t\t\t<\/div>\n\t\t<\/div>\n\t\t\t\t\t<\/div>\n\t\t<\/section>\n\t\t\t\t<section class=\"elementor-section elementor-inner-section elementor-element elementor-element-40c0cec elementor-section-boxed elementor-section-height-default elementor-section-height-default\" data-id=\"40c0cec\" data-element_type=\"section\">\n\t\t\t\t\t\t<div class=\"elementor-container elementor-column-gap-default\">\n\t\t\t\t\t<div class=\"elementor-column elementor-col-50 elementor-inner-column elementor-element elementor-element-f355db2\" data-id=\"f355db2\" data-element_type=\"column\">\n\t\t\t<div class=\"elementor-widget-wrap elementor-element-populated\">\n\t\t\t\t\t\t<div class=\"elementor-element elementor-element-00caaf6 elementor-widget elementor-widget-text-editor\" data-id=\"00caaf6\" data-element_type=\"widget\" data-widget_type=\"text-editor.default\">\n\t\t\t\t<div class=\"elementor-widget-container\">\n\t\t\t\t\t\t\t\t\t<h3><b>Services recommand\u00e9s<\/b><\/h3>\n<p>Chez Poveda Vicedo, nous sommes fiers de collaborer avec : <b style=\"font-style: inherit;\"><a href=\"https:\/\/www.dragoninsure.com\/\" target=\"_blank\" rel=\"noopener\">L&#8217;assurance Dragon<\/a><\/b><\/p>\n\t\t\t\t\t\t\t\t<\/div>\n\t\t\t\t<\/div>\n\t\t\t\t\t<\/div>\n\t\t<\/div>\n\t\t\t\t<div class=\"elementor-column elementor-col-50 elementor-inner-column elementor-element elementor-element-d18466c\" data-id=\"d18466c\" data-element_type=\"column\">\n\t\t\t<div class=\"elementor-widget-wrap elementor-element-populated\">\n\t\t\t\t\t\t<div class=\"elementor-element elementor-element-e2cb68e elementor-widget elementor-widget-image\" data-id=\"e2cb68e\" data-element_type=\"widget\" data-widget_type=\"image.default\">\n\t\t\t\t<div class=\"elementor-widget-container\">\n\t\t\t\t\t\t\t\t\t\t\t\t\t\t\t\t<a href=\"https:\/\/www.dragoninsure.com\/\">\n\t\t\t\t\t\t\t<img decoding=\"async\" width=\"300\" height=\"77\" src=\"https:\/\/povedavicedo.com\/wp-content\/uploads\/logo.jpg\" class=\"attachment-large size-large wp-image-25829\" alt=\"logo\" \/>\t\t\t\t\t\t\t\t<\/a>\n\t\t\t\t\t\t\t\t\t\t\t\t\t\t\t<\/div>\n\t\t\t\t<\/div>\n\t\t\t\t\t<\/div>\n\t\t<\/div>\n\t\t\t\t\t<\/div>\n\t\t<\/section>\n\t\t\t\t\t<\/div>\n\t\t<\/div>\n\t\t\t\t\t<\/div>\n\t\t<\/section>\n\t\t\t\t<\/div>\n\t\t","protected":false},"excerpt":{"rendered":"<p>A propos de nous UN CABINET JURIDIQUE \u00c0 PART ENTI\u00c8RE Fond\u00e9 en 1957 par Angel Poveda senior, Poveda Abogados &amp; Solicitors est devenu un cabinet d&#8217;avocats moderne et tourn\u00e9 vers l&#8217;avenir, bas\u00e9 dans le centre de Valence et dans la c\u00e9l\u00e8bre ville c\u00f4ti\u00e8re de Javea, \u00e0 Alicante. En outre, nous fournissons nos services \u00e0 notre &#8230; <a title=\"A propos de nous\" class=\"read-more\" href=\"https:\/\/povedavicedo.com\/fr\/a-propos-de-nous\/\" aria-label=\"En savoir plus sur A propos de nous\">Lire la suite<\/a><\/p>\n","protected":false},"author":2,"featured_media":0,"parent":0,"menu_order":0,"comment_status":"closed","ping_status":"closed","template":"","meta":{"footnotes":""},"yoast_head":"<!-- This site is optimized with the Yoast SEO plugin v23.5 - https:\/\/yoast.com\/wordpress\/plugins\/seo\/ -->\n<title>A propos de nous - Poveda Vicedo<\/title>\n<meta name=\"description\" content=\"Fond\u00e9 en 1957 par Angel Poveda senior, Poveda Abogados &amp; Solicitors est devenu un cabinet d&#039;avocats moderne bas\u00e9 \u00e0 Valence et \u00e0 J\u00e1vea, en Espagne.\" \/>\n<meta name=\"robots\" content=\"index, follow, max-snippet:-1, max-image-preview:large, max-video-preview:-1\" \/>\n<link rel=\"canonical\" href=\"https:\/\/povedavicedo.com\/fr\/a-propos-de-nous\/\" \/>\n<meta property=\"og:locale\" content=\"fr_FR\" \/>\n<meta property=\"og:type\" content=\"article\" \/>\n<meta property=\"og:title\" content=\"\u00c0 propos de Poveda Vicedo\" \/>\n<meta property=\"og:description\" content=\"Fond\u00e9 en 1957 par Angel Poveda senior, Poveda Abogados &amp; Solicitors est devenu un cabinet d&#039;avocats moderne et tourn\u00e9 vers l&#039;avenir, bas\u00e9 dans le centre de Valence et dans la c\u00e9l\u00e8bre ville c\u00f4ti\u00e8re de Javea, \u00e0 Alicante. En outre, nous fournissons nos services \u00e0 notre client\u00e8le internationale anglophone dans toute l&#039;Espagne, le Royaume-Uni et l&#039;Irlande. Nous sommes vos avocats parlant anglais et espagnol \u00e0 Valence et Javea, Alicante, Espagne.\" \/>\n<meta property=\"og:url\" content=\"https:\/\/povedavicedo.com\/fr\/a-propos-de-nous\/\" \/>\n<meta property=\"og:site_name\" content=\"Poveda Vicedo\" \/>\n<meta property=\"article:modified_time\" content=\"2024-01-25T15:30:06+00:00\" \/>\n<meta property=\"og:image\" content=\"https:\/\/povedavicedo.com\/wp-content\/uploads\/WhatsApp-Image-2023-04-14-at-14.32.34-5-scaled.jpeg\" \/>\n<meta name=\"twitter:card\" content=\"summary_large_image\" \/>\n<meta name=\"twitter:label1\" content=\"Dur\u00e9e de lecture estim\u00e9e\" \/>\n\t<meta name=\"twitter:data1\" content=\"3 minutes\" \/>\n<script type=\"application\/ld+json\" class=\"yoast-schema-graph\">{\"@context\":\"https:\/\/schema.org\",\"@graph\":[{\"@type\":\"WebPage\",\"@id\":\"https:\/\/povedavicedo.com\/fr\/a-propos-de-nous\/\",\"url\":\"https:\/\/povedavicedo.com\/fr\/a-propos-de-nous\/\",\"name\":\"A propos de nous - Poveda Vicedo\",\"isPartOf\":{\"@id\":\"https:\/\/povedavicedo.com\/fr\/#website\"},\"primaryImageOfPage\":{\"@id\":\"https:\/\/povedavicedo.com\/fr\/a-propos-de-nous\/#primaryimage\"},\"image\":{\"@id\":\"https:\/\/povedavicedo.com\/fr\/a-propos-de-nous\/#primaryimage\"},\"thumbnailUrl\":\"https:\/\/povedavicedo.com\/wp-content\/uploads\/logo.jpg\",\"datePublished\":\"2024-01-25T10:12:38+00:00\",\"dateModified\":\"2024-01-25T15:30:06+00:00\",\"description\":\"Fond\u00e9 en 1957 par Angel Poveda senior, Poveda Abogados & Solicitors est devenu un cabinet d'avocats moderne bas\u00e9 \u00e0 Valence et \u00e0 J\u00e1vea, en Espagne.\",\"breadcrumb\":{\"@id\":\"https:\/\/povedavicedo.com\/fr\/a-propos-de-nous\/#breadcrumb\"},\"inLanguage\":\"fr-FR\",\"potentialAction\":[{\"@type\":\"ReadAction\",\"target\":[\"https:\/\/povedavicedo.com\/fr\/a-propos-de-nous\/\"]}]},{\"@type\":\"ImageObject\",\"inLanguage\":\"fr-FR\",\"@id\":\"https:\/\/povedavicedo.com\/fr\/a-propos-de-nous\/#primaryimage\",\"url\":\"https:\/\/povedavicedo.com\/wp-content\/uploads\/logo.jpg\",\"contentUrl\":\"https:\/\/povedavicedo.com\/wp-content\/uploads\/logo.jpg\"},{\"@type\":\"BreadcrumbList\",\"@id\":\"https:\/\/povedavicedo.com\/fr\/a-propos-de-nous\/#breadcrumb\",\"itemListElement\":[{\"@type\":\"ListItem\",\"position\":1,\"name\":\"Portada\",\"item\":\"https:\/\/povedavicedo.com\/fr\/\"},{\"@type\":\"ListItem\",\"position\":2,\"name\":\"A propos de nous\"}]},{\"@type\":\"WebSite\",\"@id\":\"https:\/\/povedavicedo.com\/fr\/#website\",\"url\":\"https:\/\/povedavicedo.com\/fr\/\",\"name\":\"Poveda Vicedo\",\"description\":\"Abogados - Solicitors Est. 1957\",\"publisher\":{\"@id\":\"https:\/\/povedavicedo.com\/fr\/#organization\"},\"potentialAction\":[{\"@type\":\"SearchAction\",\"target\":{\"@type\":\"EntryPoint\",\"urlTemplate\":\"https:\/\/povedavicedo.com\/fr\/?s={search_term_string}\"},\"query-input\":{\"@type\":\"PropertyValueSpecification\",\"valueRequired\":true,\"valueName\":\"search_term_string\"}}],\"inLanguage\":\"fr-FR\"},{\"@type\":\"Organization\",\"@id\":\"https:\/\/povedavicedo.com\/fr\/#organization\",\"name\":\"Poveda Vicedo\",\"url\":\"https:\/\/povedavicedo.com\/fr\/\",\"logo\":{\"@type\":\"ImageObject\",\"inLanguage\":\"fr-FR\",\"@id\":\"https:\/\/povedavicedo.com\/fr\/#\/schema\/logo\/image\/\",\"url\":\"https:\/\/povedavicedo.com\/wp-content\/uploads\/poveda-vicedo-abogados-logo.png\",\"contentUrl\":\"https:\/\/povedavicedo.com\/wp-content\/uploads\/poveda-vicedo-abogados-logo.png\",\"width\":300,\"height\":82,\"caption\":\"Poveda Vicedo\"},\"image\":{\"@id\":\"https:\/\/povedavicedo.com\/fr\/#\/schema\/logo\/image\/\"}}]}<\/script>\n<!-- \/ Yoast SEO plugin. -->","yoast_head_json":{"title":"A propos de nous - Poveda Vicedo","description":"Fond\u00e9 en 1957 par Angel Poveda senior, Poveda Abogados & Solicitors est devenu un cabinet d'avocats moderne bas\u00e9 \u00e0 Valence et \u00e0 J\u00e1vea, en Espagne.","robots":{"index":"index","follow":"follow","max-snippet":"max-snippet:-1","max-image-preview":"max-image-preview:large","max-video-preview":"max-video-preview:-1"},"canonical":"https:\/\/povedavicedo.com\/fr\/a-propos-de-nous\/","og_locale":"fr_FR","og_type":"article","og_title":"\u00c0 propos de Poveda Vicedo","og_description":"Fond\u00e9 en 1957 par Angel Poveda senior, Poveda Abogados & Solicitors est devenu un cabinet d'avocats moderne et tourn\u00e9 vers l'avenir, bas\u00e9 dans le centre de Valence et dans la c\u00e9l\u00e8bre ville c\u00f4ti\u00e8re de Javea, \u00e0 Alicante. En outre, nous fournissons nos services \u00e0 notre client\u00e8le internationale anglophone dans toute l'Espagne, le Royaume-Uni et l'Irlande. Nous sommes vos avocats parlant anglais et espagnol \u00e0 Valence et Javea, Alicante, Espagne.","og_url":"https:\/\/povedavicedo.com\/fr\/a-propos-de-nous\/","og_site_name":"Poveda Vicedo","article_modified_time":"2024-01-25T15:30:06+00:00","og_image":[{"url":"https:\/\/povedavicedo.com\/wp-content\/uploads\/WhatsApp-Image-2023-04-14-at-14.32.34-5-scaled.jpeg"}],"twitter_card":"summary_large_image","twitter_misc":{"Dur\u00e9e de lecture estim\u00e9e":"3 minutes"},"schema":{"@context":"https:\/\/schema.org","@graph":[{"@type":"WebPage","@id":"https:\/\/povedavicedo.com\/fr\/a-propos-de-nous\/","url":"https:\/\/povedavicedo.com\/fr\/a-propos-de-nous\/","name":"A propos de nous - Poveda Vicedo","isPartOf":{"@id":"https:\/\/povedavicedo.com\/fr\/#website"},"primaryImageOfPage":{"@id":"https:\/\/povedavicedo.com\/fr\/a-propos-de-nous\/#primaryimage"},"image":{"@id":"https:\/\/povedavicedo.com\/fr\/a-propos-de-nous\/#primaryimage"},"thumbnailUrl":"https:\/\/povedavicedo.com\/wp-content\/uploads\/logo.jpg","datePublished":"2024-01-25T10:12:38+00:00","dateModified":"2024-01-25T15:30:06+00:00","description":"Fond\u00e9 en 1957 par Angel Poveda senior, Poveda Abogados & Solicitors est devenu un cabinet d'avocats moderne bas\u00e9 \u00e0 Valence et \u00e0 J\u00e1vea, en Espagne.","breadcrumb":{"@id":"https:\/\/povedavicedo.com\/fr\/a-propos-de-nous\/#breadcrumb"},"inLanguage":"fr-FR","potentialAction":[{"@type":"ReadAction","target":["https:\/\/povedavicedo.com\/fr\/a-propos-de-nous\/"]}]},{"@type":"ImageObject","inLanguage":"fr-FR","@id":"https:\/\/povedavicedo.com\/fr\/a-propos-de-nous\/#primaryimage","url":"https:\/\/povedavicedo.com\/wp-content\/uploads\/logo.jpg","contentUrl":"https:\/\/povedavicedo.com\/wp-content\/uploads\/logo.jpg"},{"@type":"BreadcrumbList","@id":"https:\/\/povedavicedo.com\/fr\/a-propos-de-nous\/#breadcrumb","itemListElement":[{"@type":"ListItem","position":1,"name":"Portada","item":"https:\/\/povedavicedo.com\/fr\/"},{"@type":"ListItem","position":2,"name":"A propos de nous"}]},{"@type":"WebSite","@id":"https:\/\/povedavicedo.com\/fr\/#website","url":"https:\/\/povedavicedo.com\/fr\/","name":"Poveda Vicedo","description":"Abogados - Solicitors Est. 1957","publisher":{"@id":"https:\/\/povedavicedo.com\/fr\/#organization"},"potentialAction":[{"@type":"SearchAction","target":{"@type":"EntryPoint","urlTemplate":"https:\/\/povedavicedo.com\/fr\/?s={search_term_string}"},"query-input":{"@type":"PropertyValueSpecification","valueRequired":true,"valueName":"search_term_string"}}],"inLanguage":"fr-FR"},{"@type":"Organization","@id":"https:\/\/povedavicedo.com\/fr\/#organization","name":"Poveda Vicedo","url":"https:\/\/povedavicedo.com\/fr\/","logo":{"@type":"ImageObject","inLanguage":"fr-FR","@id":"https:\/\/povedavicedo.com\/fr\/#\/schema\/logo\/image\/","url":"https:\/\/povedavicedo.com\/wp-content\/uploads\/poveda-vicedo-abogados-logo.png","contentUrl":"https:\/\/povedavicedo.com\/wp-content\/uploads\/poveda-vicedo-abogados-logo.png","width":300,"height":82,"caption":"Poveda Vicedo"},"image":{"@id":"https:\/\/povedavicedo.com\/fr\/#\/schema\/logo\/image\/"}}]}},"_links":{"self":[{"href":"https:\/\/povedavicedo.com\/fr\/wp-json\/wp\/v2\/pages\/26091"}],"collection":[{"href":"https:\/\/povedavicedo.com\/fr\/wp-json\/wp\/v2\/pages"}],"about":[{"href":"https:\/\/povedavicedo.com\/fr\/wp-json\/wp\/v2\/types\/page"}],"author":[{"embeddable":true,"href":"https:\/\/povedavicedo.com\/fr\/wp-json\/wp\/v2\/users\/2"}],"replies":[{"embeddable":true,"href":"https:\/\/povedavicedo.com\/fr\/wp-json\/wp\/v2\/comments?post=26091"}],"version-history":[{"count":7,"href":"https:\/\/povedavicedo.com\/fr\/wp-json\/wp\/v2\/pages\/26091\/revisions"}],"predecessor-version":[{"id":26249,"href":"https:\/\/povedavicedo.com\/fr\/wp-json\/wp\/v2\/pages\/26091\/revisions\/26249"}],"wp:attachment":[{"href":"https:\/\/povedavicedo.com\/fr\/wp-json\/wp\/v2\/media?parent=26091"}],"curies":[{"name":"wp","href":"https:\/\/api.w.org\/{rel}","templated":true}]}}