{"id":26058,"date":"2024-01-25T10:41:41","date_gmt":"2024-01-25T09:41:41","guid":{"rendered":"https:\/\/test.povedavicedo.com\/politique-en-matiere-de-cookies\/"},"modified":"2024-01-25T10:41:42","modified_gmt":"2024-01-25T09:41:42","slug":"politique-en-matiere-de-cookies","status":"publish","type":"page","link":"https:\/\/povedavicedo.com\/fr\/politique-en-matiere-de-cookies\/","title":{"rendered":"Politique en mati\u00e8re de cookies"},"content":{"rendered":"\n<p><strong>POVEDA VICEDO ABOGADOS<\/strong> peut recueillir des informations sur les habitudes de recherche des utilisateurs du site Web par le biais de cookies ou d&#8217;archives d&#8217;enregistrement. Les cookies ne sont pas utilis\u00e9s pour recueillir des informations \u00e0 caract\u00e8re personnel. Ils ne s&#8217;installent que si l&#8217;utilisateur continue \u00e0 naviguer sur notre site web, en supposant qu&#8217;il en accepte l&#8217;utilisation et l&#8217;installation. Nous vous fournissons ensuite des informations d\u00e9taill\u00e9es sur ce qu&#8217;est un cookie, \u00e0 quoi il sert, quels types de cookies nous utilisons, quelles sont leurs finalit\u00e9s et comment vous pouvez les configurer ou les d\u00e9sadapter si vous le souhaitez.<\/p>\n\n<p><strong>a) Qu&#8217;est-ce qu&#8217;un cookie et \u00e0 quoi sert-il ?<\/strong><\/p>\n\n<p>Un &#8220;cookie&#8221; est un petit fichier qui s&#8217;incorpore dans l&#8217;ordinateur de l&#8217;utilisateur, la tablette, le smartphone ou tout autre dispositif contenant des informations sur la navigation.<\/p>\n\n<p>L&#8217;ensemble des &#8220;cookies&#8221; de tous nos utilisateurs nous aide \u00e0 am\u00e9liorer la qualit\u00e9 de notre site web, en nous permettant de contr\u00f4ler les pages qui sont utiles, celles qui ne le sont pas et celles qui sont susceptibles d&#8217;\u00eatre am\u00e9lior\u00e9es.<\/p>\n\n<p>Les cookies sont essentiels au bon fonctionnement de l&#8217;internet, apportant d&#8217;innombrables avantages dans la prestation de services interactifs, facilitant la navigation et l&#8217;utilisation de notre site web.<\/p>\n\n<p>En aucun cas les cookies ne peuvent endommager votre \u00e9quipement. En revanche, ceux qui sont activ\u00e9s nous aident \u00e0 identifier et \u00e0 r\u00e9soudre les erreurs<em>.<\/em><\/p>\n\n<p><strong><em>b) Quels types de cookies utilisons-nous ?<\/em><\/strong><em> <\/em><\/p>\n\n<p><strong><em>Selon l&#8217;entit\u00e9 qui la g\u00e8re :<\/em><\/strong><\/p>\n\n<ul><li><strong>\n  <em>Cookies propias<\/em>\n<\/strong><em>: Il s&#8217;agit de ceux qui sont envoy\u00e9s \u00e0 votre \u00e9quipe depuis nos propres \u00e9quipements ou domaines et depuis lesquels nous fournissons le service que nous demandons.<\/em><\/li><li><strong>\n  <em>Cookies de tiers<\/em>\n<\/strong><em>: <\/em>Il <em> s&#8217;agit de ceux qui sont envoy\u00e9s \u00e0 votre \u00e9quipe depuis un \u00e9quipement ou un site qui n&#8217;est pas g\u00e9r\u00e9 par nous, mais par <\/em>une autre entit\u00e9 collaboratrice. Comme, par exemple, ceux utilis\u00e9s par les r\u00e9seaux sociaux ou par des contenus externes tels que Google Maps.<\/li><\/ul>\n\n<p><strong>En fonction de la dur\u00e9e d&#8217;activation :<\/strong><\/p>\n\n<ul><li><strong>Cookies de session<\/strong>: Il s&#8217;agit de cookies temporaires qui restent dans l&#8217;archive des cookies de votre navigateur jusqu&#8217;\u00e0 ce que l&#8217;utilisateur abandonne la page web, mais qui ne sont pas enregistr\u00e9s dans le disque dur de votre ordinateur. Les informations obtenues par le biais de ces cookies permettent d&#8217;analyser les flux de trafic sur le site web. \u00c0 long terme, cela nous permet de proposer une meilleure exp\u00e9rience pour am\u00e9liorer le contenu et faciliter l&#8217;utilisation.<\/li><li><strong>Cookies persistants<\/strong>: ils sont conserv\u00e9s dans le disque dur et notre site web est lu chaque fois que l&#8217;utilisateur effectue une nouvelle visite. Un cookie permanent a une date d&#8217;expiration d\u00e9termin\u00e9e. Le cookie ne fonctionnera plus \u00e0 partir de cette date. Ces cookies sont utilis\u00e9s, en g\u00e9n\u00e9ral, pour faciliter les services de vente et d&#8217;enregistrement.<\/li><\/ul>\n\n<p><strong>Selon sa finalit\u00e9 :<\/strong><\/p>\n\n<ul><li><strong>Cookies techniques<\/strong>: Il s&#8217;agit des cookies n\u00e9cessaires \u00e0 la navigation et au bon fonctionnement de notre site web. Ils permettent, par exemple, de contr\u00f4ler le trafic et la communication de donn\u00e9es, d&#8217;acc\u00e9der \u00e0 des zones d&#8217;acc\u00e8s restreint, de r\u00e9aliser le processus d&#8217;achat d&#8217;un produit, d&#8217;utiliser des \u00e9l\u00e9ments de s\u00e9curit\u00e9, d&#8217;archiver des contenus afin de pouvoir diffuser des vid\u00e9os ou de comparer des contenus par l&#8217;interm\u00e9diaire de r\u00e9seaux sociaux.<\/li><li><strong>Cookies de personnalisation<\/strong>: Ce sont des cookies qui permettent \u00e0 l&#8217;utilisateur d&#8217;acc\u00e9der au service avec des caract\u00e9ristiques pr\u00e9d\u00e9finies en fonction d&#8217;une s\u00e9rie de crit\u00e8res, comme par exemple l&#8217;idiome, le type de navigateur par lequel l&#8217;utilisateur acc\u00e8de au service, la configuration r\u00e9gionale \u00e0 partir de laquelle l&#8217;utilisateur acc\u00e8de au service, etc.<\/li><li><strong>Cookies d&#8217;analyse<\/strong>: Il s&#8217;agit de ceux qui nous permettent de quantifier le nombre d&#8217;utilisateurs et donc de r\u00e9aliser la mesure et l&#8217;analyse statistique de l&#8217;utilisation que font les utilisateurs des services propos\u00e9s.<br\/>Pour ce faire, nous analysons votre navigation sur notre site web dans le but d&#8217;am\u00e9liorer l&#8217;offre de produits et de services que nous proposons.<\/li><li><strong>Cookies publicitaires<\/strong>: Il s&#8217;agit des cookies qui permettent la gestion, de la mani\u00e8re la plus efficace possible, des espaces publics que l&#8217;on peut inclure dans notre site web.<\/li><li><strong>Cookies de publicit\u00e9 comportementale<\/strong>: ces cookies contiennent des informations sur le comportement des utilisateurs obtenues par le biais de l&#8217;observation continue. Gr\u00e2ce \u00e0 eux, nous pouvons conna\u00eetre les habitudes de navigation sur Internet et afficher la publicit\u00e9 li\u00e9e \u00e0 leur profil de navigation.<\/li><\/ul>\n\n<p> <strong>Finalit\u00e9 de chacun des cookies utilis\u00e9s :<\/strong><\/p>\n\n<p>\u00c0 la suite, nous d\u00e9taillons les cookies utilis\u00e9s sur notre site web et le fournisseur auquel ils appartiennent. Les cookies propres sont ceux qui appartiennent \u00e0 notre domaine et les cookies de tiers sont ceux qui appartiennent \u00e0 d&#8217;autres domaines selon le <strong>tableau <\/strong>suivant :  <\/p>\n\n<p><strong>Important : Les informations contenues dans le tableau sont un exemple de ce qu&#8217;il convient de contenir. Chaque site web est diff\u00e9rent et vous devez consulter votre programmeur web ou votre informaticien pour qu&#8217;il vous indique ceux qui sont r\u00e9ellement utilis\u00e9s sur votre site web.  <\/strong><\/p>\n\n<table class=\"wp-block-table\"><tbody><tr><td><strong><em>Cookie<\/em><\/strong><\/td><td><strong><em>Nom<\/em><\/strong><\/td><td><strong><em>Tipo<\/em><\/strong><\/td><td><strong><em>Proposition<\/em><\/strong><\/td><td><strong><em>Plus d&#8217;informations<\/em><\/strong><\/td><\/tr><tr><td><em>Google Analytics<\/em><\/td><td><em>__utma<\/em><em>__utmb<\/em><em>__utmc<\/em><em>__utm<\/em><em>z<\/em><\/td><td><em>De terceros, anl\u00edticas y cookies permanentes<\/em><\/td><td><em>Recueillir des informations sur la navigation des utilisateurs sur le site afin de conna\u00eetre l&#8217;origine des visites et d&#8217;autres donn\u00e9es similaires au niveau statistique. Nous n&#8217;obtenons pas de donn\u00e9es sur les noms ou les apellations des utilisateurs, ni sur la direction postale concr\u00e8te \u00e0 partir de laquelle ils se connectent.<\/em><\/td><td><a href=\"http:\/\/www.google.com\/intl\/es\/analytics\/privacyoverview.html\">\n  <em>Google Analytics<\/em>\n<\/a><a href=\"http:\/\/www.google.com\/intl\/es\/privacy.html\">\n  <em>Centre de confidentialit\u00e9 de Google<\/em>\n<\/a><br\/><\/td><\/tr><\/tbody><\/table>\n\n<p><strong>Nota : <\/strong>il convient non seulement d&#8217;informer le fournisseur des cookies, mais aussi de pr\u00e9ciser si les cookies sont permanents ou non, et s&#8217;il s&#8217;agit de cookies analytiques, publicitaires ou de publicit\u00e9 comportementale, comme indiqu\u00e9 dans l&#8217;exemple du r\u00e9capitulatif ci-dessus.<br\/><\/p>\n\n<p><strong>Comment l&#8217;utilisateur peut-il configurer ou d\u00e9shabiliter les cookies ?<\/strong><\/p>\n\n<p>Vous pouvez <strong>autoriser, bloquer ou \u00e9liminer les cookies install\u00e9s sur votre \u00e9quipement<\/strong> par le biais de la configuration des options de votre navigateur Internet. Si vous n&#8217;autorisez pas l&#8217;installation de cookies sur votre navigateur, il est possible que vous ne puissiez pas acc\u00e9der \u00e0 certains services et que votre exp\u00e9rience sur le site Web soit moins satisfaisante.<\/p>\n\n<ul><li><strong>Firefox<\/strong> <a href=\"http:\/\/support.mozilla.org\/es\/kb\/habilitar-y-deshabilitar-cookies-que-los-sitios-we\">: http:\/\/support.mozilla.org\/es\/kb\/habilitar-y-deshabilitar-cookies-que-los-sitios-we<\/a><\/li><li><strong>Chrome<\/strong> <a href=\"http:\/\/support.google.com\/chrome\/bin\/answer.py?hl=es&amp;answer=95647\">: http:\/\/support.google.com\/chrome\/bin\/answer.py?hl=es&amp;answer=95647<\/a><\/li><li><strong>Explorateur<\/strong>: https:\/\/support.microsoft.com\/es-es\/help\/17442<\/li><li><strong>Safari<\/strong> <a href=\"http:\/\/support.apple.com\/kb\/ph5042\">: http:\/\/support.apple.com\/kb\/ph5042<\/a><\/li><li><strong>Op\u00e9ra<\/strong> <a href=\"http:\/\/help.opera.com\/Windows\/11.50\/es-ES\/cookies.html\">: http:\/\/help.opera.com\/Windows\/11.50\/es-ES\/cookies.html<\/a><\/li><li><strong>Otros navegadores<\/strong>: consulte la documentaci\u00f3n del navegador que tenga instalado.<\/li><\/ul>\n","protected":false},"excerpt":{"rendered":"<p>POVEDA VICEDO ABOGADOS peut recueillir des informations sur les habitudes de recherche des utilisateurs du site Web par le biais de cookies ou d&#8217;archives d&#8217;enregistrement. Les cookies ne sont pas utilis\u00e9s pour recueillir des informations \u00e0 caract\u00e8re personnel. Ils ne s&#8217;installent que si l&#8217;utilisateur continue \u00e0 naviguer sur notre site web, en supposant qu&#8217;il en &#8230; <a title=\"Politique en mati\u00e8re de cookies\" class=\"read-more\" href=\"https:\/\/povedavicedo.com\/fr\/politique-en-matiere-de-cookies\/\" aria-label=\"En savoir plus sur Politique en mati\u00e8re de cookies\">Lire la suite<\/a><\/p>\n","protected":false},"author":1,"featured_media":0,"parent":0,"menu_order":0,"comment_status":"closed","ping_status":"closed","template":"","meta":{"footnotes":""},"yoast_head":"<!-- This site is optimized with the Yoast SEO plugin v23.5 - https:\/\/yoast.com\/wordpress\/plugins\/seo\/ -->\n<title>Politique en mati\u00e8re de cookies - Poveda Vicedo<\/title>\n<meta name=\"robots\" content=\"index, follow, max-snippet:-1, max-image-preview:large, max-video-preview:-1\" \/>\n<link rel=\"canonical\" href=\"https:\/\/povedavicedo.com\/fr\/politique-en-matiere-de-cookies\/\" \/>\n<meta property=\"og:locale\" content=\"fr_FR\" \/>\n<meta property=\"og:type\" content=\"article\" \/>\n<meta property=\"og:title\" content=\"Politique en mati\u00e8re de cookies - Poveda Vicedo\" \/>\n<meta property=\"og:description\" content=\"POVEDA VICEDO ABOGADOS peut recueillir des informations sur les habitudes de recherche des utilisateurs du site Web par le biais de cookies ou d&#8217;archives d&#8217;enregistrement. Les cookies ne sont pas utilis\u00e9s pour recueillir des informations \u00e0 caract\u00e8re personnel. Ils ne s&#8217;installent que si l&#8217;utilisateur continue \u00e0 naviguer sur notre site web, en supposant qu&#8217;il en ... Lire la suite\" \/>\n<meta property=\"og:url\" content=\"https:\/\/povedavicedo.com\/fr\/politique-en-matiere-de-cookies\/\" \/>\n<meta property=\"og:site_name\" content=\"Poveda Vicedo\" \/>\n<meta property=\"article:modified_time\" content=\"2024-01-25T09:41:42+00:00\" \/>\n<meta name=\"twitter:card\" content=\"summary_large_image\" \/>\n<meta name=\"twitter:label1\" content=\"Dur\u00e9e de lecture estim\u00e9e\" \/>\n\t<meta name=\"twitter:data1\" content=\"5 minutes\" \/>\n<script type=\"application\/ld+json\" class=\"yoast-schema-graph\">{\"@context\":\"https:\/\/schema.org\",\"@graph\":[{\"@type\":\"WebPage\",\"@id\":\"https:\/\/povedavicedo.com\/fr\/politique-en-matiere-de-cookies\/\",\"url\":\"https:\/\/povedavicedo.com\/fr\/politique-en-matiere-de-cookies\/\",\"name\":\"Politique en mati\u00e8re de cookies - Poveda Vicedo\",\"isPartOf\":{\"@id\":\"https:\/\/povedavicedo.com\/fr\/#website\"},\"datePublished\":\"2024-01-25T09:41:41+00:00\",\"dateModified\":\"2024-01-25T09:41:42+00:00\",\"breadcrumb\":{\"@id\":\"https:\/\/povedavicedo.com\/fr\/politique-en-matiere-de-cookies\/#breadcrumb\"},\"inLanguage\":\"fr-FR\",\"potentialAction\":[{\"@type\":\"ReadAction\",\"target\":[\"https:\/\/povedavicedo.com\/fr\/politique-en-matiere-de-cookies\/\"]}]},{\"@type\":\"BreadcrumbList\",\"@id\":\"https:\/\/povedavicedo.com\/fr\/politique-en-matiere-de-cookies\/#breadcrumb\",\"itemListElement\":[{\"@type\":\"ListItem\",\"position\":1,\"name\":\"Portada\",\"item\":\"https:\/\/povedavicedo.com\/fr\/\"},{\"@type\":\"ListItem\",\"position\":2,\"name\":\"Politique en mati\u00e8re de cookies\"}]},{\"@type\":\"WebSite\",\"@id\":\"https:\/\/povedavicedo.com\/fr\/#website\",\"url\":\"https:\/\/povedavicedo.com\/fr\/\",\"name\":\"Poveda Vicedo\",\"description\":\"Abogados - Solicitors Est. 1957\",\"publisher\":{\"@id\":\"https:\/\/povedavicedo.com\/fr\/#organization\"},\"potentialAction\":[{\"@type\":\"SearchAction\",\"target\":{\"@type\":\"EntryPoint\",\"urlTemplate\":\"https:\/\/povedavicedo.com\/fr\/?s={search_term_string}\"},\"query-input\":{\"@type\":\"PropertyValueSpecification\",\"valueRequired\":true,\"valueName\":\"search_term_string\"}}],\"inLanguage\":\"fr-FR\"},{\"@type\":\"Organization\",\"@id\":\"https:\/\/povedavicedo.com\/fr\/#organization\",\"name\":\"Poveda Vicedo\",\"url\":\"https:\/\/povedavicedo.com\/fr\/\",\"logo\":{\"@type\":\"ImageObject\",\"inLanguage\":\"fr-FR\",\"@id\":\"https:\/\/povedavicedo.com\/fr\/#\/schema\/logo\/image\/\",\"url\":\"https:\/\/povedavicedo.com\/wp-content\/uploads\/poveda-vicedo-abogados-logo.png\",\"contentUrl\":\"https:\/\/povedavicedo.com\/wp-content\/uploads\/poveda-vicedo-abogados-logo.png\",\"width\":300,\"height\":82,\"caption\":\"Poveda Vicedo\"},\"image\":{\"@id\":\"https:\/\/povedavicedo.com\/fr\/#\/schema\/logo\/image\/\"}}]}<\/script>\n<!-- \/ Yoast SEO plugin. -->","yoast_head_json":{"title":"Politique en mati\u00e8re de cookies - Poveda Vicedo","robots":{"index":"index","follow":"follow","max-snippet":"max-snippet:-1","max-image-preview":"max-image-preview:large","max-video-preview":"max-video-preview:-1"},"canonical":"https:\/\/povedavicedo.com\/fr\/politique-en-matiere-de-cookies\/","og_locale":"fr_FR","og_type":"article","og_title":"Politique en mati\u00e8re de cookies - Poveda Vicedo","og_description":"POVEDA VICEDO ABOGADOS peut recueillir des informations sur les habitudes de recherche des utilisateurs du site Web par le biais de cookies ou d&#8217;archives d&#8217;enregistrement. Les cookies ne sont pas utilis\u00e9s pour recueillir des informations \u00e0 caract\u00e8re personnel. Ils ne s&#8217;installent que si l&#8217;utilisateur continue \u00e0 naviguer sur notre site web, en supposant qu&#8217;il en ... Lire la suite","og_url":"https:\/\/povedavicedo.com\/fr\/politique-en-matiere-de-cookies\/","og_site_name":"Poveda Vicedo","article_modified_time":"2024-01-25T09:41:42+00:00","twitter_card":"summary_large_image","twitter_misc":{"Dur\u00e9e de lecture estim\u00e9e":"5 minutes"},"schema":{"@context":"https:\/\/schema.org","@graph":[{"@type":"WebPage","@id":"https:\/\/povedavicedo.com\/fr\/politique-en-matiere-de-cookies\/","url":"https:\/\/povedavicedo.com\/fr\/politique-en-matiere-de-cookies\/","name":"Politique en mati\u00e8re de cookies - Poveda Vicedo","isPartOf":{"@id":"https:\/\/povedavicedo.com\/fr\/#website"},"datePublished":"2024-01-25T09:41:41+00:00","dateModified":"2024-01-25T09:41:42+00:00","breadcrumb":{"@id":"https:\/\/povedavicedo.com\/fr\/politique-en-matiere-de-cookies\/#breadcrumb"},"inLanguage":"fr-FR","potentialAction":[{"@type":"ReadAction","target":["https:\/\/povedavicedo.com\/fr\/politique-en-matiere-de-cookies\/"]}]},{"@type":"BreadcrumbList","@id":"https:\/\/povedavicedo.com\/fr\/politique-en-matiere-de-cookies\/#breadcrumb","itemListElement":[{"@type":"ListItem","position":1,"name":"Portada","item":"https:\/\/povedavicedo.com\/fr\/"},{"@type":"ListItem","position":2,"name":"Politique en mati\u00e8re de cookies"}]},{"@type":"WebSite","@id":"https:\/\/povedavicedo.com\/fr\/#website","url":"https:\/\/povedavicedo.com\/fr\/","name":"Poveda Vicedo","description":"Abogados - Solicitors Est. 1957","publisher":{"@id":"https:\/\/povedavicedo.com\/fr\/#organization"},"potentialAction":[{"@type":"SearchAction","target":{"@type":"EntryPoint","urlTemplate":"https:\/\/povedavicedo.com\/fr\/?s={search_term_string}"},"query-input":{"@type":"PropertyValueSpecification","valueRequired":true,"valueName":"search_term_string"}}],"inLanguage":"fr-FR"},{"@type":"Organization","@id":"https:\/\/povedavicedo.com\/fr\/#organization","name":"Poveda Vicedo","url":"https:\/\/povedavicedo.com\/fr\/","logo":{"@type":"ImageObject","inLanguage":"fr-FR","@id":"https:\/\/povedavicedo.com\/fr\/#\/schema\/logo\/image\/","url":"https:\/\/povedavicedo.com\/wp-content\/uploads\/poveda-vicedo-abogados-logo.png","contentUrl":"https:\/\/povedavicedo.com\/wp-content\/uploads\/poveda-vicedo-abogados-logo.png","width":300,"height":82,"caption":"Poveda Vicedo"},"image":{"@id":"https:\/\/povedavicedo.com\/fr\/#\/schema\/logo\/image\/"}}]}},"_links":{"self":[{"href":"https:\/\/povedavicedo.com\/fr\/wp-json\/wp\/v2\/pages\/26058"}],"collection":[{"href":"https:\/\/povedavicedo.com\/fr\/wp-json\/wp\/v2\/pages"}],"about":[{"href":"https:\/\/povedavicedo.com\/fr\/wp-json\/wp\/v2\/types\/page"}],"author":[{"embeddable":true,"href":"https:\/\/povedavicedo.com\/fr\/wp-json\/wp\/v2\/users\/1"}],"replies":[{"embeddable":true,"href":"https:\/\/povedavicedo.com\/fr\/wp-json\/wp\/v2\/comments?post=26058"}],"version-history":[{"count":3,"href":"https:\/\/povedavicedo.com\/fr\/wp-json\/wp\/v2\/pages\/26058\/revisions"}],"predecessor-version":[{"id":26061,"href":"https:\/\/povedavicedo.com\/fr\/wp-json\/wp\/v2\/pages\/26058\/revisions\/26061"}],"wp:attachment":[{"href":"https:\/\/povedavicedo.com\/fr\/wp-json\/wp\/v2\/media?parent=26058"}],"curies":[{"name":"wp","href":"https:\/\/api.w.org\/{rel}","templated":true}]}}