{"id":26050,"date":"2024-01-25T10:41:00","date_gmt":"2024-01-25T09:41:00","guid":{"rendered":"https:\/\/test.povedavicedo.com\/politique-de-contact\/"},"modified":"2024-01-25T10:41:00","modified_gmt":"2024-01-25T09:41:00","slug":"politique-de-contact","status":"publish","type":"page","link":"https:\/\/povedavicedo.com\/fr\/politique-de-contact\/","title":{"rendered":"Politique de contact"},"content":{"rendered":"\n<p><strong>POLITIQUE DE CONFIDENTIALIT\u00c9 ET DE PROTECTION DES DONN\u00c9ES<\/strong><\/p>\n\n<p>De conformidad con el vigente Reglamento (UE) 2016\/679, informamos que los datos de car\u00e1cter personal que nos proporcione se tratar\u00e1n para enviarle, en virtud del inter\u00e9s leg\u00edtimo, informaci\u00f3n comercial de nuestros productos y servicios.<\/p>\n\n<p>Ce traitement de vos donn\u00e9es sera \u00e9tendu \u00e0 votre propre consentement. En appuyant sur le bouton &#8220;ENVIAR&#8221;, l&#8217;utilisateur applique le traitement d\u00e9crit ci-dessus.<\/p>\n\n<p>De m\u00eame, nous vous informons que, sauf obligation l\u00e9gale ou consentement explicite de votre part, nous ne c\u00e9dons pas vos donn\u00e9es \u00e0 des tiers.<\/p>\n\n<p>Igualmente, se informa al Usuario que en cualquier momento puede ejercitar los derechos de acceso, rectificaci\u00f3n o supresi\u00f3n de datos, as\u00ed como disponer de otros derechos reconocidos en el presente documento y regulados en el Reglamento (UE) 2016\/679, enviando un correo electr\u00f3nico con copia de su NIF a la siguiente direcci\u00f3n electr\u00f3nica : info@povedavicedo.com Informaci\u00f3n adicional y detallada sobre Protecci\u00f3n de Datos en nuestra p\u00e1gina web : www.povedavicedo.com<\/p>\n\n<p>Vous pouvez lire ici le reste de la politique de confidentialit\u00e9.<\/p>\n","protected":false},"excerpt":{"rendered":"<p>POLITIQUE DE CONFIDENTIALIT\u00c9 ET DE PROTECTION DES DONN\u00c9ES De conformidad con el vigente Reglamento (UE) 2016\/679, informamos que los datos de car\u00e1cter personal que nos proporcione se tratar\u00e1n para enviarle, en virtud del inter\u00e9s leg\u00edtimo, informaci\u00f3n comercial de nuestros productos y servicios. Ce traitement de vos donn\u00e9es sera \u00e9tendu \u00e0 votre propre consentement. En appuyant &#8230; <a title=\"Politique de contact\" class=\"read-more\" href=\"https:\/\/povedavicedo.com\/fr\/politique-de-contact\/\" aria-label=\"En savoir plus sur Politique de contact\">Lire la suite<\/a><\/p>\n","protected":false},"author":1,"featured_media":0,"parent":0,"menu_order":0,"comment_status":"closed","ping_status":"closed","template":"","meta":{"footnotes":""},"yoast_head":"<!-- This site is optimized with the Yoast SEO plugin v23.5 - https:\/\/yoast.com\/wordpress\/plugins\/seo\/ -->\n<title>Politique de contact - Poveda Vicedo<\/title>\n<meta name=\"robots\" content=\"index, follow, max-snippet:-1, max-image-preview:large, max-video-preview:-1\" \/>\n<link rel=\"canonical\" href=\"https:\/\/povedavicedo.com\/fr\/politique-de-contact\/\" \/>\n<meta property=\"og:locale\" content=\"fr_FR\" \/>\n<meta property=\"og:type\" content=\"article\" \/>\n<meta property=\"og:title\" content=\"Politique de contact - Poveda Vicedo\" \/>\n<meta property=\"og:description\" content=\"POLITIQUE DE CONFIDENTIALIT\u00c9 ET DE PROTECTION DES DONN\u00c9ES De conformidad con el vigente Reglamento (UE) 2016\/679, informamos que los datos de car\u00e1cter personal que nos proporcione se tratar\u00e1n para enviarle, en virtud del inter\u00e9s leg\u00edtimo, informaci\u00f3n comercial de nuestros productos y servicios. Ce traitement de vos donn\u00e9es sera \u00e9tendu \u00e0 votre propre consentement. En appuyant ... Lire la suite\" \/>\n<meta property=\"og:url\" content=\"https:\/\/povedavicedo.com\/fr\/politique-de-contact\/\" \/>\n<meta property=\"og:site_name\" content=\"Poveda Vicedo\" \/>\n<meta name=\"twitter:card\" content=\"summary_large_image\" \/>\n<meta name=\"twitter:label1\" content=\"Dur\u00e9e de lecture estim\u00e9e\" \/>\n\t<meta name=\"twitter:data1\" content=\"1 minute\" \/>\n<script type=\"application\/ld+json\" class=\"yoast-schema-graph\">{\"@context\":\"https:\/\/schema.org\",\"@graph\":[{\"@type\":\"WebPage\",\"@id\":\"https:\/\/povedavicedo.com\/fr\/politique-de-contact\/\",\"url\":\"https:\/\/povedavicedo.com\/fr\/politique-de-contact\/\",\"name\":\"Politique de contact - Poveda Vicedo\",\"isPartOf\":{\"@id\":\"https:\/\/povedavicedo.com\/fr\/#website\"},\"datePublished\":\"2024-01-25T09:41:00+00:00\",\"dateModified\":\"2024-01-25T09:41:00+00:00\",\"breadcrumb\":{\"@id\":\"https:\/\/povedavicedo.com\/fr\/politique-de-contact\/#breadcrumb\"},\"inLanguage\":\"fr-FR\",\"potentialAction\":[{\"@type\":\"ReadAction\",\"target\":[\"https:\/\/povedavicedo.com\/fr\/politique-de-contact\/\"]}]},{\"@type\":\"BreadcrumbList\",\"@id\":\"https:\/\/povedavicedo.com\/fr\/politique-de-contact\/#breadcrumb\",\"itemListElement\":[{\"@type\":\"ListItem\",\"position\":1,\"name\":\"Portada\",\"item\":\"https:\/\/povedavicedo.com\/fr\/\"},{\"@type\":\"ListItem\",\"position\":2,\"name\":\"Politique de contact\"}]},{\"@type\":\"WebSite\",\"@id\":\"https:\/\/povedavicedo.com\/fr\/#website\",\"url\":\"https:\/\/povedavicedo.com\/fr\/\",\"name\":\"Poveda Vicedo\",\"description\":\"Abogados - Solicitors Est. 1957\",\"publisher\":{\"@id\":\"https:\/\/povedavicedo.com\/fr\/#organization\"},\"potentialAction\":[{\"@type\":\"SearchAction\",\"target\":{\"@type\":\"EntryPoint\",\"urlTemplate\":\"https:\/\/povedavicedo.com\/fr\/?s={search_term_string}\"},\"query-input\":{\"@type\":\"PropertyValueSpecification\",\"valueRequired\":true,\"valueName\":\"search_term_string\"}}],\"inLanguage\":\"fr-FR\"},{\"@type\":\"Organization\",\"@id\":\"https:\/\/povedavicedo.com\/fr\/#organization\",\"name\":\"Poveda Vicedo\",\"url\":\"https:\/\/povedavicedo.com\/fr\/\",\"logo\":{\"@type\":\"ImageObject\",\"inLanguage\":\"fr-FR\",\"@id\":\"https:\/\/povedavicedo.com\/fr\/#\/schema\/logo\/image\/\",\"url\":\"https:\/\/povedavicedo.com\/wp-content\/uploads\/poveda-vicedo-abogados-logo.png\",\"contentUrl\":\"https:\/\/povedavicedo.com\/wp-content\/uploads\/poveda-vicedo-abogados-logo.png\",\"width\":300,\"height\":82,\"caption\":\"Poveda Vicedo\"},\"image\":{\"@id\":\"https:\/\/povedavicedo.com\/fr\/#\/schema\/logo\/image\/\"}}]}<\/script>\n<!-- \/ Yoast SEO plugin. -->","yoast_head_json":{"title":"Politique de contact - Poveda Vicedo","robots":{"index":"index","follow":"follow","max-snippet":"max-snippet:-1","max-image-preview":"max-image-preview:large","max-video-preview":"max-video-preview:-1"},"canonical":"https:\/\/povedavicedo.com\/fr\/politique-de-contact\/","og_locale":"fr_FR","og_type":"article","og_title":"Politique de contact - Poveda Vicedo","og_description":"POLITIQUE DE CONFIDENTIALIT\u00c9 ET DE PROTECTION DES DONN\u00c9ES De conformidad con el vigente Reglamento (UE) 2016\/679, informamos que los datos de car\u00e1cter personal que nos proporcione se tratar\u00e1n para enviarle, en virtud del inter\u00e9s leg\u00edtimo, informaci\u00f3n comercial de nuestros productos y servicios. Ce traitement de vos donn\u00e9es sera \u00e9tendu \u00e0 votre propre consentement. En appuyant ... Lire la suite","og_url":"https:\/\/povedavicedo.com\/fr\/politique-de-contact\/","og_site_name":"Poveda Vicedo","twitter_card":"summary_large_image","twitter_misc":{"Dur\u00e9e de lecture estim\u00e9e":"1 minute"},"schema":{"@context":"https:\/\/schema.org","@graph":[{"@type":"WebPage","@id":"https:\/\/povedavicedo.com\/fr\/politique-de-contact\/","url":"https:\/\/povedavicedo.com\/fr\/politique-de-contact\/","name":"Politique de contact - Poveda Vicedo","isPartOf":{"@id":"https:\/\/povedavicedo.com\/fr\/#website"},"datePublished":"2024-01-25T09:41:00+00:00","dateModified":"2024-01-25T09:41:00+00:00","breadcrumb":{"@id":"https:\/\/povedavicedo.com\/fr\/politique-de-contact\/#breadcrumb"},"inLanguage":"fr-FR","potentialAction":[{"@type":"ReadAction","target":["https:\/\/povedavicedo.com\/fr\/politique-de-contact\/"]}]},{"@type":"BreadcrumbList","@id":"https:\/\/povedavicedo.com\/fr\/politique-de-contact\/#breadcrumb","itemListElement":[{"@type":"ListItem","position":1,"name":"Portada","item":"https:\/\/povedavicedo.com\/fr\/"},{"@type":"ListItem","position":2,"name":"Politique de contact"}]},{"@type":"WebSite","@id":"https:\/\/povedavicedo.com\/fr\/#website","url":"https:\/\/povedavicedo.com\/fr\/","name":"Poveda Vicedo","description":"Abogados - Solicitors Est. 1957","publisher":{"@id":"https:\/\/povedavicedo.com\/fr\/#organization"},"potentialAction":[{"@type":"SearchAction","target":{"@type":"EntryPoint","urlTemplate":"https:\/\/povedavicedo.com\/fr\/?s={search_term_string}"},"query-input":{"@type":"PropertyValueSpecification","valueRequired":true,"valueName":"search_term_string"}}],"inLanguage":"fr-FR"},{"@type":"Organization","@id":"https:\/\/povedavicedo.com\/fr\/#organization","name":"Poveda Vicedo","url":"https:\/\/povedavicedo.com\/fr\/","logo":{"@type":"ImageObject","inLanguage":"fr-FR","@id":"https:\/\/povedavicedo.com\/fr\/#\/schema\/logo\/image\/","url":"https:\/\/povedavicedo.com\/wp-content\/uploads\/poveda-vicedo-abogados-logo.png","contentUrl":"https:\/\/povedavicedo.com\/wp-content\/uploads\/poveda-vicedo-abogados-logo.png","width":300,"height":82,"caption":"Poveda Vicedo"},"image":{"@id":"https:\/\/povedavicedo.com\/fr\/#\/schema\/logo\/image\/"}}]}},"_links":{"self":[{"href":"https:\/\/povedavicedo.com\/fr\/wp-json\/wp\/v2\/pages\/26050"}],"collection":[{"href":"https:\/\/povedavicedo.com\/fr\/wp-json\/wp\/v2\/pages"}],"about":[{"href":"https:\/\/povedavicedo.com\/fr\/wp-json\/wp\/v2\/types\/page"}],"author":[{"embeddable":true,"href":"https:\/\/povedavicedo.com\/fr\/wp-json\/wp\/v2\/users\/1"}],"replies":[{"embeddable":true,"href":"https:\/\/povedavicedo.com\/fr\/wp-json\/wp\/v2\/comments?post=26050"}],"version-history":[{"count":3,"href":"https:\/\/povedavicedo.com\/fr\/wp-json\/wp\/v2\/pages\/26050\/revisions"}],"predecessor-version":[{"id":26053,"href":"https:\/\/povedavicedo.com\/fr\/wp-json\/wp\/v2\/pages\/26050\/revisions\/26053"}],"wp:attachment":[{"href":"https:\/\/povedavicedo.com\/fr\/wp-json\/wp\/v2\/media?parent=26050"}],"curies":[{"name":"wp","href":"https:\/\/api.w.org\/{rel}","templated":true}]}}