{"id":24893,"date":"2023-05-02T11:32:58","date_gmt":"2023-05-02T09:32:58","guid":{"rendered":"https:\/\/povedanew.local\/wills-and-probate-in-spain\/"},"modified":"2024-01-25T10:37:41","modified_gmt":"2024-01-25T09:37:41","slug":"testaments-et-succession-en-espagne","status":"publish","type":"page","link":"https:\/\/povedavicedo.com\/fr\/assistance-juridique-privee\/testaments-et-succession-en-espagne\/","title":{"rendered":"Testaments et homologation en Espagne"},"content":{"rendered":"\t\t<div data-elementor-type=\"wp-post\" data-elementor-id=\"24893\" class=\"elementor elementor-24893 elementor-24580 elementor-bc-flex-widget\">\n\t\t\t\t\t\t<section class=\"elementor-section elementor-top-section elementor-element elementor-element-15e4da37 elementor-section-content-top elementor-section-stretched elementor-section-boxed elementor-section-height-default elementor-section-height-default\" data-id=\"15e4da37\" data-element_type=\"section\" data-settings=\"{&quot;stretch_section&quot;:&quot;section-stretched&quot;}\">\n\t\t\t\t\t\t<div class=\"elementor-container elementor-column-gap-no\">\n\t\t\t\t\t<div class=\"elementor-column elementor-col-50 elementor-top-column elementor-element elementor-element-260412d8\" data-id=\"260412d8\" data-element_type=\"column\">\n\t\t\t<div class=\"elementor-widget-wrap elementor-element-populated\">\n\t\t\t\t\t\t<div class=\"elementor-element elementor-element-21cc803e elementor-widget elementor-widget-image\" data-id=\"21cc803e\" data-element_type=\"widget\" data-widget_type=\"image.default\">\n\t\t\t\t<div class=\"elementor-widget-container\">\n\t\t\t\t\t\t\t\t\t\t\t\t\t\t\t<img fetchpriority=\"high\" decoding=\"async\" width=\"800\" height=\"1280\" src=\"https:\/\/povedavicedo.com\/wp-content\/uploads\/wills-and-probate.jpg\" class=\"attachment-full size-full wp-image-24768\" alt=\"wills and probate\" srcset=\"https:\/\/povedavicedo.com\/wp-content\/uploads\/wills-and-probate.jpg 800w, https:\/\/povedavicedo.com\/wp-content\/uploads\/wills-and-probate-768x1229.jpg 768w\" sizes=\"(max-width: 800px) 100vw, 800px\" \/>\t\t\t\t\t\t\t\t\t\t\t\t\t\t\t<\/div>\n\t\t\t\t<\/div>\n\t\t\t\t\t<\/div>\n\t\t<\/div>\n\t\t\t\t<div class=\"elementor-column elementor-col-50 elementor-top-column elementor-element elementor-element-1a9eecba\" data-id=\"1a9eecba\" data-element_type=\"column\">\n\t\t\t<div class=\"elementor-widget-wrap elementor-element-populated\">\n\t\t\t\t\t\t<div class=\"elementor-element elementor-element-58cb2f53 elementor-widget elementor-widget-heading\" data-id=\"58cb2f53\" data-element_type=\"widget\" data-widget_type=\"heading.default\">\n\t\t\t\t<div class=\"elementor-widget-container\">\n\t\t\t\t\t<h4 class=\"elementor-heading-title elementor-size-default\">TESTAMENTS ET SUCCESSIONS EN ESPAGNE<\/h4>\t\t\t\t<\/div>\n\t\t\t\t<\/div>\n\t\t\t\t<div class=\"elementor-element elementor-element-7c463054 elementor-widget elementor-widget-text-editor\" data-id=\"7c463054\" data-element_type=\"widget\" data-widget_type=\"text-editor.default\">\n\t\t\t\t<div class=\"elementor-widget-container\">\n\t\t\t\t\t\t\t\t\t<div class=\"main span8\" role=\"main\">\n<div id=\"PageLiner\">\n<h2><b>SI IMPORTANT ICI EN ESPAGNE<\/b><\/h2>\n<p>L&#8217;enthousiasme suscit\u00e9 par l&#8217;achat d&#8217;une propri\u00e9t\u00e9 en Espagne peut facilement faire oublier la n\u00e9cessit\u00e9 de r\u00e9diger un testament espagnol complet.<\/p>\n<p>Il est fortement recommand\u00e9 \u00e0 toute personne poss\u00e9dant des biens en Espagne de r\u00e9diger un testament espagnol afin d&#8217;\u00e9viter toute une s\u00e9rie de complications.<\/p>\n<h3>Rapide et efficace<\/h3>\n<p>Nous pouvons vous aider \u00e0 r\u00e9diger un testament de mani\u00e8re rapide et efficace afin que vous puissiez profiter \u00e0 nouveau de la vie. En revanche, l&#8217;absence de testament a pour cons\u00e9quence que les personnes \u00e0 charge et les proches subissent un stress important pendant la p\u00e9riode de perte et de chagrin qu&#8217;ils traversent.<\/p>\n<p>L&#8217;objectif de votre testament doit \u00eatre clair et d\u00e9finitif afin que, le moment venu, votre succession puisse \u00eatre g\u00e9r\u00e9e de mani\u00e8re efficace. La r\u00e9daction d&#8217;un testament en bonne et due forme permet d&#8217;\u00e9viter les risques de litiges et de divisions entre les proches rest\u00e9s au pays.<\/p>\n<h3>Co\u00fbt de la mise en place d&#8217;un testament espagnol<\/h3>\n<p>Nous facturons 150 \u20ac plus IVA par testament. Ces frais comprennent le co\u00fbt du notaire. Cette offre est soumise \u00e0 notre disponibilit\u00e9 et est limit\u00e9e \u00e0 certains notaires. Veuillez nous contacter pour plus d&#8217;informations.<\/p>\n<h3>Nous sommes l\u00e0 pour r\u00e9pondre \u00e0 vos questions :<\/h3>\n<p>Nous sommes \u00e0 votre disposition pour r\u00e9pondre \u00e0 toutes vos questions concernant la succession espagnole et la planification successorale. Nous vous offrons \u00e9galement des conseils fiscaux complets.<\/p>\n<h3>Probation et gestion du d\u00e9c\u00e8s d&#8217;un proche en Espagne<\/h3>\n<p>Poveda Vicedo a une grande exp\u00e9rience de l&#8217;administration des successions espagnoles, agissant en tant qu&#8217;ex\u00e9cuteur testamentaire dans les affaires d&#8217;homologation, ainsi que dans les relations avec les juridictions \u00e9trang\u00e8res lorsque les actifs sont situ\u00e9s en dehors de l&#8217;Espagne.<\/p>\n<p>Nous nous effor\u00e7ons toujours de vous fournir une structure tarifaire compl\u00e8te et transparente. Pour ce faire, nous prenons tout d&#8217;abord des instructions compl\u00e8tes et vous fournissons ensuite une projection d&#8217;honoraires que vous \u00eates libre d&#8217;accepter ou de rejeter sans autre obligation.<\/p>\n<\/div>\n<\/div>\n\t\t\t\t\t\t\t\t<\/div>\n\t\t\t\t<\/div>\n\t\t\t\t\t<\/div>\n\t\t<\/div>\n\t\t\t\t\t<\/div>\n\t\t<\/section>\n\t\t\t\t<\/div>\n\t\t","protected":false},"excerpt":{"rendered":"<p>TESTAMENTS ET SUCCESSIONS EN ESPAGNE SI IMPORTANT ICI EN ESPAGNE L&#8217;enthousiasme suscit\u00e9 par l&#8217;achat d&#8217;une propri\u00e9t\u00e9 en Espagne peut facilement faire oublier la n\u00e9cessit\u00e9 de r\u00e9diger un testament espagnol complet. Il est fortement recommand\u00e9 \u00e0 toute personne poss\u00e9dant des biens en Espagne de r\u00e9diger un testament espagnol afin d&#8217;\u00e9viter toute une s\u00e9rie de complications. Rapide &#8230; <a title=\"Testaments et homologation en Espagne\" class=\"read-more\" href=\"https:\/\/povedavicedo.com\/fr\/assistance-juridique-privee\/testaments-et-succession-en-espagne\/\" aria-label=\"En savoir plus sur Testaments et homologation en Espagne\">Lire la suite<\/a><\/p>\n","protected":false},"author":1,"featured_media":0,"parent":24908,"menu_order":0,"comment_status":"closed","ping_status":"closed","template":"","meta":{"footnotes":""},"yoast_head":"<!-- This site is optimized with the Yoast SEO plugin v23.5 - https:\/\/yoast.com\/wordpress\/plugins\/seo\/ -->\n<title>Testaments et homologation en Espagne - Poveda Vicedo<\/title>\n<meta name=\"description\" content=\"L&#039;excitation li\u00e9e \u00e0 l&#039;achat d&#039;une propri\u00e9t\u00e9 en Espagne peut facilement faire oublier la n\u00e9cessit\u00e9 de r\u00e9diger un testament espagnol complet. Il est fortement recommand\u00e9 \u00e0 toute personne poss\u00e9dant des biens en Espagne de r\u00e9diger un testament espagnol afin d&#039;\u00e9viter toute une s\u00e9rie de complications.\" \/>\n<meta name=\"robots\" content=\"index, follow, max-snippet:-1, max-image-preview:large, max-video-preview:-1\" \/>\n<link rel=\"canonical\" href=\"https:\/\/povedavicedo.com\/fr\/assistance-juridique-privee\/testaments-et-succession-en-espagne\/\" \/>\n<meta property=\"og:locale\" content=\"fr_FR\" \/>\n<meta property=\"og:type\" content=\"article\" \/>\n<meta property=\"og:title\" content=\"Testaments et homologation en Espagne - Poveda Vicedo\" \/>\n<meta property=\"og:description\" content=\"L&#039;excitation li\u00e9e \u00e0 l&#039;achat d&#039;une propri\u00e9t\u00e9 en Espagne peut facilement faire oublier la n\u00e9cessit\u00e9 de r\u00e9diger un testament espagnol complet. Il est fortement recommand\u00e9 \u00e0 toute personne poss\u00e9dant des biens en Espagne de r\u00e9diger un testament espagnol afin d&#039;\u00e9viter toute une s\u00e9rie de complications.\" \/>\n<meta property=\"og:url\" content=\"https:\/\/povedavicedo.com\/fr\/assistance-juridique-privee\/testaments-et-succession-en-espagne\/\" \/>\n<meta property=\"og:site_name\" content=\"Poveda Vicedo\" \/>\n<meta property=\"article:modified_time\" content=\"2024-01-25T09:37:41+00:00\" \/>\n<meta property=\"og:image\" content=\"https:\/\/povedavicedo.com\/wp-content\/uploads\/wills-and-probate.jpg\" \/>\n<meta name=\"twitter:card\" content=\"summary_large_image\" \/>\n<meta name=\"twitter:label1\" content=\"Dur\u00e9e de lecture estim\u00e9e\" \/>\n\t<meta name=\"twitter:data1\" content=\"2 minutes\" \/>\n<script type=\"application\/ld+json\" class=\"yoast-schema-graph\">{\"@context\":\"https:\/\/schema.org\",\"@graph\":[{\"@type\":\"WebPage\",\"@id\":\"https:\/\/povedavicedo.com\/fr\/assistance-juridique-privee\/testaments-et-succession-en-espagne\/\",\"url\":\"https:\/\/povedavicedo.com\/fr\/assistance-juridique-privee\/testaments-et-succession-en-espagne\/\",\"name\":\"Testaments et homologation en Espagne - Poveda Vicedo\",\"isPartOf\":{\"@id\":\"https:\/\/povedavicedo.com\/fr\/#website\"},\"primaryImageOfPage\":{\"@id\":\"https:\/\/povedavicedo.com\/fr\/assistance-juridique-privee\/testaments-et-succession-en-espagne\/#primaryimage\"},\"image\":{\"@id\":\"https:\/\/povedavicedo.com\/fr\/assistance-juridique-privee\/testaments-et-succession-en-espagne\/#primaryimage\"},\"thumbnailUrl\":\"https:\/\/povedavicedo.com\/wp-content\/uploads\/wills-and-probate.jpg\",\"datePublished\":\"2023-05-02T09:32:58+00:00\",\"dateModified\":\"2024-01-25T09:37:41+00:00\",\"description\":\"L'excitation li\u00e9e \u00e0 l'achat d'une propri\u00e9t\u00e9 en Espagne peut facilement faire oublier la n\u00e9cessit\u00e9 de r\u00e9diger un testament espagnol complet. Il est fortement recommand\u00e9 \u00e0 toute personne poss\u00e9dant des biens en Espagne de r\u00e9diger un testament espagnol afin d'\u00e9viter toute une s\u00e9rie de complications.\",\"breadcrumb\":{\"@id\":\"https:\/\/povedavicedo.com\/fr\/assistance-juridique-privee\/testaments-et-succession-en-espagne\/#breadcrumb\"},\"inLanguage\":\"fr-FR\",\"potentialAction\":[{\"@type\":\"ReadAction\",\"target\":[\"https:\/\/povedavicedo.com\/fr\/assistance-juridique-privee\/testaments-et-succession-en-espagne\/\"]}]},{\"@type\":\"ImageObject\",\"inLanguage\":\"fr-FR\",\"@id\":\"https:\/\/povedavicedo.com\/fr\/assistance-juridique-privee\/testaments-et-succession-en-espagne\/#primaryimage\",\"url\":\"https:\/\/povedavicedo.com\/wp-content\/uploads\/wills-and-probate.jpg\",\"contentUrl\":\"https:\/\/povedavicedo.com\/wp-content\/uploads\/wills-and-probate.jpg\"},{\"@type\":\"BreadcrumbList\",\"@id\":\"https:\/\/povedavicedo.com\/fr\/assistance-juridique-privee\/testaments-et-succession-en-espagne\/#breadcrumb\",\"itemListElement\":[{\"@type\":\"ListItem\",\"position\":1,\"name\":\"Portada\",\"item\":\"https:\/\/povedavicedo.com\/fr\/\"},{\"@type\":\"ListItem\",\"position\":2,\"name\":\"Assistance juridique priv\u00e9e\",\"item\":\"https:\/\/povedavicedo.com\/fr\/assistance-juridique-privee\/\"},{\"@type\":\"ListItem\",\"position\":3,\"name\":\"Testaments et homologation en Espagne\"}]},{\"@type\":\"WebSite\",\"@id\":\"https:\/\/povedavicedo.com\/fr\/#website\",\"url\":\"https:\/\/povedavicedo.com\/fr\/\",\"name\":\"Poveda Vicedo\",\"description\":\"Abogados - Solicitors Est. 1957\",\"publisher\":{\"@id\":\"https:\/\/povedavicedo.com\/fr\/#organization\"},\"potentialAction\":[{\"@type\":\"SearchAction\",\"target\":{\"@type\":\"EntryPoint\",\"urlTemplate\":\"https:\/\/povedavicedo.com\/fr\/?s={search_term_string}\"},\"query-input\":{\"@type\":\"PropertyValueSpecification\",\"valueRequired\":true,\"valueName\":\"search_term_string\"}}],\"inLanguage\":\"fr-FR\"},{\"@type\":\"Organization\",\"@id\":\"https:\/\/povedavicedo.com\/fr\/#organization\",\"name\":\"Poveda Vicedo\",\"url\":\"https:\/\/povedavicedo.com\/fr\/\",\"logo\":{\"@type\":\"ImageObject\",\"inLanguage\":\"fr-FR\",\"@id\":\"https:\/\/povedavicedo.com\/fr\/#\/schema\/logo\/image\/\",\"url\":\"https:\/\/povedavicedo.com\/wp-content\/uploads\/poveda-vicedo-abogados-logo.png\",\"contentUrl\":\"https:\/\/povedavicedo.com\/wp-content\/uploads\/poveda-vicedo-abogados-logo.png\",\"width\":300,\"height\":82,\"caption\":\"Poveda Vicedo\"},\"image\":{\"@id\":\"https:\/\/povedavicedo.com\/fr\/#\/schema\/logo\/image\/\"}}]}<\/script>\n<!-- \/ Yoast SEO plugin. -->","yoast_head_json":{"title":"Testaments et homologation en Espagne - Poveda Vicedo","description":"L'excitation li\u00e9e \u00e0 l'achat d'une propri\u00e9t\u00e9 en Espagne peut facilement faire oublier la n\u00e9cessit\u00e9 de r\u00e9diger un testament espagnol complet. Il est fortement recommand\u00e9 \u00e0 toute personne poss\u00e9dant des biens en Espagne de r\u00e9diger un testament espagnol afin d'\u00e9viter toute une s\u00e9rie de complications.","robots":{"index":"index","follow":"follow","max-snippet":"max-snippet:-1","max-image-preview":"max-image-preview:large","max-video-preview":"max-video-preview:-1"},"canonical":"https:\/\/povedavicedo.com\/fr\/assistance-juridique-privee\/testaments-et-succession-en-espagne\/","og_locale":"fr_FR","og_type":"article","og_title":"Testaments et homologation en Espagne - Poveda Vicedo","og_description":"L'excitation li\u00e9e \u00e0 l'achat d'une propri\u00e9t\u00e9 en Espagne peut facilement faire oublier la n\u00e9cessit\u00e9 de r\u00e9diger un testament espagnol complet. Il est fortement recommand\u00e9 \u00e0 toute personne poss\u00e9dant des biens en Espagne de r\u00e9diger un testament espagnol afin d'\u00e9viter toute une s\u00e9rie de complications.","og_url":"https:\/\/povedavicedo.com\/fr\/assistance-juridique-privee\/testaments-et-succession-en-espagne\/","og_site_name":"Poveda Vicedo","article_modified_time":"2024-01-25T09:37:41+00:00","og_image":[{"url":"https:\/\/povedavicedo.com\/wp-content\/uploads\/wills-and-probate.jpg"}],"twitter_card":"summary_large_image","twitter_misc":{"Dur\u00e9e de lecture estim\u00e9e":"2 minutes"},"schema":{"@context":"https:\/\/schema.org","@graph":[{"@type":"WebPage","@id":"https:\/\/povedavicedo.com\/fr\/assistance-juridique-privee\/testaments-et-succession-en-espagne\/","url":"https:\/\/povedavicedo.com\/fr\/assistance-juridique-privee\/testaments-et-succession-en-espagne\/","name":"Testaments et homologation en Espagne - Poveda Vicedo","isPartOf":{"@id":"https:\/\/povedavicedo.com\/fr\/#website"},"primaryImageOfPage":{"@id":"https:\/\/povedavicedo.com\/fr\/assistance-juridique-privee\/testaments-et-succession-en-espagne\/#primaryimage"},"image":{"@id":"https:\/\/povedavicedo.com\/fr\/assistance-juridique-privee\/testaments-et-succession-en-espagne\/#primaryimage"},"thumbnailUrl":"https:\/\/povedavicedo.com\/wp-content\/uploads\/wills-and-probate.jpg","datePublished":"2023-05-02T09:32:58+00:00","dateModified":"2024-01-25T09:37:41+00:00","description":"L'excitation li\u00e9e \u00e0 l'achat d'une propri\u00e9t\u00e9 en Espagne peut facilement faire oublier la n\u00e9cessit\u00e9 de r\u00e9diger un testament espagnol complet. Il est fortement recommand\u00e9 \u00e0 toute personne poss\u00e9dant des biens en Espagne de r\u00e9diger un testament espagnol afin d'\u00e9viter toute une s\u00e9rie de complications.","breadcrumb":{"@id":"https:\/\/povedavicedo.com\/fr\/assistance-juridique-privee\/testaments-et-succession-en-espagne\/#breadcrumb"},"inLanguage":"fr-FR","potentialAction":[{"@type":"ReadAction","target":["https:\/\/povedavicedo.com\/fr\/assistance-juridique-privee\/testaments-et-succession-en-espagne\/"]}]},{"@type":"ImageObject","inLanguage":"fr-FR","@id":"https:\/\/povedavicedo.com\/fr\/assistance-juridique-privee\/testaments-et-succession-en-espagne\/#primaryimage","url":"https:\/\/povedavicedo.com\/wp-content\/uploads\/wills-and-probate.jpg","contentUrl":"https:\/\/povedavicedo.com\/wp-content\/uploads\/wills-and-probate.jpg"},{"@type":"BreadcrumbList","@id":"https:\/\/povedavicedo.com\/fr\/assistance-juridique-privee\/testaments-et-succession-en-espagne\/#breadcrumb","itemListElement":[{"@type":"ListItem","position":1,"name":"Portada","item":"https:\/\/povedavicedo.com\/fr\/"},{"@type":"ListItem","position":2,"name":"Assistance juridique priv\u00e9e","item":"https:\/\/povedavicedo.com\/fr\/assistance-juridique-privee\/"},{"@type":"ListItem","position":3,"name":"Testaments et homologation en Espagne"}]},{"@type":"WebSite","@id":"https:\/\/povedavicedo.com\/fr\/#website","url":"https:\/\/povedavicedo.com\/fr\/","name":"Poveda Vicedo","description":"Abogados - Solicitors Est. 1957","publisher":{"@id":"https:\/\/povedavicedo.com\/fr\/#organization"},"potentialAction":[{"@type":"SearchAction","target":{"@type":"EntryPoint","urlTemplate":"https:\/\/povedavicedo.com\/fr\/?s={search_term_string}"},"query-input":{"@type":"PropertyValueSpecification","valueRequired":true,"valueName":"search_term_string"}}],"inLanguage":"fr-FR"},{"@type":"Organization","@id":"https:\/\/povedavicedo.com\/fr\/#organization","name":"Poveda Vicedo","url":"https:\/\/povedavicedo.com\/fr\/","logo":{"@type":"ImageObject","inLanguage":"fr-FR","@id":"https:\/\/povedavicedo.com\/fr\/#\/schema\/logo\/image\/","url":"https:\/\/povedavicedo.com\/wp-content\/uploads\/poveda-vicedo-abogados-logo.png","contentUrl":"https:\/\/povedavicedo.com\/wp-content\/uploads\/poveda-vicedo-abogados-logo.png","width":300,"height":82,"caption":"Poveda Vicedo"},"image":{"@id":"https:\/\/povedavicedo.com\/fr\/#\/schema\/logo\/image\/"}}]}},"_links":{"self":[{"href":"https:\/\/povedavicedo.com\/fr\/wp-json\/wp\/v2\/pages\/24893"}],"collection":[{"href":"https:\/\/povedavicedo.com\/fr\/wp-json\/wp\/v2\/pages"}],"about":[{"href":"https:\/\/povedavicedo.com\/fr\/wp-json\/wp\/v2\/types\/page"}],"author":[{"embeddable":true,"href":"https:\/\/povedavicedo.com\/fr\/wp-json\/wp\/v2\/users\/1"}],"replies":[{"embeddable":true,"href":"https:\/\/povedavicedo.com\/fr\/wp-json\/wp\/v2\/comments?post=24893"}],"version-history":[{"count":4,"href":"https:\/\/povedavicedo.com\/fr\/wp-json\/wp\/v2\/pages\/24893\/revisions"}],"predecessor-version":[{"id":26005,"href":"https:\/\/povedavicedo.com\/fr\/wp-json\/wp\/v2\/pages\/24893\/revisions\/26005"}],"up":[{"embeddable":true,"href":"https:\/\/povedavicedo.com\/fr\/wp-json\/wp\/v2\/pages\/24908"}],"wp:attachment":[{"href":"https:\/\/povedavicedo.com\/fr\/wp-json\/wp\/v2\/media?parent=24893"}],"curies":[{"name":"wp","href":"https:\/\/api.w.org\/{rel}","templated":true}]}}