{"id":24888,"date":"2023-05-02T11:40:04","date_gmt":"2023-05-02T09:40:04","guid":{"rendered":"https:\/\/povedanew.local\/urban-planning\/"},"modified":"2024-01-25T10:37:55","modified_gmt":"2024-01-25T09:37:55","slug":"plan-durbanisme","status":"publish","type":"page","link":"https:\/\/povedavicedo.com\/fr\/assistance-juridique-privee\/plan-durbanisme\/","title":{"rendered":"Urbanisme"},"content":{"rendered":"\t\t<div data-elementor-type=\"wp-post\" data-elementor-id=\"24888\" class=\"elementor elementor-24888 elementor-24601 elementor-bc-flex-widget\">\n\t\t\t\t\t\t<section class=\"elementor-section elementor-top-section elementor-element elementor-element-15e4da37 elementor-section-content-top elementor-section-stretched elementor-section-boxed elementor-section-height-default elementor-section-height-default\" data-id=\"15e4da37\" data-element_type=\"section\" data-settings=\"{&quot;stretch_section&quot;:&quot;section-stretched&quot;}\">\n\t\t\t\t\t\t<div class=\"elementor-container elementor-column-gap-no\">\n\t\t\t\t\t<div class=\"elementor-column elementor-col-50 elementor-top-column elementor-element elementor-element-260412d8\" data-id=\"260412d8\" data-element_type=\"column\">\n\t\t\t<div class=\"elementor-widget-wrap elementor-element-populated\">\n\t\t\t\t\t\t<div class=\"elementor-element elementor-element-21cc803e elementor-widget elementor-widget-image\" data-id=\"21cc803e\" data-element_type=\"widget\" data-widget_type=\"image.default\">\n\t\t\t\t<div class=\"elementor-widget-container\">\n\t\t\t\t\t\t\t\t\t\t\t\t\t\t\t<img fetchpriority=\"high\" decoding=\"async\" width=\"800\" height=\"1280\" src=\"https:\/\/povedavicedo.com\/wp-content\/uploads\/urban-planning.jpg\" class=\"attachment-full size-full wp-image-24765\" alt=\"urban planning\" srcset=\"https:\/\/povedavicedo.com\/wp-content\/uploads\/urban-planning.jpg 800w, https:\/\/povedavicedo.com\/wp-content\/uploads\/urban-planning-768x1229.jpg 768w\" sizes=\"(max-width: 800px) 100vw, 800px\" \/>\t\t\t\t\t\t\t\t\t\t\t\t\t\t\t<\/div>\n\t\t\t\t<\/div>\n\t\t\t\t\t<\/div>\n\t\t<\/div>\n\t\t\t\t<div class=\"elementor-column elementor-col-50 elementor-top-column elementor-element elementor-element-1a9eecba\" data-id=\"1a9eecba\" data-element_type=\"column\">\n\t\t\t<div class=\"elementor-widget-wrap elementor-element-populated\">\n\t\t\t\t\t\t<div class=\"elementor-element elementor-element-58cb2f53 elementor-widget elementor-widget-heading\" data-id=\"58cb2f53\" data-element_type=\"widget\" data-widget_type=\"heading.default\">\n\t\t\t\t<div class=\"elementor-widget-container\">\n\t\t\t\t\t<h4 class=\"elementor-heading-title elementor-size-default\">PLANIFICATION URBAINE<\/h4>\t\t\t\t<\/div>\n\t\t\t\t<\/div>\n\t\t\t\t<div class=\"elementor-element elementor-element-7c463054 elementor-widget elementor-widget-text-editor\" data-id=\"7c463054\" data-element_type=\"widget\" data-widget_type=\"text-editor.default\">\n\t\t\t\t<div class=\"elementor-widget-container\">\n\t\t\t\t\t\t\t\t\t<div class=\"main span8\" role=\"main\">\n<div id=\"PageLiner\">\n<h2><b>LE PROCESSUS DE PLANIFICATION ESPAGNOL<\/b><\/h2>\n<p>Depuis 1997, les activit\u00e9s de planification urbaine en Espagne rel\u00e8vent de la responsabilit\u00e9 des gouvernements r\u00e9gionaux espagnols appel\u00e9s &#8220;communaut\u00e9s autonomes&#8221; (CA). Il y a 17 AC en Espagne. Chacun d&#8217;eux est responsable de l&#8217;\u00e9laboration et de l&#8217;approbation des lois concernant l&#8217;utilisation des sols. Au sein de chaque AC, la planification urbaine est d\u00e9velopp\u00e9e au niveau local par les conseils municipaux, bien qu&#8217;elle doive \u00eatre approuv\u00e9e par le gouvernement de l&#8217;AC pour entrer en vigueur. Par cons\u00e9quent, le processus de planification urbaine est hi\u00e9rarchis\u00e9, avec diff\u00e9rents plans concernant les \u00e9chelles r\u00e9gionale et locale. Il n&#8217;existe pas de plan de d\u00e9veloppement urbain \u00e0 l&#8217;\u00e9chelle r\u00e9gionale, ce qui signifie que les conseils municipaux sont responsables de la planification urbaine.<\/p>\n<p>C&#8217;est ici que l&#8217;on peut parler de &#8220;variation sur un th\u00e8me&#8221;. Si vous souhaitez r\u00e9former ou agrandir une propri\u00e9t\u00e9 ou m\u00eame construire une nouvelle propri\u00e9t\u00e9, vous devez consulter le service d&#8217;urbanisme de votre mairie pour conna\u00eetre les r\u00e9glementations en vigueur.<\/p>\n<p>Trop souvent, un client ach\u00e8te un terrain dans l&#8217;intention de construire une maison semblable \u00e0 celles du voisinage, mais il se rend compte qu&#8217;il ne peut pas le faire car les propri\u00e9t\u00e9s voisines sont toutes construites ill\u00e9galement&#8230; De nombreuses personnes ne respectent pas les lois en mati\u00e8re d&#8217;urbanisme et les acheteurs peuvent donc devenir d&#8217;innocentes victimes.  <strong>Poveda Vicedo<\/strong> peut vous aider \u00e0 rechercher les lois locales en mati\u00e8re d&#8217;urbanisme et vous conseiller en cons\u00e9quence afin d&#8217;\u00e9viter une erreur co\u00fbteuse.<\/p>\n<\/div>\n<\/div>\n\t\t\t\t\t\t\t\t<\/div>\n\t\t\t\t<\/div>\n\t\t\t\t\t<\/div>\n\t\t<\/div>\n\t\t\t\t\t<\/div>\n\t\t<\/section>\n\t\t\t\t<\/div>\n\t\t","protected":false},"excerpt":{"rendered":"<p>PLANIFICATION URBAINE LE PROCESSUS DE PLANIFICATION ESPAGNOL Depuis 1997, les activit\u00e9s de planification urbaine en Espagne rel\u00e8vent de la responsabilit\u00e9 des gouvernements r\u00e9gionaux espagnols appel\u00e9s &#8220;communaut\u00e9s autonomes&#8221; (CA). Il y a 17 AC en Espagne. Chacun d&#8217;eux est responsable de l&#8217;\u00e9laboration et de l&#8217;approbation des lois concernant l&#8217;utilisation des sols. Au sein de chaque AC, &#8230; <a title=\"Urbanisme\" class=\"read-more\" href=\"https:\/\/povedavicedo.com\/fr\/assistance-juridique-privee\/plan-durbanisme\/\" aria-label=\"En savoir plus sur Urbanisme\">Lire la suite<\/a><\/p>\n","protected":false},"author":2,"featured_media":0,"parent":24908,"menu_order":0,"comment_status":"closed","ping_status":"closed","template":"","meta":{"footnotes":""},"yoast_head":"<!-- This site is optimized with the Yoast SEO plugin v23.5 - https:\/\/yoast.com\/wordpress\/plugins\/seo\/ -->\n<title>Urbanisme - Poveda Vicedo<\/title>\n<meta name=\"description\" content=\"Le processus de planification urbaine est hi\u00e9rarchis\u00e9, avec diff\u00e9rents plans concernant les \u00e9chelles r\u00e9gionale et locale. Il n&#039;existe pas de plan de d\u00e9veloppement urbain \u00e0 l&#039;\u00e9chelle r\u00e9gionale, ce qui signifie que les conseils municipaux sont responsables de la planification urbaine.\" \/>\n<meta name=\"robots\" content=\"index, follow, max-snippet:-1, max-image-preview:large, max-video-preview:-1\" \/>\n<link rel=\"canonical\" href=\"https:\/\/povedavicedo.com\/fr\/assistance-juridique-privee\/plan-durbanisme\/\" \/>\n<meta property=\"og:locale\" content=\"fr_FR\" \/>\n<meta property=\"og:type\" content=\"article\" \/>\n<meta property=\"og:title\" content=\"Urbanisme - Poveda Vicedo\" \/>\n<meta property=\"og:description\" content=\"Le processus de planification urbaine est hi\u00e9rarchis\u00e9, avec diff\u00e9rents plans concernant les \u00e9chelles r\u00e9gionale et locale. Il n&#039;existe pas de plan de d\u00e9veloppement urbain \u00e0 l&#039;\u00e9chelle r\u00e9gionale, ce qui signifie que les conseils municipaux sont responsables de la planification urbaine.\" \/>\n<meta property=\"og:url\" content=\"https:\/\/povedavicedo.com\/fr\/assistance-juridique-privee\/plan-durbanisme\/\" \/>\n<meta property=\"og:site_name\" content=\"Poveda Vicedo\" \/>\n<meta property=\"article:modified_time\" content=\"2024-01-25T09:37:55+00:00\" \/>\n<meta property=\"og:image\" content=\"https:\/\/povedavicedo.com\/wp-content\/uploads\/urban-planning.jpg\" \/>\n<meta name=\"twitter:card\" content=\"summary_large_image\" \/>\n<meta name=\"twitter:label1\" content=\"Dur\u00e9e de lecture estim\u00e9e\" \/>\n\t<meta name=\"twitter:data1\" content=\"2 minutes\" \/>\n<script type=\"application\/ld+json\" class=\"yoast-schema-graph\">{\"@context\":\"https:\/\/schema.org\",\"@graph\":[{\"@type\":\"WebPage\",\"@id\":\"https:\/\/povedavicedo.com\/fr\/assistance-juridique-privee\/plan-durbanisme\/\",\"url\":\"https:\/\/povedavicedo.com\/fr\/assistance-juridique-privee\/plan-durbanisme\/\",\"name\":\"Urbanisme - Poveda Vicedo\",\"isPartOf\":{\"@id\":\"https:\/\/povedavicedo.com\/fr\/#website\"},\"primaryImageOfPage\":{\"@id\":\"https:\/\/povedavicedo.com\/fr\/assistance-juridique-privee\/plan-durbanisme\/#primaryimage\"},\"image\":{\"@id\":\"https:\/\/povedavicedo.com\/fr\/assistance-juridique-privee\/plan-durbanisme\/#primaryimage\"},\"thumbnailUrl\":\"https:\/\/povedavicedo.com\/wp-content\/uploads\/urban-planning.jpg\",\"datePublished\":\"2023-05-02T09:40:04+00:00\",\"dateModified\":\"2024-01-25T09:37:55+00:00\",\"description\":\"Le processus de planification urbaine est hi\u00e9rarchis\u00e9, avec diff\u00e9rents plans concernant les \u00e9chelles r\u00e9gionale et locale. Il n'existe pas de plan de d\u00e9veloppement urbain \u00e0 l'\u00e9chelle r\u00e9gionale, ce qui signifie que les conseils municipaux sont responsables de la planification urbaine.\",\"breadcrumb\":{\"@id\":\"https:\/\/povedavicedo.com\/fr\/assistance-juridique-privee\/plan-durbanisme\/#breadcrumb\"},\"inLanguage\":\"fr-FR\",\"potentialAction\":[{\"@type\":\"ReadAction\",\"target\":[\"https:\/\/povedavicedo.com\/fr\/assistance-juridique-privee\/plan-durbanisme\/\"]}]},{\"@type\":\"ImageObject\",\"inLanguage\":\"fr-FR\",\"@id\":\"https:\/\/povedavicedo.com\/fr\/assistance-juridique-privee\/plan-durbanisme\/#primaryimage\",\"url\":\"https:\/\/povedavicedo.com\/wp-content\/uploads\/urban-planning.jpg\",\"contentUrl\":\"https:\/\/povedavicedo.com\/wp-content\/uploads\/urban-planning.jpg\"},{\"@type\":\"BreadcrumbList\",\"@id\":\"https:\/\/povedavicedo.com\/fr\/assistance-juridique-privee\/plan-durbanisme\/#breadcrumb\",\"itemListElement\":[{\"@type\":\"ListItem\",\"position\":1,\"name\":\"Portada\",\"item\":\"https:\/\/povedavicedo.com\/fr\/\"},{\"@type\":\"ListItem\",\"position\":2,\"name\":\"Assistance juridique priv\u00e9e\",\"item\":\"https:\/\/povedavicedo.com\/fr\/assistance-juridique-privee\/\"},{\"@type\":\"ListItem\",\"position\":3,\"name\":\"Urbanisme\"}]},{\"@type\":\"WebSite\",\"@id\":\"https:\/\/povedavicedo.com\/fr\/#website\",\"url\":\"https:\/\/povedavicedo.com\/fr\/\",\"name\":\"Poveda Vicedo\",\"description\":\"Abogados - Solicitors Est. 1957\",\"publisher\":{\"@id\":\"https:\/\/povedavicedo.com\/fr\/#organization\"},\"potentialAction\":[{\"@type\":\"SearchAction\",\"target\":{\"@type\":\"EntryPoint\",\"urlTemplate\":\"https:\/\/povedavicedo.com\/fr\/?s={search_term_string}\"},\"query-input\":{\"@type\":\"PropertyValueSpecification\",\"valueRequired\":true,\"valueName\":\"search_term_string\"}}],\"inLanguage\":\"fr-FR\"},{\"@type\":\"Organization\",\"@id\":\"https:\/\/povedavicedo.com\/fr\/#organization\",\"name\":\"Poveda Vicedo\",\"url\":\"https:\/\/povedavicedo.com\/fr\/\",\"logo\":{\"@type\":\"ImageObject\",\"inLanguage\":\"fr-FR\",\"@id\":\"https:\/\/povedavicedo.com\/fr\/#\/schema\/logo\/image\/\",\"url\":\"https:\/\/povedavicedo.com\/wp-content\/uploads\/poveda-vicedo-abogados-logo.png\",\"contentUrl\":\"https:\/\/povedavicedo.com\/wp-content\/uploads\/poveda-vicedo-abogados-logo.png\",\"width\":300,\"height\":82,\"caption\":\"Poveda Vicedo\"},\"image\":{\"@id\":\"https:\/\/povedavicedo.com\/fr\/#\/schema\/logo\/image\/\"}}]}<\/script>\n<!-- \/ Yoast SEO plugin. -->","yoast_head_json":{"title":"Urbanisme - Poveda Vicedo","description":"Le processus de planification urbaine est hi\u00e9rarchis\u00e9, avec diff\u00e9rents plans concernant les \u00e9chelles r\u00e9gionale et locale. Il n'existe pas de plan de d\u00e9veloppement urbain \u00e0 l'\u00e9chelle r\u00e9gionale, ce qui signifie que les conseils municipaux sont responsables de la planification urbaine.","robots":{"index":"index","follow":"follow","max-snippet":"max-snippet:-1","max-image-preview":"max-image-preview:large","max-video-preview":"max-video-preview:-1"},"canonical":"https:\/\/povedavicedo.com\/fr\/assistance-juridique-privee\/plan-durbanisme\/","og_locale":"fr_FR","og_type":"article","og_title":"Urbanisme - Poveda Vicedo","og_description":"Le processus de planification urbaine est hi\u00e9rarchis\u00e9, avec diff\u00e9rents plans concernant les \u00e9chelles r\u00e9gionale et locale. Il n'existe pas de plan de d\u00e9veloppement urbain \u00e0 l'\u00e9chelle r\u00e9gionale, ce qui signifie que les conseils municipaux sont responsables de la planification urbaine.","og_url":"https:\/\/povedavicedo.com\/fr\/assistance-juridique-privee\/plan-durbanisme\/","og_site_name":"Poveda Vicedo","article_modified_time":"2024-01-25T09:37:55+00:00","og_image":[{"url":"https:\/\/povedavicedo.com\/wp-content\/uploads\/urban-planning.jpg"}],"twitter_card":"summary_large_image","twitter_misc":{"Dur\u00e9e de lecture estim\u00e9e":"2 minutes"},"schema":{"@context":"https:\/\/schema.org","@graph":[{"@type":"WebPage","@id":"https:\/\/povedavicedo.com\/fr\/assistance-juridique-privee\/plan-durbanisme\/","url":"https:\/\/povedavicedo.com\/fr\/assistance-juridique-privee\/plan-durbanisme\/","name":"Urbanisme - Poveda Vicedo","isPartOf":{"@id":"https:\/\/povedavicedo.com\/fr\/#website"},"primaryImageOfPage":{"@id":"https:\/\/povedavicedo.com\/fr\/assistance-juridique-privee\/plan-durbanisme\/#primaryimage"},"image":{"@id":"https:\/\/povedavicedo.com\/fr\/assistance-juridique-privee\/plan-durbanisme\/#primaryimage"},"thumbnailUrl":"https:\/\/povedavicedo.com\/wp-content\/uploads\/urban-planning.jpg","datePublished":"2023-05-02T09:40:04+00:00","dateModified":"2024-01-25T09:37:55+00:00","description":"Le processus de planification urbaine est hi\u00e9rarchis\u00e9, avec diff\u00e9rents plans concernant les \u00e9chelles r\u00e9gionale et locale. Il n'existe pas de plan de d\u00e9veloppement urbain \u00e0 l'\u00e9chelle r\u00e9gionale, ce qui signifie que les conseils municipaux sont responsables de la planification urbaine.","breadcrumb":{"@id":"https:\/\/povedavicedo.com\/fr\/assistance-juridique-privee\/plan-durbanisme\/#breadcrumb"},"inLanguage":"fr-FR","potentialAction":[{"@type":"ReadAction","target":["https:\/\/povedavicedo.com\/fr\/assistance-juridique-privee\/plan-durbanisme\/"]}]},{"@type":"ImageObject","inLanguage":"fr-FR","@id":"https:\/\/povedavicedo.com\/fr\/assistance-juridique-privee\/plan-durbanisme\/#primaryimage","url":"https:\/\/povedavicedo.com\/wp-content\/uploads\/urban-planning.jpg","contentUrl":"https:\/\/povedavicedo.com\/wp-content\/uploads\/urban-planning.jpg"},{"@type":"BreadcrumbList","@id":"https:\/\/povedavicedo.com\/fr\/assistance-juridique-privee\/plan-durbanisme\/#breadcrumb","itemListElement":[{"@type":"ListItem","position":1,"name":"Portada","item":"https:\/\/povedavicedo.com\/fr\/"},{"@type":"ListItem","position":2,"name":"Assistance juridique priv\u00e9e","item":"https:\/\/povedavicedo.com\/fr\/assistance-juridique-privee\/"},{"@type":"ListItem","position":3,"name":"Urbanisme"}]},{"@type":"WebSite","@id":"https:\/\/povedavicedo.com\/fr\/#website","url":"https:\/\/povedavicedo.com\/fr\/","name":"Poveda Vicedo","description":"Abogados - Solicitors Est. 1957","publisher":{"@id":"https:\/\/povedavicedo.com\/fr\/#organization"},"potentialAction":[{"@type":"SearchAction","target":{"@type":"EntryPoint","urlTemplate":"https:\/\/povedavicedo.com\/fr\/?s={search_term_string}"},"query-input":{"@type":"PropertyValueSpecification","valueRequired":true,"valueName":"search_term_string"}}],"inLanguage":"fr-FR"},{"@type":"Organization","@id":"https:\/\/povedavicedo.com\/fr\/#organization","name":"Poveda Vicedo","url":"https:\/\/povedavicedo.com\/fr\/","logo":{"@type":"ImageObject","inLanguage":"fr-FR","@id":"https:\/\/povedavicedo.com\/fr\/#\/schema\/logo\/image\/","url":"https:\/\/povedavicedo.com\/wp-content\/uploads\/poveda-vicedo-abogados-logo.png","contentUrl":"https:\/\/povedavicedo.com\/wp-content\/uploads\/poveda-vicedo-abogados-logo.png","width":300,"height":82,"caption":"Poveda Vicedo"},"image":{"@id":"https:\/\/povedavicedo.com\/fr\/#\/schema\/logo\/image\/"}}]}},"_links":{"self":[{"href":"https:\/\/povedavicedo.com\/fr\/wp-json\/wp\/v2\/pages\/24888"}],"collection":[{"href":"https:\/\/povedavicedo.com\/fr\/wp-json\/wp\/v2\/pages"}],"about":[{"href":"https:\/\/povedavicedo.com\/fr\/wp-json\/wp\/v2\/types\/page"}],"author":[{"embeddable":true,"href":"https:\/\/povedavicedo.com\/fr\/wp-json\/wp\/v2\/users\/2"}],"replies":[{"embeddable":true,"href":"https:\/\/povedavicedo.com\/fr\/wp-json\/wp\/v2\/comments?post=24888"}],"version-history":[{"count":4,"href":"https:\/\/povedavicedo.com\/fr\/wp-json\/wp\/v2\/pages\/24888\/revisions"}],"predecessor-version":[{"id":26009,"href":"https:\/\/povedavicedo.com\/fr\/wp-json\/wp\/v2\/pages\/24888\/revisions\/26009"}],"up":[{"embeddable":true,"href":"https:\/\/povedavicedo.com\/fr\/wp-json\/wp\/v2\/pages\/24908"}],"wp:attachment":[{"href":"https:\/\/povedavicedo.com\/fr\/wp-json\/wp\/v2\/media?parent=24888"}],"curies":[{"name":"wp","href":"https:\/\/api.w.org\/{rel}","templated":true}]}}