{"id":24880,"date":"2023-05-01T11:38:11","date_gmt":"2023-05-01T09:38:11","guid":{"rendered":"https:\/\/povedanew.local\/structural-defects-and-constructions\/"},"modified":"2024-01-25T10:38:06","modified_gmt":"2024-01-25T09:38:06","slug":"defauts-structurels-et-de-constructions","status":"publish","type":"page","link":"https:\/\/povedavicedo.com\/fr\/assistance-juridique-privee\/defauts-structurels-et-de-constructions\/","title":{"rendered":"D\u00e9fauts structurels et constructions"},"content":{"rendered":"\t\t<div data-elementor-type=\"wp-post\" data-elementor-id=\"24880\" class=\"elementor elementor-24880 elementor-24596 elementor-bc-flex-widget\">\n\t\t\t\t\t\t<section class=\"elementor-section elementor-top-section elementor-element elementor-element-15e4da37 elementor-section-content-top elementor-section-stretched elementor-section-boxed elementor-section-height-default elementor-section-height-default\" data-id=\"15e4da37\" data-element_type=\"section\" data-settings=\"{&quot;stretch_section&quot;:&quot;section-stretched&quot;}\">\n\t\t\t\t\t\t<div class=\"elementor-container elementor-column-gap-no\">\n\t\t\t\t\t<div class=\"elementor-column elementor-col-50 elementor-top-column elementor-element elementor-element-260412d8\" data-id=\"260412d8\" data-element_type=\"column\">\n\t\t\t<div class=\"elementor-widget-wrap elementor-element-populated\">\n\t\t\t\t\t\t<div class=\"elementor-element elementor-element-21cc803e elementor-widget elementor-widget-image\" data-id=\"21cc803e\" data-element_type=\"widget\" data-widget_type=\"image.default\">\n\t\t\t\t<div class=\"elementor-widget-container\">\n\t\t\t\t\t\t\t\t\t\t\t\t\t\t\t<img fetchpriority=\"high\" decoding=\"async\" width=\"800\" height=\"1280\" src=\"https:\/\/povedavicedo.com\/wp-content\/uploads\/structural-defects-construction.jpg\" class=\"attachment-full size-full wp-image-24762\" alt=\"structural defects construction\" srcset=\"https:\/\/povedavicedo.com\/wp-content\/uploads\/structural-defects-construction.jpg 800w, https:\/\/povedavicedo.com\/wp-content\/uploads\/structural-defects-construction-768x1229.jpg 768w\" sizes=\"(max-width: 800px) 100vw, 800px\" \/>\t\t\t\t\t\t\t\t\t\t\t\t\t\t\t<\/div>\n\t\t\t\t<\/div>\n\t\t\t\t\t<\/div>\n\t\t<\/div>\n\t\t\t\t<div class=\"elementor-column elementor-col-50 elementor-top-column elementor-element elementor-element-1a9eecba\" data-id=\"1a9eecba\" data-element_type=\"column\">\n\t\t\t<div class=\"elementor-widget-wrap elementor-element-populated\">\n\t\t\t\t\t\t<div class=\"elementor-element elementor-element-58cb2f53 elementor-widget elementor-widget-heading\" data-id=\"58cb2f53\" data-element_type=\"widget\" data-widget_type=\"heading.default\">\n\t\t\t\t<div class=\"elementor-widget-container\">\n\t\t\t\t\t<h4 class=\"elementor-heading-title elementor-size-default\">D\u00c9FAUTS STRUCTURELS ET CONSTRUCTION<\/h4>\t\t\t\t<\/div>\n\t\t\t\t<\/div>\n\t\t\t\t<div class=\"elementor-element elementor-element-7c463054 elementor-widget elementor-widget-text-editor\" data-id=\"7c463054\" data-element_type=\"widget\" data-widget_type=\"text-editor.default\">\n\t\t\t\t<div class=\"elementor-widget-container\">\n\t\t\t\t\t\t\t\t\t<div class=\"main span8\" role=\"main\">\n<div id=\"PageLiner\">\n<h2><b>NOUS AVONS DE L&#8217;EXP\u00c9RIENCE EN MATI\u00c8RE DE DROIT DE LA CONSTRUCTION<\/b><\/h2>\n<p>Si votre propri\u00e9t\u00e9 pr\u00e9sente des signes de probl\u00e8mes structurels, Poveda Vicedo poss\u00e8de les connaissances, l&#8217;exp\u00e9rience et les ant\u00e9c\u00e9dents prouv\u00e9s en mati\u00e8re de droit de la construction pour vous aider. Nous avons d\u00e9velopp\u00e9 nos comp\u00e9tences en mati\u00e8re de contentieux afin de garantir que les affaires de droit structurel ou de droit de la construction soient port\u00e9es devant les tribunaux d&#8217;une mani\u00e8re claire et compl\u00e8te pour toutes les parties concern\u00e9es. Nous travaillons en \u00e9troite collaboration avec nos experts techniques afin d&#8217;obtenir les meilleurs r\u00e9sultats possibles pour nos clients.<\/p>\n<h3>Nous appliquons une politique claire et transparente en mati\u00e8re de frais :<\/h3>\n<ol>\n<li>Consultation gratuite &#8211; Nous offrons au client une consultation gratuite au cours de laquelle nous recueillons des informations sur le probl\u00e8me structurel et les \u00e9ventuelles questions juridiques qui y sont li\u00e9es ;<\/li>\n<li>Examen initial gratuit &#8211; Nous proc\u00e9dons \u00e0 un examen initial gratuit de votre dossier.<\/li>\n<li>Devis d&#8217;honoraires sans obligation &#8211; Nous vous fournissons alors une estimation de nos honoraires que vous \u00eates libre d&#8217;accepter ou de rejeter sans obligation.<\/li>\n<\/ol>\n<h3>Types de probl\u00e8mes de construction<\/h3>\n<p>Nous nous occupons de toute une s\u00e9rie de d\u00e9fauts et de probl\u00e8mes structurels, par exemple :<\/p>\n<ul>\n<li>D\u00e9fauts de fondation<\/li>\n<li>Pourriture s\u00e8che<\/li>\n<li>Moisissures<\/li>\n<li>Dommages caus\u00e9s par les termites<\/li>\n<li>Non-respect des codes de construction<\/li>\n<li>Mat\u00e9riaux de mauvaise qualit\u00e9<\/li>\n<li>Mauvaise qualit\u00e9 d&#8217;ex\u00e9cution<\/li>\n<li>Fuites d&#8217;eau et inondations<\/li>\n<li>Probl\u00e8mes de drainage<\/li>\n<li>Probl\u00e8mes de subsidence<\/li>\n<li>D\u00e9faillance du toit<\/li>\n<li>Questions de sant\u00e9 et de s\u00e9curit\u00e9<\/li>\n<li>Dommages caus\u00e9s par l&#8217;incendie<\/li>\n<li>D\u00e9g\u00e2ts dus \u00e0 la temp\u00eate<\/li>\n<li>Mauvaises conditions du sol.<\/li>\n<li>D\u00e9faut du constructeur de construire un bien immobilier conform\u00e9ment aux sp\u00e9cifications contractuelles<\/li>\n<\/ul>\n<h3>Contre qui engage-t-on des poursuites ?<\/h3>\n<p>Dans les cas de d\u00e9fauts structurels, la loi nous permet de d\u00e9signer un certain nombre de d\u00e9fendeurs tels que le promoteur, l&#8217;entreprise de construction, l&#8217;architecte, l&#8217;architecte technique, l&#8217;assureur d\u00e9cennal de la construction et l&#8217;assureur priv\u00e9. Sur la base des preuves fournies, le tribunal d\u00e9termine ensuite la responsabilit\u00e9 des parties.<\/p>\n<p>Il n&#8217;est pas rare que des personnes viennent nous voir, frustr\u00e9es que leur compagnie d&#8217;assurance priv\u00e9e ne les ait pas indemnis\u00e9es pour toute une s\u00e9rie de dommages subis par leurs biens, tels que les dommages caus\u00e9s par le feu, les inondations, les d\u00e9g\u00e2ts structurels, etc. Nous avons une grande exp\u00e9rience des relations avec les compagnies d&#8217;assurance en Espagne et nous pouvons vous aider \u00e0 pr\u00e9senter une demande d&#8217;indemnisation. En outre, si votre demande est rejet\u00e9e, nous pouvons vous aider \u00e0 contester la d\u00e9cision de la compagnie d&#8217;assurance.<\/p>\n<h3>Agissez maintenant &#8211; Les d\u00e9lais peuvent \u00eatre d\u00e9terminants pour votre demande d&#8217;indemnisation<\/h3>\n<p>Il est tr\u00e8s important que les demandes d&#8217;indemnisation soient introduites dans les d\u00e9lais applicables, faute de quoi l&#8217;affaire peut \u00eatre frapp\u00e9e de prescription, ce qui signifie qu&#8217;aucune action ne pourra jamais \u00eatre intent\u00e9e pour le pr\u00e9judice invoqu\u00e9.<\/p>\n<p>La premi\u00e8re chose \u00e0 faire lorsque vous soup\u00e7onnez que votre bien immobilier pr\u00e9sente des probl\u00e8mes structurels est de contacter un expert en b\u00e2timent. N&#8217;attendez pas de voir si les fissures ne sont que des fissures de tassement &#8211; faites appel \u00e0 un expert pour le d\u00e9terminer. <strong>Mark Paddon de Surveys Spain<\/strong> peut \u00eatre contact\u00e9 sur son site web <a title=\"http:\/\/www.surveysspain.com\/\" href=\"http:\/\/www.surveysspain.com\/\"><br \/>\n  <u><br \/>\n    <b>http:\/\/www.surveysspain.com\/<\/b><br \/>\n  <\/u><br \/>\n<\/a><\/p>\n<p>Mark peut vous rassurer en vous indiquant si des mesures simples peuvent \u00eatre prises pour r\u00e9soudre le probl\u00e8me ou s&#8217;il est conseill\u00e9 ou non d&#8217;envisager une action en justice.<\/p>\n<\/div>\n<\/div>\n\t\t\t\t\t\t\t\t<\/div>\n\t\t\t\t<\/div>\n\t\t\t\t\t<\/div>\n\t\t<\/div>\n\t\t\t\t\t<\/div>\n\t\t<\/section>\n\t\t\t\t<\/div>\n\t\t","protected":false},"excerpt":{"rendered":"<p>D\u00c9FAUTS STRUCTURELS ET CONSTRUCTION NOUS AVONS DE L&#8217;EXP\u00c9RIENCE EN MATI\u00c8RE DE DROIT DE LA CONSTRUCTION Si votre propri\u00e9t\u00e9 pr\u00e9sente des signes de probl\u00e8mes structurels, Poveda Vicedo poss\u00e8de les connaissances, l&#8217;exp\u00e9rience et les ant\u00e9c\u00e9dents prouv\u00e9s en mati\u00e8re de droit de la construction pour vous aider. Nous avons d\u00e9velopp\u00e9 nos comp\u00e9tences en mati\u00e8re de contentieux afin de &#8230; <a title=\"D\u00e9fauts structurels et constructions\" class=\"read-more\" href=\"https:\/\/povedavicedo.com\/fr\/assistance-juridique-privee\/defauts-structurels-et-de-constructions\/\" aria-label=\"En savoir plus sur D\u00e9fauts structurels et constructions\">Lire la suite<\/a><\/p>\n","protected":false},"author":2,"featured_media":0,"parent":24908,"menu_order":0,"comment_status":"closed","ping_status":"closed","template":"","meta":{"footnotes":""},"yoast_head":"<!-- This site is optimized with the Yoast SEO plugin v23.5 - https:\/\/yoast.com\/wordpress\/plugins\/seo\/ -->\n<title>D\u00e9fauts structurels et constructions - Poveda Vicedo<\/title>\n<meta name=\"description\" content=\"Si votre propri\u00e9t\u00e9 pr\u00e9sente des signes de probl\u00e8mes structurels, Poveda Vicedo poss\u00e8de les connaissances, l&#039;exp\u00e9rience et les ant\u00e9c\u00e9dents prouv\u00e9s en mati\u00e8re de droit de la construction pour vous aider.\" \/>\n<meta name=\"robots\" content=\"index, follow, max-snippet:-1, max-image-preview:large, max-video-preview:-1\" \/>\n<link rel=\"canonical\" href=\"https:\/\/povedavicedo.com\/fr\/assistance-juridique-privee\/defauts-structurels-et-de-constructions\/\" \/>\n<meta property=\"og:locale\" content=\"fr_FR\" \/>\n<meta property=\"og:type\" content=\"article\" \/>\n<meta property=\"og:title\" content=\"D\u00e9fauts structurels et constructions - Poveda Vicedo\" \/>\n<meta property=\"og:description\" content=\"Si votre propri\u00e9t\u00e9 pr\u00e9sente des signes de probl\u00e8mes structurels, Poveda Vicedo poss\u00e8de les connaissances, l&#039;exp\u00e9rience et les ant\u00e9c\u00e9dents prouv\u00e9s en mati\u00e8re de droit de la construction pour vous aider.\" \/>\n<meta property=\"og:url\" content=\"https:\/\/povedavicedo.com\/fr\/assistance-juridique-privee\/defauts-structurels-et-de-constructions\/\" \/>\n<meta property=\"og:site_name\" content=\"Poveda Vicedo\" \/>\n<meta property=\"article:modified_time\" content=\"2024-01-25T09:38:06+00:00\" \/>\n<meta property=\"og:image\" content=\"https:\/\/povedavicedo.com\/wp-content\/uploads\/structural-defects-construction.jpg\" \/>\n<meta name=\"twitter:card\" content=\"summary_large_image\" \/>\n<meta name=\"twitter:label1\" content=\"Dur\u00e9e de lecture estim\u00e9e\" \/>\n\t<meta name=\"twitter:data1\" content=\"3 minutes\" \/>\n<script type=\"application\/ld+json\" class=\"yoast-schema-graph\">{\"@context\":\"https:\/\/schema.org\",\"@graph\":[{\"@type\":\"WebPage\",\"@id\":\"https:\/\/povedavicedo.com\/fr\/assistance-juridique-privee\/defauts-structurels-et-de-constructions\/\",\"url\":\"https:\/\/povedavicedo.com\/fr\/assistance-juridique-privee\/defauts-structurels-et-de-constructions\/\",\"name\":\"D\u00e9fauts structurels et constructions - Poveda Vicedo\",\"isPartOf\":{\"@id\":\"https:\/\/povedavicedo.com\/fr\/#website\"},\"primaryImageOfPage\":{\"@id\":\"https:\/\/povedavicedo.com\/fr\/assistance-juridique-privee\/defauts-structurels-et-de-constructions\/#primaryimage\"},\"image\":{\"@id\":\"https:\/\/povedavicedo.com\/fr\/assistance-juridique-privee\/defauts-structurels-et-de-constructions\/#primaryimage\"},\"thumbnailUrl\":\"https:\/\/povedavicedo.com\/wp-content\/uploads\/structural-defects-construction.jpg\",\"datePublished\":\"2023-05-01T09:38:11+00:00\",\"dateModified\":\"2024-01-25T09:38:06+00:00\",\"description\":\"Si votre propri\u00e9t\u00e9 pr\u00e9sente des signes de probl\u00e8mes structurels, Poveda Vicedo poss\u00e8de les connaissances, l'exp\u00e9rience et les ant\u00e9c\u00e9dents prouv\u00e9s en mati\u00e8re de droit de la construction pour vous aider.\",\"breadcrumb\":{\"@id\":\"https:\/\/povedavicedo.com\/fr\/assistance-juridique-privee\/defauts-structurels-et-de-constructions\/#breadcrumb\"},\"inLanguage\":\"fr-FR\",\"potentialAction\":[{\"@type\":\"ReadAction\",\"target\":[\"https:\/\/povedavicedo.com\/fr\/assistance-juridique-privee\/defauts-structurels-et-de-constructions\/\"]}]},{\"@type\":\"ImageObject\",\"inLanguage\":\"fr-FR\",\"@id\":\"https:\/\/povedavicedo.com\/fr\/assistance-juridique-privee\/defauts-structurels-et-de-constructions\/#primaryimage\",\"url\":\"https:\/\/povedavicedo.com\/wp-content\/uploads\/structural-defects-construction.jpg\",\"contentUrl\":\"https:\/\/povedavicedo.com\/wp-content\/uploads\/structural-defects-construction.jpg\"},{\"@type\":\"BreadcrumbList\",\"@id\":\"https:\/\/povedavicedo.com\/fr\/assistance-juridique-privee\/defauts-structurels-et-de-constructions\/#breadcrumb\",\"itemListElement\":[{\"@type\":\"ListItem\",\"position\":1,\"name\":\"Portada\",\"item\":\"https:\/\/povedavicedo.com\/fr\/\"},{\"@type\":\"ListItem\",\"position\":2,\"name\":\"Assistance juridique priv\u00e9e\",\"item\":\"https:\/\/povedavicedo.com\/fr\/assistance-juridique-privee\/\"},{\"@type\":\"ListItem\",\"position\":3,\"name\":\"D\u00e9fauts structurels et constructions\"}]},{\"@type\":\"WebSite\",\"@id\":\"https:\/\/povedavicedo.com\/fr\/#website\",\"url\":\"https:\/\/povedavicedo.com\/fr\/\",\"name\":\"Poveda Vicedo\",\"description\":\"Abogados - Solicitors Est. 1957\",\"publisher\":{\"@id\":\"https:\/\/povedavicedo.com\/fr\/#organization\"},\"potentialAction\":[{\"@type\":\"SearchAction\",\"target\":{\"@type\":\"EntryPoint\",\"urlTemplate\":\"https:\/\/povedavicedo.com\/fr\/?s={search_term_string}\"},\"query-input\":{\"@type\":\"PropertyValueSpecification\",\"valueRequired\":true,\"valueName\":\"search_term_string\"}}],\"inLanguage\":\"fr-FR\"},{\"@type\":\"Organization\",\"@id\":\"https:\/\/povedavicedo.com\/fr\/#organization\",\"name\":\"Poveda Vicedo\",\"url\":\"https:\/\/povedavicedo.com\/fr\/\",\"logo\":{\"@type\":\"ImageObject\",\"inLanguage\":\"fr-FR\",\"@id\":\"https:\/\/povedavicedo.com\/fr\/#\/schema\/logo\/image\/\",\"url\":\"https:\/\/povedavicedo.com\/wp-content\/uploads\/poveda-vicedo-abogados-logo.png\",\"contentUrl\":\"https:\/\/povedavicedo.com\/wp-content\/uploads\/poveda-vicedo-abogados-logo.png\",\"width\":300,\"height\":82,\"caption\":\"Poveda Vicedo\"},\"image\":{\"@id\":\"https:\/\/povedavicedo.com\/fr\/#\/schema\/logo\/image\/\"}}]}<\/script>\n<!-- \/ Yoast SEO plugin. -->","yoast_head_json":{"title":"D\u00e9fauts structurels et constructions - Poveda Vicedo","description":"Si votre propri\u00e9t\u00e9 pr\u00e9sente des signes de probl\u00e8mes structurels, Poveda Vicedo poss\u00e8de les connaissances, l'exp\u00e9rience et les ant\u00e9c\u00e9dents prouv\u00e9s en mati\u00e8re de droit de la construction pour vous aider.","robots":{"index":"index","follow":"follow","max-snippet":"max-snippet:-1","max-image-preview":"max-image-preview:large","max-video-preview":"max-video-preview:-1"},"canonical":"https:\/\/povedavicedo.com\/fr\/assistance-juridique-privee\/defauts-structurels-et-de-constructions\/","og_locale":"fr_FR","og_type":"article","og_title":"D\u00e9fauts structurels et constructions - Poveda Vicedo","og_description":"Si votre propri\u00e9t\u00e9 pr\u00e9sente des signes de probl\u00e8mes structurels, Poveda Vicedo poss\u00e8de les connaissances, l'exp\u00e9rience et les ant\u00e9c\u00e9dents prouv\u00e9s en mati\u00e8re de droit de la construction pour vous aider.","og_url":"https:\/\/povedavicedo.com\/fr\/assistance-juridique-privee\/defauts-structurels-et-de-constructions\/","og_site_name":"Poveda Vicedo","article_modified_time":"2024-01-25T09:38:06+00:00","og_image":[{"url":"https:\/\/povedavicedo.com\/wp-content\/uploads\/structural-defects-construction.jpg"}],"twitter_card":"summary_large_image","twitter_misc":{"Dur\u00e9e de lecture estim\u00e9e":"3 minutes"},"schema":{"@context":"https:\/\/schema.org","@graph":[{"@type":"WebPage","@id":"https:\/\/povedavicedo.com\/fr\/assistance-juridique-privee\/defauts-structurels-et-de-constructions\/","url":"https:\/\/povedavicedo.com\/fr\/assistance-juridique-privee\/defauts-structurels-et-de-constructions\/","name":"D\u00e9fauts structurels et constructions - Poveda Vicedo","isPartOf":{"@id":"https:\/\/povedavicedo.com\/fr\/#website"},"primaryImageOfPage":{"@id":"https:\/\/povedavicedo.com\/fr\/assistance-juridique-privee\/defauts-structurels-et-de-constructions\/#primaryimage"},"image":{"@id":"https:\/\/povedavicedo.com\/fr\/assistance-juridique-privee\/defauts-structurels-et-de-constructions\/#primaryimage"},"thumbnailUrl":"https:\/\/povedavicedo.com\/wp-content\/uploads\/structural-defects-construction.jpg","datePublished":"2023-05-01T09:38:11+00:00","dateModified":"2024-01-25T09:38:06+00:00","description":"Si votre propri\u00e9t\u00e9 pr\u00e9sente des signes de probl\u00e8mes structurels, Poveda Vicedo poss\u00e8de les connaissances, l'exp\u00e9rience et les ant\u00e9c\u00e9dents prouv\u00e9s en mati\u00e8re de droit de la construction pour vous aider.","breadcrumb":{"@id":"https:\/\/povedavicedo.com\/fr\/assistance-juridique-privee\/defauts-structurels-et-de-constructions\/#breadcrumb"},"inLanguage":"fr-FR","potentialAction":[{"@type":"ReadAction","target":["https:\/\/povedavicedo.com\/fr\/assistance-juridique-privee\/defauts-structurels-et-de-constructions\/"]}]},{"@type":"ImageObject","inLanguage":"fr-FR","@id":"https:\/\/povedavicedo.com\/fr\/assistance-juridique-privee\/defauts-structurels-et-de-constructions\/#primaryimage","url":"https:\/\/povedavicedo.com\/wp-content\/uploads\/structural-defects-construction.jpg","contentUrl":"https:\/\/povedavicedo.com\/wp-content\/uploads\/structural-defects-construction.jpg"},{"@type":"BreadcrumbList","@id":"https:\/\/povedavicedo.com\/fr\/assistance-juridique-privee\/defauts-structurels-et-de-constructions\/#breadcrumb","itemListElement":[{"@type":"ListItem","position":1,"name":"Portada","item":"https:\/\/povedavicedo.com\/fr\/"},{"@type":"ListItem","position":2,"name":"Assistance juridique priv\u00e9e","item":"https:\/\/povedavicedo.com\/fr\/assistance-juridique-privee\/"},{"@type":"ListItem","position":3,"name":"D\u00e9fauts structurels et constructions"}]},{"@type":"WebSite","@id":"https:\/\/povedavicedo.com\/fr\/#website","url":"https:\/\/povedavicedo.com\/fr\/","name":"Poveda Vicedo","description":"Abogados - Solicitors Est. 1957","publisher":{"@id":"https:\/\/povedavicedo.com\/fr\/#organization"},"potentialAction":[{"@type":"SearchAction","target":{"@type":"EntryPoint","urlTemplate":"https:\/\/povedavicedo.com\/fr\/?s={search_term_string}"},"query-input":{"@type":"PropertyValueSpecification","valueRequired":true,"valueName":"search_term_string"}}],"inLanguage":"fr-FR"},{"@type":"Organization","@id":"https:\/\/povedavicedo.com\/fr\/#organization","name":"Poveda Vicedo","url":"https:\/\/povedavicedo.com\/fr\/","logo":{"@type":"ImageObject","inLanguage":"fr-FR","@id":"https:\/\/povedavicedo.com\/fr\/#\/schema\/logo\/image\/","url":"https:\/\/povedavicedo.com\/wp-content\/uploads\/poveda-vicedo-abogados-logo.png","contentUrl":"https:\/\/povedavicedo.com\/wp-content\/uploads\/poveda-vicedo-abogados-logo.png","width":300,"height":82,"caption":"Poveda Vicedo"},"image":{"@id":"https:\/\/povedavicedo.com\/fr\/#\/schema\/logo\/image\/"}}]}},"_links":{"self":[{"href":"https:\/\/povedavicedo.com\/fr\/wp-json\/wp\/v2\/pages\/24880"}],"collection":[{"href":"https:\/\/povedavicedo.com\/fr\/wp-json\/wp\/v2\/pages"}],"about":[{"href":"https:\/\/povedavicedo.com\/fr\/wp-json\/wp\/v2\/types\/page"}],"author":[{"embeddable":true,"href":"https:\/\/povedavicedo.com\/fr\/wp-json\/wp\/v2\/users\/2"}],"replies":[{"embeddable":true,"href":"https:\/\/povedavicedo.com\/fr\/wp-json\/wp\/v2\/comments?post=24880"}],"version-history":[{"count":4,"href":"https:\/\/povedavicedo.com\/fr\/wp-json\/wp\/v2\/pages\/24880\/revisions"}],"predecessor-version":[{"id":26013,"href":"https:\/\/povedavicedo.com\/fr\/wp-json\/wp\/v2\/pages\/24880\/revisions\/26013"}],"up":[{"embeddable":true,"href":"https:\/\/povedavicedo.com\/fr\/wp-json\/wp\/v2\/pages\/24908"}],"wp:attachment":[{"href":"https:\/\/povedavicedo.com\/fr\/wp-json\/wp\/v2\/media?parent=24880"}],"curies":[{"name":"wp","href":"https:\/\/api.w.org\/{rel}","templated":true}]}}