{"id":24876,"date":"2023-05-01T11:37:01","date_gmt":"2023-05-01T09:37:01","guid":{"rendered":"https:\/\/povedanew.local\/property-problems\/"},"modified":"2024-01-24T13:33:21","modified_gmt":"2024-01-24T12:33:21","slug":"litiges-de-la-propriete","status":"publish","type":"page","link":"https:\/\/povedavicedo.com\/fr\/assistance-juridique-privee\/litiges-de-la-propriete\/","title":{"rendered":"Probl\u00e8mes de propri\u00e9t\u00e9"},"content":{"rendered":"\t\t<div data-elementor-type=\"wp-post\" data-elementor-id=\"24876\" class=\"elementor elementor-24876 elementor-24592 elementor-bc-flex-widget\">\n\t\t\t\t\t\t<section class=\"elementor-section elementor-top-section elementor-element elementor-element-15e4da37 elementor-section-content-top elementor-section-stretched elementor-section-boxed elementor-section-height-default elementor-section-height-default\" data-id=\"15e4da37\" data-element_type=\"section\" data-settings=\"{&quot;stretch_section&quot;:&quot;section-stretched&quot;}\">\n\t\t\t\t\t\t<div class=\"elementor-container elementor-column-gap-no\">\n\t\t\t\t\t<div class=\"elementor-column elementor-col-50 elementor-top-column elementor-element elementor-element-260412d8\" data-id=\"260412d8\" data-element_type=\"column\">\n\t\t\t<div class=\"elementor-widget-wrap elementor-element-populated\">\n\t\t\t\t\t\t<div class=\"elementor-element elementor-element-21cc803e elementor-widget elementor-widget-image\" data-id=\"21cc803e\" data-element_type=\"widget\" data-widget_type=\"image.default\">\n\t\t\t\t<div class=\"elementor-widget-container\">\n\t\t\t\t\t\t\t\t\t\t\t\t\t\t\t<img fetchpriority=\"high\" decoding=\"async\" width=\"800\" height=\"1280\" src=\"https:\/\/povedavicedo.com\/wp-content\/uploads\/property-problems.jpg\" class=\"attachment-full size-full wp-image-24759\" alt=\"property problems\" srcset=\"https:\/\/povedavicedo.com\/wp-content\/uploads\/property-problems.jpg 800w, https:\/\/povedavicedo.com\/wp-content\/uploads\/property-problems-768x1229.jpg 768w\" sizes=\"(max-width: 800px) 100vw, 800px\" \/>\t\t\t\t\t\t\t\t\t\t\t\t\t\t\t<\/div>\n\t\t\t\t<\/div>\n\t\t\t\t\t<\/div>\n\t\t<\/div>\n\t\t\t\t<div class=\"elementor-column elementor-col-50 elementor-top-column elementor-element elementor-element-1a9eecba\" data-id=\"1a9eecba\" data-element_type=\"column\">\n\t\t\t<div class=\"elementor-widget-wrap elementor-element-populated\">\n\t\t\t\t\t\t<div class=\"elementor-element elementor-element-58cb2f53 elementor-widget elementor-widget-heading\" data-id=\"58cb2f53\" data-element_type=\"widget\" data-widget_type=\"heading.default\">\n\t\t\t\t<div class=\"elementor-widget-container\">\n\t\t\t\t\t<h4 class=\"elementor-heading-title elementor-size-default\">PROBL\u00c8MES DE PROPRI\u00c9T\u00c9<\/h4>\t\t\t\t<\/div>\n\t\t\t\t<\/div>\n\t\t\t\t<div class=\"elementor-element elementor-element-7c463054 elementor-widget elementor-widget-text-editor\" data-id=\"7c463054\" data-element_type=\"widget\" data-widget_type=\"text-editor.default\">\n\t\t\t\t<div class=\"elementor-widget-container\">\n\t\t\t\t\t\t\t\t\t<div class=\"main span8\" role=\"main\">\n<div id=\"PageLiner\">\n<h2>VOTRE<b> NOUVELLE VIE EN ESPAGNE<\/b><\/h2>\n<p>Ouvrir la porte de votre nouvelle propri\u00e9t\u00e9 espagnole, c&#8217;est aussi ouvrir la porte \u00e0 un monde de nouvelles et merveilleuses exp\u00e9riences de vie. Poss\u00e9der une propri\u00e9t\u00e9 en Espagne, ou n&#8217;importe o\u00f9 \u00e0 l&#8217;\u00e9tranger, est la m\u00eame chose que poss\u00e9der une propri\u00e9t\u00e9 dans son propre pays ; vous rencontrerez invariablement des difficult\u00e9s occasionnelles au cours de votre s\u00e9jour. Il est donc important de disposer des ressources ad\u00e9quates pour pouvoir relever ces d\u00e9fis de mani\u00e8re directe et efficace&#8230; tout comme vous le feriez dans votre environnement familial.<\/p>\n<h3><b>Cinquante ans d&#8217;assistance aux propri\u00e9taires d&#8217;outre-mer<\/b><\/h3>\n<p>Poveda Vicedo a plus de 50 ans d&#8217;exp\u00e9rience dans l&#8217;assistance aux propri\u00e9taires espagnols pour une grande vari\u00e9t\u00e9 de probl\u00e8mes qui surviennent de temps en temps. Malgr\u00e9 notre exp\u00e9rience consid\u00e9rable, il semble qu&#8217;il y ait toujours un nouvel angle d&#8217;attaque pour les probl\u00e8mes auxquels les gens sont confront\u00e9s. Les probl\u00e8mes les plus fr\u00e9quents sont dus, dans une large mesure, au fait que le propri\u00e9taire d&#8217;un bien immobilier vit \u00e0 l&#8217;\u00e9tranger et qu&#8217;il tente de s&#8217;attaquer au probl\u00e8me &#8220;les pieds devant&#8221;, sans bien comprendre la langue, les formalit\u00e9s administratives, les proc\u00e9dures et les coutumes en vigueur.<\/p>\n<h3><b>Agir t\u00f4t avec les bons conseils<\/b><\/h3>\n<p>Le fait est qu&#8217;il est toujours judicieux de demander de l&#8217;aide \u00e0 un stade pr\u00e9coce afin d&#8217;\u00e9viter que la situation ne s&#8217;aggrave et ne provoque un bouleversement qui aurait pu \u00eatre \u00e9vit\u00e9 si la question avait \u00e9t\u00e9 trait\u00e9e correctement d\u00e8s le d\u00e9part :<\/p>\n<h3><b>La notification officielle en espagnol ou en valencien arrive par la poste<\/b><\/h3>\n<p>Le point pr\u00e9c\u00e9dent concernant le respect des d\u00e9lais est encore plus important si l&#8217;on consid\u00e8re que de nombreux documents officiels \u00e9mis par les autorit\u00e9s espagnoles sont normalement assortis d&#8217;un d\u00e9lai de r\u00e9ponse strict. Si vous ne respectez pas ce d\u00e9lai, vous risquez de vous retrouver sans d\u00e9fense face aux mesures propos\u00e9es dans ces documents. Si vous avez re\u00e7u une notification officielle de votre mairie, de votre bureau des imp\u00f4ts ou d&#8217;un autre service public espagnol et que vous avez besoin d&#8217;aide, <a href=\"https:\/\/povedavicedo.com\/contact-us\/\">contactez-nous imm\u00e9diatement<\/a>. Pour plus d&#8217;informations sur les mairies, <a href=\"https:\/\/povedavicedo.com\/services\/private\/dealing-with-spanish-townhalls\/\">cliquez ici<\/a>.<\/p>\n<h3><b>Voisins<\/b><\/h3>\n<p>C&#8217;est un conseil simple, mais faire connaissance avec ses voisins est peut-\u00eatre la meilleure chose \u00e0 faire pour s&#8217;assurer que l&#8217;on s&#8217;installe bien et que quelqu&#8217;un gardera un \u0153il sur sa propri\u00e9t\u00e9 pendant son absence. Si vous avez des voisins espagnols, pourquoi ne pas faire l&#8217;effort d&#8217;apporter un petit quelque chose de votre pays d&#8217;origine. C&#8217;est toujours tr\u00e8s appr\u00e9ci\u00e9.<\/p>\n<p>Cependant, il n&#8217;est pas toujours possible de s&#8217;entendre avec les voisins. En tant que cabinet d&#8217;avocats g\u00e9n\u00e9raliste, nous pouvons vous aider \u00e0 r\u00e9soudre un large \u00e9ventail de litiges qui peuvent survenir de temps \u00e0 autre avec vos voisins, tels que les litiges relatifs aux limites, les probl\u00e8mes de nuisance, les probl\u00e8mes li\u00e9s aux animaux domestiques, les arbres tomb\u00e9s, les fosses septiques d\u00e9fectueuses, etc. Cliquez ici pour <a href=\"https:\/\/povedavicedo.com\/contact-us\/\">nous contacter<\/a> si vous avez besoin d&#8217;aide \u00e0 cet \u00e9gard.<\/p>\n<h3><b>Probl\u00e8mes d&#8217;approvisionnement en eau et en \u00e9lectricit\u00e9<\/b><\/h3>\n<p>Vos factures d&#8217;\u00e9lectricit\u00e9 sont devenues anormalement \u00e9lev\u00e9es ? Votre eau a-t-elle \u00e9t\u00e9 coup\u00e9e ? La liste des probl\u00e8mes li\u00e9s \u00e0 l&#8217;approvisionnement en eau et en \u00e9lectricit\u00e9 est sans fin. Nous sommes r\u00e9guli\u00e8rement contact\u00e9s par des personnes qui, apr\u00e8s avoir lutt\u00e9 contre ces probl\u00e8mes pendant un certain temps, se retrouvent dans la m\u00eame situation, voire dans une situation pire, que celle dans laquelle elles se trouvaient lorsque le probl\u00e8me s&#8217;est pos\u00e9 pour la premi\u00e8re fois. Notre soci\u00e9t\u00e9 traite avec les entreprises de services publics espagnoles au nom de nos clients depuis de nombreuses ann\u00e9es et nous connaissons les &#8220;astuces du m\u00e9tier&#8221; pour r\u00e9soudre les probl\u00e8mes de mani\u00e8re efficace. Cliquez ici pour <a href=\"https:\/\/povedavicedo.com\/contact-us\/\">nous contacter<\/a> si vous avez besoin d&#8217;aide \u00e0 cet \u00e9gard.<\/p>\n<h3><b>Qu&#8217;ai-je achet\u00e9 exactement ?<\/b><\/h3>\n<p>Il n&#8217;est pas rare que des clients sollicitent notre assistance lorsqu&#8217;ils se rendent compte que ceux qui leur ont vendu leur bien ou les ont aid\u00e9s \u00e0 l&#8217;acheter l&#8217;ont fait de mani\u00e8re malhonn\u00eate ou inefficace. Dans une telle situation, nous pouvons fournir une assistance et examiner chaque document impliqu\u00e9 dans la transaction, ce qui nous permet de fournir au client une vue d&#8217;ensemble claire de la documentation et des questions en suspens ou en cours. Notre objectif est d&#8217;informer pleinement le client afin qu&#8217;il puisse prendre les mesures n\u00e9cessaires pour r\u00e9soudre le probl\u00e8me, que ce soit par un travail notarial suppl\u00e9mentaire, la pr\u00e9paration de documents officiels \u00e0 la mairie ou, si les faits l&#8217;exigent, le recours aux tribunaux. Quelle que soit la situation, nous sommes \u00e0 votre disposition pour vous faire part de nos r\u00e9flexions de mani\u00e8re claire et objective. Cliquez ici pour <a href=\"https:\/\/povedavicedo.com\/contact-us\/\">nous contacter<\/a> si vous avez besoin d&#8217;aide \u00e0 cet \u00e9gard.<\/p>\n<h3><b>Questions structurelles et probl\u00e8mes de construction<\/b><\/h3>\n<p>Notre travail devant les tribunaux est principalement ax\u00e9 sur les d\u00e9fauts structurels et les probl\u00e8mes de construction. Nous sommes \u00e0 votre disposition pour vous aider, que vous soyez un propri\u00e9taire individuel ou un membre d&#8217;un groupe de propri\u00e9taires qui ont besoin d&#8217;aide pour poursuivre le promoteur, le constructeur ou l&#8217;agence immobili\u00e8re en justice. Pour plus d&#8217;informations, voir notre section sur les d\u00e9fauts structurels. Cliquez ici pour <a href=\"https:\/\/povedavicedo.com\/contact-us\/\">nous contacter<\/a> si vous avez besoin d&#8217;aide \u00e0 cet \u00e9gard.<\/p>\n<h3><b>Communaut\u00e9 des propri\u00e9taires et questions relatives \u00e0 la gestion des immeubles \u00e0 \u00e9tages<\/b><\/h3>\n<p>Il est courant de voir tous les voisins r\u00e9unis dans l&#8217;entr\u00e9e d&#8217;un immeuble r\u00e9sidentiel \u00e0 plusieurs \u00e9tages, dans le club house ou dans l&#8217;entr\u00e9e de l&#8217;urbanisation. Quand tout va bien, c&#8217;est l&#8217;occasion de rencontrer ses voisins et de d\u00e9cider ensemble de choses simples comme la couleur de la peinture des parties communes ou le choix de la soci\u00e9t\u00e9 d&#8217;entretien de la piscine, ou encore s&#8217;il est temps de moderniser le portail d&#8217;entr\u00e9e ?<\/p>\n<p>Cependant, lorsque les choses deviennent discordantes avec les autres propri\u00e9taires, la situation peut rapidement devenir confuse. Qui peut prendre des d\u00e9cisions ? Qui est l&#8217;administrateur ? Pourquoi cette personne est-elle le pr\u00e9sident ? Quels sont les statuts ? Autant de questions qui prennent une nouvelle dimension lorsque l&#8217;on est confront\u00e9 \u00e0 un probl\u00e8me qui rel\u00e8ve du contr\u00f4le et de la gestion de la communaut\u00e9 des propri\u00e9taires. Si vous avez besoin d&#8217;aide pour r\u00e9soudre un tel probl\u00e8me, vous pouvez nous contacter en cliquant ici. Cliquez ici pour <a href=\"https:\/\/povedavicedo.com\/contact-us\/\">nous contacter<\/a>.<\/p>\n<h3><b>Expulsion de locataires ou de squatters<\/b><\/h3>\n<p>Avant de louer votre bien, prenez les devants et demandez conseil sur le contrat qui doit \u00eatre conclu entre vous et votre futur locataire. Les faire sortir en cas de d\u00e9faut du bail peut s&#8217;av\u00e9rer tr\u00e8s co\u00fbteux et fastidieux. En tout \u00e9tat de cause, nous disposons des connaissances et de l&#8217;exp\u00e9rience n\u00e9cessaires pour vous aider \u00e0 r\u00e9soudre les litiges entre propri\u00e9taires et locataires, que vous soyez propri\u00e9taire ou locataire. Cliquez ici pour <a href=\"https:\/\/povedavicedo.com\/contact-us\/\">nous contacter<\/a>.<\/p>\n<h3><b>Questions relatives aux hypoth\u00e8ques et aux banques<\/b><\/h3>\n<p>Les temps \u00e9tant ce qu&#8217;ils sont, nous ne sommes pas \u00e9trangers aux difficult\u00e9s que rencontrent les gens lorsqu&#8217;ils se retrouvent en retard dans le remboursement de leur pr\u00eat hypoth\u00e9caire &#8211; nous pouvons vous aider en vous pr\u00e9sentant toutes les questions, les options et les solutions qui s&#8217;offrent \u00e0 vous. Cliquez ici pour <a href=\"https:\/\/povedavicedo.com\/contact-us\/\">nous contacter<\/a>.<\/p>\n<h3><b>Services compl\u00e9mentaires<\/b><\/h3>\n<p>Ce qui pr\u00e9c\u00e8de n&#8217;est qu&#8217;un exemple du type de questions pour lesquelles les gens nous consultent r\u00e9guli\u00e8rement. N&#8217;h\u00e9sitez pas \u00e0 nous contacter pour toute question que vous pourriez avoir et nous nous efforcerons de traiter le probl\u00e8me de mani\u00e8re efficace et efficiente.<\/p>\n<\/div>\n<\/div>\n\t\t\t\t\t\t\t\t<\/div>\n\t\t\t\t<\/div>\n\t\t\t\t\t<\/div>\n\t\t<\/div>\n\t\t\t\t\t<\/div>\n\t\t<\/section>\n\t\t\t\t<\/div>\n\t\t","protected":false},"excerpt":{"rendered":"<p>PROBL\u00c8MES DE PROPRI\u00c9T\u00c9 VOTRE NOUVELLE VIE EN ESPAGNE Ouvrir la porte de votre nouvelle propri\u00e9t\u00e9 espagnole, c&#8217;est aussi ouvrir la porte \u00e0 un monde de nouvelles et merveilleuses exp\u00e9riences de vie. Poss\u00e9der une propri\u00e9t\u00e9 en Espagne, ou n&#8217;importe o\u00f9 \u00e0 l&#8217;\u00e9tranger, est la m\u00eame chose que poss\u00e9der une propri\u00e9t\u00e9 dans son propre pays ; vous &#8230; <a title=\"Probl\u00e8mes de propri\u00e9t\u00e9\" class=\"read-more\" href=\"https:\/\/povedavicedo.com\/fr\/assistance-juridique-privee\/litiges-de-la-propriete\/\" aria-label=\"En savoir plus sur Probl\u00e8mes de propri\u00e9t\u00e9\">Lire la suite<\/a><\/p>\n","protected":false},"author":2,"featured_media":0,"parent":24908,"menu_order":0,"comment_status":"closed","ping_status":"closed","template":"","meta":{"footnotes":""},"yoast_head":"<!-- This site is optimized with the Yoast SEO plugin v23.5 - https:\/\/yoast.com\/wordpress\/plugins\/seo\/ -->\n<title>Probl\u00e8mes de propri\u00e9t\u00e9 - Poveda Vicedo<\/title>\n<meta name=\"description\" content=\"Ouvrir la porte de votre nouvelle propri\u00e9t\u00e9 espagnole, c&#039;est aussi ouvrir la porte \u00e0 un monde de nouvelles et merveilleuses exp\u00e9riences de vie. Poss\u00e9der une propri\u00e9t\u00e9 en Espagne, ou n&#039;importe o\u00f9 \u00e0 l&#039;\u00e9tranger, est la m\u00eame chose que poss\u00e9der une propri\u00e9t\u00e9 dans son propre pays ; vous rencontrerez invariablement des difficult\u00e9s occasionnelles au cours de votre s\u00e9jour. Il est donc important de disposer des ressources ad\u00e9quates pour pouvoir relever ces d\u00e9fis de mani\u00e8re directe et efficace... tout comme vous le feriez dans votre environnement familial.\" \/>\n<meta name=\"robots\" content=\"index, follow, max-snippet:-1, max-image-preview:large, max-video-preview:-1\" \/>\n<link rel=\"canonical\" href=\"https:\/\/povedavicedo.com\/fr\/assistance-juridique-privee\/litiges-de-la-propriete\/\" \/>\n<meta property=\"og:locale\" content=\"fr_FR\" \/>\n<meta property=\"og:type\" content=\"article\" \/>\n<meta property=\"og:title\" content=\"Probl\u00e8mes de propri\u00e9t\u00e9 - Poveda Vicedo\" \/>\n<meta property=\"og:description\" content=\"Ouvrir la porte de votre nouvelle propri\u00e9t\u00e9 espagnole, c&#039;est aussi ouvrir la porte \u00e0 un monde de nouvelles et merveilleuses exp\u00e9riences de vie. Poss\u00e9der une propri\u00e9t\u00e9 en Espagne, ou n&#039;importe o\u00f9 \u00e0 l&#039;\u00e9tranger, est la m\u00eame chose que poss\u00e9der une propri\u00e9t\u00e9 dans son propre pays ; vous rencontrerez invariablement des difficult\u00e9s occasionnelles au cours de votre s\u00e9jour. Il est donc important de disposer des ressources ad\u00e9quates pour pouvoir relever ces d\u00e9fis de mani\u00e8re directe et efficace... tout comme vous le feriez dans votre environnement familial.\" \/>\n<meta property=\"og:url\" content=\"https:\/\/povedavicedo.com\/fr\/assistance-juridique-privee\/litiges-de-la-propriete\/\" \/>\n<meta property=\"og:site_name\" content=\"Poveda Vicedo\" \/>\n<meta property=\"article:modified_time\" content=\"2024-01-24T12:33:21+00:00\" \/>\n<meta property=\"og:image\" content=\"https:\/\/povedavicedo.com\/wp-content\/uploads\/property-problems.jpg\" \/>\n<meta name=\"twitter:card\" content=\"summary_large_image\" \/>\n<meta name=\"twitter:label1\" content=\"Dur\u00e9e de lecture estim\u00e9e\" \/>\n\t<meta name=\"twitter:data1\" content=\"6 minutes\" \/>\n<script type=\"application\/ld+json\" class=\"yoast-schema-graph\">{\"@context\":\"https:\/\/schema.org\",\"@graph\":[{\"@type\":\"WebPage\",\"@id\":\"https:\/\/povedavicedo.com\/fr\/assistance-juridique-privee\/litiges-de-la-propriete\/\",\"url\":\"https:\/\/povedavicedo.com\/fr\/assistance-juridique-privee\/litiges-de-la-propriete\/\",\"name\":\"Probl\u00e8mes de propri\u00e9t\u00e9 - Poveda Vicedo\",\"isPartOf\":{\"@id\":\"https:\/\/povedavicedo.com\/fr\/#website\"},\"primaryImageOfPage\":{\"@id\":\"https:\/\/povedavicedo.com\/fr\/assistance-juridique-privee\/litiges-de-la-propriete\/#primaryimage\"},\"image\":{\"@id\":\"https:\/\/povedavicedo.com\/fr\/assistance-juridique-privee\/litiges-de-la-propriete\/#primaryimage\"},\"thumbnailUrl\":\"https:\/\/povedavicedo.com\/wp-content\/uploads\/property-problems.jpg\",\"datePublished\":\"2023-05-01T09:37:01+00:00\",\"dateModified\":\"2024-01-24T12:33:21+00:00\",\"description\":\"Ouvrir la porte de votre nouvelle propri\u00e9t\u00e9 espagnole, c'est aussi ouvrir la porte \u00e0 un monde de nouvelles et merveilleuses exp\u00e9riences de vie. Poss\u00e9der une propri\u00e9t\u00e9 en Espagne, ou n'importe o\u00f9 \u00e0 l'\u00e9tranger, est la m\u00eame chose que poss\u00e9der une propri\u00e9t\u00e9 dans son propre pays ; vous rencontrerez invariablement des difficult\u00e9s occasionnelles au cours de votre s\u00e9jour. Il est donc important de disposer des ressources ad\u00e9quates pour pouvoir relever ces d\u00e9fis de mani\u00e8re directe et efficace... tout comme vous le feriez dans votre environnement familial.\",\"breadcrumb\":{\"@id\":\"https:\/\/povedavicedo.com\/fr\/assistance-juridique-privee\/litiges-de-la-propriete\/#breadcrumb\"},\"inLanguage\":\"fr-FR\",\"potentialAction\":[{\"@type\":\"ReadAction\",\"target\":[\"https:\/\/povedavicedo.com\/fr\/assistance-juridique-privee\/litiges-de-la-propriete\/\"]}]},{\"@type\":\"ImageObject\",\"inLanguage\":\"fr-FR\",\"@id\":\"https:\/\/povedavicedo.com\/fr\/assistance-juridique-privee\/litiges-de-la-propriete\/#primaryimage\",\"url\":\"https:\/\/povedavicedo.com\/wp-content\/uploads\/property-problems.jpg\",\"contentUrl\":\"https:\/\/povedavicedo.com\/wp-content\/uploads\/property-problems.jpg\"},{\"@type\":\"BreadcrumbList\",\"@id\":\"https:\/\/povedavicedo.com\/fr\/assistance-juridique-privee\/litiges-de-la-propriete\/#breadcrumb\",\"itemListElement\":[{\"@type\":\"ListItem\",\"position\":1,\"name\":\"Portada\",\"item\":\"https:\/\/povedavicedo.com\/fr\/\"},{\"@type\":\"ListItem\",\"position\":2,\"name\":\"Assistance juridique priv\u00e9e\",\"item\":\"https:\/\/povedavicedo.com\/fr\/assistance-juridique-privee\/\"},{\"@type\":\"ListItem\",\"position\":3,\"name\":\"Probl\u00e8mes de propri\u00e9t\u00e9\"}]},{\"@type\":\"WebSite\",\"@id\":\"https:\/\/povedavicedo.com\/fr\/#website\",\"url\":\"https:\/\/povedavicedo.com\/fr\/\",\"name\":\"Poveda Vicedo\",\"description\":\"Abogados - Solicitors Est. 1957\",\"publisher\":{\"@id\":\"https:\/\/povedavicedo.com\/fr\/#organization\"},\"potentialAction\":[{\"@type\":\"SearchAction\",\"target\":{\"@type\":\"EntryPoint\",\"urlTemplate\":\"https:\/\/povedavicedo.com\/fr\/?s={search_term_string}\"},\"query-input\":{\"@type\":\"PropertyValueSpecification\",\"valueRequired\":true,\"valueName\":\"search_term_string\"}}],\"inLanguage\":\"fr-FR\"},{\"@type\":\"Organization\",\"@id\":\"https:\/\/povedavicedo.com\/fr\/#organization\",\"name\":\"Poveda Vicedo\",\"url\":\"https:\/\/povedavicedo.com\/fr\/\",\"logo\":{\"@type\":\"ImageObject\",\"inLanguage\":\"fr-FR\",\"@id\":\"https:\/\/povedavicedo.com\/fr\/#\/schema\/logo\/image\/\",\"url\":\"https:\/\/povedavicedo.com\/wp-content\/uploads\/poveda-vicedo-abogados-logo.png\",\"contentUrl\":\"https:\/\/povedavicedo.com\/wp-content\/uploads\/poveda-vicedo-abogados-logo.png\",\"width\":300,\"height\":82,\"caption\":\"Poveda Vicedo\"},\"image\":{\"@id\":\"https:\/\/povedavicedo.com\/fr\/#\/schema\/logo\/image\/\"}}]}<\/script>\n<!-- \/ Yoast SEO plugin. -->","yoast_head_json":{"title":"Probl\u00e8mes de propri\u00e9t\u00e9 - Poveda Vicedo","description":"Ouvrir la porte de votre nouvelle propri\u00e9t\u00e9 espagnole, c'est aussi ouvrir la porte \u00e0 un monde de nouvelles et merveilleuses exp\u00e9riences de vie. Poss\u00e9der une propri\u00e9t\u00e9 en Espagne, ou n'importe o\u00f9 \u00e0 l'\u00e9tranger, est la m\u00eame chose que poss\u00e9der une propri\u00e9t\u00e9 dans son propre pays ; vous rencontrerez invariablement des difficult\u00e9s occasionnelles au cours de votre s\u00e9jour. Il est donc important de disposer des ressources ad\u00e9quates pour pouvoir relever ces d\u00e9fis de mani\u00e8re directe et efficace... tout comme vous le feriez dans votre environnement familial.","robots":{"index":"index","follow":"follow","max-snippet":"max-snippet:-1","max-image-preview":"max-image-preview:large","max-video-preview":"max-video-preview:-1"},"canonical":"https:\/\/povedavicedo.com\/fr\/assistance-juridique-privee\/litiges-de-la-propriete\/","og_locale":"fr_FR","og_type":"article","og_title":"Probl\u00e8mes de propri\u00e9t\u00e9 - Poveda Vicedo","og_description":"Ouvrir la porte de votre nouvelle propri\u00e9t\u00e9 espagnole, c'est aussi ouvrir la porte \u00e0 un monde de nouvelles et merveilleuses exp\u00e9riences de vie. Poss\u00e9der une propri\u00e9t\u00e9 en Espagne, ou n'importe o\u00f9 \u00e0 l'\u00e9tranger, est la m\u00eame chose que poss\u00e9der une propri\u00e9t\u00e9 dans son propre pays ; vous rencontrerez invariablement des difficult\u00e9s occasionnelles au cours de votre s\u00e9jour. Il est donc important de disposer des ressources ad\u00e9quates pour pouvoir relever ces d\u00e9fis de mani\u00e8re directe et efficace... tout comme vous le feriez dans votre environnement familial.","og_url":"https:\/\/povedavicedo.com\/fr\/assistance-juridique-privee\/litiges-de-la-propriete\/","og_site_name":"Poveda Vicedo","article_modified_time":"2024-01-24T12:33:21+00:00","og_image":[{"url":"https:\/\/povedavicedo.com\/wp-content\/uploads\/property-problems.jpg"}],"twitter_card":"summary_large_image","twitter_misc":{"Dur\u00e9e de lecture estim\u00e9e":"6 minutes"},"schema":{"@context":"https:\/\/schema.org","@graph":[{"@type":"WebPage","@id":"https:\/\/povedavicedo.com\/fr\/assistance-juridique-privee\/litiges-de-la-propriete\/","url":"https:\/\/povedavicedo.com\/fr\/assistance-juridique-privee\/litiges-de-la-propriete\/","name":"Probl\u00e8mes de propri\u00e9t\u00e9 - Poveda Vicedo","isPartOf":{"@id":"https:\/\/povedavicedo.com\/fr\/#website"},"primaryImageOfPage":{"@id":"https:\/\/povedavicedo.com\/fr\/assistance-juridique-privee\/litiges-de-la-propriete\/#primaryimage"},"image":{"@id":"https:\/\/povedavicedo.com\/fr\/assistance-juridique-privee\/litiges-de-la-propriete\/#primaryimage"},"thumbnailUrl":"https:\/\/povedavicedo.com\/wp-content\/uploads\/property-problems.jpg","datePublished":"2023-05-01T09:37:01+00:00","dateModified":"2024-01-24T12:33:21+00:00","description":"Ouvrir la porte de votre nouvelle propri\u00e9t\u00e9 espagnole, c'est aussi ouvrir la porte \u00e0 un monde de nouvelles et merveilleuses exp\u00e9riences de vie. Poss\u00e9der une propri\u00e9t\u00e9 en Espagne, ou n'importe o\u00f9 \u00e0 l'\u00e9tranger, est la m\u00eame chose que poss\u00e9der une propri\u00e9t\u00e9 dans son propre pays ; vous rencontrerez invariablement des difficult\u00e9s occasionnelles au cours de votre s\u00e9jour. Il est donc important de disposer des ressources ad\u00e9quates pour pouvoir relever ces d\u00e9fis de mani\u00e8re directe et efficace... tout comme vous le feriez dans votre environnement familial.","breadcrumb":{"@id":"https:\/\/povedavicedo.com\/fr\/assistance-juridique-privee\/litiges-de-la-propriete\/#breadcrumb"},"inLanguage":"fr-FR","potentialAction":[{"@type":"ReadAction","target":["https:\/\/povedavicedo.com\/fr\/assistance-juridique-privee\/litiges-de-la-propriete\/"]}]},{"@type":"ImageObject","inLanguage":"fr-FR","@id":"https:\/\/povedavicedo.com\/fr\/assistance-juridique-privee\/litiges-de-la-propriete\/#primaryimage","url":"https:\/\/povedavicedo.com\/wp-content\/uploads\/property-problems.jpg","contentUrl":"https:\/\/povedavicedo.com\/wp-content\/uploads\/property-problems.jpg"},{"@type":"BreadcrumbList","@id":"https:\/\/povedavicedo.com\/fr\/assistance-juridique-privee\/litiges-de-la-propriete\/#breadcrumb","itemListElement":[{"@type":"ListItem","position":1,"name":"Portada","item":"https:\/\/povedavicedo.com\/fr\/"},{"@type":"ListItem","position":2,"name":"Assistance juridique priv\u00e9e","item":"https:\/\/povedavicedo.com\/fr\/assistance-juridique-privee\/"},{"@type":"ListItem","position":3,"name":"Probl\u00e8mes de propri\u00e9t\u00e9"}]},{"@type":"WebSite","@id":"https:\/\/povedavicedo.com\/fr\/#website","url":"https:\/\/povedavicedo.com\/fr\/","name":"Poveda Vicedo","description":"Abogados - Solicitors Est. 1957","publisher":{"@id":"https:\/\/povedavicedo.com\/fr\/#organization"},"potentialAction":[{"@type":"SearchAction","target":{"@type":"EntryPoint","urlTemplate":"https:\/\/povedavicedo.com\/fr\/?s={search_term_string}"},"query-input":{"@type":"PropertyValueSpecification","valueRequired":true,"valueName":"search_term_string"}}],"inLanguage":"fr-FR"},{"@type":"Organization","@id":"https:\/\/povedavicedo.com\/fr\/#organization","name":"Poveda Vicedo","url":"https:\/\/povedavicedo.com\/fr\/","logo":{"@type":"ImageObject","inLanguage":"fr-FR","@id":"https:\/\/povedavicedo.com\/fr\/#\/schema\/logo\/image\/","url":"https:\/\/povedavicedo.com\/wp-content\/uploads\/poveda-vicedo-abogados-logo.png","contentUrl":"https:\/\/povedavicedo.com\/wp-content\/uploads\/poveda-vicedo-abogados-logo.png","width":300,"height":82,"caption":"Poveda Vicedo"},"image":{"@id":"https:\/\/povedavicedo.com\/fr\/#\/schema\/logo\/image\/"}}]}},"_links":{"self":[{"href":"https:\/\/povedavicedo.com\/fr\/wp-json\/wp\/v2\/pages\/24876"}],"collection":[{"href":"https:\/\/povedavicedo.com\/fr\/wp-json\/wp\/v2\/pages"}],"about":[{"href":"https:\/\/povedavicedo.com\/fr\/wp-json\/wp\/v2\/types\/page"}],"author":[{"embeddable":true,"href":"https:\/\/povedavicedo.com\/fr\/wp-json\/wp\/v2\/users\/2"}],"replies":[{"embeddable":true,"href":"https:\/\/povedavicedo.com\/fr\/wp-json\/wp\/v2\/comments?post=24876"}],"version-history":[{"count":2,"href":"https:\/\/povedavicedo.com\/fr\/wp-json\/wp\/v2\/pages\/24876\/revisions"}],"predecessor-version":[{"id":25904,"href":"https:\/\/povedavicedo.com\/fr\/wp-json\/wp\/v2\/pages\/24876\/revisions\/25904"}],"up":[{"embeddable":true,"href":"https:\/\/povedavicedo.com\/fr\/wp-json\/wp\/v2\/pages\/24908"}],"wp:attachment":[{"href":"https:\/\/povedavicedo.com\/fr\/wp-json\/wp\/v2\/media?parent=24876"}],"curies":[{"name":"wp","href":"https:\/\/api.w.org\/{rel}","templated":true}]}}