{"id":24871,"date":"2023-05-01T11:35:08","date_gmt":"2023-05-01T09:35:08","guid":{"rendered":"https:\/\/povedanew.local\/non-resident-services\/"},"modified":"2024-01-25T10:38:24","modified_gmt":"2024-01-25T09:38:24","slug":"services-aux-non-residents","status":"publish","type":"page","link":"https:\/\/povedavicedo.com\/fr\/assistance-juridique-privee\/services-aux-non-residents\/","title":{"rendered":"Services aux non-r\u00e9sidents"},"content":{"rendered":"\t\t<div data-elementor-type=\"wp-post\" data-elementor-id=\"24871\" class=\"elementor elementor-24871 elementor-24588\">\n\t\t\t\t\t\t<section class=\"elementor-section elementor-top-section elementor-element elementor-element-15e4da37 elementor-section-content-top elementor-section-stretched elementor-section-boxed elementor-section-height-default elementor-section-height-default\" data-id=\"15e4da37\" data-element_type=\"section\" data-settings=\"{&quot;stretch_section&quot;:&quot;section-stretched&quot;}\">\n\t\t\t\t\t\t<div class=\"elementor-container elementor-column-gap-no\">\n\t\t\t\t\t<div class=\"elementor-column elementor-col-50 elementor-top-column elementor-element elementor-element-260412d8\" data-id=\"260412d8\" data-element_type=\"column\">\n\t\t\t<div class=\"elementor-widget-wrap elementor-element-populated\">\n\t\t\t\t\t\t<div class=\"elementor-element elementor-element-21cc803e elementor-widget elementor-widget-image\" data-id=\"21cc803e\" data-element_type=\"widget\" data-widget_type=\"image.default\">\n\t\t\t\t<div class=\"elementor-widget-container\">\n\t\t\t\t\t\t\t\t\t\t\t\t\t\t\t<img fetchpriority=\"high\" decoding=\"async\" width=\"800\" height=\"1280\" src=\"https:\/\/povedavicedo.com\/wp-content\/uploads\/non-resident-services.jpg\" class=\"attachment-full size-full wp-image-24756\" alt=\"non resident services\" srcset=\"https:\/\/povedavicedo.com\/wp-content\/uploads\/non-resident-services.jpg 800w, https:\/\/povedavicedo.com\/wp-content\/uploads\/non-resident-services-768x1229.jpg 768w\" sizes=\"(max-width: 800px) 100vw, 800px\" \/>\t\t\t\t\t\t\t\t\t\t\t\t\t\t\t<\/div>\n\t\t\t\t<\/div>\n\t\t\t\t\t<\/div>\n\t\t<\/div>\n\t\t\t\t<div class=\"elementor-column elementor-col-50 elementor-top-column elementor-element elementor-element-1a9eecba\" data-id=\"1a9eecba\" data-element_type=\"column\">\n\t\t\t<div class=\"elementor-widget-wrap elementor-element-populated\">\n\t\t\t\t\t\t<div class=\"elementor-element elementor-element-58cb2f53 elementor-widget elementor-widget-heading\" data-id=\"58cb2f53\" data-element_type=\"widget\" data-widget_type=\"heading.default\">\n\t\t\t\t<div class=\"elementor-widget-container\">\n\t\t\t\t\t<h4 class=\"elementor-heading-title elementor-size-default\">SERVICES AUX NON-R\u00c9SIDENTS<\/h4>\t\t\t\t<\/div>\n\t\t\t\t<\/div>\n\t\t\t\t<div class=\"elementor-element elementor-element-7c463054 elementor-widget elementor-widget-text-editor\" data-id=\"7c463054\" data-element_type=\"widget\" data-widget_type=\"text-editor.default\">\n\t\t\t\t<div class=\"elementor-widget-container\">\n\t\t\t\t\t\t\t\t\t<div role=\"main\">\n<h2><strong>UNE GAMME COMPL\u00c8TE DE SERVICES<\/strong><\/h2>\n<p>Nous proposons deux types de services aux propri\u00e9taires non r\u00e9sidents, que vous trouverez ci-dessous.<\/p>\n<h3>Non ouvert Probl\u00e8mes de poste !<\/h3>\n<p>Laisser votre courrier non ouvert pendant de longues p\u00e9riodes est une pratique intrins\u00e8quement risqu\u00e9e. C&#8217;est pourquoi Poveda Vicedo vous offre, en tant que client, le service facultatif de nous adresser votre courrier officiel afin que nous puissions vous tenir au courant des r\u00e9unions de la communaut\u00e9 des propri\u00e9taires, des r\u00e9solutions ou vous informer des lettres officielles des autorit\u00e9s et des entreprises de services.<\/p>\n<p>Le maintien de l&#8217;\u00e9lectricit\u00e9 et de l&#8217;eau dans votre maison espagnole peut \u00eatre assur\u00e9, car nous pouvons vous informer de l&#8217;arriv\u00e9e des factures d&#8217;\u00e9lectricit\u00e9 et de gaz. Les factures, les lettres et avis officiels, ainsi que les documents judiciaires, par exemple, peuvent vous \u00eatre envoy\u00e9s par courrier \u00e9lectronique ou par t\u00e9l\u00e9copie afin que vous gardiez le contr\u00f4le total de vos affaires en Espagne, ce qui vous permet d&#8217;avoir l&#8217;esprit tranquille lorsque vous \u00eates chez vous.<\/p>\n<p>Forfait standard pour les services aux non-r\u00e9sidents :<\/p>\n<p>Ce service pack comprend les fonctionnalit\u00e9s suivantes :<\/p>\n<p>1) Pr\u00e9paration et d\u00e9p\u00f4t de votre d\u00e9claration de non-r\u00e9sidence avant le 31 d\u00e9cembre de chaque ann\u00e9e.<br \/>2) Service postal officiel<\/p>\n<p>De nombreux non-r\u00e9sidents s&#8217;inqui\u00e8tent du fait que leur propri\u00e9t\u00e9 est souvent inoccup\u00e9e pendant de longues p\u00e9riodes et qu&#8217;ils ne re\u00e7oivent pas les courriers importants \u00e0 temps. Au lieu de profiter de leurs vacances en Espagne, ils doivent donc faire face \u00e0 des probl\u00e8mes qui auraient pu \u00eatre facilement \u00e9vit\u00e9s s&#8217;ils avaient simplement re\u00e7u la notification suffisamment t\u00f4t. Ces tracas peuvent inclure le fait de devoir faire face \u00e0 des embargos sur leur propri\u00e9t\u00e9 pour ne pas avoir r\u00e9pondu aux notifications officielles de la mairie ou du bureau des imp\u00f4ts.<\/p>\n<\/div>\n\t\t\t\t\t\t\t\t<\/div>\n\t\t\t\t<\/div>\n\t\t\t\t\t<\/div>\n\t\t<\/div>\n\t\t\t\t\t<\/div>\n\t\t<\/section>\n\t\t\t\t<section class=\"elementor-section elementor-top-section elementor-element elementor-element-c41b2e8 elementor-section-full_width elementor-section-stretched elementor-section-height-default elementor-section-height-default\" data-id=\"c41b2e8\" data-element_type=\"section\" data-settings=\"{&quot;stretch_section&quot;:&quot;section-stretched&quot;}\">\n\t\t\t\t\t\t<div class=\"elementor-container elementor-column-gap-default\">\n\t\t\t\t\t<div class=\"elementor-column elementor-col-100 elementor-top-column elementor-element elementor-element-bc30ff5\" data-id=\"bc30ff5\" data-element_type=\"column\">\n\t\t\t<div class=\"elementor-widget-wrap elementor-element-populated\">\n\t\t\t\t\t\t<div class=\"elementor-element elementor-element-8669b36 elementor-widget elementor-widget-text-editor\" data-id=\"8669b36\" data-element_type=\"widget\" data-widget_type=\"text-editor.default\">\n\t\t\t\t<div class=\"elementor-widget-container\">\n\t\t\t\t\t\t\t\t\t<div role=\"main\">\n<h2><\/h2><p style=\"font-family: Roboto, sans-serif; font-size: 15px; text-align: start;\">Gr\u00e2ce \u00e0 ce service, votre courrier important est dirig\u00e9 vers notre bureau principal de Valence o\u00f9 il est v\u00e9rifi\u00e9. Vous n&#8217;aurez pas \u00e0 traduire l&#8217;espagnol ou le valencien car nous vous expliquerons le contenu de la correspondance et nous agirons selon vos instructions.<\/p><p style=\"font-family: Roboto, sans-serif; font-size: 15px; text-align: start;\">La mise en place de ce service permet d&#8217;\u00e9viter les probl\u00e8mes inutiles.<\/p><p style=\"font-family: Roboto, sans-serif; font-size: 15px; text-align: start;\">3) Deux consultations gratuites par an avec un associ\u00e9 du cabinet<\/p><p style=\"font-family: Roboto, sans-serif; font-size: 15px; text-align: start;\">L&#8217;inclusion de ce qui pr\u00e9c\u00e8de vous permettra de nous rencontrer pour discuter des probl\u00e8mes que vous pourriez avoir avec votre propri\u00e9t\u00e9 \u00e0 votre guise, de sorte que ces probl\u00e8mes puissent \u00eatre trait\u00e9s en temps opportun, plut\u00f4t que d&#8217;attendre de nous contacter lorsque les probl\u00e8mes s&#8217;accumulent et deviennent probl\u00e9matiques.<\/p><h2><strong><span style=\"font-size: 20px; font-style: inherit;\">Standard Non Residents Service Package Fee :<\/span><\/strong><\/h2>\n<p>Si vous souhaitez b\u00e9n\u00e9ficier de ce service, envoyez-nous un courriel \u00e0 info@povedavicedo.com et nous vous indiquerons les documents n\u00e9cessaires \u00e0 la mise en place de ce service.<\/p>\n<h3><strong>Service de base pour les non-r\u00e9sidents<\/strong><\/h3>\n<p>Si vous avez simplement besoin que nous pr\u00e9parions et d\u00e9posions votre d\u00e9claration de non-r\u00e9sidence, nos honoraires s&#8217;\u00e9l\u00e8vent \u00e0 150 \u20ac plus IVA par d\u00e9claration.<\/p>\n<\/div>\t\t\t\t\t\t\t\t<\/div>\n\t\t\t\t<\/div>\n\t\t\t\t\t<\/div>\n\t\t<\/div>\n\t\t\t\t\t<\/div>\n\t\t<\/section>\n\t\t\t\t<\/div>\n\t\t","protected":false},"excerpt":{"rendered":"<p>SERVICES AUX NON-R\u00c9SIDENTS UNE GAMME COMPL\u00c8TE DE SERVICES Nous proposons deux types de services aux propri\u00e9taires non r\u00e9sidents, que vous trouverez ci-dessous. Non ouvert Probl\u00e8mes de poste ! Laisser votre courrier non ouvert pendant de longues p\u00e9riodes est une pratique intrins\u00e8quement risqu\u00e9e. C&#8217;est pourquoi Poveda Vicedo vous offre, en tant que client, le service facultatif &#8230; <a title=\"Services aux non-r\u00e9sidents\" class=\"read-more\" href=\"https:\/\/povedavicedo.com\/fr\/assistance-juridique-privee\/services-aux-non-residents\/\" aria-label=\"En savoir plus sur Services aux non-r\u00e9sidents\">Lire la suite<\/a><\/p>\n","protected":false},"author":2,"featured_media":0,"parent":24908,"menu_order":0,"comment_status":"closed","ping_status":"closed","template":"","meta":{"footnotes":""},"yoast_head":"<!-- This site is optimized with the Yoast SEO plugin v23.5 - https:\/\/yoast.com\/wordpress\/plugins\/seo\/ -->\n<title>Services aux non-r\u00e9sidents - Poveda Vicedo<\/title>\n<meta name=\"description\" content=\"Laisser votre courrier non ouvert pendant de longues p\u00e9riodes est une pratique intrins\u00e8quement risqu\u00e9e. C&#039;est pourquoi Poveda Vicedo vous offre, en tant que client, le service facultatif de nous adresser votre courrier officiel afin que nous puissions vous tenir au courant des r\u00e9unions de la communaut\u00e9 des propri\u00e9taires, des r\u00e9solutions ou vous informer des lettres officielles des autorit\u00e9s et des entreprises de services.\" \/>\n<meta name=\"robots\" content=\"index, follow, max-snippet:-1, max-image-preview:large, max-video-preview:-1\" \/>\n<link rel=\"canonical\" href=\"https:\/\/povedavicedo.com\/fr\/assistance-juridique-privee\/services-aux-non-residents\/\" \/>\n<meta property=\"og:locale\" content=\"fr_FR\" \/>\n<meta property=\"og:type\" content=\"article\" \/>\n<meta property=\"og:title\" content=\"Services aux non-r\u00e9sidents - Poveda Vicedo\" \/>\n<meta property=\"og:description\" content=\"Laisser votre courrier non ouvert pendant de longues p\u00e9riodes est une pratique intrins\u00e8quement risqu\u00e9e. C&#039;est pourquoi Poveda Vicedo vous offre, en tant que client, le service facultatif de nous adresser votre courrier officiel afin que nous puissions vous tenir au courant des r\u00e9unions de la communaut\u00e9 des propri\u00e9taires, des r\u00e9solutions ou vous informer des lettres officielles des autorit\u00e9s et des entreprises de services.\" \/>\n<meta property=\"og:url\" content=\"https:\/\/povedavicedo.com\/fr\/assistance-juridique-privee\/services-aux-non-residents\/\" \/>\n<meta property=\"og:site_name\" content=\"Poveda Vicedo\" \/>\n<meta property=\"article:modified_time\" content=\"2024-01-25T09:38:24+00:00\" \/>\n<meta property=\"og:image\" content=\"https:\/\/povedavicedo.com\/wp-content\/uploads\/non-resident-services.jpg\" \/>\n<meta name=\"twitter:card\" content=\"summary_large_image\" \/>\n<meta name=\"twitter:label1\" content=\"Dur\u00e9e de lecture estim\u00e9e\" \/>\n\t<meta name=\"twitter:data1\" content=\"3 minutes\" \/>\n<script type=\"application\/ld+json\" class=\"yoast-schema-graph\">{\"@context\":\"https:\/\/schema.org\",\"@graph\":[{\"@type\":\"WebPage\",\"@id\":\"https:\/\/povedavicedo.com\/fr\/assistance-juridique-privee\/services-aux-non-residents\/\",\"url\":\"https:\/\/povedavicedo.com\/fr\/assistance-juridique-privee\/services-aux-non-residents\/\",\"name\":\"Services aux non-r\u00e9sidents - Poveda Vicedo\",\"isPartOf\":{\"@id\":\"https:\/\/povedavicedo.com\/fr\/#website\"},\"primaryImageOfPage\":{\"@id\":\"https:\/\/povedavicedo.com\/fr\/assistance-juridique-privee\/services-aux-non-residents\/#primaryimage\"},\"image\":{\"@id\":\"https:\/\/povedavicedo.com\/fr\/assistance-juridique-privee\/services-aux-non-residents\/#primaryimage\"},\"thumbnailUrl\":\"https:\/\/povedavicedo.com\/wp-content\/uploads\/non-resident-services.jpg\",\"datePublished\":\"2023-05-01T09:35:08+00:00\",\"dateModified\":\"2024-01-25T09:38:24+00:00\",\"description\":\"Laisser votre courrier non ouvert pendant de longues p\u00e9riodes est une pratique intrins\u00e8quement risqu\u00e9e. C'est pourquoi Poveda Vicedo vous offre, en tant que client, le service facultatif de nous adresser votre courrier officiel afin que nous puissions vous tenir au courant des r\u00e9unions de la communaut\u00e9 des propri\u00e9taires, des r\u00e9solutions ou vous informer des lettres officielles des autorit\u00e9s et des entreprises de services.\",\"breadcrumb\":{\"@id\":\"https:\/\/povedavicedo.com\/fr\/assistance-juridique-privee\/services-aux-non-residents\/#breadcrumb\"},\"inLanguage\":\"fr-FR\",\"potentialAction\":[{\"@type\":\"ReadAction\",\"target\":[\"https:\/\/povedavicedo.com\/fr\/assistance-juridique-privee\/services-aux-non-residents\/\"]}]},{\"@type\":\"ImageObject\",\"inLanguage\":\"fr-FR\",\"@id\":\"https:\/\/povedavicedo.com\/fr\/assistance-juridique-privee\/services-aux-non-residents\/#primaryimage\",\"url\":\"https:\/\/povedavicedo.com\/wp-content\/uploads\/non-resident-services.jpg\",\"contentUrl\":\"https:\/\/povedavicedo.com\/wp-content\/uploads\/non-resident-services.jpg\"},{\"@type\":\"BreadcrumbList\",\"@id\":\"https:\/\/povedavicedo.com\/fr\/assistance-juridique-privee\/services-aux-non-residents\/#breadcrumb\",\"itemListElement\":[{\"@type\":\"ListItem\",\"position\":1,\"name\":\"Portada\",\"item\":\"https:\/\/povedavicedo.com\/fr\/\"},{\"@type\":\"ListItem\",\"position\":2,\"name\":\"Assistance juridique priv\u00e9e\",\"item\":\"https:\/\/povedavicedo.com\/fr\/assistance-juridique-privee\/\"},{\"@type\":\"ListItem\",\"position\":3,\"name\":\"Services aux non-r\u00e9sidents\"}]},{\"@type\":\"WebSite\",\"@id\":\"https:\/\/povedavicedo.com\/fr\/#website\",\"url\":\"https:\/\/povedavicedo.com\/fr\/\",\"name\":\"Poveda Vicedo\",\"description\":\"Abogados - Solicitors Est. 1957\",\"publisher\":{\"@id\":\"https:\/\/povedavicedo.com\/fr\/#organization\"},\"potentialAction\":[{\"@type\":\"SearchAction\",\"target\":{\"@type\":\"EntryPoint\",\"urlTemplate\":\"https:\/\/povedavicedo.com\/fr\/?s={search_term_string}\"},\"query-input\":{\"@type\":\"PropertyValueSpecification\",\"valueRequired\":true,\"valueName\":\"search_term_string\"}}],\"inLanguage\":\"fr-FR\"},{\"@type\":\"Organization\",\"@id\":\"https:\/\/povedavicedo.com\/fr\/#organization\",\"name\":\"Poveda Vicedo\",\"url\":\"https:\/\/povedavicedo.com\/fr\/\",\"logo\":{\"@type\":\"ImageObject\",\"inLanguage\":\"fr-FR\",\"@id\":\"https:\/\/povedavicedo.com\/fr\/#\/schema\/logo\/image\/\",\"url\":\"https:\/\/povedavicedo.com\/wp-content\/uploads\/poveda-vicedo-abogados-logo.png\",\"contentUrl\":\"https:\/\/povedavicedo.com\/wp-content\/uploads\/poveda-vicedo-abogados-logo.png\",\"width\":300,\"height\":82,\"caption\":\"Poveda Vicedo\"},\"image\":{\"@id\":\"https:\/\/povedavicedo.com\/fr\/#\/schema\/logo\/image\/\"}}]}<\/script>\n<!-- \/ Yoast SEO plugin. -->","yoast_head_json":{"title":"Services aux non-r\u00e9sidents - Poveda Vicedo","description":"Laisser votre courrier non ouvert pendant de longues p\u00e9riodes est une pratique intrins\u00e8quement risqu\u00e9e. C'est pourquoi Poveda Vicedo vous offre, en tant que client, le service facultatif de nous adresser votre courrier officiel afin que nous puissions vous tenir au courant des r\u00e9unions de la communaut\u00e9 des propri\u00e9taires, des r\u00e9solutions ou vous informer des lettres officielles des autorit\u00e9s et des entreprises de services.","robots":{"index":"index","follow":"follow","max-snippet":"max-snippet:-1","max-image-preview":"max-image-preview:large","max-video-preview":"max-video-preview:-1"},"canonical":"https:\/\/povedavicedo.com\/fr\/assistance-juridique-privee\/services-aux-non-residents\/","og_locale":"fr_FR","og_type":"article","og_title":"Services aux non-r\u00e9sidents - Poveda Vicedo","og_description":"Laisser votre courrier non ouvert pendant de longues p\u00e9riodes est une pratique intrins\u00e8quement risqu\u00e9e. C'est pourquoi Poveda Vicedo vous offre, en tant que client, le service facultatif de nous adresser votre courrier officiel afin que nous puissions vous tenir au courant des r\u00e9unions de la communaut\u00e9 des propri\u00e9taires, des r\u00e9solutions ou vous informer des lettres officielles des autorit\u00e9s et des entreprises de services.","og_url":"https:\/\/povedavicedo.com\/fr\/assistance-juridique-privee\/services-aux-non-residents\/","og_site_name":"Poveda Vicedo","article_modified_time":"2024-01-25T09:38:24+00:00","og_image":[{"url":"https:\/\/povedavicedo.com\/wp-content\/uploads\/non-resident-services.jpg"}],"twitter_card":"summary_large_image","twitter_misc":{"Dur\u00e9e de lecture estim\u00e9e":"3 minutes"},"schema":{"@context":"https:\/\/schema.org","@graph":[{"@type":"WebPage","@id":"https:\/\/povedavicedo.com\/fr\/assistance-juridique-privee\/services-aux-non-residents\/","url":"https:\/\/povedavicedo.com\/fr\/assistance-juridique-privee\/services-aux-non-residents\/","name":"Services aux non-r\u00e9sidents - Poveda Vicedo","isPartOf":{"@id":"https:\/\/povedavicedo.com\/fr\/#website"},"primaryImageOfPage":{"@id":"https:\/\/povedavicedo.com\/fr\/assistance-juridique-privee\/services-aux-non-residents\/#primaryimage"},"image":{"@id":"https:\/\/povedavicedo.com\/fr\/assistance-juridique-privee\/services-aux-non-residents\/#primaryimage"},"thumbnailUrl":"https:\/\/povedavicedo.com\/wp-content\/uploads\/non-resident-services.jpg","datePublished":"2023-05-01T09:35:08+00:00","dateModified":"2024-01-25T09:38:24+00:00","description":"Laisser votre courrier non ouvert pendant de longues p\u00e9riodes est une pratique intrins\u00e8quement risqu\u00e9e. C'est pourquoi Poveda Vicedo vous offre, en tant que client, le service facultatif de nous adresser votre courrier officiel afin que nous puissions vous tenir au courant des r\u00e9unions de la communaut\u00e9 des propri\u00e9taires, des r\u00e9solutions ou vous informer des lettres officielles des autorit\u00e9s et des entreprises de services.","breadcrumb":{"@id":"https:\/\/povedavicedo.com\/fr\/assistance-juridique-privee\/services-aux-non-residents\/#breadcrumb"},"inLanguage":"fr-FR","potentialAction":[{"@type":"ReadAction","target":["https:\/\/povedavicedo.com\/fr\/assistance-juridique-privee\/services-aux-non-residents\/"]}]},{"@type":"ImageObject","inLanguage":"fr-FR","@id":"https:\/\/povedavicedo.com\/fr\/assistance-juridique-privee\/services-aux-non-residents\/#primaryimage","url":"https:\/\/povedavicedo.com\/wp-content\/uploads\/non-resident-services.jpg","contentUrl":"https:\/\/povedavicedo.com\/wp-content\/uploads\/non-resident-services.jpg"},{"@type":"BreadcrumbList","@id":"https:\/\/povedavicedo.com\/fr\/assistance-juridique-privee\/services-aux-non-residents\/#breadcrumb","itemListElement":[{"@type":"ListItem","position":1,"name":"Portada","item":"https:\/\/povedavicedo.com\/fr\/"},{"@type":"ListItem","position":2,"name":"Assistance juridique priv\u00e9e","item":"https:\/\/povedavicedo.com\/fr\/assistance-juridique-privee\/"},{"@type":"ListItem","position":3,"name":"Services aux non-r\u00e9sidents"}]},{"@type":"WebSite","@id":"https:\/\/povedavicedo.com\/fr\/#website","url":"https:\/\/povedavicedo.com\/fr\/","name":"Poveda Vicedo","description":"Abogados - Solicitors Est. 1957","publisher":{"@id":"https:\/\/povedavicedo.com\/fr\/#organization"},"potentialAction":[{"@type":"SearchAction","target":{"@type":"EntryPoint","urlTemplate":"https:\/\/povedavicedo.com\/fr\/?s={search_term_string}"},"query-input":{"@type":"PropertyValueSpecification","valueRequired":true,"valueName":"search_term_string"}}],"inLanguage":"fr-FR"},{"@type":"Organization","@id":"https:\/\/povedavicedo.com\/fr\/#organization","name":"Poveda Vicedo","url":"https:\/\/povedavicedo.com\/fr\/","logo":{"@type":"ImageObject","inLanguage":"fr-FR","@id":"https:\/\/povedavicedo.com\/fr\/#\/schema\/logo\/image\/","url":"https:\/\/povedavicedo.com\/wp-content\/uploads\/poveda-vicedo-abogados-logo.png","contentUrl":"https:\/\/povedavicedo.com\/wp-content\/uploads\/poveda-vicedo-abogados-logo.png","width":300,"height":82,"caption":"Poveda Vicedo"},"image":{"@id":"https:\/\/povedavicedo.com\/fr\/#\/schema\/logo\/image\/"}}]}},"_links":{"self":[{"href":"https:\/\/povedavicedo.com\/fr\/wp-json\/wp\/v2\/pages\/24871"}],"collection":[{"href":"https:\/\/povedavicedo.com\/fr\/wp-json\/wp\/v2\/pages"}],"about":[{"href":"https:\/\/povedavicedo.com\/fr\/wp-json\/wp\/v2\/types\/page"}],"author":[{"embeddable":true,"href":"https:\/\/povedavicedo.com\/fr\/wp-json\/wp\/v2\/users\/2"}],"replies":[{"embeddable":true,"href":"https:\/\/povedavicedo.com\/fr\/wp-json\/wp\/v2\/comments?post=24871"}],"version-history":[{"count":4,"href":"https:\/\/povedavicedo.com\/fr\/wp-json\/wp\/v2\/pages\/24871\/revisions"}],"predecessor-version":[{"id":26021,"href":"https:\/\/povedavicedo.com\/fr\/wp-json\/wp\/v2\/pages\/24871\/revisions\/26021"}],"up":[{"embeddable":true,"href":"https:\/\/povedavicedo.com\/fr\/wp-json\/wp\/v2\/pages\/24908"}],"wp:attachment":[{"href":"https:\/\/povedavicedo.com\/fr\/wp-json\/wp\/v2\/media?parent=24871"}],"curies":[{"name":"wp","href":"https:\/\/api.w.org\/{rel}","templated":true}]}}