{"id":24866,"date":"2023-05-02T11:33:55","date_gmt":"2023-05-02T09:33:55","guid":{"rendered":"https:\/\/povedanew.local\/family-law\/"},"modified":"2024-01-25T10:44:14","modified_gmt":"2024-01-25T09:44:14","slug":"droit-de-la-famille","status":"publish","type":"page","link":"https:\/\/povedavicedo.com\/fr\/assistance-juridique-privee\/droit-de-la-famille\/","title":{"rendered":"Droit de la famille"},"content":{"rendered":"\t\t<div data-elementor-type=\"wp-post\" data-elementor-id=\"24866\" class=\"elementor elementor-24866 elementor-24584\">\n\t\t\t\t\t\t<section class=\"elementor-section elementor-top-section elementor-element elementor-element-15e4da37 elementor-section-content-top elementor-section-stretched elementor-section-boxed elementor-section-height-default elementor-section-height-default\" data-id=\"15e4da37\" data-element_type=\"section\" data-settings=\"{&quot;stretch_section&quot;:&quot;section-stretched&quot;}\">\n\t\t\t\t\t\t<div class=\"elementor-container elementor-column-gap-no\">\n\t\t\t\t\t<div class=\"elementor-column elementor-col-50 elementor-top-column elementor-element elementor-element-260412d8\" data-id=\"260412d8\" data-element_type=\"column\">\n\t\t\t<div class=\"elementor-widget-wrap elementor-element-populated\">\n\t\t\t\t\t\t<div class=\"elementor-element elementor-element-21cc803e elementor-widget elementor-widget-image\" data-id=\"21cc803e\" data-element_type=\"widget\" data-widget_type=\"image.default\">\n\t\t\t\t<div class=\"elementor-widget-container\">\n\t\t\t\t\t\t\t\t\t\t\t\t\t\t\t<img fetchpriority=\"high\" decoding=\"async\" width=\"800\" height=\"1280\" src=\"https:\/\/povedavicedo.com\/wp-content\/uploads\/family-law.jpg\" class=\"attachment-full size-full wp-image-24753\" alt=\"family law\" srcset=\"https:\/\/povedavicedo.com\/wp-content\/uploads\/family-law.jpg 800w, https:\/\/povedavicedo.com\/wp-content\/uploads\/family-law-768x1229.jpg 768w\" sizes=\"(max-width: 800px) 100vw, 800px\" \/>\t\t\t\t\t\t\t\t\t\t\t\t\t\t\t<\/div>\n\t\t\t\t<\/div>\n\t\t\t\t\t<\/div>\n\t\t<\/div>\n\t\t\t\t<div class=\"elementor-column elementor-col-50 elementor-top-column elementor-element elementor-element-1a9eecba\" data-id=\"1a9eecba\" data-element_type=\"column\">\n\t\t\t<div class=\"elementor-widget-wrap elementor-element-populated\">\n\t\t\t\t\t\t<div class=\"elementor-element elementor-element-58cb2f53 elementor-widget elementor-widget-heading\" data-id=\"58cb2f53\" data-element_type=\"widget\" data-widget_type=\"heading.default\">\n\t\t\t\t<div class=\"elementor-widget-container\">\n\t\t\t\t\t<h4 class=\"elementor-heading-title elementor-size-default\">DROIT DE LA FAMILLE<\/h4>\t\t\t\t<\/div>\n\t\t\t\t<\/div>\n\t\t\t\t<div class=\"elementor-element elementor-element-7c463054 elementor-widget elementor-widget-text-editor\" data-id=\"7c463054\" data-element_type=\"widget\" data-widget_type=\"text-editor.default\">\n\t\t\t\t<div class=\"elementor-widget-container\">\n\t\t\t\t\t\t\t\t\t<div class=\"main span8\" role=\"main\">\n<div id=\"PageLiner\">\n<h2><b>UNE APPROCHE PERSONNELLE<\/b><\/h2>\n<p>Au fil des ans, nous avons d\u00e9velopp\u00e9 nos services en mati\u00e8re de droit de la famille afin de garantir que vous, en tant que client, restiez toujours aux commandes.<\/p>\n<p>Nous savons que la rupture de votre relation signifie que vous devez faire face \u00e0 un large \u00e9ventail de probl\u00e8mes \u00e9motionnels et pratiques. Nous mettrons notre exp\u00e9rience \u00e0 profit pour vous donner des conseils clairs sur les options qui s&#8217;offrent \u00e0 vous, de mani\u00e8re bienveillante et r\u00e9fl\u00e9chie.<\/p>\n<p>Solutions sur mesure<\/p>\n<p>Il est clair que des situations diff\u00e9rentes n\u00e9cessiteront des solutions diff\u00e9rentes. Nous reconnaissons que les litiges relevant du droit de la famille impliquent des questions de nature particuli\u00e8rement sensible et personnelle.  &nbsp;Nous sommes \u00e9galement conscients que la situation personnelle de chaque client est unique. Nous prenons d&#8217;abord vos instructions, examinons tous les documents&nbsp;pertinents&nbsp;et vous pr\u00e9sentons les possibilit\u00e9s de r\u00e8glement ou de r\u00e9solution alternative des litiges.<\/p>\n<h3>Estimation des frais<\/h3>\n<p>Sur la base de cette \u00e9valuation initiale, nous vous fournirons une estimation des honoraires pour le travail requis.  &nbsp;Vous \u00eates alors libre d&#8217;accepter ou de refuser l&#8217;estimation des honoraires sans aucune autre obligation.<\/p>\n<h3>R\u00e8glement&nbsp;N\u00e9gociations pour la meilleure solution possible pour vous<\/h3>\n<p>Notre approche consiste toujours \u00e0 essayer de trouver une solution concert\u00e9e entre le couple, dans la mesure du possible. Cela signifie que les co\u00fbts sont maintenus \u00e0 un niveau raisonnable et que les communications restent ouvertes avec l&#8217;ancien partenaire ou conjoint. Ces accords visent \u00e0 trouver la meilleure solution possible pour vos enfants, le partage des biens et d&#8217;autres pr\u00e9occupations \u00e0 long terme<span style=\"font-family: var( --e-global-typography-text-font-family ), Sans-serif; font-style: inherit;\">.<\/span><\/p>\n<\/div>\n<\/div>\t\t\t\t\t\t\t\t<\/div>\n\t\t\t\t<\/div>\n\t\t\t\t\t<\/div>\n\t\t<\/div>\n\t\t\t\t\t<\/div>\n\t\t<\/section>\n\t\t\t\t<\/div>\n\t\t","protected":false},"excerpt":{"rendered":"<p>DROIT DE LA FAMILLE UNE APPROCHE PERSONNELLE Au fil des ans, nous avons d\u00e9velopp\u00e9 nos services en mati\u00e8re de droit de la famille afin de garantir que vous, en tant que client, restiez toujours aux commandes. Nous savons que la rupture de votre relation signifie que vous devez faire face \u00e0 un large \u00e9ventail de &#8230; <a title=\"Droit de la famille\" class=\"read-more\" href=\"https:\/\/povedavicedo.com\/fr\/assistance-juridique-privee\/droit-de-la-famille\/\" aria-label=\"En savoir plus sur Droit de la famille\">Lire la suite<\/a><\/p>\n","protected":false},"author":2,"featured_media":0,"parent":24908,"menu_order":0,"comment_status":"closed","ping_status":"closed","template":"","meta":{"footnotes":""},"yoast_head":"<!-- This site is optimized with the Yoast SEO plugin v23.5 - https:\/\/yoast.com\/wordpress\/plugins\/seo\/ -->\n<title>Droit de la famille - Poveda Vicedo<\/title>\n<meta name=\"description\" content=\"Nous savons que la rupture de votre relation signifie que vous devez faire face \u00e0 un large \u00e9ventail de probl\u00e8mes \u00e9motionnels et pratiques. Nous mettrons notre exp\u00e9rience \u00e0 profit pour vous donner des conseils clairs sur les options qui s&#039;offrent \u00e0 vous, de mani\u00e8re bienveillante et r\u00e9fl\u00e9chie.\" \/>\n<meta name=\"robots\" content=\"index, follow, max-snippet:-1, max-image-preview:large, max-video-preview:-1\" \/>\n<link rel=\"canonical\" href=\"https:\/\/povedavicedo.com\/fr\/assistance-juridique-privee\/droit-de-la-famille\/\" \/>\n<meta property=\"og:locale\" content=\"fr_FR\" \/>\n<meta property=\"og:type\" content=\"article\" \/>\n<meta property=\"og:title\" content=\"Droit de la famille - Poveda Vicedo\" \/>\n<meta property=\"og:description\" content=\"Nous savons que la rupture de votre relation signifie que vous devez faire face \u00e0 un large \u00e9ventail de probl\u00e8mes \u00e9motionnels et pratiques. Nous mettrons notre exp\u00e9rience \u00e0 profit pour vous donner des conseils clairs sur les options qui s&#039;offrent \u00e0 vous, de mani\u00e8re bienveillante et r\u00e9fl\u00e9chie.\" \/>\n<meta property=\"og:url\" content=\"https:\/\/povedavicedo.com\/fr\/assistance-juridique-privee\/droit-de-la-famille\/\" \/>\n<meta property=\"og:site_name\" content=\"Poveda Vicedo\" \/>\n<meta property=\"article:modified_time\" content=\"2024-01-25T09:44:14+00:00\" \/>\n<meta property=\"og:image\" content=\"https:\/\/povedavicedo.com\/wp-content\/uploads\/family-law.jpg\" \/>\n<meta name=\"twitter:card\" content=\"summary_large_image\" \/>\n<meta name=\"twitter:label1\" content=\"Dur\u00e9e de lecture estim\u00e9e\" \/>\n\t<meta name=\"twitter:data1\" content=\"2 minutes\" \/>\n<script type=\"application\/ld+json\" class=\"yoast-schema-graph\">{\"@context\":\"https:\/\/schema.org\",\"@graph\":[{\"@type\":\"WebPage\",\"@id\":\"https:\/\/povedavicedo.com\/fr\/assistance-juridique-privee\/droit-de-la-famille\/\",\"url\":\"https:\/\/povedavicedo.com\/fr\/assistance-juridique-privee\/droit-de-la-famille\/\",\"name\":\"Droit de la famille - Poveda Vicedo\",\"isPartOf\":{\"@id\":\"https:\/\/povedavicedo.com\/fr\/#website\"},\"primaryImageOfPage\":{\"@id\":\"https:\/\/povedavicedo.com\/fr\/assistance-juridique-privee\/droit-de-la-famille\/#primaryimage\"},\"image\":{\"@id\":\"https:\/\/povedavicedo.com\/fr\/assistance-juridique-privee\/droit-de-la-famille\/#primaryimage\"},\"thumbnailUrl\":\"https:\/\/povedavicedo.com\/wp-content\/uploads\/family-law.jpg\",\"datePublished\":\"2023-05-02T09:33:55+00:00\",\"dateModified\":\"2024-01-25T09:44:14+00:00\",\"description\":\"Nous savons que la rupture de votre relation signifie que vous devez faire face \u00e0 un large \u00e9ventail de probl\u00e8mes \u00e9motionnels et pratiques. Nous mettrons notre exp\u00e9rience \u00e0 profit pour vous donner des conseils clairs sur les options qui s'offrent \u00e0 vous, de mani\u00e8re bienveillante et r\u00e9fl\u00e9chie.\",\"breadcrumb\":{\"@id\":\"https:\/\/povedavicedo.com\/fr\/assistance-juridique-privee\/droit-de-la-famille\/#breadcrumb\"},\"inLanguage\":\"fr-FR\",\"potentialAction\":[{\"@type\":\"ReadAction\",\"target\":[\"https:\/\/povedavicedo.com\/fr\/assistance-juridique-privee\/droit-de-la-famille\/\"]}]},{\"@type\":\"ImageObject\",\"inLanguage\":\"fr-FR\",\"@id\":\"https:\/\/povedavicedo.com\/fr\/assistance-juridique-privee\/droit-de-la-famille\/#primaryimage\",\"url\":\"https:\/\/povedavicedo.com\/wp-content\/uploads\/family-law.jpg\",\"contentUrl\":\"https:\/\/povedavicedo.com\/wp-content\/uploads\/family-law.jpg\"},{\"@type\":\"BreadcrumbList\",\"@id\":\"https:\/\/povedavicedo.com\/fr\/assistance-juridique-privee\/droit-de-la-famille\/#breadcrumb\",\"itemListElement\":[{\"@type\":\"ListItem\",\"position\":1,\"name\":\"Portada\",\"item\":\"https:\/\/povedavicedo.com\/fr\/\"},{\"@type\":\"ListItem\",\"position\":2,\"name\":\"Assistance juridique priv\u00e9e\",\"item\":\"https:\/\/povedavicedo.com\/fr\/assistance-juridique-privee\/\"},{\"@type\":\"ListItem\",\"position\":3,\"name\":\"Droit de la famille\"}]},{\"@type\":\"WebSite\",\"@id\":\"https:\/\/povedavicedo.com\/fr\/#website\",\"url\":\"https:\/\/povedavicedo.com\/fr\/\",\"name\":\"Poveda Vicedo\",\"description\":\"Abogados - Solicitors Est. 1957\",\"publisher\":{\"@id\":\"https:\/\/povedavicedo.com\/fr\/#organization\"},\"potentialAction\":[{\"@type\":\"SearchAction\",\"target\":{\"@type\":\"EntryPoint\",\"urlTemplate\":\"https:\/\/povedavicedo.com\/fr\/?s={search_term_string}\"},\"query-input\":{\"@type\":\"PropertyValueSpecification\",\"valueRequired\":true,\"valueName\":\"search_term_string\"}}],\"inLanguage\":\"fr-FR\"},{\"@type\":\"Organization\",\"@id\":\"https:\/\/povedavicedo.com\/fr\/#organization\",\"name\":\"Poveda Vicedo\",\"url\":\"https:\/\/povedavicedo.com\/fr\/\",\"logo\":{\"@type\":\"ImageObject\",\"inLanguage\":\"fr-FR\",\"@id\":\"https:\/\/povedavicedo.com\/fr\/#\/schema\/logo\/image\/\",\"url\":\"https:\/\/povedavicedo.com\/wp-content\/uploads\/poveda-vicedo-abogados-logo.png\",\"contentUrl\":\"https:\/\/povedavicedo.com\/wp-content\/uploads\/poveda-vicedo-abogados-logo.png\",\"width\":300,\"height\":82,\"caption\":\"Poveda Vicedo\"},\"image\":{\"@id\":\"https:\/\/povedavicedo.com\/fr\/#\/schema\/logo\/image\/\"}}]}<\/script>\n<!-- \/ Yoast SEO plugin. -->","yoast_head_json":{"title":"Droit de la famille - Poveda Vicedo","description":"Nous savons que la rupture de votre relation signifie que vous devez faire face \u00e0 un large \u00e9ventail de probl\u00e8mes \u00e9motionnels et pratiques. Nous mettrons notre exp\u00e9rience \u00e0 profit pour vous donner des conseils clairs sur les options qui s'offrent \u00e0 vous, de mani\u00e8re bienveillante et r\u00e9fl\u00e9chie.","robots":{"index":"index","follow":"follow","max-snippet":"max-snippet:-1","max-image-preview":"max-image-preview:large","max-video-preview":"max-video-preview:-1"},"canonical":"https:\/\/povedavicedo.com\/fr\/assistance-juridique-privee\/droit-de-la-famille\/","og_locale":"fr_FR","og_type":"article","og_title":"Droit de la famille - Poveda Vicedo","og_description":"Nous savons que la rupture de votre relation signifie que vous devez faire face \u00e0 un large \u00e9ventail de probl\u00e8mes \u00e9motionnels et pratiques. Nous mettrons notre exp\u00e9rience \u00e0 profit pour vous donner des conseils clairs sur les options qui s'offrent \u00e0 vous, de mani\u00e8re bienveillante et r\u00e9fl\u00e9chie.","og_url":"https:\/\/povedavicedo.com\/fr\/assistance-juridique-privee\/droit-de-la-famille\/","og_site_name":"Poveda Vicedo","article_modified_time":"2024-01-25T09:44:14+00:00","og_image":[{"url":"https:\/\/povedavicedo.com\/wp-content\/uploads\/family-law.jpg"}],"twitter_card":"summary_large_image","twitter_misc":{"Dur\u00e9e de lecture estim\u00e9e":"2 minutes"},"schema":{"@context":"https:\/\/schema.org","@graph":[{"@type":"WebPage","@id":"https:\/\/povedavicedo.com\/fr\/assistance-juridique-privee\/droit-de-la-famille\/","url":"https:\/\/povedavicedo.com\/fr\/assistance-juridique-privee\/droit-de-la-famille\/","name":"Droit de la famille - Poveda Vicedo","isPartOf":{"@id":"https:\/\/povedavicedo.com\/fr\/#website"},"primaryImageOfPage":{"@id":"https:\/\/povedavicedo.com\/fr\/assistance-juridique-privee\/droit-de-la-famille\/#primaryimage"},"image":{"@id":"https:\/\/povedavicedo.com\/fr\/assistance-juridique-privee\/droit-de-la-famille\/#primaryimage"},"thumbnailUrl":"https:\/\/povedavicedo.com\/wp-content\/uploads\/family-law.jpg","datePublished":"2023-05-02T09:33:55+00:00","dateModified":"2024-01-25T09:44:14+00:00","description":"Nous savons que la rupture de votre relation signifie que vous devez faire face \u00e0 un large \u00e9ventail de probl\u00e8mes \u00e9motionnels et pratiques. Nous mettrons notre exp\u00e9rience \u00e0 profit pour vous donner des conseils clairs sur les options qui s'offrent \u00e0 vous, de mani\u00e8re bienveillante et r\u00e9fl\u00e9chie.","breadcrumb":{"@id":"https:\/\/povedavicedo.com\/fr\/assistance-juridique-privee\/droit-de-la-famille\/#breadcrumb"},"inLanguage":"fr-FR","potentialAction":[{"@type":"ReadAction","target":["https:\/\/povedavicedo.com\/fr\/assistance-juridique-privee\/droit-de-la-famille\/"]}]},{"@type":"ImageObject","inLanguage":"fr-FR","@id":"https:\/\/povedavicedo.com\/fr\/assistance-juridique-privee\/droit-de-la-famille\/#primaryimage","url":"https:\/\/povedavicedo.com\/wp-content\/uploads\/family-law.jpg","contentUrl":"https:\/\/povedavicedo.com\/wp-content\/uploads\/family-law.jpg"},{"@type":"BreadcrumbList","@id":"https:\/\/povedavicedo.com\/fr\/assistance-juridique-privee\/droit-de-la-famille\/#breadcrumb","itemListElement":[{"@type":"ListItem","position":1,"name":"Portada","item":"https:\/\/povedavicedo.com\/fr\/"},{"@type":"ListItem","position":2,"name":"Assistance juridique priv\u00e9e","item":"https:\/\/povedavicedo.com\/fr\/assistance-juridique-privee\/"},{"@type":"ListItem","position":3,"name":"Droit de la famille"}]},{"@type":"WebSite","@id":"https:\/\/povedavicedo.com\/fr\/#website","url":"https:\/\/povedavicedo.com\/fr\/","name":"Poveda Vicedo","description":"Abogados - Solicitors Est. 1957","publisher":{"@id":"https:\/\/povedavicedo.com\/fr\/#organization"},"potentialAction":[{"@type":"SearchAction","target":{"@type":"EntryPoint","urlTemplate":"https:\/\/povedavicedo.com\/fr\/?s={search_term_string}"},"query-input":{"@type":"PropertyValueSpecification","valueRequired":true,"valueName":"search_term_string"}}],"inLanguage":"fr-FR"},{"@type":"Organization","@id":"https:\/\/povedavicedo.com\/fr\/#organization","name":"Poveda Vicedo","url":"https:\/\/povedavicedo.com\/fr\/","logo":{"@type":"ImageObject","inLanguage":"fr-FR","@id":"https:\/\/povedavicedo.com\/fr\/#\/schema\/logo\/image\/","url":"https:\/\/povedavicedo.com\/wp-content\/uploads\/poveda-vicedo-abogados-logo.png","contentUrl":"https:\/\/povedavicedo.com\/wp-content\/uploads\/poveda-vicedo-abogados-logo.png","width":300,"height":82,"caption":"Poveda Vicedo"},"image":{"@id":"https:\/\/povedavicedo.com\/fr\/#\/schema\/logo\/image\/"}}]}},"_links":{"self":[{"href":"https:\/\/povedavicedo.com\/fr\/wp-json\/wp\/v2\/pages\/24866"}],"collection":[{"href":"https:\/\/povedavicedo.com\/fr\/wp-json\/wp\/v2\/pages"}],"about":[{"href":"https:\/\/povedavicedo.com\/fr\/wp-json\/wp\/v2\/types\/page"}],"author":[{"embeddable":true,"href":"https:\/\/povedavicedo.com\/fr\/wp-json\/wp\/v2\/users\/2"}],"replies":[{"embeddable":true,"href":"https:\/\/povedavicedo.com\/fr\/wp-json\/wp\/v2\/comments?post=24866"}],"version-history":[{"count":4,"href":"https:\/\/povedavicedo.com\/fr\/wp-json\/wp\/v2\/pages\/24866\/revisions"}],"predecessor-version":[{"id":26081,"href":"https:\/\/povedavicedo.com\/fr\/wp-json\/wp\/v2\/pages\/24866\/revisions\/26081"}],"up":[{"embeddable":true,"href":"https:\/\/povedavicedo.com\/fr\/wp-json\/wp\/v2\/pages\/24908"}],"wp:attachment":[{"href":"https:\/\/povedavicedo.com\/fr\/wp-json\/wp\/v2\/media?parent=24866"}],"curies":[{"name":"wp","href":"https:\/\/api.w.org\/{rel}","templated":true}]}}