{"id":24861,"date":"2023-05-01T11:31:28","date_gmt":"2023-05-01T09:31:28","guid":{"rendered":"https:\/\/povedanew.local\/court-cases\/"},"modified":"2024-01-25T10:44:02","modified_gmt":"2024-01-25T09:44:02","slug":"affaires-judiciaires","status":"publish","type":"page","link":"https:\/\/povedavicedo.com\/fr\/assistance-juridique-privee\/affaires-judiciaires\/","title":{"rendered":"Affaires judiciaires"},"content":{"rendered":"\t\t<div data-elementor-type=\"wp-post\" data-elementor-id=\"24861\" class=\"elementor elementor-24861 elementor-24576\">\n\t\t\t\t\t\t<section class=\"elementor-section elementor-top-section elementor-element elementor-element-15e4da37 elementor-section-content-top elementor-section-stretched elementor-section-full_width elementor-section-height-default elementor-section-height-default\" data-id=\"15e4da37\" data-element_type=\"section\" data-settings=\"{&quot;stretch_section&quot;:&quot;section-stretched&quot;}\">\n\t\t\t\t\t\t<div class=\"elementor-container elementor-column-gap-no\">\n\t\t\t\t\t<div class=\"elementor-column elementor-col-50 elementor-top-column elementor-element elementor-element-260412d8\" data-id=\"260412d8\" data-element_type=\"column\">\n\t\t\t<div class=\"elementor-widget-wrap elementor-element-populated\">\n\t\t\t\t\t\t<div class=\"elementor-element elementor-element-21cc803e elementor-widget elementor-widget-image\" data-id=\"21cc803e\" data-element_type=\"widget\" data-widget_type=\"image.default\">\n\t\t\t\t<div class=\"elementor-widget-container\">\n\t\t\t\t\t\t\t\t\t\t\t\t\t\t\t<img fetchpriority=\"high\" decoding=\"async\" width=\"800\" height=\"1280\" src=\"https:\/\/povedavicedo.com\/wp-content\/uploads\/court-cases.jpg\" class=\"attachment-full size-full wp-image-24749\" alt=\"court cases\" srcset=\"https:\/\/povedavicedo.com\/wp-content\/uploads\/court-cases.jpg 800w, https:\/\/povedavicedo.com\/wp-content\/uploads\/court-cases-768x1229.jpg 768w\" sizes=\"(max-width: 800px) 100vw, 800px\" \/>\t\t\t\t\t\t\t\t\t\t\t\t\t\t\t<\/div>\n\t\t\t\t<\/div>\n\t\t\t\t\t<\/div>\n\t\t<\/div>\n\t\t\t\t<div class=\"elementor-column elementor-col-50 elementor-top-column elementor-element elementor-element-1a9eecba\" data-id=\"1a9eecba\" data-element_type=\"column\">\n\t\t\t<div class=\"elementor-widget-wrap elementor-element-populated\">\n\t\t\t\t\t\t<div class=\"elementor-element elementor-element-58cb2f53 elementor-widget elementor-widget-heading\" data-id=\"58cb2f53\" data-element_type=\"widget\" data-widget_type=\"heading.default\">\n\t\t\t\t<div class=\"elementor-widget-container\">\n\t\t\t\t\t<h4 class=\"elementor-heading-title elementor-size-default\">AFFAIRES JUDICIAIRES<\/h4>\t\t\t\t<\/div>\n\t\t\t\t<\/div>\n\t\t\t\t<div class=\"elementor-element elementor-element-7c463054 elementor-widget elementor-widget-text-editor\" data-id=\"7c463054\" data-element_type=\"widget\" data-widget_type=\"text-editor.default\">\n\t\t\t\t<div class=\"elementor-widget-container\">\n\t\t\t\t\t\t\t\t\t<div class=\"main span8\" role=\"main\">\n<div id=\"PageLiner\">\n<h2><b>PLUS DE 50 ANS D&#8217;EXP\u00c9RIENCE DEVANT LES TRIBUNAUX ESPAGNOLS<\/b><\/h2>\n<p>Poveda Vicedo a acquis une solide r\u00e9putation pour la qualit\u00e9 et la diversit\u00e9 de son travail judiciaire. Nous repr\u00e9sentons r\u00e9guli\u00e8rement des clients devant les tribunaux sur un large \u00e9ventail de questions \u00e9num\u00e9r\u00e9es ci-dessous :<\/p>\n<h3><b>Nos domaines d&#8217;expertise :<\/b><\/h3>\n<ul>\n<li>Questions relatives \u00e0 la propri\u00e9t\u00e9<\/li>\n<li>D\u00e9fauts de construction<\/li>\n<li>Litiges contractuels<\/li>\n<li>Actions de groupe<\/li>\n<li>Dommages mat\u00e9riels<\/li>\n<li>Litiges relatifs \u00e0 l&#8217;achat d&#8217;un bien immobilier<\/li>\n<li>Contentieux de l&#8217;urbanisme<\/li>\n<li>Projets d&#8217;\u00e9nergie solaire<\/li>\n<li>Questions personnelles :<\/li>\n<li>Emploi et licenciements abusifs<\/li>\n<li>Conflits familiaux<\/li>\n<li>R\u00e9clamations pour dommages corporels<\/li>\n<li>Accidents de la route D\u00e9fense p\u00e9nale<\/li>\n<li>Questions commerciales<\/li>\n<li>Diff\u00e9rends commerciaux<\/li>\n<li>Recouvrement de cr\u00e9ances<\/li>\n<li>Ex\u00e9cution des jugements et ordonnances \u00e9trangers<\/li>\n<li>Diff\u00e9rends relatifs aux accords de transport et d&#8217;approvisionnement<\/li>\n<\/ul>\n<\/div>\n<\/div>\n\t\t\t\t\t\t\t\t<\/div>\n\t\t\t\t<\/div>\n\t\t\t\t\t<\/div>\n\t\t<\/div>\n\t\t\t\t\t<\/div>\n\t\t<\/section>\n\t\t\t\t<\/div>\n\t\t","protected":false},"excerpt":{"rendered":"<p>AFFAIRES JUDICIAIRES PLUS DE 50 ANS D&#8217;EXP\u00c9RIENCE DEVANT LES TRIBUNAUX ESPAGNOLS Poveda Vicedo a acquis une solide r\u00e9putation pour la qualit\u00e9 et la diversit\u00e9 de son travail judiciaire. Nous repr\u00e9sentons r\u00e9guli\u00e8rement des clients devant les tribunaux sur un large \u00e9ventail de questions \u00e9num\u00e9r\u00e9es ci-dessous : Nos domaines d&#8217;expertise : Questions relatives \u00e0 la propri\u00e9t\u00e9 D\u00e9fauts &#8230; <a title=\"Affaires judiciaires\" class=\"read-more\" href=\"https:\/\/povedavicedo.com\/fr\/assistance-juridique-privee\/affaires-judiciaires\/\" aria-label=\"En savoir plus sur Affaires judiciaires\">Lire la suite<\/a><\/p>\n","protected":false},"author":2,"featured_media":0,"parent":24908,"menu_order":0,"comment_status":"closed","ping_status":"closed","template":"","meta":{"footnotes":""},"yoast_head":"<!-- This site is optimized with the Yoast SEO plugin v23.5 - https:\/\/yoast.com\/wordpress\/plugins\/seo\/ -->\n<title>Affaires judiciaires - Poveda Vicedo<\/title>\n<meta name=\"description\" content=\"Poveda Vicedo a acquis une solide r\u00e9putation pour la qualit\u00e9 et la diversit\u00e9 de son travail judiciaire. Nous repr\u00e9sentons r\u00e9guli\u00e8rement des clients devant les tribunaux sur un large \u00e9ventail de questions\" \/>\n<meta name=\"robots\" content=\"index, follow, max-snippet:-1, max-image-preview:large, max-video-preview:-1\" \/>\n<link rel=\"canonical\" href=\"https:\/\/povedavicedo.com\/fr\/assistance-juridique-privee\/affaires-judiciaires\/\" \/>\n<meta property=\"og:locale\" content=\"fr_FR\" \/>\n<meta property=\"og:type\" content=\"article\" \/>\n<meta property=\"og:title\" content=\"Affaires judiciaires - Poveda Vicedo\" \/>\n<meta property=\"og:description\" content=\"Poveda Vicedo a acquis une solide r\u00e9putation pour la qualit\u00e9 et la diversit\u00e9 de son travail judiciaire. Nous repr\u00e9sentons r\u00e9guli\u00e8rement des clients devant les tribunaux sur un large \u00e9ventail de questions\" \/>\n<meta property=\"og:url\" content=\"https:\/\/povedavicedo.com\/fr\/assistance-juridique-privee\/affaires-judiciaires\/\" \/>\n<meta property=\"og:site_name\" content=\"Poveda Vicedo\" \/>\n<meta property=\"article:modified_time\" content=\"2024-01-25T09:44:02+00:00\" \/>\n<meta property=\"og:image\" content=\"https:\/\/povedavicedo.com\/wp-content\/uploads\/court-cases.jpg\" \/>\n<meta name=\"twitter:card\" content=\"summary_large_image\" \/>\n<meta name=\"twitter:label1\" content=\"Dur\u00e9e de lecture estim\u00e9e\" \/>\n\t<meta name=\"twitter:data1\" content=\"1 minute\" \/>\n<script type=\"application\/ld+json\" class=\"yoast-schema-graph\">{\"@context\":\"https:\/\/schema.org\",\"@graph\":[{\"@type\":\"WebPage\",\"@id\":\"https:\/\/povedavicedo.com\/fr\/assistance-juridique-privee\/affaires-judiciaires\/\",\"url\":\"https:\/\/povedavicedo.com\/fr\/assistance-juridique-privee\/affaires-judiciaires\/\",\"name\":\"Affaires judiciaires - Poveda Vicedo\",\"isPartOf\":{\"@id\":\"https:\/\/povedavicedo.com\/fr\/#website\"},\"primaryImageOfPage\":{\"@id\":\"https:\/\/povedavicedo.com\/fr\/assistance-juridique-privee\/affaires-judiciaires\/#primaryimage\"},\"image\":{\"@id\":\"https:\/\/povedavicedo.com\/fr\/assistance-juridique-privee\/affaires-judiciaires\/#primaryimage\"},\"thumbnailUrl\":\"https:\/\/povedavicedo.com\/wp-content\/uploads\/court-cases.jpg\",\"datePublished\":\"2023-05-01T09:31:28+00:00\",\"dateModified\":\"2024-01-25T09:44:02+00:00\",\"description\":\"Poveda Vicedo a acquis une solide r\u00e9putation pour la qualit\u00e9 et la diversit\u00e9 de son travail judiciaire. Nous repr\u00e9sentons r\u00e9guli\u00e8rement des clients devant les tribunaux sur un large \u00e9ventail de questions\",\"breadcrumb\":{\"@id\":\"https:\/\/povedavicedo.com\/fr\/assistance-juridique-privee\/affaires-judiciaires\/#breadcrumb\"},\"inLanguage\":\"fr-FR\",\"potentialAction\":[{\"@type\":\"ReadAction\",\"target\":[\"https:\/\/povedavicedo.com\/fr\/assistance-juridique-privee\/affaires-judiciaires\/\"]}]},{\"@type\":\"ImageObject\",\"inLanguage\":\"fr-FR\",\"@id\":\"https:\/\/povedavicedo.com\/fr\/assistance-juridique-privee\/affaires-judiciaires\/#primaryimage\",\"url\":\"https:\/\/povedavicedo.com\/wp-content\/uploads\/court-cases.jpg\",\"contentUrl\":\"https:\/\/povedavicedo.com\/wp-content\/uploads\/court-cases.jpg\"},{\"@type\":\"BreadcrumbList\",\"@id\":\"https:\/\/povedavicedo.com\/fr\/assistance-juridique-privee\/affaires-judiciaires\/#breadcrumb\",\"itemListElement\":[{\"@type\":\"ListItem\",\"position\":1,\"name\":\"Portada\",\"item\":\"https:\/\/povedavicedo.com\/fr\/\"},{\"@type\":\"ListItem\",\"position\":2,\"name\":\"Assistance juridique priv\u00e9e\",\"item\":\"https:\/\/povedavicedo.com\/fr\/assistance-juridique-privee\/\"},{\"@type\":\"ListItem\",\"position\":3,\"name\":\"Affaires judiciaires\"}]},{\"@type\":\"WebSite\",\"@id\":\"https:\/\/povedavicedo.com\/fr\/#website\",\"url\":\"https:\/\/povedavicedo.com\/fr\/\",\"name\":\"Poveda Vicedo\",\"description\":\"Abogados - Solicitors Est. 1957\",\"publisher\":{\"@id\":\"https:\/\/povedavicedo.com\/fr\/#organization\"},\"potentialAction\":[{\"@type\":\"SearchAction\",\"target\":{\"@type\":\"EntryPoint\",\"urlTemplate\":\"https:\/\/povedavicedo.com\/fr\/?s={search_term_string}\"},\"query-input\":{\"@type\":\"PropertyValueSpecification\",\"valueRequired\":true,\"valueName\":\"search_term_string\"}}],\"inLanguage\":\"fr-FR\"},{\"@type\":\"Organization\",\"@id\":\"https:\/\/povedavicedo.com\/fr\/#organization\",\"name\":\"Poveda Vicedo\",\"url\":\"https:\/\/povedavicedo.com\/fr\/\",\"logo\":{\"@type\":\"ImageObject\",\"inLanguage\":\"fr-FR\",\"@id\":\"https:\/\/povedavicedo.com\/fr\/#\/schema\/logo\/image\/\",\"url\":\"https:\/\/povedavicedo.com\/wp-content\/uploads\/poveda-vicedo-abogados-logo.png\",\"contentUrl\":\"https:\/\/povedavicedo.com\/wp-content\/uploads\/poveda-vicedo-abogados-logo.png\",\"width\":300,\"height\":82,\"caption\":\"Poveda Vicedo\"},\"image\":{\"@id\":\"https:\/\/povedavicedo.com\/fr\/#\/schema\/logo\/image\/\"}}]}<\/script>\n<!-- \/ Yoast SEO plugin. -->","yoast_head_json":{"title":"Affaires judiciaires - Poveda Vicedo","description":"Poveda Vicedo a acquis une solide r\u00e9putation pour la qualit\u00e9 et la diversit\u00e9 de son travail judiciaire. Nous repr\u00e9sentons r\u00e9guli\u00e8rement des clients devant les tribunaux sur un large \u00e9ventail de questions","robots":{"index":"index","follow":"follow","max-snippet":"max-snippet:-1","max-image-preview":"max-image-preview:large","max-video-preview":"max-video-preview:-1"},"canonical":"https:\/\/povedavicedo.com\/fr\/assistance-juridique-privee\/affaires-judiciaires\/","og_locale":"fr_FR","og_type":"article","og_title":"Affaires judiciaires - Poveda Vicedo","og_description":"Poveda Vicedo a acquis une solide r\u00e9putation pour la qualit\u00e9 et la diversit\u00e9 de son travail judiciaire. Nous repr\u00e9sentons r\u00e9guli\u00e8rement des clients devant les tribunaux sur un large \u00e9ventail de questions","og_url":"https:\/\/povedavicedo.com\/fr\/assistance-juridique-privee\/affaires-judiciaires\/","og_site_name":"Poveda Vicedo","article_modified_time":"2024-01-25T09:44:02+00:00","og_image":[{"url":"https:\/\/povedavicedo.com\/wp-content\/uploads\/court-cases.jpg"}],"twitter_card":"summary_large_image","twitter_misc":{"Dur\u00e9e de lecture estim\u00e9e":"1 minute"},"schema":{"@context":"https:\/\/schema.org","@graph":[{"@type":"WebPage","@id":"https:\/\/povedavicedo.com\/fr\/assistance-juridique-privee\/affaires-judiciaires\/","url":"https:\/\/povedavicedo.com\/fr\/assistance-juridique-privee\/affaires-judiciaires\/","name":"Affaires judiciaires - Poveda Vicedo","isPartOf":{"@id":"https:\/\/povedavicedo.com\/fr\/#website"},"primaryImageOfPage":{"@id":"https:\/\/povedavicedo.com\/fr\/assistance-juridique-privee\/affaires-judiciaires\/#primaryimage"},"image":{"@id":"https:\/\/povedavicedo.com\/fr\/assistance-juridique-privee\/affaires-judiciaires\/#primaryimage"},"thumbnailUrl":"https:\/\/povedavicedo.com\/wp-content\/uploads\/court-cases.jpg","datePublished":"2023-05-01T09:31:28+00:00","dateModified":"2024-01-25T09:44:02+00:00","description":"Poveda Vicedo a acquis une solide r\u00e9putation pour la qualit\u00e9 et la diversit\u00e9 de son travail judiciaire. Nous repr\u00e9sentons r\u00e9guli\u00e8rement des clients devant les tribunaux sur un large \u00e9ventail de questions","breadcrumb":{"@id":"https:\/\/povedavicedo.com\/fr\/assistance-juridique-privee\/affaires-judiciaires\/#breadcrumb"},"inLanguage":"fr-FR","potentialAction":[{"@type":"ReadAction","target":["https:\/\/povedavicedo.com\/fr\/assistance-juridique-privee\/affaires-judiciaires\/"]}]},{"@type":"ImageObject","inLanguage":"fr-FR","@id":"https:\/\/povedavicedo.com\/fr\/assistance-juridique-privee\/affaires-judiciaires\/#primaryimage","url":"https:\/\/povedavicedo.com\/wp-content\/uploads\/court-cases.jpg","contentUrl":"https:\/\/povedavicedo.com\/wp-content\/uploads\/court-cases.jpg"},{"@type":"BreadcrumbList","@id":"https:\/\/povedavicedo.com\/fr\/assistance-juridique-privee\/affaires-judiciaires\/#breadcrumb","itemListElement":[{"@type":"ListItem","position":1,"name":"Portada","item":"https:\/\/povedavicedo.com\/fr\/"},{"@type":"ListItem","position":2,"name":"Assistance juridique priv\u00e9e","item":"https:\/\/povedavicedo.com\/fr\/assistance-juridique-privee\/"},{"@type":"ListItem","position":3,"name":"Affaires judiciaires"}]},{"@type":"WebSite","@id":"https:\/\/povedavicedo.com\/fr\/#website","url":"https:\/\/povedavicedo.com\/fr\/","name":"Poveda Vicedo","description":"Abogados - Solicitors Est. 1957","publisher":{"@id":"https:\/\/povedavicedo.com\/fr\/#organization"},"potentialAction":[{"@type":"SearchAction","target":{"@type":"EntryPoint","urlTemplate":"https:\/\/povedavicedo.com\/fr\/?s={search_term_string}"},"query-input":{"@type":"PropertyValueSpecification","valueRequired":true,"valueName":"search_term_string"}}],"inLanguage":"fr-FR"},{"@type":"Organization","@id":"https:\/\/povedavicedo.com\/fr\/#organization","name":"Poveda Vicedo","url":"https:\/\/povedavicedo.com\/fr\/","logo":{"@type":"ImageObject","inLanguage":"fr-FR","@id":"https:\/\/povedavicedo.com\/fr\/#\/schema\/logo\/image\/","url":"https:\/\/povedavicedo.com\/wp-content\/uploads\/poveda-vicedo-abogados-logo.png","contentUrl":"https:\/\/povedavicedo.com\/wp-content\/uploads\/poveda-vicedo-abogados-logo.png","width":300,"height":82,"caption":"Poveda Vicedo"},"image":{"@id":"https:\/\/povedavicedo.com\/fr\/#\/schema\/logo\/image\/"}}]}},"_links":{"self":[{"href":"https:\/\/povedavicedo.com\/fr\/wp-json\/wp\/v2\/pages\/24861"}],"collection":[{"href":"https:\/\/povedavicedo.com\/fr\/wp-json\/wp\/v2\/pages"}],"about":[{"href":"https:\/\/povedavicedo.com\/fr\/wp-json\/wp\/v2\/types\/page"}],"author":[{"embeddable":true,"href":"https:\/\/povedavicedo.com\/fr\/wp-json\/wp\/v2\/users\/2"}],"replies":[{"embeddable":true,"href":"https:\/\/povedavicedo.com\/fr\/wp-json\/wp\/v2\/comments?post=24861"}],"version-history":[{"count":4,"href":"https:\/\/povedavicedo.com\/fr\/wp-json\/wp\/v2\/pages\/24861\/revisions"}],"predecessor-version":[{"id":26077,"href":"https:\/\/povedavicedo.com\/fr\/wp-json\/wp\/v2\/pages\/24861\/revisions\/26077"}],"up":[{"embeddable":true,"href":"https:\/\/povedavicedo.com\/fr\/wp-json\/wp\/v2\/pages\/24908"}],"wp:attachment":[{"href":"https:\/\/povedavicedo.com\/fr\/wp-json\/wp\/v2\/media?parent=24861"}],"curies":[{"name":"wp","href":"https:\/\/api.w.org\/{rel}","templated":true}]}}