{"id":24856,"date":"2023-05-01T11:25:30","date_gmt":"2023-05-01T09:25:30","guid":{"rendered":"https:\/\/povedanew.local\/buying-or-selling-a-property\/"},"modified":"2024-01-25T10:43:29","modified_gmt":"2024-01-25T09:43:29","slug":"acheter-ou-vendre-une-propriete","status":"publish","type":"page","link":"https:\/\/povedavicedo.com\/fr\/assistance-juridique-privee\/acheter-ou-vendre-une-propriete\/","title":{"rendered":"Achat ou vente d&#8217;un bien immobilier"},"content":{"rendered":"\t\t<div data-elementor-type=\"wp-post\" data-elementor-id=\"24856\" class=\"elementor elementor-24856 elementor-24555\">\n\t\t\t\t\t\t<section class=\"elementor-section elementor-top-section elementor-element elementor-element-15e4da37 elementor-section-content-top elementor-section-stretched elementor-section-boxed elementor-section-height-default elementor-section-height-default\" data-id=\"15e4da37\" data-element_type=\"section\" data-settings=\"{&quot;stretch_section&quot;:&quot;section-stretched&quot;}\">\n\t\t\t\t\t\t<div class=\"elementor-container elementor-column-gap-no\">\n\t\t\t\t\t<div class=\"elementor-column elementor-col-50 elementor-top-column elementor-element elementor-element-260412d8\" data-id=\"260412d8\" data-element_type=\"column\">\n\t\t\t<div class=\"elementor-widget-wrap elementor-element-populated\">\n\t\t\t\t\t\t<div class=\"elementor-element elementor-element-21cc803e elementor-widget elementor-widget-image\" data-id=\"21cc803e\" data-element_type=\"widget\" data-widget_type=\"image.default\">\n\t\t\t\t<div class=\"elementor-widget-container\">\n\t\t\t\t\t\t\t\t\t\t\t\t\t\t\t<img fetchpriority=\"high\" decoding=\"async\" width=\"800\" height=\"1280\" src=\"https:\/\/povedavicedo.com\/wp-content\/uploads\/buying-or-selling-a-property.jpg\" class=\"attachment-full size-full wp-image-24746\" alt=\"buying or selling a property\" srcset=\"https:\/\/povedavicedo.com\/wp-content\/uploads\/buying-or-selling-a-property.jpg 800w, https:\/\/povedavicedo.com\/wp-content\/uploads\/buying-or-selling-a-property-768x1229.jpg 768w\" sizes=\"(max-width: 800px) 100vw, 800px\" \/>\t\t\t\t\t\t\t\t\t\t\t\t\t\t\t<\/div>\n\t\t\t\t<\/div>\n\t\t\t\t\t<\/div>\n\t\t<\/div>\n\t\t\t\t<div class=\"elementor-column elementor-col-50 elementor-top-column elementor-element elementor-element-1a9eecba\" data-id=\"1a9eecba\" data-element_type=\"column\">\n\t\t\t<div class=\"elementor-widget-wrap elementor-element-populated\">\n\t\t\t\t\t\t<div class=\"elementor-element elementor-element-58cb2f53 elementor-widget elementor-widget-heading\" data-id=\"58cb2f53\" data-element_type=\"widget\" data-widget_type=\"heading.default\">\n\t\t\t\t<div class=\"elementor-widget-container\">\n\t\t\t\t\t<h4 class=\"elementor-heading-title elementor-size-default\">L'ACHAT OU LA VENTE D'UN BIEN IMMOBILIER<\/h4>\t\t\t\t<\/div>\n\t\t\t\t<\/div>\n\t\t\t\t<div class=\"elementor-element elementor-element-7c463054 elementor-widget elementor-widget-text-editor\" data-id=\"7c463054\" data-element_type=\"widget\" data-widget_type=\"text-editor.default\">\n\t\t\t\t<div class=\"elementor-widget-container\">\n\t\t\t\t\t\t\t\t\t<div class=\"main span8\" role=\"main\">\n<div id=\"PageLiner\">\n<h2><b>NOUS OFFRONS DES CONSEILS JURIDIQUES IND\u00c9PENDANTS<\/b><\/h2>\n<p>On ne saurait trop insister sur l&#8217;importance de demander un avis juridique ind\u00e9pendant lors de l&#8217;achat d&#8217;un bien immobilier \u00e0 l&#8217;\u00e9tranger. Poveda Vicedo poss\u00e8de une vaste exp\u00e9rience dans tous les aspects du droit immobilier espagnol et de la cession de biens immobiliers. Nous fournissons une assistance et des conseils complets \u00e0 nos clients afin qu&#8217;ils puissent \u00e9viter les pi\u00e8ges et nous les aidons \u00e0 naviguer \u00e0 travers ce qui pourrait autrement \u00eatre un processus difficile et chronophage.<\/p>\n<h3>Demandes de renseignements pr\u00e9contractuels<\/h3>\n<p>Lors de l&#8217;achat d&#8217;un bien immobilier, il est essentiel de proc\u00e9der \u00e0 toutes les v\u00e9rifications pr\u00e9contractuelles n\u00e9cessaires afin de s&#8217;assurer que le bien est conforme aux exigences en mati\u00e8re d&#8217;autorisation et de planification et qu&#8217;il n&#8217;y a pas de dettes ou de charges cach\u00e9es affectant le bien.<\/p>\n<h3>Faites ce que vous feriez dans votre pays d&#8217;origine<\/h3>\n<p>En particulier, il est essentiel que l&#8217;acheteur soit conscient et agisse de la m\u00eame mani\u00e8re qu&#8217;il le ferait dans son pays d&#8217;origine. Ce faisant, l&#8217;acheteur prendra les mesures n\u00e9cessaires pour \u00e9viter les pertes et les difficult\u00e9s \u00e9vitables. Nos clients b\u00e9n\u00e9ficient d&#8217;une vision 20\/20 gr\u00e2ce \u00e0 nos services complets et \u00e0 l&#8217;attention que nous leur portons.<\/p>\n<h3>Du contrat de r\u00e9servation, au contrat d&#8217;achat jusqu&#8217;\u00e0 la remise des cl\u00e9s chez le notaire.<\/h3>\n<p>Poveda Vicedo sera en mesure de vous aider pour les enqu\u00eates pr\u00e9contractuelles, les accords de d\u00e9p\u00f4t ou de r\u00e9servation, les contrats d&#8217;achat, les contrats de construction, l&#8217;obtention ou la pr\u00e9paration des titres de propri\u00e9t\u00e9, la r\u00e9alisation de recherches compl\u00e8tes aupr\u00e8s de la mairie locale ainsi que pour toutes les autres questions li\u00e9es \u00e0 l&#8217;achat d&#8217;un bien immobilier. Nous pouvons \u00e9galement assurer la coordination avec votre pr\u00eateur hypoth\u00e9caire en Espagne ou dans votre pays d&#8217;origine. Nous offrons au client le service optionnel de connexion aux services publics et de mise en place de testaments espagnols.<\/p>\n<\/div>\n<\/div>\n\t\t\t\t\t\t\t\t<\/div>\n\t\t\t\t<\/div>\n\t\t\t\t\t<\/div>\n\t\t<\/div>\n\t\t\t\t\t<\/div>\n\t\t<\/section>\n\t\t\t\t<section class=\"elementor-section elementor-top-section elementor-element elementor-element-e671ffa elementor-section-full_width elementor-section-stretched elementor-section-height-default elementor-section-height-default\" data-id=\"e671ffa\" data-element_type=\"section\" data-settings=\"{&quot;stretch_section&quot;:&quot;section-stretched&quot;}\">\n\t\t\t\t\t\t<div class=\"elementor-container elementor-column-gap-default\">\n\t\t\t\t\t<div class=\"elementor-column elementor-col-100 elementor-top-column elementor-element elementor-element-989ebb0\" data-id=\"989ebb0\" data-element_type=\"column\">\n\t\t\t<div class=\"elementor-widget-wrap elementor-element-populated\">\n\t\t\t\t\t\t<div class=\"elementor-element elementor-element-a0ee658 elementor-widget elementor-widget-text-editor\" data-id=\"a0ee658\" data-element_type=\"widget\" data-widget_type=\"text-editor.default\">\n\t\t\t\t<div class=\"elementor-widget-container\">\n\t\t\t\t\t\t\t\t\t<div class=\"main span8\" role=\"main\">\n<div id=\"PageLiner\">\n<h3><strong>Possibilit\u00e9 de donner une procuration en cas d&#8217;expatriation<\/strong><\/h3>\n<p>L&#8217;octroi d&#8217;une procuration est un autre service optionnel offert par Poveda Vicedo, qui a l&#8217;avantage d&#8217;\u00e9viter au client de devoir venir personnellement en Espagne \u00e0 chaque \u00e9tape du processus d&#8217;achat. Nous pouvons prendre des dispositions pour que vous puissiez accorder des pouvoirs lors de votre visite en Espagne ou chez vous, dans l&#8217;\u00e9tude de votre notaire local. Ces pouvoirs peuvent \u00eatre g\u00e9n\u00e9raux ou sp\u00e9cifiques et, en toutes circonstances, ne peuvent \u00eatre exerc\u00e9s qu&#8217;en suivant les instructions \u00e9crites du client.<\/p>\n<h3><strong>Un service complet et approfondi<\/strong><\/h3>\n<p>Nous pensons que notre service complet et approfondi vous donnera la meilleure opportunit\u00e9 d&#8217;acheter une propri\u00e9t\u00e9 de la mani\u00e8re la plus s\u00fbre possible.<\/p>\n<p>En tant que cabinet d&#8217;avocats g\u00e9n\u00e9raliste, nous serons \u00e0 votre disposition pour vous aider dans d&#8217;autres aspects de votre exp\u00e9rience de propri\u00e9taire en Espagne, bien apr\u00e8s la conclusion de l&#8217;achat de votre propri\u00e9t\u00e9.<\/p>\n<p>Pour obtenir des conseils sur l&#8217;achat ou la vente d&#8217;une propri\u00e9t\u00e9 en Espagne, veuillez contacter Martin Vicedo au +34 96 353 01 96 ou par courrier \u00e9lectronique \u00e0 l&#8217;adresse info@povedavicedo.com.<\/p>\n<\/div>\n<\/div>\n\t\t\t\t\t\t\t\t<\/div>\n\t\t\t\t<\/div>\n\t\t\t\t\t<\/div>\n\t\t<\/div>\n\t\t\t\t\t<\/div>\n\t\t<\/section>\n\t\t\t\t<\/div>\n\t\t","protected":false},"excerpt":{"rendered":"<p>L&#8217;ACHAT OU LA VENTE D&#8217;UN BIEN IMMOBILIER NOUS OFFRONS DES CONSEILS JURIDIQUES IND\u00c9PENDANTS On ne saurait trop insister sur l&#8217;importance de demander un avis juridique ind\u00e9pendant lors de l&#8217;achat d&#8217;un bien immobilier \u00e0 l&#8217;\u00e9tranger. Poveda Vicedo poss\u00e8de une vaste exp\u00e9rience dans tous les aspects du droit immobilier espagnol et de la cession de biens immobiliers. &#8230; <a title=\"Achat ou vente d&#8217;un bien immobilier\" class=\"read-more\" href=\"https:\/\/povedavicedo.com\/fr\/assistance-juridique-privee\/acheter-ou-vendre-une-propriete\/\" aria-label=\"En savoir plus sur Achat ou vente d&#8217;un bien immobilier\">Lire la suite<\/a><\/p>\n","protected":false},"author":2,"featured_media":0,"parent":24908,"menu_order":0,"comment_status":"closed","ping_status":"closed","template":"","meta":{"footnotes":""},"yoast_head":"<!-- This site is optimized with the Yoast SEO plugin v23.5 - https:\/\/yoast.com\/wordpress\/plugins\/seo\/ -->\n<title>Achat ou vente d&#039;un bien immobilier - Poveda Vicedo<\/title>\n<meta name=\"description\" content=\"On ne saurait trop insister sur l&#039;importance de demander un avis juridique ind\u00e9pendant lors de l&#039;achat d&#039;un bien immobilier \u00e0 l&#039;\u00e9tranger. Poveda Vicedo poss\u00e8de une vaste exp\u00e9rience dans tous les aspects du droit immobilier espagnol et de la cession de biens immobiliers.\" \/>\n<meta name=\"robots\" content=\"index, follow, max-snippet:-1, max-image-preview:large, max-video-preview:-1\" \/>\n<link rel=\"canonical\" href=\"https:\/\/povedavicedo.com\/fr\/assistance-juridique-privee\/acheter-ou-vendre-une-propriete\/\" \/>\n<meta property=\"og:locale\" content=\"fr_FR\" \/>\n<meta property=\"og:type\" content=\"article\" \/>\n<meta property=\"og:title\" content=\"Achat ou vente d&#039;un bien immobilier - Poveda Vicedo\" \/>\n<meta property=\"og:description\" content=\"On ne saurait trop insister sur l&#039;importance de demander un avis juridique ind\u00e9pendant lors de l&#039;achat d&#039;un bien immobilier \u00e0 l&#039;\u00e9tranger. Poveda Vicedo poss\u00e8de une vaste exp\u00e9rience dans tous les aspects du droit immobilier espagnol et de la cession de biens immobiliers.\" \/>\n<meta property=\"og:url\" content=\"https:\/\/povedavicedo.com\/fr\/assistance-juridique-privee\/acheter-ou-vendre-une-propriete\/\" \/>\n<meta property=\"og:site_name\" content=\"Poveda Vicedo\" \/>\n<meta property=\"article:modified_time\" content=\"2024-01-25T09:43:29+00:00\" \/>\n<meta property=\"og:image\" content=\"https:\/\/povedavicedo.com\/wp-content\/uploads\/buying-or-selling-a-property.jpg\" \/>\n<meta name=\"twitter:card\" content=\"summary_large_image\" \/>\n<meta name=\"twitter:label1\" content=\"Dur\u00e9e de lecture estim\u00e9e\" \/>\n\t<meta name=\"twitter:data1\" content=\"3 minutes\" \/>\n<script type=\"application\/ld+json\" class=\"yoast-schema-graph\">{\"@context\":\"https:\/\/schema.org\",\"@graph\":[{\"@type\":\"WebPage\",\"@id\":\"https:\/\/povedavicedo.com\/fr\/assistance-juridique-privee\/acheter-ou-vendre-une-propriete\/\",\"url\":\"https:\/\/povedavicedo.com\/fr\/assistance-juridique-privee\/acheter-ou-vendre-une-propriete\/\",\"name\":\"Achat ou vente d'un bien immobilier - Poveda Vicedo\",\"isPartOf\":{\"@id\":\"https:\/\/povedavicedo.com\/fr\/#website\"},\"primaryImageOfPage\":{\"@id\":\"https:\/\/povedavicedo.com\/fr\/assistance-juridique-privee\/acheter-ou-vendre-une-propriete\/#primaryimage\"},\"image\":{\"@id\":\"https:\/\/povedavicedo.com\/fr\/assistance-juridique-privee\/acheter-ou-vendre-une-propriete\/#primaryimage\"},\"thumbnailUrl\":\"https:\/\/povedavicedo.com\/wp-content\/uploads\/buying-or-selling-a-property.jpg\",\"datePublished\":\"2023-05-01T09:25:30+00:00\",\"dateModified\":\"2024-01-25T09:43:29+00:00\",\"description\":\"On ne saurait trop insister sur l'importance de demander un avis juridique ind\u00e9pendant lors de l'achat d'un bien immobilier \u00e0 l'\u00e9tranger. Poveda Vicedo poss\u00e8de une vaste exp\u00e9rience dans tous les aspects du droit immobilier espagnol et de la cession de biens immobiliers.\",\"breadcrumb\":{\"@id\":\"https:\/\/povedavicedo.com\/fr\/assistance-juridique-privee\/acheter-ou-vendre-une-propriete\/#breadcrumb\"},\"inLanguage\":\"fr-FR\",\"potentialAction\":[{\"@type\":\"ReadAction\",\"target\":[\"https:\/\/povedavicedo.com\/fr\/assistance-juridique-privee\/acheter-ou-vendre-une-propriete\/\"]}]},{\"@type\":\"ImageObject\",\"inLanguage\":\"fr-FR\",\"@id\":\"https:\/\/povedavicedo.com\/fr\/assistance-juridique-privee\/acheter-ou-vendre-une-propriete\/#primaryimage\",\"url\":\"https:\/\/povedavicedo.com\/wp-content\/uploads\/buying-or-selling-a-property.jpg\",\"contentUrl\":\"https:\/\/povedavicedo.com\/wp-content\/uploads\/buying-or-selling-a-property.jpg\"},{\"@type\":\"BreadcrumbList\",\"@id\":\"https:\/\/povedavicedo.com\/fr\/assistance-juridique-privee\/acheter-ou-vendre-une-propriete\/#breadcrumb\",\"itemListElement\":[{\"@type\":\"ListItem\",\"position\":1,\"name\":\"Portada\",\"item\":\"https:\/\/povedavicedo.com\/fr\/\"},{\"@type\":\"ListItem\",\"position\":2,\"name\":\"Assistance juridique priv\u00e9e\",\"item\":\"https:\/\/povedavicedo.com\/fr\/assistance-juridique-privee\/\"},{\"@type\":\"ListItem\",\"position\":3,\"name\":\"Achat ou vente d&#8217;un bien immobilier\"}]},{\"@type\":\"WebSite\",\"@id\":\"https:\/\/povedavicedo.com\/fr\/#website\",\"url\":\"https:\/\/povedavicedo.com\/fr\/\",\"name\":\"Poveda Vicedo\",\"description\":\"Abogados - Solicitors Est. 1957\",\"publisher\":{\"@id\":\"https:\/\/povedavicedo.com\/fr\/#organization\"},\"potentialAction\":[{\"@type\":\"SearchAction\",\"target\":{\"@type\":\"EntryPoint\",\"urlTemplate\":\"https:\/\/povedavicedo.com\/fr\/?s={search_term_string}\"},\"query-input\":{\"@type\":\"PropertyValueSpecification\",\"valueRequired\":true,\"valueName\":\"search_term_string\"}}],\"inLanguage\":\"fr-FR\"},{\"@type\":\"Organization\",\"@id\":\"https:\/\/povedavicedo.com\/fr\/#organization\",\"name\":\"Poveda Vicedo\",\"url\":\"https:\/\/povedavicedo.com\/fr\/\",\"logo\":{\"@type\":\"ImageObject\",\"inLanguage\":\"fr-FR\",\"@id\":\"https:\/\/povedavicedo.com\/fr\/#\/schema\/logo\/image\/\",\"url\":\"https:\/\/povedavicedo.com\/wp-content\/uploads\/poveda-vicedo-abogados-logo.png\",\"contentUrl\":\"https:\/\/povedavicedo.com\/wp-content\/uploads\/poveda-vicedo-abogados-logo.png\",\"width\":300,\"height\":82,\"caption\":\"Poveda Vicedo\"},\"image\":{\"@id\":\"https:\/\/povedavicedo.com\/fr\/#\/schema\/logo\/image\/\"}}]}<\/script>\n<!-- \/ Yoast SEO plugin. -->","yoast_head_json":{"title":"Achat ou vente d'un bien immobilier - Poveda Vicedo","description":"On ne saurait trop insister sur l'importance de demander un avis juridique ind\u00e9pendant lors de l'achat d'un bien immobilier \u00e0 l'\u00e9tranger. Poveda Vicedo poss\u00e8de une vaste exp\u00e9rience dans tous les aspects du droit immobilier espagnol et de la cession de biens immobiliers.","robots":{"index":"index","follow":"follow","max-snippet":"max-snippet:-1","max-image-preview":"max-image-preview:large","max-video-preview":"max-video-preview:-1"},"canonical":"https:\/\/povedavicedo.com\/fr\/assistance-juridique-privee\/acheter-ou-vendre-une-propriete\/","og_locale":"fr_FR","og_type":"article","og_title":"Achat ou vente d'un bien immobilier - Poveda Vicedo","og_description":"On ne saurait trop insister sur l'importance de demander un avis juridique ind\u00e9pendant lors de l'achat d'un bien immobilier \u00e0 l'\u00e9tranger. Poveda Vicedo poss\u00e8de une vaste exp\u00e9rience dans tous les aspects du droit immobilier espagnol et de la cession de biens immobiliers.","og_url":"https:\/\/povedavicedo.com\/fr\/assistance-juridique-privee\/acheter-ou-vendre-une-propriete\/","og_site_name":"Poveda Vicedo","article_modified_time":"2024-01-25T09:43:29+00:00","og_image":[{"url":"https:\/\/povedavicedo.com\/wp-content\/uploads\/buying-or-selling-a-property.jpg"}],"twitter_card":"summary_large_image","twitter_misc":{"Dur\u00e9e de lecture estim\u00e9e":"3 minutes"},"schema":{"@context":"https:\/\/schema.org","@graph":[{"@type":"WebPage","@id":"https:\/\/povedavicedo.com\/fr\/assistance-juridique-privee\/acheter-ou-vendre-une-propriete\/","url":"https:\/\/povedavicedo.com\/fr\/assistance-juridique-privee\/acheter-ou-vendre-une-propriete\/","name":"Achat ou vente d'un bien immobilier - Poveda Vicedo","isPartOf":{"@id":"https:\/\/povedavicedo.com\/fr\/#website"},"primaryImageOfPage":{"@id":"https:\/\/povedavicedo.com\/fr\/assistance-juridique-privee\/acheter-ou-vendre-une-propriete\/#primaryimage"},"image":{"@id":"https:\/\/povedavicedo.com\/fr\/assistance-juridique-privee\/acheter-ou-vendre-une-propriete\/#primaryimage"},"thumbnailUrl":"https:\/\/povedavicedo.com\/wp-content\/uploads\/buying-or-selling-a-property.jpg","datePublished":"2023-05-01T09:25:30+00:00","dateModified":"2024-01-25T09:43:29+00:00","description":"On ne saurait trop insister sur l'importance de demander un avis juridique ind\u00e9pendant lors de l'achat d'un bien immobilier \u00e0 l'\u00e9tranger. Poveda Vicedo poss\u00e8de une vaste exp\u00e9rience dans tous les aspects du droit immobilier espagnol et de la cession de biens immobiliers.","breadcrumb":{"@id":"https:\/\/povedavicedo.com\/fr\/assistance-juridique-privee\/acheter-ou-vendre-une-propriete\/#breadcrumb"},"inLanguage":"fr-FR","potentialAction":[{"@type":"ReadAction","target":["https:\/\/povedavicedo.com\/fr\/assistance-juridique-privee\/acheter-ou-vendre-une-propriete\/"]}]},{"@type":"ImageObject","inLanguage":"fr-FR","@id":"https:\/\/povedavicedo.com\/fr\/assistance-juridique-privee\/acheter-ou-vendre-une-propriete\/#primaryimage","url":"https:\/\/povedavicedo.com\/wp-content\/uploads\/buying-or-selling-a-property.jpg","contentUrl":"https:\/\/povedavicedo.com\/wp-content\/uploads\/buying-or-selling-a-property.jpg"},{"@type":"BreadcrumbList","@id":"https:\/\/povedavicedo.com\/fr\/assistance-juridique-privee\/acheter-ou-vendre-une-propriete\/#breadcrumb","itemListElement":[{"@type":"ListItem","position":1,"name":"Portada","item":"https:\/\/povedavicedo.com\/fr\/"},{"@type":"ListItem","position":2,"name":"Assistance juridique priv\u00e9e","item":"https:\/\/povedavicedo.com\/fr\/assistance-juridique-privee\/"},{"@type":"ListItem","position":3,"name":"Achat ou vente d&#8217;un bien immobilier"}]},{"@type":"WebSite","@id":"https:\/\/povedavicedo.com\/fr\/#website","url":"https:\/\/povedavicedo.com\/fr\/","name":"Poveda Vicedo","description":"Abogados - Solicitors Est. 1957","publisher":{"@id":"https:\/\/povedavicedo.com\/fr\/#organization"},"potentialAction":[{"@type":"SearchAction","target":{"@type":"EntryPoint","urlTemplate":"https:\/\/povedavicedo.com\/fr\/?s={search_term_string}"},"query-input":{"@type":"PropertyValueSpecification","valueRequired":true,"valueName":"search_term_string"}}],"inLanguage":"fr-FR"},{"@type":"Organization","@id":"https:\/\/povedavicedo.com\/fr\/#organization","name":"Poveda Vicedo","url":"https:\/\/povedavicedo.com\/fr\/","logo":{"@type":"ImageObject","inLanguage":"fr-FR","@id":"https:\/\/povedavicedo.com\/fr\/#\/schema\/logo\/image\/","url":"https:\/\/povedavicedo.com\/wp-content\/uploads\/poveda-vicedo-abogados-logo.png","contentUrl":"https:\/\/povedavicedo.com\/wp-content\/uploads\/poveda-vicedo-abogados-logo.png","width":300,"height":82,"caption":"Poveda Vicedo"},"image":{"@id":"https:\/\/povedavicedo.com\/fr\/#\/schema\/logo\/image\/"}}]}},"_links":{"self":[{"href":"https:\/\/povedavicedo.com\/fr\/wp-json\/wp\/v2\/pages\/24856"}],"collection":[{"href":"https:\/\/povedavicedo.com\/fr\/wp-json\/wp\/v2\/pages"}],"about":[{"href":"https:\/\/povedavicedo.com\/fr\/wp-json\/wp\/v2\/types\/page"}],"author":[{"embeddable":true,"href":"https:\/\/povedavicedo.com\/fr\/wp-json\/wp\/v2\/users\/2"}],"replies":[{"embeddable":true,"href":"https:\/\/povedavicedo.com\/fr\/wp-json\/wp\/v2\/comments?post=24856"}],"version-history":[{"count":4,"href":"https:\/\/povedavicedo.com\/fr\/wp-json\/wp\/v2\/pages\/24856\/revisions"}],"predecessor-version":[{"id":26073,"href":"https:\/\/povedavicedo.com\/fr\/wp-json\/wp\/v2\/pages\/24856\/revisions\/26073"}],"up":[{"embeddable":true,"href":"https:\/\/povedavicedo.com\/fr\/wp-json\/wp\/v2\/pages\/24908"}],"wp:attachment":[{"href":"https:\/\/povedavicedo.com\/fr\/wp-json\/wp\/v2\/media?parent=24856"}],"curies":[{"name":"wp","href":"https:\/\/api.w.org\/{rel}","templated":true}]}}