{"id":24837,"date":"2018-05-02T11:43:54","date_gmt":"2018-05-02T09:43:54","guid":{"rendered":"https:\/\/povedanew.local\/fees\/"},"modified":"2024-01-25T10:40:32","modified_gmt":"2024-01-25T09:40:32","slug":"honoraires","status":"publish","type":"page","link":"https:\/\/povedavicedo.com\/fr\/honoraires\/","title":{"rendered":"Honoraires"},"content":{"rendered":"\t\t<div data-elementor-type=\"wp-post\" data-elementor-id=\"24837\" class=\"elementor elementor-24837 elementor-24609\">\n\t\t\t\t\t\t<section class=\"elementor-section elementor-top-section elementor-element elementor-element-15e4da37 elementor-section-content-top elementor-section-stretched elementor-section-full_width elementor-section-height-default elementor-section-height-default\" data-id=\"15e4da37\" data-element_type=\"section\" data-settings=\"{&quot;stretch_section&quot;:&quot;section-stretched&quot;}\">\n\t\t\t\t\t\t<div class=\"elementor-container elementor-column-gap-no\">\n\t\t\t\t\t<div class=\"elementor-column elementor-col-50 elementor-top-column elementor-element elementor-element-260412d8\" data-id=\"260412d8\" data-element_type=\"column\">\n\t\t\t<div class=\"elementor-widget-wrap elementor-element-populated\">\n\t\t\t\t\t\t<div class=\"elementor-element elementor-element-21cc803e elementor-widget elementor-widget-image\" data-id=\"21cc803e\" data-element_type=\"widget\" data-widget_type=\"image.default\">\n\t\t\t\t<div class=\"elementor-widget-container\">\n\t\t\t\t\t\t\t\t\t\t\t\t\t\t\t<img fetchpriority=\"high\" decoding=\"async\" width=\"800\" height=\"600\" src=\"https:\/\/povedavicedo.com\/wp-content\/uploads\/business-legal-assistance.jpg\" class=\"attachment-full size-full wp-image-24460\" alt=\"business legal assistance\" srcset=\"https:\/\/povedavicedo.com\/wp-content\/uploads\/business-legal-assistance.jpg 800w, https:\/\/povedavicedo.com\/wp-content\/uploads\/business-legal-assistance-768x576.jpg 768w\" sizes=\"(max-width: 800px) 100vw, 800px\" \/>\t\t\t\t\t\t\t\t\t\t\t\t\t\t\t<\/div>\n\t\t\t\t<\/div>\n\t\t\t\t\t<\/div>\n\t\t<\/div>\n\t\t\t\t<div class=\"elementor-column elementor-col-50 elementor-top-column elementor-element elementor-element-1a9eecba\" data-id=\"1a9eecba\" data-element_type=\"column\">\n\t\t\t<div class=\"elementor-widget-wrap elementor-element-populated\">\n\t\t\t\t\t\t<div class=\"elementor-element elementor-element-7c463054 elementor-widget elementor-widget-text-editor\" data-id=\"7c463054\" data-element_type=\"widget\" data-widget_type=\"text-editor.default\">\n\t\t\t\t<div class=\"elementor-widget-container\">\n\t\t\t\t\t\t\t\t\t<div class=\"main span8\" role=\"main\">\n<div id=\"PageLiner\">\n<h2><b style=\"font-style: inherit;\">NOTRE POLITIQUE EN MATI\u00c8RE D&#8217;HONORAIRES<\/b><\/h2>\n<p>De nombreuses personnes qui ont besoin de conseils juridiques h\u00e9sitent \u00e0 s&#8217;adresser \u00e0 un avocat, car elles craignent que l&#8217;horloge ne se mette \u00e0 tourner \u00e0 partir du moment o\u00f9 elles d\u00e9crochent le t\u00e9l\u00e9phone. Sur la base de cette constatation, nous avons \u00e9labor\u00e9 une politique tarifaire transparente qui vise \u00e0 informer le client du co\u00fbt de nos services d\u00e8s le moment o\u00f9 il d\u00e9cide de faire appel \u00e0 nos services.<\/p>\n<h2><b>LA PREMI\u00c8RE CONSULTATION EST GRATUITE<\/b><\/h2>\n<p>Votre premi\u00e8re consultation avec nous est gratuite, que ce soit en personne dans l&#8217;un de nos bureaux, par t\u00e9l\u00e9phone ou par Skype.&nbsp;<span style=\"font-family: var( --e-global-typography-text-font-family ), Sans-serif;\">Cette premi\u00e8re rencontre doit vous permettre de nous conna\u00eetre et de d\u00e9cider si vous vous sentez \u00e0 l&#8217;aise pour travailler avec nous.<\/span><\/p>\n<p>Au cours de cette premi\u00e8re r\u00e9union, nous recueillerons toutes les informations n\u00e9cessaires aupr\u00e8s de vous et nous vous demanderons tous les documents justificatifs qui nous permettront de bien comprendre votre dossier et vos objectifs.<\/p>\n<\/div>\n<\/div>\t\t\t\t\t\t\t\t<\/div>\n\t\t\t\t<\/div>\n\t\t\t\t\t<\/div>\n\t\t<\/div>\n\t\t\t\t\t<\/div>\n\t\t<\/section>\n\t\t\t\t<section class=\"elementor-section elementor-top-section elementor-element elementor-element-68c14e5 elementor-section-full_width elementor-section-stretched elementor-section-height-default elementor-section-height-default\" data-id=\"68c14e5\" data-element_type=\"section\" data-settings=\"{&quot;stretch_section&quot;:&quot;section-stretched&quot;}\">\n\t\t\t\t\t\t<div class=\"elementor-container elementor-column-gap-default\">\n\t\t\t\t\t<div class=\"elementor-column elementor-col-100 elementor-top-column elementor-element elementor-element-8bc05b3\" data-id=\"8bc05b3\" data-element_type=\"column\">\n\t\t\t<div class=\"elementor-widget-wrap elementor-element-populated\">\n\t\t\t\t\t\t<div class=\"elementor-element elementor-element-1ce78d7 elementor-widget elementor-widget-text-editor\" data-id=\"1ce78d7\" data-element_type=\"widget\" data-widget_type=\"text-editor.default\">\n\t\t\t\t<div class=\"elementor-widget-container\">\n\t\t\t\t\t\t\t\t\t<p><span style=\"font-weight: bold; font-family: -apple-system, system-ui, BlinkMacSystemFont, 'Segoe UI', Helvetica, Arial, sans-serif, 'Apple Color Emoji', 'Segoe UI Emoji', 'Segoe UI Symbol'; font-size: 30px; text-align: justify; color: var( --e-global-color-text );\">\u00c0 LA SUITE DE LA PREMI\u00c8RE R\u00c9UNION<\/span><\/p>\n<ul style=\"font-size: 15px; text-align: justify;\">\n<li>Nous \u00e9valuerons vos besoins et vous fournirons un devis que vous serez libre d&#8217;accepter ou de rejeter sans obligation.<\/li>\n<li>Notre devis vous sera communiqu\u00e9 par courriel.<\/li>\n<li>Les estimations sont cens\u00e9es \u00eatre forfaitaires, \u00e0 l&#8217;exception des frais de tiers et des d\u00e9penses.<\/li>\n<\/ul>\n<h2 style=\"font-style: normal; text-align: justify;\"><span style=\"font-weight: bold; font-style: inherit;\">TESTAMENTS EN ESPAGNOL<\/span><\/h2>\n<p style=\"font-size: 15px; text-align: justify;\">Nous facturons 150 \u20ac plus IVA, y compris les frais de notaire, par testament.<\/p>\n\t\t\t\t\t\t\t\t<\/div>\n\t\t\t\t<\/div>\n\t\t\t\t\t<\/div>\n\t\t<\/div>\n\t\t\t\t\t<\/div>\n\t\t<\/section>\n\t\t\t\t<\/div>\n\t\t","protected":false},"excerpt":{"rendered":"<p>NOTRE POLITIQUE EN MATI\u00c8RE D&#8217;HONORAIRES De nombreuses personnes qui ont besoin de conseils juridiques h\u00e9sitent \u00e0 s&#8217;adresser \u00e0 un avocat, car elles craignent que l&#8217;horloge ne se mette \u00e0 tourner \u00e0 partir du moment o\u00f9 elles d\u00e9crochent le t\u00e9l\u00e9phone. Sur la base de cette constatation, nous avons \u00e9labor\u00e9 une politique tarifaire transparente qui vise \u00e0 &#8230; <a title=\"Honoraires\" class=\"read-more\" href=\"https:\/\/povedavicedo.com\/fr\/honoraires\/\" aria-label=\"En savoir plus sur Honoraires\">Lire la suite<\/a><\/p>\n","protected":false},"author":2,"featured_media":0,"parent":0,"menu_order":0,"comment_status":"closed","ping_status":"closed","template":"","meta":{"footnotes":""},"yoast_head":"<!-- This site is optimized with the Yoast SEO plugin v23.5 - https:\/\/yoast.com\/wordpress\/plugins\/seo\/ -->\n<title>Honoraires - Poveda Vicedo<\/title>\n<meta name=\"description\" content=\"De nombreuses personnes qui ont besoin de conseils juridiques h\u00e9sitent \u00e0 s&#039;adresser \u00e0 un avocat, car elles craignent que l&#039;horloge ne se mette \u00e0 tourner \u00e0 partir du moment o\u00f9 elles d\u00e9crochent le t\u00e9l\u00e9phone. Sur la base de cette constatation, nous avons \u00e9labor\u00e9 une politique tarifaire transparente qui vise \u00e0 informer le client du co\u00fbt de nos services d\u00e8s le moment o\u00f9 il d\u00e9cide de faire appel \u00e0 nos services.\" \/>\n<meta name=\"robots\" content=\"index, follow, max-snippet:-1, max-image-preview:large, max-video-preview:-1\" \/>\n<link rel=\"canonical\" href=\"https:\/\/povedavicedo.com\/fr\/honoraires\/\" \/>\n<meta property=\"og:locale\" content=\"fr_FR\" \/>\n<meta property=\"og:type\" content=\"article\" \/>\n<meta property=\"og:title\" content=\"Honoraires - Poveda Vicedo\" \/>\n<meta property=\"og:description\" content=\"De nombreuses personnes qui ont besoin de conseils juridiques h\u00e9sitent \u00e0 s&#039;adresser \u00e0 un avocat, car elles craignent que l&#039;horloge ne se mette \u00e0 tourner \u00e0 partir du moment o\u00f9 elles d\u00e9crochent le t\u00e9l\u00e9phone. Sur la base de cette constatation, nous avons \u00e9labor\u00e9 une politique tarifaire transparente qui vise \u00e0 informer le client du co\u00fbt de nos services d\u00e8s le moment o\u00f9 il d\u00e9cide de faire appel \u00e0 nos services.\" \/>\n<meta property=\"og:url\" content=\"https:\/\/povedavicedo.com\/fr\/honoraires\/\" \/>\n<meta property=\"og:site_name\" content=\"Poveda Vicedo\" \/>\n<meta property=\"article:modified_time\" content=\"2024-01-25T09:40:32+00:00\" \/>\n<meta property=\"og:image\" content=\"https:\/\/povedavicedo.com\/wp-content\/uploads\/business-legal-assistance.jpg\" \/>\n<meta name=\"twitter:card\" content=\"summary_large_image\" \/>\n<meta name=\"twitter:label1\" content=\"Dur\u00e9e de lecture estim\u00e9e\" \/>\n\t<meta name=\"twitter:data1\" content=\"2 minutes\" \/>\n<script type=\"application\/ld+json\" class=\"yoast-schema-graph\">{\"@context\":\"https:\/\/schema.org\",\"@graph\":[{\"@type\":\"WebPage\",\"@id\":\"https:\/\/povedavicedo.com\/fr\/honoraires\/\",\"url\":\"https:\/\/povedavicedo.com\/fr\/honoraires\/\",\"name\":\"Honoraires - Poveda Vicedo\",\"isPartOf\":{\"@id\":\"https:\/\/povedavicedo.com\/fr\/#website\"},\"primaryImageOfPage\":{\"@id\":\"https:\/\/povedavicedo.com\/fr\/honoraires\/#primaryimage\"},\"image\":{\"@id\":\"https:\/\/povedavicedo.com\/fr\/honoraires\/#primaryimage\"},\"thumbnailUrl\":\"https:\/\/povedavicedo.com\/wp-content\/uploads\/business-legal-assistance.jpg\",\"datePublished\":\"2018-05-02T09:43:54+00:00\",\"dateModified\":\"2024-01-25T09:40:32+00:00\",\"description\":\"De nombreuses personnes qui ont besoin de conseils juridiques h\u00e9sitent \u00e0 s'adresser \u00e0 un avocat, car elles craignent que l'horloge ne se mette \u00e0 tourner \u00e0 partir du moment o\u00f9 elles d\u00e9crochent le t\u00e9l\u00e9phone. Sur la base de cette constatation, nous avons \u00e9labor\u00e9 une politique tarifaire transparente qui vise \u00e0 informer le client du co\u00fbt de nos services d\u00e8s le moment o\u00f9 il d\u00e9cide de faire appel \u00e0 nos services.\",\"breadcrumb\":{\"@id\":\"https:\/\/povedavicedo.com\/fr\/honoraires\/#breadcrumb\"},\"inLanguage\":\"fr-FR\",\"potentialAction\":[{\"@type\":\"ReadAction\",\"target\":[\"https:\/\/povedavicedo.com\/fr\/honoraires\/\"]}]},{\"@type\":\"ImageObject\",\"inLanguage\":\"fr-FR\",\"@id\":\"https:\/\/povedavicedo.com\/fr\/honoraires\/#primaryimage\",\"url\":\"https:\/\/povedavicedo.com\/wp-content\/uploads\/business-legal-assistance.jpg\",\"contentUrl\":\"https:\/\/povedavicedo.com\/wp-content\/uploads\/business-legal-assistance.jpg\"},{\"@type\":\"BreadcrumbList\",\"@id\":\"https:\/\/povedavicedo.com\/fr\/honoraires\/#breadcrumb\",\"itemListElement\":[{\"@type\":\"ListItem\",\"position\":1,\"name\":\"Portada\",\"item\":\"https:\/\/povedavicedo.com\/fr\/\"},{\"@type\":\"ListItem\",\"position\":2,\"name\":\"Honoraires\"}]},{\"@type\":\"WebSite\",\"@id\":\"https:\/\/povedavicedo.com\/fr\/#website\",\"url\":\"https:\/\/povedavicedo.com\/fr\/\",\"name\":\"Poveda Vicedo\",\"description\":\"Abogados - Solicitors Est. 1957\",\"publisher\":{\"@id\":\"https:\/\/povedavicedo.com\/fr\/#organization\"},\"potentialAction\":[{\"@type\":\"SearchAction\",\"target\":{\"@type\":\"EntryPoint\",\"urlTemplate\":\"https:\/\/povedavicedo.com\/fr\/?s={search_term_string}\"},\"query-input\":{\"@type\":\"PropertyValueSpecification\",\"valueRequired\":true,\"valueName\":\"search_term_string\"}}],\"inLanguage\":\"fr-FR\"},{\"@type\":\"Organization\",\"@id\":\"https:\/\/povedavicedo.com\/fr\/#organization\",\"name\":\"Poveda Vicedo\",\"url\":\"https:\/\/povedavicedo.com\/fr\/\",\"logo\":{\"@type\":\"ImageObject\",\"inLanguage\":\"fr-FR\",\"@id\":\"https:\/\/povedavicedo.com\/fr\/#\/schema\/logo\/image\/\",\"url\":\"https:\/\/povedavicedo.com\/wp-content\/uploads\/poveda-vicedo-abogados-logo.png\",\"contentUrl\":\"https:\/\/povedavicedo.com\/wp-content\/uploads\/poveda-vicedo-abogados-logo.png\",\"width\":300,\"height\":82,\"caption\":\"Poveda Vicedo\"},\"image\":{\"@id\":\"https:\/\/povedavicedo.com\/fr\/#\/schema\/logo\/image\/\"}}]}<\/script>\n<!-- \/ Yoast SEO plugin. -->","yoast_head_json":{"title":"Honoraires - Poveda Vicedo","description":"De nombreuses personnes qui ont besoin de conseils juridiques h\u00e9sitent \u00e0 s'adresser \u00e0 un avocat, car elles craignent que l'horloge ne se mette \u00e0 tourner \u00e0 partir du moment o\u00f9 elles d\u00e9crochent le t\u00e9l\u00e9phone. Sur la base de cette constatation, nous avons \u00e9labor\u00e9 une politique tarifaire transparente qui vise \u00e0 informer le client du co\u00fbt de nos services d\u00e8s le moment o\u00f9 il d\u00e9cide de faire appel \u00e0 nos services.","robots":{"index":"index","follow":"follow","max-snippet":"max-snippet:-1","max-image-preview":"max-image-preview:large","max-video-preview":"max-video-preview:-1"},"canonical":"https:\/\/povedavicedo.com\/fr\/honoraires\/","og_locale":"fr_FR","og_type":"article","og_title":"Honoraires - Poveda Vicedo","og_description":"De nombreuses personnes qui ont besoin de conseils juridiques h\u00e9sitent \u00e0 s'adresser \u00e0 un avocat, car elles craignent que l'horloge ne se mette \u00e0 tourner \u00e0 partir du moment o\u00f9 elles d\u00e9crochent le t\u00e9l\u00e9phone. Sur la base de cette constatation, nous avons \u00e9labor\u00e9 une politique tarifaire transparente qui vise \u00e0 informer le client du co\u00fbt de nos services d\u00e8s le moment o\u00f9 il d\u00e9cide de faire appel \u00e0 nos services.","og_url":"https:\/\/povedavicedo.com\/fr\/honoraires\/","og_site_name":"Poveda Vicedo","article_modified_time":"2024-01-25T09:40:32+00:00","og_image":[{"url":"https:\/\/povedavicedo.com\/wp-content\/uploads\/business-legal-assistance.jpg"}],"twitter_card":"summary_large_image","twitter_misc":{"Dur\u00e9e de lecture estim\u00e9e":"2 minutes"},"schema":{"@context":"https:\/\/schema.org","@graph":[{"@type":"WebPage","@id":"https:\/\/povedavicedo.com\/fr\/honoraires\/","url":"https:\/\/povedavicedo.com\/fr\/honoraires\/","name":"Honoraires - Poveda Vicedo","isPartOf":{"@id":"https:\/\/povedavicedo.com\/fr\/#website"},"primaryImageOfPage":{"@id":"https:\/\/povedavicedo.com\/fr\/honoraires\/#primaryimage"},"image":{"@id":"https:\/\/povedavicedo.com\/fr\/honoraires\/#primaryimage"},"thumbnailUrl":"https:\/\/povedavicedo.com\/wp-content\/uploads\/business-legal-assistance.jpg","datePublished":"2018-05-02T09:43:54+00:00","dateModified":"2024-01-25T09:40:32+00:00","description":"De nombreuses personnes qui ont besoin de conseils juridiques h\u00e9sitent \u00e0 s'adresser \u00e0 un avocat, car elles craignent que l'horloge ne se mette \u00e0 tourner \u00e0 partir du moment o\u00f9 elles d\u00e9crochent le t\u00e9l\u00e9phone. Sur la base de cette constatation, nous avons \u00e9labor\u00e9 une politique tarifaire transparente qui vise \u00e0 informer le client du co\u00fbt de nos services d\u00e8s le moment o\u00f9 il d\u00e9cide de faire appel \u00e0 nos services.","breadcrumb":{"@id":"https:\/\/povedavicedo.com\/fr\/honoraires\/#breadcrumb"},"inLanguage":"fr-FR","potentialAction":[{"@type":"ReadAction","target":["https:\/\/povedavicedo.com\/fr\/honoraires\/"]}]},{"@type":"ImageObject","inLanguage":"fr-FR","@id":"https:\/\/povedavicedo.com\/fr\/honoraires\/#primaryimage","url":"https:\/\/povedavicedo.com\/wp-content\/uploads\/business-legal-assistance.jpg","contentUrl":"https:\/\/povedavicedo.com\/wp-content\/uploads\/business-legal-assistance.jpg"},{"@type":"BreadcrumbList","@id":"https:\/\/povedavicedo.com\/fr\/honoraires\/#breadcrumb","itemListElement":[{"@type":"ListItem","position":1,"name":"Portada","item":"https:\/\/povedavicedo.com\/fr\/"},{"@type":"ListItem","position":2,"name":"Honoraires"}]},{"@type":"WebSite","@id":"https:\/\/povedavicedo.com\/fr\/#website","url":"https:\/\/povedavicedo.com\/fr\/","name":"Poveda Vicedo","description":"Abogados - Solicitors Est. 1957","publisher":{"@id":"https:\/\/povedavicedo.com\/fr\/#organization"},"potentialAction":[{"@type":"SearchAction","target":{"@type":"EntryPoint","urlTemplate":"https:\/\/povedavicedo.com\/fr\/?s={search_term_string}"},"query-input":{"@type":"PropertyValueSpecification","valueRequired":true,"valueName":"search_term_string"}}],"inLanguage":"fr-FR"},{"@type":"Organization","@id":"https:\/\/povedavicedo.com\/fr\/#organization","name":"Poveda Vicedo","url":"https:\/\/povedavicedo.com\/fr\/","logo":{"@type":"ImageObject","inLanguage":"fr-FR","@id":"https:\/\/povedavicedo.com\/fr\/#\/schema\/logo\/image\/","url":"https:\/\/povedavicedo.com\/wp-content\/uploads\/poveda-vicedo-abogados-logo.png","contentUrl":"https:\/\/povedavicedo.com\/wp-content\/uploads\/poveda-vicedo-abogados-logo.png","width":300,"height":82,"caption":"Poveda Vicedo"},"image":{"@id":"https:\/\/povedavicedo.com\/fr\/#\/schema\/logo\/image\/"}}]}},"_links":{"self":[{"href":"https:\/\/povedavicedo.com\/fr\/wp-json\/wp\/v2\/pages\/24837"}],"collection":[{"href":"https:\/\/povedavicedo.com\/fr\/wp-json\/wp\/v2\/pages"}],"about":[{"href":"https:\/\/povedavicedo.com\/fr\/wp-json\/wp\/v2\/types\/page"}],"author":[{"embeddable":true,"href":"https:\/\/povedavicedo.com\/fr\/wp-json\/wp\/v2\/users\/2"}],"replies":[{"embeddable":true,"href":"https:\/\/povedavicedo.com\/fr\/wp-json\/wp\/v2\/comments?post=24837"}],"version-history":[{"count":4,"href":"https:\/\/povedavicedo.com\/fr\/wp-json\/wp\/v2\/pages\/24837\/revisions"}],"predecessor-version":[{"id":26049,"href":"https:\/\/povedavicedo.com\/fr\/wp-json\/wp\/v2\/pages\/24837\/revisions\/26049"}],"wp:attachment":[{"href":"https:\/\/povedavicedo.com\/fr\/wp-json\/wp\/v2\/media?parent=24837"}],"curies":[{"name":"wp","href":"https:\/\/api.w.org\/{rel}","templated":true}]}}