{"id":24824,"date":"2023-04-30T11:10:56","date_gmt":"2023-04-30T09:10:56","guid":{"rendered":"https:\/\/povedanew.local\/debt-collection-in-spain\/"},"modified":"2024-01-25T10:40:20","modified_gmt":"2024-01-25T09:40:20","slug":"debt-collection-in-spain","status":"publish","type":"page","link":"https:\/\/povedavicedo.com\/fr\/assistance-juridique-aux-entreprises\/debt-collection-in-spain\/","title":{"rendered":"Recouvrement de cr\u00e9ances en Espagne"},"content":{"rendered":"\t\t<div data-elementor-type=\"wp-post\" data-elementor-id=\"24824\" class=\"elementor elementor-24824 elementor-24525\">\n\t\t\t\t\t\t<section class=\"elementor-section elementor-top-section elementor-element elementor-element-15e4da37 elementor-section-content-top elementor-section-stretched elementor-section-full_width elementor-section-height-default elementor-section-height-default\" data-id=\"15e4da37\" data-element_type=\"section\" data-settings=\"{&quot;stretch_section&quot;:&quot;section-stretched&quot;}\">\n\t\t\t\t\t\t<div class=\"elementor-container elementor-column-gap-no\">\n\t\t\t\t\t<div class=\"elementor-column elementor-col-50 elementor-top-column elementor-element elementor-element-260412d8\" data-id=\"260412d8\" data-element_type=\"column\">\n\t\t\t<div class=\"elementor-widget-wrap elementor-element-populated\">\n\t\t\t\t\t\t<div class=\"elementor-element elementor-element-21cc803e elementor-widget elementor-widget-image\" data-id=\"21cc803e\" data-element_type=\"widget\" data-widget_type=\"image.default\">\n\t\t\t\t<div class=\"elementor-widget-container\">\n\t\t\t\t\t\t\t\t\t\t\t\t\t\t\t<img fetchpriority=\"high\" decoding=\"async\" width=\"800\" height=\"1280\" src=\"https:\/\/povedavicedo.com\/wp-content\/uploads\/debt-collection-in-Spain.jpg\" class=\"attachment-full size-full wp-image-24743\" alt=\"debt collection in spain\" srcset=\"https:\/\/povedavicedo.com\/wp-content\/uploads\/debt-collection-in-Spain.jpg 800w, https:\/\/povedavicedo.com\/wp-content\/uploads\/debt-collection-in-Spain-768x1229.jpg 768w\" sizes=\"(max-width: 800px) 100vw, 800px\" \/>\t\t\t\t\t\t\t\t\t\t\t\t\t\t\t<\/div>\n\t\t\t\t<\/div>\n\t\t\t\t\t<\/div>\n\t\t<\/div>\n\t\t\t\t<div class=\"elementor-column elementor-col-50 elementor-top-column elementor-element elementor-element-1a9eecba\" data-id=\"1a9eecba\" data-element_type=\"column\">\n\t\t\t<div class=\"elementor-widget-wrap elementor-element-populated\">\n\t\t\t\t\t\t<div class=\"elementor-element elementor-element-58cb2f53 elementor-widget elementor-widget-heading\" data-id=\"58cb2f53\" data-element_type=\"widget\" data-widget_type=\"heading.default\">\n\t\t\t\t<div class=\"elementor-widget-container\">\n\t\t\t\t\t<h4 class=\"elementor-heading-title elementor-size-default\">RECOUVREMENT DE CR\u00c9ANCES EN ESPAGNE<\/h4>\t\t\t\t<\/div>\n\t\t\t\t<\/div>\n\t\t\t\t<div class=\"elementor-element elementor-element-7c463054 elementor-widget elementor-widget-text-editor\" data-id=\"7c463054\" data-element_type=\"widget\" data-widget_type=\"text-editor.default\">\n\t\t\t\t<div class=\"elementor-widget-container\">\n\t\t\t\t\t\t\t\t\t<h2><b>LA COLLECTE &#8211; \u00c0 CHAQUE FOIS !<\/b><\/h2>\nLes syst\u00e8mes juridiques du Royaume-Uni et de l&#8217;Espagne sont tr\u00e8s diff\u00e9rents, mais la m\u00e9thode de recouvrement de cr\u00e9ances aupr\u00e8s d&#8217;une entreprise espagnole n&#8217;est pas si diff\u00e9rente de celle d&#8217;une entreprise britannique.\n\nPoveda Vicedo peut aider au recouvrement de cr\u00e9ances pour des parties en Espagne et pour le compte de clients britanniques qui ont des d\u00e9biteurs en Espagne et vice versa. D&#8217;apr\u00e8s notre exp\u00e9rience, les cr\u00e9anciers britanniques ne parviennent pas \u00e0 recouvrer leurs cr\u00e9ances en Espagne dans certains domaines essentiels :\n<ul>\n\n \t<li>Les agences de recouvrement de cr\u00e9ances sont un concept relativement nouveau en Espagne.<\/li>\n \t<br>\n \t<li>La population en g\u00e9n\u00e9ral a un manque de respect profond pour la proc\u00e9dure judiciaire, qui est consid\u00e9r\u00e9e comme lente, co\u00fbteuse et inefficace.<\/li>\n \t<br>\n \t<li>Essayer de comprendre le processus en anglais est d\u00e9j\u00e0 difficile, mais en espagnol, m\u00eame une traduction ne suffit pas.<\/li>\n <br>\n \t<li>Vous avez besoin d&#8217;un avocat anglophone qui comprenne vos besoins et qui puisse ensuite traiter avec vos cr\u00e9anciers en espagnol. Des hispanophones exp\u00e9riment\u00e9s en droit espagnol peuvent permettre \u00e0 une entreprise bas\u00e9e au Royaume-Uni de recouvrer ses cr\u00e9ances avec succ\u00e8s.<\/li>\n<\/ul>\t\t\t\t\t\t\t\t<\/div>\n\t\t\t\t<\/div>\n\t\t\t\t\t<\/div>\n\t\t<\/div>\n\t\t\t\t\t<\/div>\n\t\t<\/section>\n\t\t\t\t<\/div>\n\t\t","protected":false},"excerpt":{"rendered":"<p>RECOUVREMENT DE CR\u00c9ANCES EN ESPAGNE LA COLLECTE &#8211; \u00c0 CHAQUE FOIS ! Les syst\u00e8mes juridiques du Royaume-Uni et de l&#8217;Espagne sont tr\u00e8s diff\u00e9rents, mais la m\u00e9thode de recouvrement de cr\u00e9ances aupr\u00e8s d&#8217;une entreprise espagnole n&#8217;est pas si diff\u00e9rente de celle d&#8217;une entreprise britannique. Poveda Vicedo peut aider au recouvrement de cr\u00e9ances pour des parties en &#8230; <a title=\"Recouvrement de cr\u00e9ances en Espagne\" class=\"read-more\" href=\"https:\/\/povedavicedo.com\/fr\/assistance-juridique-aux-entreprises\/debt-collection-in-spain\/\" aria-label=\"En savoir plus sur Recouvrement de cr\u00e9ances en Espagne\">Lire la suite<\/a><\/p>\n","protected":false},"author":2,"featured_media":0,"parent":24902,"menu_order":0,"comment_status":"closed","ping_status":"closed","template":"","meta":{"footnotes":""},"yoast_head":"<!-- This site is optimized with the Yoast SEO plugin v23.5 - https:\/\/yoast.com\/wordpress\/plugins\/seo\/ -->\n<title>Recouvrement de cr\u00e9ances en Espagne - Poveda Vicedo<\/title>\n<meta name=\"description\" content=\"Les syst\u00e8mes juridiques du Royaume-Uni et de l&#039;Espagne sont tr\u00e8s diff\u00e9rents, mais la m\u00e9thode de recouvrement de cr\u00e9ances aupr\u00e8s d&#039;une entreprise espagnole n&#039;est pas si diff\u00e9rente de celle d&#039;une entreprise britannique.\" \/>\n<meta name=\"robots\" content=\"index, follow, max-snippet:-1, max-image-preview:large, max-video-preview:-1\" \/>\n<link rel=\"canonical\" href=\"https:\/\/povedavicedo.com\/fr\/assistance-juridique-aux-entreprises\/debt-collection-in-spain\/\" \/>\n<meta property=\"og:locale\" content=\"fr_FR\" \/>\n<meta property=\"og:type\" content=\"article\" \/>\n<meta property=\"og:title\" content=\"Recouvrement de cr\u00e9ances en Espagne - Poveda Vicedo\" \/>\n<meta property=\"og:description\" content=\"Les syst\u00e8mes juridiques du Royaume-Uni et de l&#039;Espagne sont tr\u00e8s diff\u00e9rents, mais la m\u00e9thode de recouvrement de cr\u00e9ances aupr\u00e8s d&#039;une entreprise espagnole n&#039;est pas si diff\u00e9rente de celle d&#039;une entreprise britannique.\" \/>\n<meta property=\"og:url\" content=\"https:\/\/povedavicedo.com\/fr\/assistance-juridique-aux-entreprises\/debt-collection-in-spain\/\" \/>\n<meta property=\"og:site_name\" content=\"Poveda Vicedo\" \/>\n<meta property=\"article:modified_time\" content=\"2024-01-25T09:40:20+00:00\" \/>\n<meta property=\"og:image\" content=\"https:\/\/povedavicedo.com\/wp-content\/uploads\/debt-collection-in-Spain.jpg\" \/>\n<meta name=\"twitter:card\" content=\"summary_large_image\" \/>\n<meta name=\"twitter:label1\" content=\"Dur\u00e9e de lecture estim\u00e9e\" \/>\n\t<meta name=\"twitter:data1\" content=\"2 minutes\" \/>\n<script type=\"application\/ld+json\" class=\"yoast-schema-graph\">{\"@context\":\"https:\/\/schema.org\",\"@graph\":[{\"@type\":\"WebPage\",\"@id\":\"https:\/\/povedavicedo.com\/fr\/assistance-juridique-aux-entreprises\/debt-collection-in-spain\/\",\"url\":\"https:\/\/povedavicedo.com\/fr\/assistance-juridique-aux-entreprises\/debt-collection-in-spain\/\",\"name\":\"Recouvrement de cr\u00e9ances en Espagne - Poveda Vicedo\",\"isPartOf\":{\"@id\":\"https:\/\/povedavicedo.com\/fr\/#website\"},\"primaryImageOfPage\":{\"@id\":\"https:\/\/povedavicedo.com\/fr\/assistance-juridique-aux-entreprises\/debt-collection-in-spain\/#primaryimage\"},\"image\":{\"@id\":\"https:\/\/povedavicedo.com\/fr\/assistance-juridique-aux-entreprises\/debt-collection-in-spain\/#primaryimage\"},\"thumbnailUrl\":\"https:\/\/povedavicedo.com\/wp-content\/uploads\/debt-collection-in-Spain.jpg\",\"datePublished\":\"2023-04-30T09:10:56+00:00\",\"dateModified\":\"2024-01-25T09:40:20+00:00\",\"description\":\"Les syst\u00e8mes juridiques du Royaume-Uni et de l'Espagne sont tr\u00e8s diff\u00e9rents, mais la m\u00e9thode de recouvrement de cr\u00e9ances aupr\u00e8s d'une entreprise espagnole n'est pas si diff\u00e9rente de celle d'une entreprise britannique.\",\"breadcrumb\":{\"@id\":\"https:\/\/povedavicedo.com\/fr\/assistance-juridique-aux-entreprises\/debt-collection-in-spain\/#breadcrumb\"},\"inLanguage\":\"fr-FR\",\"potentialAction\":[{\"@type\":\"ReadAction\",\"target\":[\"https:\/\/povedavicedo.com\/fr\/assistance-juridique-aux-entreprises\/debt-collection-in-spain\/\"]}]},{\"@type\":\"ImageObject\",\"inLanguage\":\"fr-FR\",\"@id\":\"https:\/\/povedavicedo.com\/fr\/assistance-juridique-aux-entreprises\/debt-collection-in-spain\/#primaryimage\",\"url\":\"https:\/\/povedavicedo.com\/wp-content\/uploads\/debt-collection-in-Spain.jpg\",\"contentUrl\":\"https:\/\/povedavicedo.com\/wp-content\/uploads\/debt-collection-in-Spain.jpg\"},{\"@type\":\"BreadcrumbList\",\"@id\":\"https:\/\/povedavicedo.com\/fr\/assistance-juridique-aux-entreprises\/debt-collection-in-spain\/#breadcrumb\",\"itemListElement\":[{\"@type\":\"ListItem\",\"position\":1,\"name\":\"Portada\",\"item\":\"https:\/\/povedavicedo.com\/fr\/\"},{\"@type\":\"ListItem\",\"position\":2,\"name\":\"Assistance juridique aux entreprises\",\"item\":\"https:\/\/povedavicedo.com\/fr\/assistance-juridique-aux-entreprises\/\"},{\"@type\":\"ListItem\",\"position\":3,\"name\":\"Recouvrement de cr\u00e9ances en Espagne\"}]},{\"@type\":\"WebSite\",\"@id\":\"https:\/\/povedavicedo.com\/fr\/#website\",\"url\":\"https:\/\/povedavicedo.com\/fr\/\",\"name\":\"Poveda Vicedo\",\"description\":\"Abogados - Solicitors Est. 1957\",\"publisher\":{\"@id\":\"https:\/\/povedavicedo.com\/fr\/#organization\"},\"potentialAction\":[{\"@type\":\"SearchAction\",\"target\":{\"@type\":\"EntryPoint\",\"urlTemplate\":\"https:\/\/povedavicedo.com\/fr\/?s={search_term_string}\"},\"query-input\":{\"@type\":\"PropertyValueSpecification\",\"valueRequired\":true,\"valueName\":\"search_term_string\"}}],\"inLanguage\":\"fr-FR\"},{\"@type\":\"Organization\",\"@id\":\"https:\/\/povedavicedo.com\/fr\/#organization\",\"name\":\"Poveda Vicedo\",\"url\":\"https:\/\/povedavicedo.com\/fr\/\",\"logo\":{\"@type\":\"ImageObject\",\"inLanguage\":\"fr-FR\",\"@id\":\"https:\/\/povedavicedo.com\/fr\/#\/schema\/logo\/image\/\",\"url\":\"https:\/\/povedavicedo.com\/wp-content\/uploads\/poveda-vicedo-abogados-logo.png\",\"contentUrl\":\"https:\/\/povedavicedo.com\/wp-content\/uploads\/poveda-vicedo-abogados-logo.png\",\"width\":300,\"height\":82,\"caption\":\"Poveda Vicedo\"},\"image\":{\"@id\":\"https:\/\/povedavicedo.com\/fr\/#\/schema\/logo\/image\/\"}}]}<\/script>\n<!-- \/ Yoast SEO plugin. -->","yoast_head_json":{"title":"Recouvrement de cr\u00e9ances en Espagne - Poveda Vicedo","description":"Les syst\u00e8mes juridiques du Royaume-Uni et de l'Espagne sont tr\u00e8s diff\u00e9rents, mais la m\u00e9thode de recouvrement de cr\u00e9ances aupr\u00e8s d'une entreprise espagnole n'est pas si diff\u00e9rente de celle d'une entreprise britannique.","robots":{"index":"index","follow":"follow","max-snippet":"max-snippet:-1","max-image-preview":"max-image-preview:large","max-video-preview":"max-video-preview:-1"},"canonical":"https:\/\/povedavicedo.com\/fr\/assistance-juridique-aux-entreprises\/debt-collection-in-spain\/","og_locale":"fr_FR","og_type":"article","og_title":"Recouvrement de cr\u00e9ances en Espagne - Poveda Vicedo","og_description":"Les syst\u00e8mes juridiques du Royaume-Uni et de l'Espagne sont tr\u00e8s diff\u00e9rents, mais la m\u00e9thode de recouvrement de cr\u00e9ances aupr\u00e8s d'une entreprise espagnole n'est pas si diff\u00e9rente de celle d'une entreprise britannique.","og_url":"https:\/\/povedavicedo.com\/fr\/assistance-juridique-aux-entreprises\/debt-collection-in-spain\/","og_site_name":"Poveda Vicedo","article_modified_time":"2024-01-25T09:40:20+00:00","og_image":[{"url":"https:\/\/povedavicedo.com\/wp-content\/uploads\/debt-collection-in-Spain.jpg"}],"twitter_card":"summary_large_image","twitter_misc":{"Dur\u00e9e de lecture estim\u00e9e":"2 minutes"},"schema":{"@context":"https:\/\/schema.org","@graph":[{"@type":"WebPage","@id":"https:\/\/povedavicedo.com\/fr\/assistance-juridique-aux-entreprises\/debt-collection-in-spain\/","url":"https:\/\/povedavicedo.com\/fr\/assistance-juridique-aux-entreprises\/debt-collection-in-spain\/","name":"Recouvrement de cr\u00e9ances en Espagne - Poveda Vicedo","isPartOf":{"@id":"https:\/\/povedavicedo.com\/fr\/#website"},"primaryImageOfPage":{"@id":"https:\/\/povedavicedo.com\/fr\/assistance-juridique-aux-entreprises\/debt-collection-in-spain\/#primaryimage"},"image":{"@id":"https:\/\/povedavicedo.com\/fr\/assistance-juridique-aux-entreprises\/debt-collection-in-spain\/#primaryimage"},"thumbnailUrl":"https:\/\/povedavicedo.com\/wp-content\/uploads\/debt-collection-in-Spain.jpg","datePublished":"2023-04-30T09:10:56+00:00","dateModified":"2024-01-25T09:40:20+00:00","description":"Les syst\u00e8mes juridiques du Royaume-Uni et de l'Espagne sont tr\u00e8s diff\u00e9rents, mais la m\u00e9thode de recouvrement de cr\u00e9ances aupr\u00e8s d'une entreprise espagnole n'est pas si diff\u00e9rente de celle d'une entreprise britannique.","breadcrumb":{"@id":"https:\/\/povedavicedo.com\/fr\/assistance-juridique-aux-entreprises\/debt-collection-in-spain\/#breadcrumb"},"inLanguage":"fr-FR","potentialAction":[{"@type":"ReadAction","target":["https:\/\/povedavicedo.com\/fr\/assistance-juridique-aux-entreprises\/debt-collection-in-spain\/"]}]},{"@type":"ImageObject","inLanguage":"fr-FR","@id":"https:\/\/povedavicedo.com\/fr\/assistance-juridique-aux-entreprises\/debt-collection-in-spain\/#primaryimage","url":"https:\/\/povedavicedo.com\/wp-content\/uploads\/debt-collection-in-Spain.jpg","contentUrl":"https:\/\/povedavicedo.com\/wp-content\/uploads\/debt-collection-in-Spain.jpg"},{"@type":"BreadcrumbList","@id":"https:\/\/povedavicedo.com\/fr\/assistance-juridique-aux-entreprises\/debt-collection-in-spain\/#breadcrumb","itemListElement":[{"@type":"ListItem","position":1,"name":"Portada","item":"https:\/\/povedavicedo.com\/fr\/"},{"@type":"ListItem","position":2,"name":"Assistance juridique aux entreprises","item":"https:\/\/povedavicedo.com\/fr\/assistance-juridique-aux-entreprises\/"},{"@type":"ListItem","position":3,"name":"Recouvrement de cr\u00e9ances en Espagne"}]},{"@type":"WebSite","@id":"https:\/\/povedavicedo.com\/fr\/#website","url":"https:\/\/povedavicedo.com\/fr\/","name":"Poveda Vicedo","description":"Abogados - Solicitors Est. 1957","publisher":{"@id":"https:\/\/povedavicedo.com\/fr\/#organization"},"potentialAction":[{"@type":"SearchAction","target":{"@type":"EntryPoint","urlTemplate":"https:\/\/povedavicedo.com\/fr\/?s={search_term_string}"},"query-input":{"@type":"PropertyValueSpecification","valueRequired":true,"valueName":"search_term_string"}}],"inLanguage":"fr-FR"},{"@type":"Organization","@id":"https:\/\/povedavicedo.com\/fr\/#organization","name":"Poveda Vicedo","url":"https:\/\/povedavicedo.com\/fr\/","logo":{"@type":"ImageObject","inLanguage":"fr-FR","@id":"https:\/\/povedavicedo.com\/fr\/#\/schema\/logo\/image\/","url":"https:\/\/povedavicedo.com\/wp-content\/uploads\/poveda-vicedo-abogados-logo.png","contentUrl":"https:\/\/povedavicedo.com\/wp-content\/uploads\/poveda-vicedo-abogados-logo.png","width":300,"height":82,"caption":"Poveda Vicedo"},"image":{"@id":"https:\/\/povedavicedo.com\/fr\/#\/schema\/logo\/image\/"}}]}},"_links":{"self":[{"href":"https:\/\/povedavicedo.com\/fr\/wp-json\/wp\/v2\/pages\/24824"}],"collection":[{"href":"https:\/\/povedavicedo.com\/fr\/wp-json\/wp\/v2\/pages"}],"about":[{"href":"https:\/\/povedavicedo.com\/fr\/wp-json\/wp\/v2\/types\/page"}],"author":[{"embeddable":true,"href":"https:\/\/povedavicedo.com\/fr\/wp-json\/wp\/v2\/users\/2"}],"replies":[{"embeddable":true,"href":"https:\/\/povedavicedo.com\/fr\/wp-json\/wp\/v2\/comments?post=24824"}],"version-history":[{"count":4,"href":"https:\/\/povedavicedo.com\/fr\/wp-json\/wp\/v2\/pages\/24824\/revisions"}],"predecessor-version":[{"id":26045,"href":"https:\/\/povedavicedo.com\/fr\/wp-json\/wp\/v2\/pages\/24824\/revisions\/26045"}],"up":[{"embeddable":true,"href":"https:\/\/povedavicedo.com\/fr\/wp-json\/wp\/v2\/pages\/24902"}],"wp:attachment":[{"href":"https:\/\/povedavicedo.com\/fr\/wp-json\/wp\/v2\/media?parent=24824"}],"curies":[{"name":"wp","href":"https:\/\/api.w.org\/{rel}","templated":true}]}}