{"id":24819,"date":"2023-04-30T11:20:18","date_gmt":"2023-04-30T09:20:18","guid":{"rendered":"https:\/\/povedanew.local\/company-law\/"},"modified":"2024-01-25T10:40:08","modified_gmt":"2024-01-25T09:40:08","slug":"company-law","status":"publish","type":"page","link":"https:\/\/povedavicedo.com\/fr\/assistance-juridique-aux-entreprises\/company-law\/","title":{"rendered":"Droit des soci\u00e9t\u00e9s"},"content":{"rendered":"\t\t<div data-elementor-type=\"wp-post\" data-elementor-id=\"24819\" class=\"elementor elementor-24819 elementor-24545\">\n\t\t\t\t\t\t<section class=\"elementor-section elementor-top-section elementor-element elementor-element-15e4da37 elementor-section-content-top elementor-reverse-mobile elementor-section-stretched elementor-section-boxed elementor-section-height-default elementor-section-height-default\" data-id=\"15e4da37\" data-element_type=\"section\" data-settings=\"{&quot;stretch_section&quot;:&quot;section-stretched&quot;}\">\n\t\t\t\t\t\t<div class=\"elementor-container elementor-column-gap-no\">\n\t\t\t\t\t<div class=\"elementor-column elementor-col-50 elementor-top-column elementor-element elementor-element-260412d8\" data-id=\"260412d8\" data-element_type=\"column\">\n\t\t\t<div class=\"elementor-widget-wrap elementor-element-populated\">\n\t\t\t\t\t\t<div class=\"elementor-element elementor-element-21cc803e elementor-widget elementor-widget-image\" data-id=\"21cc803e\" data-element_type=\"widget\" data-widget_type=\"image.default\">\n\t\t\t\t<div class=\"elementor-widget-container\">\n\t\t\t\t\t\t\t\t\t\t\t\t\t\t\t<img fetchpriority=\"high\" decoding=\"async\" width=\"800\" height=\"600\" src=\"https:\/\/povedavicedo.com\/wp-content\/uploads\/WhatsApp-Image-2023-04-14-at-14.32.34-5-scaled.jpeg\" class=\"attachment-full size-full wp-image-25456\" alt=\"whatsapp image 2023 04 14 at 14.32.34 (5)\" srcset=\"https:\/\/povedavicedo.com\/wp-content\/uploads\/WhatsApp-Image-2023-04-14-at-14.32.34-5-scaled.jpeg 800w, https:\/\/povedavicedo.com\/wp-content\/uploads\/WhatsApp-Image-2023-04-14-at-14.32.34-5-768x576.jpeg 768w\" sizes=\"(max-width: 800px) 100vw, 800px\" \/>\t\t\t\t\t\t\t\t\t\t\t\t\t\t\t<\/div>\n\t\t\t\t<\/div>\n\t\t\t\t\t<\/div>\n\t\t<\/div>\n\t\t\t\t<div class=\"elementor-column elementor-col-50 elementor-top-column elementor-element elementor-element-1a9eecba\" data-id=\"1a9eecba\" data-element_type=\"column\">\n\t\t\t<div class=\"elementor-widget-wrap elementor-element-populated\">\n\t\t\t\t\t\t<div class=\"elementor-element elementor-element-58cb2f53 elementor-widget elementor-widget-heading\" data-id=\"58cb2f53\" data-element_type=\"widget\" data-widget_type=\"heading.default\">\n\t\t\t\t<div class=\"elementor-widget-container\">\n\t\t\t\t\t<h4 class=\"elementor-heading-title elementor-size-default\">DROIT DES SOCI\u00c9T\u00c9S<\/h4>\t\t\t\t<\/div>\n\t\t\t\t<\/div>\n\t\t\t\t<div class=\"elementor-element elementor-element-7c463054 elementor-widget elementor-widget-text-editor\" data-id=\"7c463054\" data-element_type=\"widget\" data-widget_type=\"text-editor.default\">\n\t\t\t\t<div class=\"elementor-widget-container\">\n\t\t\t\t\t\t\t\t\t<div class=\"main span8\" role=\"main\">\n<div id=\"PageLiner\">\n<h2><b>UNE SOLUTION COMPL\u00c8TE<\/b><\/h2>\n<p><strong>Poveda Vicedo<\/strong> peut fournir un large \u00e9ventail de conseils juridiques en mati\u00e8re de droit des soci\u00e9t\u00e9s et de droit commercial destin\u00e9s \u00e0 r\u00e9pondre aux besoins des petites et moyennes entreprises en Espagne.<\/p>\n<p>La gestion d&#8217;une entreprise en Espagne en conformit\u00e9 avec le r\u00e9seau complexe des lois espagnoles sur les soci\u00e9t\u00e9s peut souvent \u00eatre une t\u00e2che d\u00e9licate. C&#8217;est pourquoi <strong>Poveda Vicedo<\/strong> peut fournir \u00e0 ses clients des conseils juridiques complets sur des questions telles que :<\/p>\n<ul>\n<li>Les lois espagnoles et europ\u00e9ennes sur l&#8217;emploi,<\/li>\n<li>Restructuration des entreprises,<\/li>\n<li>Rapport d&#8217;entreprise,<\/li>\n<li>Fusions et acquisitions,<\/li>\n<li>Gouvernance d&#8217;entreprise en Espagne,<\/li>\n<li>Franchise et finance d&#8217;entreprise.<\/li>\n<\/ul>\n<p><strong>Poveda Vicedo<\/strong> peut vous conseiller dans les pays suivants : &#8211; Espagne, Royaume-Uni et Irlande.<\/p>\n<\/div>\n<\/div>\n\t\t\t\t\t\t\t\t<\/div>\n\t\t\t\t<\/div>\n\t\t\t\t\t<\/div>\n\t\t<\/div>\n\t\t\t\t\t<\/div>\n\t\t<\/section>\n\t\t\t\t<\/div>\n\t\t","protected":false},"excerpt":{"rendered":"<p>DROIT DES SOCI\u00c9T\u00c9S UNE SOLUTION COMPL\u00c8TE Poveda Vicedo peut fournir un large \u00e9ventail de conseils juridiques en mati\u00e8re de droit des soci\u00e9t\u00e9s et de droit commercial destin\u00e9s \u00e0 r\u00e9pondre aux besoins des petites et moyennes entreprises en Espagne. La gestion d&#8217;une entreprise en Espagne en conformit\u00e9 avec le r\u00e9seau complexe des lois espagnoles sur les &#8230; <a title=\"Droit des soci\u00e9t\u00e9s\" class=\"read-more\" href=\"https:\/\/povedavicedo.com\/fr\/assistance-juridique-aux-entreprises\/company-law\/\" aria-label=\"En savoir plus sur Droit des soci\u00e9t\u00e9s\">Lire la suite<\/a><\/p>\n","protected":false},"author":2,"featured_media":0,"parent":24902,"menu_order":0,"comment_status":"closed","ping_status":"closed","template":"","meta":{"footnotes":""},"yoast_head":"<!-- This site is optimized with the Yoast SEO plugin v23.5 - https:\/\/yoast.com\/wordpress\/plugins\/seo\/ -->\n<title>Droit des soci\u00e9t\u00e9s - Poveda Vicedo<\/title>\n<meta name=\"description\" content=\"Diriger une entreprise en Espagne en respectant le r\u00e9seau complexe des lois espagnoles sur les soci\u00e9t\u00e9s peut souvent s&#039;av\u00e9rer une t\u00e2che d\u00e9licate. C&#039;est pourquoi Poveda Vicedo peut fournir \u00e0 ses clients des conseils juridiques complets.\" \/>\n<meta name=\"robots\" content=\"index, follow, max-snippet:-1, max-image-preview:large, max-video-preview:-1\" \/>\n<link rel=\"canonical\" href=\"https:\/\/povedavicedo.com\/fr\/assistance-juridique-aux-entreprises\/company-law\/\" \/>\n<meta property=\"og:locale\" content=\"fr_FR\" \/>\n<meta property=\"og:type\" content=\"article\" \/>\n<meta property=\"og:title\" content=\"Droit des soci\u00e9t\u00e9s - Poveda Vicedo\" \/>\n<meta property=\"og:description\" content=\"Diriger une entreprise en Espagne en respectant le r\u00e9seau complexe des lois espagnoles sur les soci\u00e9t\u00e9s peut souvent s&#039;av\u00e9rer une t\u00e2che d\u00e9licate. C&#039;est pourquoi Poveda Vicedo peut fournir \u00e0 ses clients des conseils juridiques complets.\" \/>\n<meta property=\"og:url\" content=\"https:\/\/povedavicedo.com\/fr\/assistance-juridique-aux-entreprises\/company-law\/\" \/>\n<meta property=\"og:site_name\" content=\"Poveda Vicedo\" \/>\n<meta property=\"article:modified_time\" content=\"2024-01-25T09:40:08+00:00\" \/>\n<meta property=\"og:image\" content=\"https:\/\/povedavicedo.com\/wp-content\/uploads\/WhatsApp-Image-2023-04-14-at-14.32.34-5-scaled.jpeg\" \/>\n<meta name=\"twitter:card\" content=\"summary_large_image\" \/>\n<meta name=\"twitter:label1\" content=\"Dur\u00e9e de lecture estim\u00e9e\" \/>\n\t<meta name=\"twitter:data1\" content=\"1 minute\" \/>\n<script type=\"application\/ld+json\" class=\"yoast-schema-graph\">{\"@context\":\"https:\/\/schema.org\",\"@graph\":[{\"@type\":\"WebPage\",\"@id\":\"https:\/\/povedavicedo.com\/fr\/assistance-juridique-aux-entreprises\/company-law\/\",\"url\":\"https:\/\/povedavicedo.com\/fr\/assistance-juridique-aux-entreprises\/company-law\/\",\"name\":\"Droit des soci\u00e9t\u00e9s - Poveda Vicedo\",\"isPartOf\":{\"@id\":\"https:\/\/povedavicedo.com\/fr\/#website\"},\"primaryImageOfPage\":{\"@id\":\"https:\/\/povedavicedo.com\/fr\/assistance-juridique-aux-entreprises\/company-law\/#primaryimage\"},\"image\":{\"@id\":\"https:\/\/povedavicedo.com\/fr\/assistance-juridique-aux-entreprises\/company-law\/#primaryimage\"},\"thumbnailUrl\":\"https:\/\/povedavicedo.com\/wp-content\/uploads\/WhatsApp-Image-2023-04-14-at-14.32.34-5-scaled.jpeg\",\"datePublished\":\"2023-04-30T09:20:18+00:00\",\"dateModified\":\"2024-01-25T09:40:08+00:00\",\"description\":\"Diriger une entreprise en Espagne en respectant le r\u00e9seau complexe des lois espagnoles sur les soci\u00e9t\u00e9s peut souvent s'av\u00e9rer une t\u00e2che d\u00e9licate. C'est pourquoi Poveda Vicedo peut fournir \u00e0 ses clients des conseils juridiques complets.\",\"breadcrumb\":{\"@id\":\"https:\/\/povedavicedo.com\/fr\/assistance-juridique-aux-entreprises\/company-law\/#breadcrumb\"},\"inLanguage\":\"fr-FR\",\"potentialAction\":[{\"@type\":\"ReadAction\",\"target\":[\"https:\/\/povedavicedo.com\/fr\/assistance-juridique-aux-entreprises\/company-law\/\"]}]},{\"@type\":\"ImageObject\",\"inLanguage\":\"fr-FR\",\"@id\":\"https:\/\/povedavicedo.com\/fr\/assistance-juridique-aux-entreprises\/company-law\/#primaryimage\",\"url\":\"https:\/\/povedavicedo.com\/wp-content\/uploads\/WhatsApp-Image-2023-04-14-at-14.32.34-5-scaled.jpeg\",\"contentUrl\":\"https:\/\/povedavicedo.com\/wp-content\/uploads\/WhatsApp-Image-2023-04-14-at-14.32.34-5-scaled.jpeg\"},{\"@type\":\"BreadcrumbList\",\"@id\":\"https:\/\/povedavicedo.com\/fr\/assistance-juridique-aux-entreprises\/company-law\/#breadcrumb\",\"itemListElement\":[{\"@type\":\"ListItem\",\"position\":1,\"name\":\"Portada\",\"item\":\"https:\/\/povedavicedo.com\/fr\/\"},{\"@type\":\"ListItem\",\"position\":2,\"name\":\"Assistance juridique aux entreprises\",\"item\":\"https:\/\/povedavicedo.com\/fr\/assistance-juridique-aux-entreprises\/\"},{\"@type\":\"ListItem\",\"position\":3,\"name\":\"Droit des soci\u00e9t\u00e9s\"}]},{\"@type\":\"WebSite\",\"@id\":\"https:\/\/povedavicedo.com\/fr\/#website\",\"url\":\"https:\/\/povedavicedo.com\/fr\/\",\"name\":\"Poveda Vicedo\",\"description\":\"Abogados - Solicitors Est. 1957\",\"publisher\":{\"@id\":\"https:\/\/povedavicedo.com\/fr\/#organization\"},\"potentialAction\":[{\"@type\":\"SearchAction\",\"target\":{\"@type\":\"EntryPoint\",\"urlTemplate\":\"https:\/\/povedavicedo.com\/fr\/?s={search_term_string}\"},\"query-input\":{\"@type\":\"PropertyValueSpecification\",\"valueRequired\":true,\"valueName\":\"search_term_string\"}}],\"inLanguage\":\"fr-FR\"},{\"@type\":\"Organization\",\"@id\":\"https:\/\/povedavicedo.com\/fr\/#organization\",\"name\":\"Poveda Vicedo\",\"url\":\"https:\/\/povedavicedo.com\/fr\/\",\"logo\":{\"@type\":\"ImageObject\",\"inLanguage\":\"fr-FR\",\"@id\":\"https:\/\/povedavicedo.com\/fr\/#\/schema\/logo\/image\/\",\"url\":\"https:\/\/povedavicedo.com\/wp-content\/uploads\/poveda-vicedo-abogados-logo.png\",\"contentUrl\":\"https:\/\/povedavicedo.com\/wp-content\/uploads\/poveda-vicedo-abogados-logo.png\",\"width\":300,\"height\":82,\"caption\":\"Poveda Vicedo\"},\"image\":{\"@id\":\"https:\/\/povedavicedo.com\/fr\/#\/schema\/logo\/image\/\"}}]}<\/script>\n<!-- \/ Yoast SEO plugin. -->","yoast_head_json":{"title":"Droit des soci\u00e9t\u00e9s - Poveda Vicedo","description":"Diriger une entreprise en Espagne en respectant le r\u00e9seau complexe des lois espagnoles sur les soci\u00e9t\u00e9s peut souvent s'av\u00e9rer une t\u00e2che d\u00e9licate. C'est pourquoi Poveda Vicedo peut fournir \u00e0 ses clients des conseils juridiques complets.","robots":{"index":"index","follow":"follow","max-snippet":"max-snippet:-1","max-image-preview":"max-image-preview:large","max-video-preview":"max-video-preview:-1"},"canonical":"https:\/\/povedavicedo.com\/fr\/assistance-juridique-aux-entreprises\/company-law\/","og_locale":"fr_FR","og_type":"article","og_title":"Droit des soci\u00e9t\u00e9s - Poveda Vicedo","og_description":"Diriger une entreprise en Espagne en respectant le r\u00e9seau complexe des lois espagnoles sur les soci\u00e9t\u00e9s peut souvent s'av\u00e9rer une t\u00e2che d\u00e9licate. C'est pourquoi Poveda Vicedo peut fournir \u00e0 ses clients des conseils juridiques complets.","og_url":"https:\/\/povedavicedo.com\/fr\/assistance-juridique-aux-entreprises\/company-law\/","og_site_name":"Poveda Vicedo","article_modified_time":"2024-01-25T09:40:08+00:00","og_image":[{"url":"https:\/\/povedavicedo.com\/wp-content\/uploads\/WhatsApp-Image-2023-04-14-at-14.32.34-5-scaled.jpeg"}],"twitter_card":"summary_large_image","twitter_misc":{"Dur\u00e9e de lecture estim\u00e9e":"1 minute"},"schema":{"@context":"https:\/\/schema.org","@graph":[{"@type":"WebPage","@id":"https:\/\/povedavicedo.com\/fr\/assistance-juridique-aux-entreprises\/company-law\/","url":"https:\/\/povedavicedo.com\/fr\/assistance-juridique-aux-entreprises\/company-law\/","name":"Droit des soci\u00e9t\u00e9s - Poveda Vicedo","isPartOf":{"@id":"https:\/\/povedavicedo.com\/fr\/#website"},"primaryImageOfPage":{"@id":"https:\/\/povedavicedo.com\/fr\/assistance-juridique-aux-entreprises\/company-law\/#primaryimage"},"image":{"@id":"https:\/\/povedavicedo.com\/fr\/assistance-juridique-aux-entreprises\/company-law\/#primaryimage"},"thumbnailUrl":"https:\/\/povedavicedo.com\/wp-content\/uploads\/WhatsApp-Image-2023-04-14-at-14.32.34-5-scaled.jpeg","datePublished":"2023-04-30T09:20:18+00:00","dateModified":"2024-01-25T09:40:08+00:00","description":"Diriger une entreprise en Espagne en respectant le r\u00e9seau complexe des lois espagnoles sur les soci\u00e9t\u00e9s peut souvent s'av\u00e9rer une t\u00e2che d\u00e9licate. C'est pourquoi Poveda Vicedo peut fournir \u00e0 ses clients des conseils juridiques complets.","breadcrumb":{"@id":"https:\/\/povedavicedo.com\/fr\/assistance-juridique-aux-entreprises\/company-law\/#breadcrumb"},"inLanguage":"fr-FR","potentialAction":[{"@type":"ReadAction","target":["https:\/\/povedavicedo.com\/fr\/assistance-juridique-aux-entreprises\/company-law\/"]}]},{"@type":"ImageObject","inLanguage":"fr-FR","@id":"https:\/\/povedavicedo.com\/fr\/assistance-juridique-aux-entreprises\/company-law\/#primaryimage","url":"https:\/\/povedavicedo.com\/wp-content\/uploads\/WhatsApp-Image-2023-04-14-at-14.32.34-5-scaled.jpeg","contentUrl":"https:\/\/povedavicedo.com\/wp-content\/uploads\/WhatsApp-Image-2023-04-14-at-14.32.34-5-scaled.jpeg"},{"@type":"BreadcrumbList","@id":"https:\/\/povedavicedo.com\/fr\/assistance-juridique-aux-entreprises\/company-law\/#breadcrumb","itemListElement":[{"@type":"ListItem","position":1,"name":"Portada","item":"https:\/\/povedavicedo.com\/fr\/"},{"@type":"ListItem","position":2,"name":"Assistance juridique aux entreprises","item":"https:\/\/povedavicedo.com\/fr\/assistance-juridique-aux-entreprises\/"},{"@type":"ListItem","position":3,"name":"Droit des soci\u00e9t\u00e9s"}]},{"@type":"WebSite","@id":"https:\/\/povedavicedo.com\/fr\/#website","url":"https:\/\/povedavicedo.com\/fr\/","name":"Poveda Vicedo","description":"Abogados - Solicitors Est. 1957","publisher":{"@id":"https:\/\/povedavicedo.com\/fr\/#organization"},"potentialAction":[{"@type":"SearchAction","target":{"@type":"EntryPoint","urlTemplate":"https:\/\/povedavicedo.com\/fr\/?s={search_term_string}"},"query-input":{"@type":"PropertyValueSpecification","valueRequired":true,"valueName":"search_term_string"}}],"inLanguage":"fr-FR"},{"@type":"Organization","@id":"https:\/\/povedavicedo.com\/fr\/#organization","name":"Poveda Vicedo","url":"https:\/\/povedavicedo.com\/fr\/","logo":{"@type":"ImageObject","inLanguage":"fr-FR","@id":"https:\/\/povedavicedo.com\/fr\/#\/schema\/logo\/image\/","url":"https:\/\/povedavicedo.com\/wp-content\/uploads\/poveda-vicedo-abogados-logo.png","contentUrl":"https:\/\/povedavicedo.com\/wp-content\/uploads\/poveda-vicedo-abogados-logo.png","width":300,"height":82,"caption":"Poveda Vicedo"},"image":{"@id":"https:\/\/povedavicedo.com\/fr\/#\/schema\/logo\/image\/"}}]}},"_links":{"self":[{"href":"https:\/\/povedavicedo.com\/fr\/wp-json\/wp\/v2\/pages\/24819"}],"collection":[{"href":"https:\/\/povedavicedo.com\/fr\/wp-json\/wp\/v2\/pages"}],"about":[{"href":"https:\/\/povedavicedo.com\/fr\/wp-json\/wp\/v2\/types\/page"}],"author":[{"embeddable":true,"href":"https:\/\/povedavicedo.com\/fr\/wp-json\/wp\/v2\/users\/2"}],"replies":[{"embeddable":true,"href":"https:\/\/povedavicedo.com\/fr\/wp-json\/wp\/v2\/comments?post=24819"}],"version-history":[{"count":4,"href":"https:\/\/povedavicedo.com\/fr\/wp-json\/wp\/v2\/pages\/24819\/revisions"}],"predecessor-version":[{"id":26041,"href":"https:\/\/povedavicedo.com\/fr\/wp-json\/wp\/v2\/pages\/24819\/revisions\/26041"}],"up":[{"embeddable":true,"href":"https:\/\/povedavicedo.com\/fr\/wp-json\/wp\/v2\/pages\/24902"}],"wp:attachment":[{"href":"https:\/\/povedavicedo.com\/fr\/wp-json\/wp\/v2\/media?parent=24819"}],"curies":[{"name":"wp","href":"https:\/\/api.w.org\/{rel}","templated":true}]}}