{"id":24815,"date":"2023-04-23T11:18:55","date_gmt":"2023-04-23T09:18:55","guid":{"rendered":"https:\/\/povedanew.local\/commercial-dispute-resolutions\/"},"modified":"2024-01-25T10:39:57","modified_gmt":"2024-01-25T09:39:57","slug":"commercial-dispute-resolutions","status":"publish","type":"page","link":"https:\/\/povedavicedo.com\/fr\/assistance-juridique-aux-entreprises\/commercial-dispute-resolutions\/","title":{"rendered":"R\u00e9solution des litiges commerciaux"},"content":{"rendered":"\t\t<div data-elementor-type=\"wp-post\" data-elementor-id=\"24815\" class=\"elementor elementor-24815 elementor-24541\">\n\t\t\t\t\t\t<section class=\"elementor-section elementor-top-section elementor-element elementor-element-15e4da37 elementor-section-content-top elementor-section-stretched elementor-section-boxed elementor-section-height-default elementor-section-height-default\" data-id=\"15e4da37\" data-element_type=\"section\" data-settings=\"{&quot;stretch_section&quot;:&quot;section-stretched&quot;}\">\n\t\t\t\t\t\t<div class=\"elementor-container elementor-column-gap-no\">\n\t\t\t\t\t<div class=\"elementor-column elementor-col-50 elementor-top-column elementor-element elementor-element-260412d8\" data-id=\"260412d8\" data-element_type=\"column\">\n\t\t\t<div class=\"elementor-widget-wrap elementor-element-populated\">\n\t\t\t\t\t\t<div class=\"elementor-element elementor-element-21cc803e elementor-widget elementor-widget-image\" data-id=\"21cc803e\" data-element_type=\"widget\" data-widget_type=\"image.default\">\n\t\t\t\t<div class=\"elementor-widget-container\">\n\t\t\t\t\t\t\t\t\t\t\t\t\t\t\t<img fetchpriority=\"high\" decoding=\"async\" width=\"800\" height=\"1280\" src=\"https:\/\/povedavicedo.com\/wp-content\/uploads\/commercial-dispute-resolutions.jpg\" class=\"attachment-full size-full wp-image-24736\" alt=\"commercial dispute resolutions\" srcset=\"https:\/\/povedavicedo.com\/wp-content\/uploads\/commercial-dispute-resolutions.jpg 800w, https:\/\/povedavicedo.com\/wp-content\/uploads\/commercial-dispute-resolutions-768x1229.jpg 768w\" sizes=\"(max-width: 800px) 100vw, 800px\" \/>\t\t\t\t\t\t\t\t\t\t\t\t\t\t\t<\/div>\n\t\t\t\t<\/div>\n\t\t\t\t\t<\/div>\n\t\t<\/div>\n\t\t\t\t<div class=\"elementor-column elementor-col-50 elementor-top-column elementor-element elementor-element-1a9eecba\" data-id=\"1a9eecba\" data-element_type=\"column\">\n\t\t\t<div class=\"elementor-widget-wrap elementor-element-populated\">\n\t\t\t\t\t\t<div class=\"elementor-element elementor-element-58cb2f53 elementor-widget elementor-widget-heading\" data-id=\"58cb2f53\" data-element_type=\"widget\" data-widget_type=\"heading.default\">\n\t\t\t\t<div class=\"elementor-widget-container\">\n\t\t\t\t\t<h4 class=\"elementor-heading-title elementor-size-default\">R\u00c9SOLUTION DES LITIGES COMMERCIAUX<\/h4>\t\t\t\t<\/div>\n\t\t\t\t<\/div>\n\t\t\t\t<div class=\"elementor-element elementor-element-7c463054 elementor-widget elementor-widget-text-editor\" data-id=\"7c463054\" data-element_type=\"widget\" data-widget_type=\"text-editor.default\">\n\t\t\t\t<div class=\"elementor-widget-container\">\n\t\t\t\t\t\t\t\t\t<div class=\"main span8\" role=\"main\">\n<div id=\"PageLiner\">\n<h2><b>LA M\u00c9DIATION POUR UNE SOLUTION MUTUELLE<\/b><\/h2>\n<p>Lors de toute transaction commerciale entre des parties, il est toujours possible que les choses tournent mal et que des litiges surviennent. Qu&#8217;il s&#8217;agisse d&#8217;une proc\u00e9dure judiciaire ou d&#8217;une solution extrajudiciaire, Poveda Vicedo peut vous aider \u00e0 r\u00e9soudre ces probl\u00e8mes et vous conseiller sur la meilleure marche \u00e0 suivre.<\/p>\n<p>Les principaux domaines dans lesquels vous \u00eates susceptibles d&#8217;\u00eatre impliqu\u00e9s sont les suivants :<\/p>\n<ul>\n<li>M\u00e9diation<\/li>\n<li>L&#8217;arbitrage<\/li>\n<li>Litiges<\/li>\n<\/ul>\n<h3><strong>M\u00e9diation<\/strong><\/h3>\n<p>La m\u00e9diation est un processus enti\u00e8rement consensuel par lequel les parties d\u00e9signent un m\u00e9diateur, qui peut \u00eatre une personne avec ou sans formation particuli\u00e8re.<\/p>\n<p>Le m\u00e9diateur n&#8217;a aucun pouvoir, il se contente de faciliter les discussions entre les parties pour tenter de parvenir \u00e0 un accord. La proc\u00e9dure est enti\u00e8rement sans pr\u00e9judice et confidentielle, de sorte que tout ce qui est dit ne peut \u00eatre invoqu\u00e9 \u00e0 un stade ult\u00e9rieur.<\/p>\n<p>Poveda Vicedo est sp\u00e9cialis\u00e9 dans la m\u00e9diation et agit en tant que m\u00e9diateur impartial en facilitant l&#8217;ensemble du processus du d\u00e9but \u00e0 la fin. Les m\u00e9diations peuvent \u00e9galement se d\u00e9rouler dans le lieu neutre de nos bureaux \u00e0 Valence ou \u00e0 Javea.<\/p>\n<\/div>\n<\/div>\n\t\t\t\t\t\t\t\t<\/div>\n\t\t\t\t<\/div>\n\t\t\t\t\t<\/div>\n\t\t<\/div>\n\t\t\t\t\t<\/div>\n\t\t<\/section>\n\t\t\t\t<section class=\"elementor-section elementor-top-section elementor-element elementor-element-9b6707a elementor-section-boxed elementor-section-height-default elementor-section-height-default\" data-id=\"9b6707a\" data-element_type=\"section\">\n\t\t\t\t\t\t<div class=\"elementor-container elementor-column-gap-default\">\n\t\t\t\t\t<div class=\"elementor-column elementor-col-100 elementor-top-column elementor-element elementor-element-b251d8c\" data-id=\"b251d8c\" data-element_type=\"column\">\n\t\t\t<div class=\"elementor-widget-wrap elementor-element-populated\">\n\t\t\t\t\t\t<div class=\"elementor-element elementor-element-381b238 elementor-widget elementor-widget-text-editor\" data-id=\"381b238\" data-element_type=\"widget\" data-widget_type=\"text-editor.default\">\n\t\t\t\t<div class=\"elementor-widget-container\">\n\t\t\t\t\t\t\t\t\t<h3><strong>L&#8217;arbitrage<\/strong><\/h3>\n<p>L&#8217;un des principaux avantages de l&#8217;arbitrage est que les parties concern\u00e9es peuvent choisir leur propre arbitre et qu&#8217;il s&#8217;agit d&#8217;une proc\u00e9dure priv\u00e9e et confidentielle dans le cadre de laquelle les d\u00e9cisions de l&#8217;arbitre ne sont pas rendues publiques. Le fait que les parties aient entam\u00e9 une proc\u00e9dure d&#8217;arbitrage n&#8217;est pas non plus divulgu\u00e9.<\/p>\n<p>L&#8217;arbitrage est souvent privil\u00e9gi\u00e9 dans les affaires internationales et de nombreux accords obligent les parties \u00e0 recourir \u00e0 l&#8217;arbitrage plut\u00f4t qu&#8217;\u00e0 la proc\u00e9dure judiciaire. M\u00eame si ce n&#8217;est pas le cas pour un litige particulier, les parties peuvent convenir de recourir \u00e0 l&#8217;arbitrage plut\u00f4t qu&#8217;\u00e0 la proc\u00e9dure judiciaire si elles le souhaitent.<\/p>\n<p>Poveda Vicedo a une grande exp\u00e9rience de la proc\u00e9dure d&#8217;arbitrage et peut donc conseiller ses clients sur cette proc\u00e9dure, tout en les aidant \u00e0 choisir un arbitre appropri\u00e9.<\/p>\n<h3><strong>Litiges<\/strong><\/h3>\n<p>Il arrive que des transactions et des accords ne se d\u00e9roulent pas comme pr\u00e9vu avec d&#8217;autres parties ou que des produits de consommation ne r\u00e9pondent pas aux attentes. Poveda Vicedo comprend qu&#8217;un litige de grande envergure n&#8217;est pas toujours la meilleure solution et que, dans certains cas, il est possible de trouver une solution en recevant des conseils juridiques et en explorant toutes les possibilit\u00e9s qui s&#8217;offrent \u00e0 vous.<\/p>\n<p>Lorsqu&#8217;un litige de grande envergure est n\u00e9cessaire, Poveda Vicedo vous guidera et vous soutiendra tout au long de la proc\u00e9dure de litige. Vous trouverez ci-dessous une liste des probl\u00e8mes les plus courants pour lesquels nous pouvons vous aider :<\/p>\n<ul>\n<li>Fraude<\/li>\n<li>Diffamation<\/li>\n<li>Litiges bancaires<\/li>\n<li>Dommages aux biens<\/li>\n<li>Contrats<\/li>\n<li>Expulsion<\/li>\n<li>Recouvrement des cr\u00e9ances<\/li>\n<\/ul>\n<p>Plus r\u00e9cemment, le travail le plus &#8220;populaire&#8221; sur lequel nos avocats sont le plus souvent sollicit\u00e9s concerne les questions relatives \u00e0 la construction immobili\u00e8re et \u00e0 l&#8217;achat de maisons, y compris la d\u00e9livrance par les autorit\u00e9s locales de permis de construire ill\u00e9gaux \u00e0 des promoteurs immobiliers.<\/p>\n\t\t\t\t\t\t\t\t<\/div>\n\t\t\t\t<\/div>\n\t\t\t\t\t<\/div>\n\t\t<\/div>\n\t\t\t\t\t<\/div>\n\t\t<\/section>\n\t\t\t\t<\/div>\n\t\t","protected":false},"excerpt":{"rendered":"<p>R\u00c9SOLUTION DES LITIGES COMMERCIAUX LA M\u00c9DIATION POUR UNE SOLUTION MUTUELLE Lors de toute transaction commerciale entre des parties, il est toujours possible que les choses tournent mal et que des litiges surviennent. Qu&#8217;il s&#8217;agisse d&#8217;une proc\u00e9dure judiciaire ou d&#8217;une solution extrajudiciaire, Poveda Vicedo peut vous aider \u00e0 r\u00e9soudre ces probl\u00e8mes et vous conseiller sur la &#8230; <a title=\"R\u00e9solution des litiges commerciaux\" class=\"read-more\" href=\"https:\/\/povedavicedo.com\/fr\/assistance-juridique-aux-entreprises\/commercial-dispute-resolutions\/\" aria-label=\"En savoir plus sur R\u00e9solution des litiges commerciaux\">Lire la suite<\/a><\/p>\n","protected":false},"author":2,"featured_media":0,"parent":24902,"menu_order":0,"comment_status":"closed","ping_status":"closed","template":"","meta":{"footnotes":""},"yoast_head":"<!-- This site is optimized with the Yoast SEO plugin v23.5 - https:\/\/yoast.com\/wordpress\/plugins\/seo\/ -->\n<title>R\u00e9solution des litiges commerciaux - Poveda Vicedo<\/title>\n<meta name=\"description\" content=\"Lors de toute transaction commerciale entre des parties, il est toujours possible que les choses tournent mal et que des litiges surviennent. Qu&#039;il s&#039;agisse d&#039;une proc\u00e9dure judiciaire ou d&#039;une solution extrajudiciaire, Poveda Vicedo peut vous aider \u00e0 r\u00e9soudre ces probl\u00e8mes et vous conseiller sur la meilleure marche \u00e0 suivre.\" \/>\n<meta name=\"robots\" content=\"index, follow, max-snippet:-1, max-image-preview:large, max-video-preview:-1\" \/>\n<link rel=\"canonical\" href=\"https:\/\/povedavicedo.com\/fr\/assistance-juridique-aux-entreprises\/commercial-dispute-resolutions\/\" \/>\n<meta property=\"og:locale\" content=\"fr_FR\" \/>\n<meta property=\"og:type\" content=\"article\" \/>\n<meta property=\"og:title\" content=\"R\u00e9solution des litiges commerciaux - Poveda Vicedo\" \/>\n<meta property=\"og:description\" content=\"Lors de toute transaction commerciale entre des parties, il est toujours possible que les choses tournent mal et que des litiges surviennent. Qu&#039;il s&#039;agisse d&#039;une proc\u00e9dure judiciaire ou d&#039;une solution extrajudiciaire, Poveda Vicedo peut vous aider \u00e0 r\u00e9soudre ces probl\u00e8mes et vous conseiller sur la meilleure marche \u00e0 suivre.\" \/>\n<meta property=\"og:url\" content=\"https:\/\/povedavicedo.com\/fr\/assistance-juridique-aux-entreprises\/commercial-dispute-resolutions\/\" \/>\n<meta property=\"og:site_name\" content=\"Poveda Vicedo\" \/>\n<meta property=\"article:modified_time\" content=\"2024-01-25T09:39:57+00:00\" \/>\n<meta property=\"og:image\" content=\"https:\/\/povedavicedo.com\/wp-content\/uploads\/commercial-dispute-resolutions.jpg\" \/>\n<meta name=\"twitter:card\" content=\"summary_large_image\" \/>\n<meta name=\"twitter:label1\" content=\"Dur\u00e9e de lecture estim\u00e9e\" \/>\n\t<meta name=\"twitter:data1\" content=\"3 minutes\" \/>\n<script type=\"application\/ld+json\" class=\"yoast-schema-graph\">{\"@context\":\"https:\/\/schema.org\",\"@graph\":[{\"@type\":\"WebPage\",\"@id\":\"https:\/\/povedavicedo.com\/fr\/assistance-juridique-aux-entreprises\/commercial-dispute-resolutions\/\",\"url\":\"https:\/\/povedavicedo.com\/fr\/assistance-juridique-aux-entreprises\/commercial-dispute-resolutions\/\",\"name\":\"R\u00e9solution des litiges commerciaux - Poveda Vicedo\",\"isPartOf\":{\"@id\":\"https:\/\/povedavicedo.com\/fr\/#website\"},\"primaryImageOfPage\":{\"@id\":\"https:\/\/povedavicedo.com\/fr\/assistance-juridique-aux-entreprises\/commercial-dispute-resolutions\/#primaryimage\"},\"image\":{\"@id\":\"https:\/\/povedavicedo.com\/fr\/assistance-juridique-aux-entreprises\/commercial-dispute-resolutions\/#primaryimage\"},\"thumbnailUrl\":\"https:\/\/povedavicedo.com\/wp-content\/uploads\/commercial-dispute-resolutions.jpg\",\"datePublished\":\"2023-04-23T09:18:55+00:00\",\"dateModified\":\"2024-01-25T09:39:57+00:00\",\"description\":\"Lors de toute transaction commerciale entre des parties, il est toujours possible que les choses tournent mal et que des litiges surviennent. Qu'il s'agisse d'une proc\u00e9dure judiciaire ou d'une solution extrajudiciaire, Poveda Vicedo peut vous aider \u00e0 r\u00e9soudre ces probl\u00e8mes et vous conseiller sur la meilleure marche \u00e0 suivre.\",\"breadcrumb\":{\"@id\":\"https:\/\/povedavicedo.com\/fr\/assistance-juridique-aux-entreprises\/commercial-dispute-resolutions\/#breadcrumb\"},\"inLanguage\":\"fr-FR\",\"potentialAction\":[{\"@type\":\"ReadAction\",\"target\":[\"https:\/\/povedavicedo.com\/fr\/assistance-juridique-aux-entreprises\/commercial-dispute-resolutions\/\"]}]},{\"@type\":\"ImageObject\",\"inLanguage\":\"fr-FR\",\"@id\":\"https:\/\/povedavicedo.com\/fr\/assistance-juridique-aux-entreprises\/commercial-dispute-resolutions\/#primaryimage\",\"url\":\"https:\/\/povedavicedo.com\/wp-content\/uploads\/commercial-dispute-resolutions.jpg\",\"contentUrl\":\"https:\/\/povedavicedo.com\/wp-content\/uploads\/commercial-dispute-resolutions.jpg\"},{\"@type\":\"BreadcrumbList\",\"@id\":\"https:\/\/povedavicedo.com\/fr\/assistance-juridique-aux-entreprises\/commercial-dispute-resolutions\/#breadcrumb\",\"itemListElement\":[{\"@type\":\"ListItem\",\"position\":1,\"name\":\"Portada\",\"item\":\"https:\/\/povedavicedo.com\/fr\/\"},{\"@type\":\"ListItem\",\"position\":2,\"name\":\"Assistance juridique aux entreprises\",\"item\":\"https:\/\/povedavicedo.com\/fr\/assistance-juridique-aux-entreprises\/\"},{\"@type\":\"ListItem\",\"position\":3,\"name\":\"R\u00e9solution des litiges commerciaux\"}]},{\"@type\":\"WebSite\",\"@id\":\"https:\/\/povedavicedo.com\/fr\/#website\",\"url\":\"https:\/\/povedavicedo.com\/fr\/\",\"name\":\"Poveda Vicedo\",\"description\":\"Abogados - Solicitors Est. 1957\",\"publisher\":{\"@id\":\"https:\/\/povedavicedo.com\/fr\/#organization\"},\"potentialAction\":[{\"@type\":\"SearchAction\",\"target\":{\"@type\":\"EntryPoint\",\"urlTemplate\":\"https:\/\/povedavicedo.com\/fr\/?s={search_term_string}\"},\"query-input\":{\"@type\":\"PropertyValueSpecification\",\"valueRequired\":true,\"valueName\":\"search_term_string\"}}],\"inLanguage\":\"fr-FR\"},{\"@type\":\"Organization\",\"@id\":\"https:\/\/povedavicedo.com\/fr\/#organization\",\"name\":\"Poveda Vicedo\",\"url\":\"https:\/\/povedavicedo.com\/fr\/\",\"logo\":{\"@type\":\"ImageObject\",\"inLanguage\":\"fr-FR\",\"@id\":\"https:\/\/povedavicedo.com\/fr\/#\/schema\/logo\/image\/\",\"url\":\"https:\/\/povedavicedo.com\/wp-content\/uploads\/poveda-vicedo-abogados-logo.png\",\"contentUrl\":\"https:\/\/povedavicedo.com\/wp-content\/uploads\/poveda-vicedo-abogados-logo.png\",\"width\":300,\"height\":82,\"caption\":\"Poveda Vicedo\"},\"image\":{\"@id\":\"https:\/\/povedavicedo.com\/fr\/#\/schema\/logo\/image\/\"}}]}<\/script>\n<!-- \/ Yoast SEO plugin. -->","yoast_head_json":{"title":"R\u00e9solution des litiges commerciaux - Poveda Vicedo","description":"Lors de toute transaction commerciale entre des parties, il est toujours possible que les choses tournent mal et que des litiges surviennent. Qu'il s'agisse d'une proc\u00e9dure judiciaire ou d'une solution extrajudiciaire, Poveda Vicedo peut vous aider \u00e0 r\u00e9soudre ces probl\u00e8mes et vous conseiller sur la meilleure marche \u00e0 suivre.","robots":{"index":"index","follow":"follow","max-snippet":"max-snippet:-1","max-image-preview":"max-image-preview:large","max-video-preview":"max-video-preview:-1"},"canonical":"https:\/\/povedavicedo.com\/fr\/assistance-juridique-aux-entreprises\/commercial-dispute-resolutions\/","og_locale":"fr_FR","og_type":"article","og_title":"R\u00e9solution des litiges commerciaux - Poveda Vicedo","og_description":"Lors de toute transaction commerciale entre des parties, il est toujours possible que les choses tournent mal et que des litiges surviennent. Qu'il s'agisse d'une proc\u00e9dure judiciaire ou d'une solution extrajudiciaire, Poveda Vicedo peut vous aider \u00e0 r\u00e9soudre ces probl\u00e8mes et vous conseiller sur la meilleure marche \u00e0 suivre.","og_url":"https:\/\/povedavicedo.com\/fr\/assistance-juridique-aux-entreprises\/commercial-dispute-resolutions\/","og_site_name":"Poveda Vicedo","article_modified_time":"2024-01-25T09:39:57+00:00","og_image":[{"url":"https:\/\/povedavicedo.com\/wp-content\/uploads\/commercial-dispute-resolutions.jpg"}],"twitter_card":"summary_large_image","twitter_misc":{"Dur\u00e9e de lecture estim\u00e9e":"3 minutes"},"schema":{"@context":"https:\/\/schema.org","@graph":[{"@type":"WebPage","@id":"https:\/\/povedavicedo.com\/fr\/assistance-juridique-aux-entreprises\/commercial-dispute-resolutions\/","url":"https:\/\/povedavicedo.com\/fr\/assistance-juridique-aux-entreprises\/commercial-dispute-resolutions\/","name":"R\u00e9solution des litiges commerciaux - Poveda Vicedo","isPartOf":{"@id":"https:\/\/povedavicedo.com\/fr\/#website"},"primaryImageOfPage":{"@id":"https:\/\/povedavicedo.com\/fr\/assistance-juridique-aux-entreprises\/commercial-dispute-resolutions\/#primaryimage"},"image":{"@id":"https:\/\/povedavicedo.com\/fr\/assistance-juridique-aux-entreprises\/commercial-dispute-resolutions\/#primaryimage"},"thumbnailUrl":"https:\/\/povedavicedo.com\/wp-content\/uploads\/commercial-dispute-resolutions.jpg","datePublished":"2023-04-23T09:18:55+00:00","dateModified":"2024-01-25T09:39:57+00:00","description":"Lors de toute transaction commerciale entre des parties, il est toujours possible que les choses tournent mal et que des litiges surviennent. Qu'il s'agisse d'une proc\u00e9dure judiciaire ou d'une solution extrajudiciaire, Poveda Vicedo peut vous aider \u00e0 r\u00e9soudre ces probl\u00e8mes et vous conseiller sur la meilleure marche \u00e0 suivre.","breadcrumb":{"@id":"https:\/\/povedavicedo.com\/fr\/assistance-juridique-aux-entreprises\/commercial-dispute-resolutions\/#breadcrumb"},"inLanguage":"fr-FR","potentialAction":[{"@type":"ReadAction","target":["https:\/\/povedavicedo.com\/fr\/assistance-juridique-aux-entreprises\/commercial-dispute-resolutions\/"]}]},{"@type":"ImageObject","inLanguage":"fr-FR","@id":"https:\/\/povedavicedo.com\/fr\/assistance-juridique-aux-entreprises\/commercial-dispute-resolutions\/#primaryimage","url":"https:\/\/povedavicedo.com\/wp-content\/uploads\/commercial-dispute-resolutions.jpg","contentUrl":"https:\/\/povedavicedo.com\/wp-content\/uploads\/commercial-dispute-resolutions.jpg"},{"@type":"BreadcrumbList","@id":"https:\/\/povedavicedo.com\/fr\/assistance-juridique-aux-entreprises\/commercial-dispute-resolutions\/#breadcrumb","itemListElement":[{"@type":"ListItem","position":1,"name":"Portada","item":"https:\/\/povedavicedo.com\/fr\/"},{"@type":"ListItem","position":2,"name":"Assistance juridique aux entreprises","item":"https:\/\/povedavicedo.com\/fr\/assistance-juridique-aux-entreprises\/"},{"@type":"ListItem","position":3,"name":"R\u00e9solution des litiges commerciaux"}]},{"@type":"WebSite","@id":"https:\/\/povedavicedo.com\/fr\/#website","url":"https:\/\/povedavicedo.com\/fr\/","name":"Poveda Vicedo","description":"Abogados - Solicitors Est. 1957","publisher":{"@id":"https:\/\/povedavicedo.com\/fr\/#organization"},"potentialAction":[{"@type":"SearchAction","target":{"@type":"EntryPoint","urlTemplate":"https:\/\/povedavicedo.com\/fr\/?s={search_term_string}"},"query-input":{"@type":"PropertyValueSpecification","valueRequired":true,"valueName":"search_term_string"}}],"inLanguage":"fr-FR"},{"@type":"Organization","@id":"https:\/\/povedavicedo.com\/fr\/#organization","name":"Poveda Vicedo","url":"https:\/\/povedavicedo.com\/fr\/","logo":{"@type":"ImageObject","inLanguage":"fr-FR","@id":"https:\/\/povedavicedo.com\/fr\/#\/schema\/logo\/image\/","url":"https:\/\/povedavicedo.com\/wp-content\/uploads\/poveda-vicedo-abogados-logo.png","contentUrl":"https:\/\/povedavicedo.com\/wp-content\/uploads\/poveda-vicedo-abogados-logo.png","width":300,"height":82,"caption":"Poveda Vicedo"},"image":{"@id":"https:\/\/povedavicedo.com\/fr\/#\/schema\/logo\/image\/"}}]}},"_links":{"self":[{"href":"https:\/\/povedavicedo.com\/fr\/wp-json\/wp\/v2\/pages\/24815"}],"collection":[{"href":"https:\/\/povedavicedo.com\/fr\/wp-json\/wp\/v2\/pages"}],"about":[{"href":"https:\/\/povedavicedo.com\/fr\/wp-json\/wp\/v2\/types\/page"}],"author":[{"embeddable":true,"href":"https:\/\/povedavicedo.com\/fr\/wp-json\/wp\/v2\/users\/2"}],"replies":[{"embeddable":true,"href":"https:\/\/povedavicedo.com\/fr\/wp-json\/wp\/v2\/comments?post=24815"}],"version-history":[{"count":4,"href":"https:\/\/povedavicedo.com\/fr\/wp-json\/wp\/v2\/pages\/24815\/revisions"}],"predecessor-version":[{"id":26037,"href":"https:\/\/povedavicedo.com\/fr\/wp-json\/wp\/v2\/pages\/24815\/revisions\/26037"}],"up":[{"embeddable":true,"href":"https:\/\/povedavicedo.com\/fr\/wp-json\/wp\/v2\/pages\/24902"}],"wp:attachment":[{"href":"https:\/\/povedavicedo.com\/fr\/wp-json\/wp\/v2\/media?parent=24815"}],"curies":[{"name":"wp","href":"https:\/\/api.w.org\/{rel}","templated":true}]}}