{"id":24810,"date":"2018-04-23T11:21:31","date_gmt":"2018-04-23T09:21:31","guid":{"rendered":"https:\/\/povedanew.local\/business-set-up\/"},"modified":"2024-01-25T10:39:44","modified_gmt":"2024-01-25T09:39:44","slug":"business-set-up","status":"publish","type":"page","link":"https:\/\/povedavicedo.com\/fr\/assistance-juridique-aux-entreprises\/business-set-up\/","title":{"rendered":"Cr\u00e9ation d&#8217;entreprise"},"content":{"rendered":"\t\t<div data-elementor-type=\"wp-post\" data-elementor-id=\"24810\" class=\"elementor elementor-24810 elementor-24549\">\n\t\t\t\t\t\t<section class=\"elementor-section elementor-top-section elementor-element elementor-element-15e4da37 elementor-section-content-top elementor-section-stretched elementor-section-boxed elementor-section-height-default elementor-section-height-default\" data-id=\"15e4da37\" data-element_type=\"section\" data-settings=\"{&quot;stretch_section&quot;:&quot;section-stretched&quot;}\">\n\t\t\t\t\t\t<div class=\"elementor-container elementor-column-gap-no\">\n\t\t\t\t\t<div class=\"elementor-column elementor-col-50 elementor-top-column elementor-element elementor-element-260412d8\" data-id=\"260412d8\" data-element_type=\"column\">\n\t\t\t<div class=\"elementor-widget-wrap elementor-element-populated\">\n\t\t\t\t\t\t<div class=\"elementor-element elementor-element-21cc803e elementor-widget elementor-widget-image\" data-id=\"21cc803e\" data-element_type=\"widget\" data-widget_type=\"image.default\">\n\t\t\t\t<div class=\"elementor-widget-container\">\n\t\t\t\t\t\t\t\t\t\t\t\t\t\t\t<img fetchpriority=\"high\" decoding=\"async\" width=\"800\" height=\"1280\" src=\"https:\/\/povedavicedo.com\/wp-content\/uploads\/business-set-up.jpg\" class=\"attachment-full size-full wp-image-24732\" alt=\"business set up\" srcset=\"https:\/\/povedavicedo.com\/wp-content\/uploads\/business-set-up.jpg 800w, https:\/\/povedavicedo.com\/wp-content\/uploads\/business-set-up-768x1229.jpg 768w\" sizes=\"(max-width: 800px) 100vw, 800px\" \/>\t\t\t\t\t\t\t\t\t\t\t\t\t\t\t<\/div>\n\t\t\t\t<\/div>\n\t\t\t\t\t<\/div>\n\t\t<\/div>\n\t\t\t\t<div class=\"elementor-column elementor-col-50 elementor-top-column elementor-element elementor-element-1a9eecba\" data-id=\"1a9eecba\" data-element_type=\"column\">\n\t\t\t<div class=\"elementor-widget-wrap elementor-element-populated\">\n\t\t\t\t\t\t<div class=\"elementor-element elementor-element-58cb2f53 elementor-widget elementor-widget-heading\" data-id=\"58cb2f53\" data-element_type=\"widget\" data-widget_type=\"heading.default\">\n\t\t\t\t<div class=\"elementor-widget-container\">\n\t\t\t\t\t<h4 class=\"elementor-heading-title elementor-size-default\">CR\u00c9ATION D'ENTREPRISE<\/h4>\t\t\t\t<\/div>\n\t\t\t\t<\/div>\n\t\t\t\t<div class=\"elementor-element elementor-element-7c463054 elementor-widget elementor-widget-text-editor\" data-id=\"7c463054\" data-element_type=\"widget\" data-widget_type=\"text-editor.default\">\n\t\t\t\t<div class=\"elementor-widget-container\">\n\t\t\t\t\t\t\t\t\t<div class=\"main span8\" role=\"main\">\n<div id=\"PageLiner\">\n<h2><b>VOUS AIDER DANS VOTRE NOUVELLE ENTREPRISE<\/b><\/h2>\n<p>Que vous lanciez une toute nouvelle entreprise en Espagne ou que vous envisagiez d&#8217;\u00e9tendre votre activit\u00e9 existante au march\u00e9 espagnol, certaines questions importantes doivent \u00eatre abord\u00e9es.<\/p>\n<p>Les avocats d&#8217;affaires de <strong>Poveda Vicedo <\/strong>ont une excellente compr\u00e9hension et une vaste exp\u00e9rience de la bureaucratie espagnole et sont les mieux plac\u00e9s pour vous aider \u00e0 r\u00e9ussir votre projet d&#8217;entreprise.<\/p>\n<p>Apr\u00e8s la mise en place initiale de l&#8217;entreprise, nous pouvons fournir un certain nombre de solutions d&#8217;entreprise et commerciales afin d&#8217;assurer le bon fonctionnement et le d\u00e9veloppement continu de votre entreprise.<\/p>\n<p><strong>Poveda Vicedo<\/strong> Services d&#8217;aide \u00e0 la cr\u00e9ation d&#8217;entreprise<\/p>\n<ul>\n<li>Constitution de soci\u00e9t\u00e9s et cr\u00e9ation d&#8217;entreprises<\/li>\n<li>Accords commerciaux<\/li>\n<li>Structuration des entreprises<\/li>\n<li>Pactes d&#8217;actionnaires<\/li>\n<li>Entreprises communes<\/li>\n<li>PME<\/li>\n<li>Structuration des transactions immobili\u00e8res<\/li>\n<li>Services aux entreprises au Royaume-Uni, en Irlande et en Espagne.<\/li>\n<\/ul>\n<\/div>\n<\/div>\n\t\t\t\t\t\t\t\t<\/div>\n\t\t\t\t<\/div>\n\t\t\t\t\t<\/div>\n\t\t<\/div>\n\t\t\t\t\t<\/div>\n\t\t<\/section>\n\t\t\t\t<\/div>\n\t\t","protected":false},"excerpt":{"rendered":"<p>CR\u00c9ATION D&#8217;ENTREPRISE VOUS AIDER DANS VOTRE NOUVELLE ENTREPRISE Que vous lanciez une toute nouvelle entreprise en Espagne ou que vous envisagiez d&#8217;\u00e9tendre votre activit\u00e9 existante au march\u00e9 espagnol, certaines questions importantes doivent \u00eatre abord\u00e9es. Les avocats d&#8217;affaires de Poveda Vicedo ont une excellente compr\u00e9hension et une vaste exp\u00e9rience de la bureaucratie espagnole et sont les &#8230; <a title=\"Cr\u00e9ation d&#8217;entreprise\" class=\"read-more\" href=\"https:\/\/povedavicedo.com\/fr\/assistance-juridique-aux-entreprises\/business-set-up\/\" aria-label=\"En savoir plus sur Cr\u00e9ation d&#8217;entreprise\">Lire la suite<\/a><\/p>\n","protected":false},"author":2,"featured_media":0,"parent":24902,"menu_order":0,"comment_status":"closed","ping_status":"closed","template":"","meta":{"footnotes":""},"yoast_head":"<!-- This site is optimized with the Yoast SEO plugin v23.5 - https:\/\/yoast.com\/wordpress\/plugins\/seo\/ -->\n<title>Cr\u00e9ation d&#039;entreprise - Poveda Vicedo<\/title>\n<meta name=\"description\" content=\"Que vous lanciez une toute nouvelle entreprise en Espagne ou que vous envisagiez d&#039;\u00e9tendre votre activit\u00e9 existante au march\u00e9 espagnol, certaines questions importantes doivent \u00eatre abord\u00e9es.\" \/>\n<meta name=\"robots\" content=\"index, follow, max-snippet:-1, max-image-preview:large, max-video-preview:-1\" \/>\n<link rel=\"canonical\" href=\"https:\/\/povedavicedo.com\/fr\/assistance-juridique-aux-entreprises\/business-set-up\/\" \/>\n<meta property=\"og:locale\" content=\"fr_FR\" \/>\n<meta property=\"og:type\" content=\"article\" \/>\n<meta property=\"og:title\" content=\"Cr\u00e9ation d&#039;entreprise - Poveda Vicedo\" \/>\n<meta property=\"og:description\" content=\"Que vous lanciez une toute nouvelle entreprise en Espagne ou que vous envisagiez d&#039;\u00e9tendre votre activit\u00e9 existante au march\u00e9 espagnol, certaines questions importantes doivent \u00eatre abord\u00e9es.\" \/>\n<meta property=\"og:url\" content=\"https:\/\/povedavicedo.com\/fr\/assistance-juridique-aux-entreprises\/business-set-up\/\" \/>\n<meta property=\"og:site_name\" content=\"Poveda Vicedo\" \/>\n<meta property=\"article:modified_time\" content=\"2024-01-25T09:39:44+00:00\" \/>\n<meta property=\"og:image\" content=\"https:\/\/povedavicedo.com\/wp-content\/uploads\/business-set-up.jpg\" \/>\n<meta name=\"twitter:card\" content=\"summary_large_image\" \/>\n<meta name=\"twitter:label1\" content=\"Dur\u00e9e de lecture estim\u00e9e\" \/>\n\t<meta name=\"twitter:data1\" content=\"1 minute\" \/>\n<script type=\"application\/ld+json\" class=\"yoast-schema-graph\">{\"@context\":\"https:\/\/schema.org\",\"@graph\":[{\"@type\":\"WebPage\",\"@id\":\"https:\/\/povedavicedo.com\/fr\/assistance-juridique-aux-entreprises\/business-set-up\/\",\"url\":\"https:\/\/povedavicedo.com\/fr\/assistance-juridique-aux-entreprises\/business-set-up\/\",\"name\":\"Cr\u00e9ation d'entreprise - Poveda Vicedo\",\"isPartOf\":{\"@id\":\"https:\/\/povedavicedo.com\/fr\/#website\"},\"primaryImageOfPage\":{\"@id\":\"https:\/\/povedavicedo.com\/fr\/assistance-juridique-aux-entreprises\/business-set-up\/#primaryimage\"},\"image\":{\"@id\":\"https:\/\/povedavicedo.com\/fr\/assistance-juridique-aux-entreprises\/business-set-up\/#primaryimage\"},\"thumbnailUrl\":\"https:\/\/povedavicedo.com\/wp-content\/uploads\/business-set-up.jpg\",\"datePublished\":\"2018-04-23T09:21:31+00:00\",\"dateModified\":\"2024-01-25T09:39:44+00:00\",\"description\":\"Que vous lanciez une toute nouvelle entreprise en Espagne ou que vous envisagiez d'\u00e9tendre votre activit\u00e9 existante au march\u00e9 espagnol, certaines questions importantes doivent \u00eatre abord\u00e9es.\",\"breadcrumb\":{\"@id\":\"https:\/\/povedavicedo.com\/fr\/assistance-juridique-aux-entreprises\/business-set-up\/#breadcrumb\"},\"inLanguage\":\"fr-FR\",\"potentialAction\":[{\"@type\":\"ReadAction\",\"target\":[\"https:\/\/povedavicedo.com\/fr\/assistance-juridique-aux-entreprises\/business-set-up\/\"]}]},{\"@type\":\"ImageObject\",\"inLanguage\":\"fr-FR\",\"@id\":\"https:\/\/povedavicedo.com\/fr\/assistance-juridique-aux-entreprises\/business-set-up\/#primaryimage\",\"url\":\"https:\/\/povedavicedo.com\/wp-content\/uploads\/business-set-up.jpg\",\"contentUrl\":\"https:\/\/povedavicedo.com\/wp-content\/uploads\/business-set-up.jpg\"},{\"@type\":\"BreadcrumbList\",\"@id\":\"https:\/\/povedavicedo.com\/fr\/assistance-juridique-aux-entreprises\/business-set-up\/#breadcrumb\",\"itemListElement\":[{\"@type\":\"ListItem\",\"position\":1,\"name\":\"Portada\",\"item\":\"https:\/\/povedavicedo.com\/fr\/\"},{\"@type\":\"ListItem\",\"position\":2,\"name\":\"Assistance juridique aux entreprises\",\"item\":\"https:\/\/povedavicedo.com\/fr\/assistance-juridique-aux-entreprises\/\"},{\"@type\":\"ListItem\",\"position\":3,\"name\":\"Cr\u00e9ation d&#8217;entreprise\"}]},{\"@type\":\"WebSite\",\"@id\":\"https:\/\/povedavicedo.com\/fr\/#website\",\"url\":\"https:\/\/povedavicedo.com\/fr\/\",\"name\":\"Poveda Vicedo\",\"description\":\"Abogados - Solicitors Est. 1957\",\"publisher\":{\"@id\":\"https:\/\/povedavicedo.com\/fr\/#organization\"},\"potentialAction\":[{\"@type\":\"SearchAction\",\"target\":{\"@type\":\"EntryPoint\",\"urlTemplate\":\"https:\/\/povedavicedo.com\/fr\/?s={search_term_string}\"},\"query-input\":{\"@type\":\"PropertyValueSpecification\",\"valueRequired\":true,\"valueName\":\"search_term_string\"}}],\"inLanguage\":\"fr-FR\"},{\"@type\":\"Organization\",\"@id\":\"https:\/\/povedavicedo.com\/fr\/#organization\",\"name\":\"Poveda Vicedo\",\"url\":\"https:\/\/povedavicedo.com\/fr\/\",\"logo\":{\"@type\":\"ImageObject\",\"inLanguage\":\"fr-FR\",\"@id\":\"https:\/\/povedavicedo.com\/fr\/#\/schema\/logo\/image\/\",\"url\":\"https:\/\/povedavicedo.com\/wp-content\/uploads\/poveda-vicedo-abogados-logo.png\",\"contentUrl\":\"https:\/\/povedavicedo.com\/wp-content\/uploads\/poveda-vicedo-abogados-logo.png\",\"width\":300,\"height\":82,\"caption\":\"Poveda Vicedo\"},\"image\":{\"@id\":\"https:\/\/povedavicedo.com\/fr\/#\/schema\/logo\/image\/\"}}]}<\/script>\n<!-- \/ Yoast SEO plugin. -->","yoast_head_json":{"title":"Cr\u00e9ation d'entreprise - Poveda Vicedo","description":"Que vous lanciez une toute nouvelle entreprise en Espagne ou que vous envisagiez d'\u00e9tendre votre activit\u00e9 existante au march\u00e9 espagnol, certaines questions importantes doivent \u00eatre abord\u00e9es.","robots":{"index":"index","follow":"follow","max-snippet":"max-snippet:-1","max-image-preview":"max-image-preview:large","max-video-preview":"max-video-preview:-1"},"canonical":"https:\/\/povedavicedo.com\/fr\/assistance-juridique-aux-entreprises\/business-set-up\/","og_locale":"fr_FR","og_type":"article","og_title":"Cr\u00e9ation d'entreprise - Poveda Vicedo","og_description":"Que vous lanciez une toute nouvelle entreprise en Espagne ou que vous envisagiez d'\u00e9tendre votre activit\u00e9 existante au march\u00e9 espagnol, certaines questions importantes doivent \u00eatre abord\u00e9es.","og_url":"https:\/\/povedavicedo.com\/fr\/assistance-juridique-aux-entreprises\/business-set-up\/","og_site_name":"Poveda Vicedo","article_modified_time":"2024-01-25T09:39:44+00:00","og_image":[{"url":"https:\/\/povedavicedo.com\/wp-content\/uploads\/business-set-up.jpg"}],"twitter_card":"summary_large_image","twitter_misc":{"Dur\u00e9e de lecture estim\u00e9e":"1 minute"},"schema":{"@context":"https:\/\/schema.org","@graph":[{"@type":"WebPage","@id":"https:\/\/povedavicedo.com\/fr\/assistance-juridique-aux-entreprises\/business-set-up\/","url":"https:\/\/povedavicedo.com\/fr\/assistance-juridique-aux-entreprises\/business-set-up\/","name":"Cr\u00e9ation d'entreprise - Poveda Vicedo","isPartOf":{"@id":"https:\/\/povedavicedo.com\/fr\/#website"},"primaryImageOfPage":{"@id":"https:\/\/povedavicedo.com\/fr\/assistance-juridique-aux-entreprises\/business-set-up\/#primaryimage"},"image":{"@id":"https:\/\/povedavicedo.com\/fr\/assistance-juridique-aux-entreprises\/business-set-up\/#primaryimage"},"thumbnailUrl":"https:\/\/povedavicedo.com\/wp-content\/uploads\/business-set-up.jpg","datePublished":"2018-04-23T09:21:31+00:00","dateModified":"2024-01-25T09:39:44+00:00","description":"Que vous lanciez une toute nouvelle entreprise en Espagne ou que vous envisagiez d'\u00e9tendre votre activit\u00e9 existante au march\u00e9 espagnol, certaines questions importantes doivent \u00eatre abord\u00e9es.","breadcrumb":{"@id":"https:\/\/povedavicedo.com\/fr\/assistance-juridique-aux-entreprises\/business-set-up\/#breadcrumb"},"inLanguage":"fr-FR","potentialAction":[{"@type":"ReadAction","target":["https:\/\/povedavicedo.com\/fr\/assistance-juridique-aux-entreprises\/business-set-up\/"]}]},{"@type":"ImageObject","inLanguage":"fr-FR","@id":"https:\/\/povedavicedo.com\/fr\/assistance-juridique-aux-entreprises\/business-set-up\/#primaryimage","url":"https:\/\/povedavicedo.com\/wp-content\/uploads\/business-set-up.jpg","contentUrl":"https:\/\/povedavicedo.com\/wp-content\/uploads\/business-set-up.jpg"},{"@type":"BreadcrumbList","@id":"https:\/\/povedavicedo.com\/fr\/assistance-juridique-aux-entreprises\/business-set-up\/#breadcrumb","itemListElement":[{"@type":"ListItem","position":1,"name":"Portada","item":"https:\/\/povedavicedo.com\/fr\/"},{"@type":"ListItem","position":2,"name":"Assistance juridique aux entreprises","item":"https:\/\/povedavicedo.com\/fr\/assistance-juridique-aux-entreprises\/"},{"@type":"ListItem","position":3,"name":"Cr\u00e9ation d&#8217;entreprise"}]},{"@type":"WebSite","@id":"https:\/\/povedavicedo.com\/fr\/#website","url":"https:\/\/povedavicedo.com\/fr\/","name":"Poveda Vicedo","description":"Abogados - Solicitors Est. 1957","publisher":{"@id":"https:\/\/povedavicedo.com\/fr\/#organization"},"potentialAction":[{"@type":"SearchAction","target":{"@type":"EntryPoint","urlTemplate":"https:\/\/povedavicedo.com\/fr\/?s={search_term_string}"},"query-input":{"@type":"PropertyValueSpecification","valueRequired":true,"valueName":"search_term_string"}}],"inLanguage":"fr-FR"},{"@type":"Organization","@id":"https:\/\/povedavicedo.com\/fr\/#organization","name":"Poveda Vicedo","url":"https:\/\/povedavicedo.com\/fr\/","logo":{"@type":"ImageObject","inLanguage":"fr-FR","@id":"https:\/\/povedavicedo.com\/fr\/#\/schema\/logo\/image\/","url":"https:\/\/povedavicedo.com\/wp-content\/uploads\/poveda-vicedo-abogados-logo.png","contentUrl":"https:\/\/povedavicedo.com\/wp-content\/uploads\/poveda-vicedo-abogados-logo.png","width":300,"height":82,"caption":"Poveda Vicedo"},"image":{"@id":"https:\/\/povedavicedo.com\/fr\/#\/schema\/logo\/image\/"}}]}},"_links":{"self":[{"href":"https:\/\/povedavicedo.com\/fr\/wp-json\/wp\/v2\/pages\/24810"}],"collection":[{"href":"https:\/\/povedavicedo.com\/fr\/wp-json\/wp\/v2\/pages"}],"about":[{"href":"https:\/\/povedavicedo.com\/fr\/wp-json\/wp\/v2\/types\/page"}],"author":[{"embeddable":true,"href":"https:\/\/povedavicedo.com\/fr\/wp-json\/wp\/v2\/users\/2"}],"replies":[{"embeddable":true,"href":"https:\/\/povedavicedo.com\/fr\/wp-json\/wp\/v2\/comments?post=24810"}],"version-history":[{"count":4,"href":"https:\/\/povedavicedo.com\/fr\/wp-json\/wp\/v2\/pages\/24810\/revisions"}],"predecessor-version":[{"id":26033,"href":"https:\/\/povedavicedo.com\/fr\/wp-json\/wp\/v2\/pages\/24810\/revisions\/26033"}],"up":[{"embeddable":true,"href":"https:\/\/povedavicedo.com\/fr\/wp-json\/wp\/v2\/pages\/24902"}],"wp:attachment":[{"href":"https:\/\/povedavicedo.com\/fr\/wp-json\/wp\/v2\/media?parent=24810"}],"curies":[{"name":"wp","href":"https:\/\/api.w.org\/{rel}","templated":true}]}}