{"id":24788,"date":"2023-04-23T12:12:14","date_gmt":"2023-04-23T10:12:14","guid":{"rendered":"https:\/\/povedanew.local\/angel-miguel-poveda-ferrando\/"},"modified":"2024-01-25T10:38:53","modified_gmt":"2024-01-25T09:38:53","slug":"angel-miguel-poveda-ferrando","status":"publish","type":"page","link":"https:\/\/povedavicedo.com\/fr\/angel-miguel-poveda-ferrando\/","title":{"rendered":"Angel Miguel Poveda Ferrando"},"content":{"rendered":"\t\t<div data-elementor-type=\"wp-post\" data-elementor-id=\"24788\" class=\"elementor elementor-24788 elementor-24656\">\n\t\t\t\t\t\t<section class=\"elementor-section elementor-top-section elementor-element elementor-element-2924f34 elementor-section-stretched elementor-section-boxed elementor-section-height-default elementor-section-height-default\" data-id=\"2924f34\" data-element_type=\"section\" data-settings=\"{&quot;stretch_section&quot;:&quot;section-stretched&quot;}\">\n\t\t\t\t\t\t<div class=\"elementor-container elementor-column-gap-default\">\n\t\t\t\t\t<div class=\"elementor-column elementor-col-50 elementor-top-column elementor-element elementor-element-add1d92\" data-id=\"add1d92\" data-element_type=\"column\">\n\t\t\t<div class=\"elementor-widget-wrap elementor-element-populated\">\n\t\t\t\t\t\t<div class=\"elementor-element elementor-element-8cf1634 elementor-widget elementor-widget-image\" data-id=\"8cf1634\" data-element_type=\"widget\" data-widget_type=\"image.default\">\n\t\t\t\t<div class=\"elementor-widget-container\">\n\t\t\t\t\t\t\t\t\t\t\t\t\t\t\t<img fetchpriority=\"high\" decoding=\"async\" width=\"450\" height=\"600\" src=\"https:\/\/povedavicedo.com\/wp-content\/uploads\/WhatsApp-Image-2023-04-14-at-14.32.34-7-scaled-1.jpeg\" class=\"attachment-full size-full wp-image-25329\" alt=\"\" \/>\t\t\t\t\t\t\t\t\t\t\t\t\t\t\t<\/div>\n\t\t\t\t<\/div>\n\t\t\t\t\t<\/div>\n\t\t<\/div>\n\t\t\t\t<div class=\"elementor-column elementor-col-50 elementor-top-column elementor-element elementor-element-7a0da10\" data-id=\"7a0da10\" data-element_type=\"column\">\n\t\t\t<div class=\"elementor-widget-wrap elementor-element-populated\">\n\t\t\t\t\t\t<div class=\"elementor-element elementor-element-083a1ae elementor-widget elementor-widget-heading\" data-id=\"083a1ae\" data-element_type=\"widget\" data-widget_type=\"heading.default\">\n\t\t\t\t<div class=\"elementor-widget-container\">\n\t\t\t\t\t<h1 class=\"elementor-heading-title elementor-size-default\">Angel Miguel Poveda Ferrando<\/h1>\t\t\t\t<\/div>\n\t\t\t\t<\/div>\n\t\t\t\t<div class=\"elementor-element elementor-element-85e4d41 elementor-widget elementor-widget-heading\" data-id=\"85e4d41\" data-element_type=\"widget\" data-widget_type=\"heading.default\">\n\t\t\t\t<div class=\"elementor-widget-container\">\n\t\t\t\t\t<h2 class=\"elementor-heading-title elementor-size-default\">DROIT CIVIL, P\u00c9NAL, PROC\u00c9DURAL, DROIT DU TRAVAIL, DROIT DES SOCI\u00c9T\u00c9S ET DROIT COMMERCIAL<\/h2>\t\t\t\t<\/div>\n\t\t\t\t<\/div>\n\t\t\t\t<div class=\"elementor-element elementor-element-0df2785 elementor-widget elementor-widget-text-editor\" data-id=\"0df2785\" data-element_type=\"widget\" data-widget_type=\"text-editor.default\">\n\t\t\t\t<div class=\"elementor-widget-container\">\n\t\t\t\t\t\t\t\t\t<p>Angel a obtenu un dipl\u00f4me de droit avec mention \u00e0 l&#8217;universit\u00e9 (CEU) SAN PABLO situ\u00e9e \u00e0 Moncada, Valence, en 1991. Il s&#8217;est ensuite sp\u00e9cialis\u00e9 en droit priv\u00e9 en obtenant un dipl\u00f4me suppl\u00e9mentaire \u00e0 l&#8217;universit\u00e9 de Valence en 1993. Angel s&#8217;est inscrit au barreau de Valence en 1994<a title=\"CITAV\" href=\"http:\/\/es.icav.es\/\">(ICAV<\/a>) et porte depuis lors le num\u00e9ro de membre 7486.<\/p>\n<p>S&#8217;appuyant sur ces qualifications notables, Angel a ensuite suivi un cours de pratique juridique au barreau de Valence en 1994 avant d&#8217;effectuer des stages et de pratiquer dans plusieurs bureaux professionnels de la capitale de Valence.<\/p>\n<p>Le p\u00e8re d&#8217;Angel a cr\u00e9\u00e9 le cabinet ANGEL POVEDA Abogados dans les ann\u00e9es 1950 dans le centre de Valence. Angel Poveda senior, avocat tr\u00e8s connu et respect\u00e9, a acquis une notori\u00e9t\u00e9 dans les milieux juridiques valenciens pour ses comp\u00e9tences devant les tribunaux. Son fils Angel est devenu associ\u00e9 du cabinet en 1994. Peu apr\u00e8s \u00eatre devenu associ\u00e9, Angel a ouvert un deuxi\u00e8me bureau \u00e0 J\u00e1vea (Alicante) afin de fournir des services juridiques aux \u00e9trangers et aux non-r\u00e9sidents.<\/p>\n\t\t\t\t\t\t\t\t<\/div>\n\t\t\t\t<\/div>\n\t\t\t\t\t<\/div>\n\t\t<\/div>\n\t\t\t\t\t<\/div>\n\t\t<\/section>\n\t\t\t\t<section class=\"elementor-section elementor-top-section elementor-element elementor-element-d92c66e elementor-section-stretched elementor-section-boxed elementor-section-height-default elementor-section-height-default\" data-id=\"d92c66e\" data-element_type=\"section\" data-settings=\"{&quot;stretch_section&quot;:&quot;section-stretched&quot;}\">\n\t\t\t\t\t\t<div class=\"elementor-container elementor-column-gap-default\">\n\t\t\t\t\t<div class=\"elementor-column elementor-col-100 elementor-top-column elementor-element elementor-element-7c89b60\" data-id=\"7c89b60\" data-element_type=\"column\">\n\t\t\t<div class=\"elementor-widget-wrap elementor-element-populated\">\n\t\t\t\t\t\t<div class=\"elementor-element elementor-element-5ce859b elementor-widget elementor-widget-text-editor\" data-id=\"5ce859b\" data-element_type=\"widget\" data-widget_type=\"text-editor.default\">\n\t\t\t\t<div class=\"elementor-widget-container\">\n\t\t\t\t\t\t\t\t\t<p><span style=\"color: var( --e-global-color-text ); font-family: var( --e-global-typography-text-font-family ), Sans-serif; font-weight: var( --e-global-typography-text-font-weight );\">Angel Poveda junior s&#8217;est appuy\u00e9 sur l&#8217;excellente r\u00e9putation de son p\u00e8re, ayant \u00e9t\u00e9 immerg\u00e9 dans le monde de la pratique juridique d\u00e8s son plus jeune \u00e2ge. Angel s&#8217;est forg\u00e9 une formidable r\u00e9putation en tant qu&#8217;avocat plaidant et conseiller juridique dans un large \u00e9ventail de domaines juridiques. Angel repr\u00e9sente des clients internationaux dans toute l&#8217;Espagne devant le juge de paix, le tribunal de premi\u00e8re instance, les tribunaux d&#8217;instruction, les cours d&#8217;appel et la Cour supr\u00eame.<\/span><\/p>\n<p>Angel est l&#8217;un des associ\u00e9s fondateurs du cabinet Poveda Vicedo Abogados &amp; Solicitors. Au sein de ce cabinet, il se consacre principalement au droit civil, p\u00e9nal, proc\u00e9dural, au droit du travail, au droit des soci\u00e9t\u00e9s et au droit commercial. Ce travail porte sur un certain nombre de domaines sp\u00e9cialis\u00e9s tels que l&#8217;achat et la vente d&#8217;installations solaires photovolta\u00efques et les litiges y aff\u00e9rents.<\/p>\n<p>Il a particip\u00e9 \u00e0 de nombreux cours, conf\u00e9rences et expos\u00e9s sur diverses questions juridiques, tant judiciaires qu&#8217;extrajudiciaires, organis\u00e9s par des organismes gouvernementaux.<\/p>\n<p>Il a publi\u00e9 des articles juridiques d&#8217;int\u00e9r\u00eat dans plusieurs revues de la r\u00e9gion, en particulier sur les questions relatives aux r\u00e9sidents c\u00f4tiers \u00e9trangers.<\/p>\n<h3><b>Langues parl\u00e9es<\/b><\/h3>\n<p>Espagnol, valencien, anglais et fran\u00e7ais<\/p>\n<p>Veuillez contacter Angel directement au +34.96.353.01.96 ou par courriel \u00e0<span style=\"color: #f9be34;\"> <a style=\"color: #f9be34;\" title=\"info@povedavicedo.com\" href=\"mailto:info@povedavicedo.com\">info@povedavicedo.com<\/a><\/span>. Angel est disponible sur rendez-vous au bureau de Valence ou \u00e0 notre bureau de Javea.<\/p>\n\t\t\t\t\t\t\t\t<\/div>\n\t\t\t\t<\/div>\n\t\t\t\t\t<\/div>\n\t\t<\/div>\n\t\t\t\t\t<\/div>\n\t\t<\/section>\n\t\t\t\t<\/div>\n\t\t","protected":false},"excerpt":{"rendered":"<p>Angel Miguel Poveda Ferrando DROIT CIVIL, P\u00c9NAL, PROC\u00c9DURAL, DROIT DU TRAVAIL, DROIT DES SOCI\u00c9T\u00c9S ET DROIT COMMERCIAL Angel a obtenu un dipl\u00f4me de droit avec mention \u00e0 l&#8217;universit\u00e9 (CEU) SAN PABLO situ\u00e9e \u00e0 Moncada, Valence, en 1991. Il s&#8217;est ensuite sp\u00e9cialis\u00e9 en droit priv\u00e9 en obtenant un dipl\u00f4me suppl\u00e9mentaire \u00e0 l&#8217;universit\u00e9 de Valence en 1993. &#8230; <a title=\"Angel Miguel Poveda Ferrando\" class=\"read-more\" href=\"https:\/\/povedavicedo.com\/fr\/angel-miguel-poveda-ferrando\/\" aria-label=\"En savoir plus sur Angel Miguel Poveda Ferrando\">Lire la suite<\/a><\/p>\n","protected":false},"author":2,"featured_media":0,"parent":0,"menu_order":0,"comment_status":"closed","ping_status":"closed","template":"","meta":{"footnotes":""},"yoast_head":"<!-- This site is optimized with the Yoast SEO plugin v23.5 - https:\/\/yoast.com\/wordpress\/plugins\/seo\/ -->\n<title>Angel Miguel Poveda Ferrando - Poveda Vicedo<\/title>\n<meta name=\"description\" content=\"Angel est l&#039;un des associ\u00e9s fondateurs du cabinet Poveda Vicedo Abogados &amp; Solicitors. Au sein de ce cabinet, il se consacre principalement au droit civil, p\u00e9nal, proc\u00e9dural, au droit du travail, au droit des soci\u00e9t\u00e9s et au droit commercial. Ce travail porte sur un certain nombre de domaines sp\u00e9cialis\u00e9s tels que l&#039;achat et la vente d&#039;installations solaires photovolta\u00efques et les litiges y aff\u00e9rents.\" \/>\n<meta name=\"robots\" content=\"index, follow, max-snippet:-1, max-image-preview:large, max-video-preview:-1\" \/>\n<link rel=\"canonical\" href=\"https:\/\/povedavicedo.com\/fr\/angel-miguel-poveda-ferrando\/\" \/>\n<meta property=\"og:locale\" content=\"fr_FR\" \/>\n<meta property=\"og:type\" content=\"article\" \/>\n<meta property=\"og:title\" content=\"Angel Miguel Poveda Ferrando - Poveda Vicedo\" \/>\n<meta property=\"og:description\" content=\"Angel est l&#039;un des associ\u00e9s fondateurs du cabinet Poveda Vicedo Abogados &amp; Solicitors. Au sein de ce cabinet, il se consacre principalement au droit civil, p\u00e9nal, proc\u00e9dural, au droit du travail, au droit des soci\u00e9t\u00e9s et au droit commercial. Ce travail porte sur un certain nombre de domaines sp\u00e9cialis\u00e9s tels que l&#039;achat et la vente d&#039;installations solaires photovolta\u00efques et les litiges y aff\u00e9rents.\" \/>\n<meta property=\"og:url\" content=\"https:\/\/povedavicedo.com\/fr\/angel-miguel-poveda-ferrando\/\" \/>\n<meta property=\"og:site_name\" content=\"Poveda Vicedo\" \/>\n<meta property=\"article:modified_time\" content=\"2024-01-25T09:38:53+00:00\" \/>\n<meta property=\"og:image\" content=\"https:\/\/povedavicedo.com\/wp-content\/uploads\/WhatsApp-Image-2023-04-14-at-14.32.34-7-scaled-1.jpeg\" \/>\n<meta name=\"twitter:card\" content=\"summary_large_image\" \/>\n<meta name=\"twitter:label1\" content=\"Dur\u00e9e de lecture estim\u00e9e\" \/>\n\t<meta name=\"twitter:data1\" content=\"3 minutes\" \/>\n<script type=\"application\/ld+json\" class=\"yoast-schema-graph\">{\"@context\":\"https:\/\/schema.org\",\"@graph\":[{\"@type\":\"WebPage\",\"@id\":\"https:\/\/povedavicedo.com\/fr\/angel-miguel-poveda-ferrando\/\",\"url\":\"https:\/\/povedavicedo.com\/fr\/angel-miguel-poveda-ferrando\/\",\"name\":\"Angel Miguel Poveda Ferrando - Poveda Vicedo\",\"isPartOf\":{\"@id\":\"https:\/\/povedavicedo.com\/fr\/#website\"},\"primaryImageOfPage\":{\"@id\":\"https:\/\/povedavicedo.com\/fr\/angel-miguel-poveda-ferrando\/#primaryimage\"},\"image\":{\"@id\":\"https:\/\/povedavicedo.com\/fr\/angel-miguel-poveda-ferrando\/#primaryimage\"},\"thumbnailUrl\":\"https:\/\/povedavicedo.com\/wp-content\/uploads\/WhatsApp-Image-2023-04-14-at-14.32.34-7-scaled-1.jpeg\",\"datePublished\":\"2023-04-23T10:12:14+00:00\",\"dateModified\":\"2024-01-25T09:38:53+00:00\",\"description\":\"Angel est l'un des associ\u00e9s fondateurs du cabinet Poveda Vicedo Abogados & Solicitors. Au sein de ce cabinet, il se consacre principalement au droit civil, p\u00e9nal, proc\u00e9dural, au droit du travail, au droit des soci\u00e9t\u00e9s et au droit commercial. Ce travail porte sur un certain nombre de domaines sp\u00e9cialis\u00e9s tels que l'achat et la vente d'installations solaires photovolta\u00efques et les litiges y aff\u00e9rents.\",\"breadcrumb\":{\"@id\":\"https:\/\/povedavicedo.com\/fr\/angel-miguel-poveda-ferrando\/#breadcrumb\"},\"inLanguage\":\"fr-FR\",\"potentialAction\":[{\"@type\":\"ReadAction\",\"target\":[\"https:\/\/povedavicedo.com\/fr\/angel-miguel-poveda-ferrando\/\"]}]},{\"@type\":\"ImageObject\",\"inLanguage\":\"fr-FR\",\"@id\":\"https:\/\/povedavicedo.com\/fr\/angel-miguel-poveda-ferrando\/#primaryimage\",\"url\":\"https:\/\/povedavicedo.com\/wp-content\/uploads\/WhatsApp-Image-2023-04-14-at-14.32.34-7-scaled-1.jpeg\",\"contentUrl\":\"https:\/\/povedavicedo.com\/wp-content\/uploads\/WhatsApp-Image-2023-04-14-at-14.32.34-7-scaled-1.jpeg\"},{\"@type\":\"BreadcrumbList\",\"@id\":\"https:\/\/povedavicedo.com\/fr\/angel-miguel-poveda-ferrando\/#breadcrumb\",\"itemListElement\":[{\"@type\":\"ListItem\",\"position\":1,\"name\":\"Portada\",\"item\":\"https:\/\/povedavicedo.com\/fr\/\"},{\"@type\":\"ListItem\",\"position\":2,\"name\":\"Angel Miguel Poveda Ferrando\"}]},{\"@type\":\"WebSite\",\"@id\":\"https:\/\/povedavicedo.com\/fr\/#website\",\"url\":\"https:\/\/povedavicedo.com\/fr\/\",\"name\":\"Poveda Vicedo\",\"description\":\"Abogados - Solicitors Est. 1957\",\"publisher\":{\"@id\":\"https:\/\/povedavicedo.com\/fr\/#organization\"},\"potentialAction\":[{\"@type\":\"SearchAction\",\"target\":{\"@type\":\"EntryPoint\",\"urlTemplate\":\"https:\/\/povedavicedo.com\/fr\/?s={search_term_string}\"},\"query-input\":{\"@type\":\"PropertyValueSpecification\",\"valueRequired\":true,\"valueName\":\"search_term_string\"}}],\"inLanguage\":\"fr-FR\"},{\"@type\":\"Organization\",\"@id\":\"https:\/\/povedavicedo.com\/fr\/#organization\",\"name\":\"Poveda Vicedo\",\"url\":\"https:\/\/povedavicedo.com\/fr\/\",\"logo\":{\"@type\":\"ImageObject\",\"inLanguage\":\"fr-FR\",\"@id\":\"https:\/\/povedavicedo.com\/fr\/#\/schema\/logo\/image\/\",\"url\":\"https:\/\/povedavicedo.com\/wp-content\/uploads\/poveda-vicedo-abogados-logo.png\",\"contentUrl\":\"https:\/\/povedavicedo.com\/wp-content\/uploads\/poveda-vicedo-abogados-logo.png\",\"width\":300,\"height\":82,\"caption\":\"Poveda Vicedo\"},\"image\":{\"@id\":\"https:\/\/povedavicedo.com\/fr\/#\/schema\/logo\/image\/\"}}]}<\/script>\n<!-- \/ Yoast SEO plugin. -->","yoast_head_json":{"title":"Angel Miguel Poveda Ferrando - Poveda Vicedo","description":"Angel est l'un des associ\u00e9s fondateurs du cabinet Poveda Vicedo Abogados & Solicitors. Au sein de ce cabinet, il se consacre principalement au droit civil, p\u00e9nal, proc\u00e9dural, au droit du travail, au droit des soci\u00e9t\u00e9s et au droit commercial. Ce travail porte sur un certain nombre de domaines sp\u00e9cialis\u00e9s tels que l'achat et la vente d'installations solaires photovolta\u00efques et les litiges y aff\u00e9rents.","robots":{"index":"index","follow":"follow","max-snippet":"max-snippet:-1","max-image-preview":"max-image-preview:large","max-video-preview":"max-video-preview:-1"},"canonical":"https:\/\/povedavicedo.com\/fr\/angel-miguel-poveda-ferrando\/","og_locale":"fr_FR","og_type":"article","og_title":"Angel Miguel Poveda Ferrando - Poveda Vicedo","og_description":"Angel est l'un des associ\u00e9s fondateurs du cabinet Poveda Vicedo Abogados & Solicitors. Au sein de ce cabinet, il se consacre principalement au droit civil, p\u00e9nal, proc\u00e9dural, au droit du travail, au droit des soci\u00e9t\u00e9s et au droit commercial. Ce travail porte sur un certain nombre de domaines sp\u00e9cialis\u00e9s tels que l'achat et la vente d'installations solaires photovolta\u00efques et les litiges y aff\u00e9rents.","og_url":"https:\/\/povedavicedo.com\/fr\/angel-miguel-poveda-ferrando\/","og_site_name":"Poveda Vicedo","article_modified_time":"2024-01-25T09:38:53+00:00","og_image":[{"url":"https:\/\/povedavicedo.com\/wp-content\/uploads\/WhatsApp-Image-2023-04-14-at-14.32.34-7-scaled-1.jpeg"}],"twitter_card":"summary_large_image","twitter_misc":{"Dur\u00e9e de lecture estim\u00e9e":"3 minutes"},"schema":{"@context":"https:\/\/schema.org","@graph":[{"@type":"WebPage","@id":"https:\/\/povedavicedo.com\/fr\/angel-miguel-poveda-ferrando\/","url":"https:\/\/povedavicedo.com\/fr\/angel-miguel-poveda-ferrando\/","name":"Angel Miguel Poveda Ferrando - Poveda Vicedo","isPartOf":{"@id":"https:\/\/povedavicedo.com\/fr\/#website"},"primaryImageOfPage":{"@id":"https:\/\/povedavicedo.com\/fr\/angel-miguel-poveda-ferrando\/#primaryimage"},"image":{"@id":"https:\/\/povedavicedo.com\/fr\/angel-miguel-poveda-ferrando\/#primaryimage"},"thumbnailUrl":"https:\/\/povedavicedo.com\/wp-content\/uploads\/WhatsApp-Image-2023-04-14-at-14.32.34-7-scaled-1.jpeg","datePublished":"2023-04-23T10:12:14+00:00","dateModified":"2024-01-25T09:38:53+00:00","description":"Angel est l'un des associ\u00e9s fondateurs du cabinet Poveda Vicedo Abogados & Solicitors. Au sein de ce cabinet, il se consacre principalement au droit civil, p\u00e9nal, proc\u00e9dural, au droit du travail, au droit des soci\u00e9t\u00e9s et au droit commercial. Ce travail porte sur un certain nombre de domaines sp\u00e9cialis\u00e9s tels que l'achat et la vente d'installations solaires photovolta\u00efques et les litiges y aff\u00e9rents.","breadcrumb":{"@id":"https:\/\/povedavicedo.com\/fr\/angel-miguel-poveda-ferrando\/#breadcrumb"},"inLanguage":"fr-FR","potentialAction":[{"@type":"ReadAction","target":["https:\/\/povedavicedo.com\/fr\/angel-miguel-poveda-ferrando\/"]}]},{"@type":"ImageObject","inLanguage":"fr-FR","@id":"https:\/\/povedavicedo.com\/fr\/angel-miguel-poveda-ferrando\/#primaryimage","url":"https:\/\/povedavicedo.com\/wp-content\/uploads\/WhatsApp-Image-2023-04-14-at-14.32.34-7-scaled-1.jpeg","contentUrl":"https:\/\/povedavicedo.com\/wp-content\/uploads\/WhatsApp-Image-2023-04-14-at-14.32.34-7-scaled-1.jpeg"},{"@type":"BreadcrumbList","@id":"https:\/\/povedavicedo.com\/fr\/angel-miguel-poveda-ferrando\/#breadcrumb","itemListElement":[{"@type":"ListItem","position":1,"name":"Portada","item":"https:\/\/povedavicedo.com\/fr\/"},{"@type":"ListItem","position":2,"name":"Angel Miguel Poveda Ferrando"}]},{"@type":"WebSite","@id":"https:\/\/povedavicedo.com\/fr\/#website","url":"https:\/\/povedavicedo.com\/fr\/","name":"Poveda Vicedo","description":"Abogados - Solicitors Est. 1957","publisher":{"@id":"https:\/\/povedavicedo.com\/fr\/#organization"},"potentialAction":[{"@type":"SearchAction","target":{"@type":"EntryPoint","urlTemplate":"https:\/\/povedavicedo.com\/fr\/?s={search_term_string}"},"query-input":{"@type":"PropertyValueSpecification","valueRequired":true,"valueName":"search_term_string"}}],"inLanguage":"fr-FR"},{"@type":"Organization","@id":"https:\/\/povedavicedo.com\/fr\/#organization","name":"Poveda Vicedo","url":"https:\/\/povedavicedo.com\/fr\/","logo":{"@type":"ImageObject","inLanguage":"fr-FR","@id":"https:\/\/povedavicedo.com\/fr\/#\/schema\/logo\/image\/","url":"https:\/\/povedavicedo.com\/wp-content\/uploads\/poveda-vicedo-abogados-logo.png","contentUrl":"https:\/\/povedavicedo.com\/wp-content\/uploads\/poveda-vicedo-abogados-logo.png","width":300,"height":82,"caption":"Poveda Vicedo"},"image":{"@id":"https:\/\/povedavicedo.com\/fr\/#\/schema\/logo\/image\/"}}]}},"_links":{"self":[{"href":"https:\/\/povedavicedo.com\/fr\/wp-json\/wp\/v2\/pages\/24788"}],"collection":[{"href":"https:\/\/povedavicedo.com\/fr\/wp-json\/wp\/v2\/pages"}],"about":[{"href":"https:\/\/povedavicedo.com\/fr\/wp-json\/wp\/v2\/types\/page"}],"author":[{"embeddable":true,"href":"https:\/\/povedavicedo.com\/fr\/wp-json\/wp\/v2\/users\/2"}],"replies":[{"embeddable":true,"href":"https:\/\/povedavicedo.com\/fr\/wp-json\/wp\/v2\/comments?post=24788"}],"version-history":[{"count":4,"href":"https:\/\/povedavicedo.com\/fr\/wp-json\/wp\/v2\/pages\/24788\/revisions"}],"predecessor-version":[{"id":26025,"href":"https:\/\/povedavicedo.com\/fr\/wp-json\/wp\/v2\/pages\/24788\/revisions\/26025"}],"wp:attachment":[{"href":"https:\/\/povedavicedo.com\/fr\/wp-json\/wp\/v2\/media?parent=24788"}],"curies":[{"name":"wp","href":"https:\/\/api.w.org\/{rel}","templated":true}]}}