{"id":24780,"date":"2023-04-29T12:06:12","date_gmt":"2023-04-29T10:06:12","guid":{"rendered":"https:\/\/povedanew.local\/about-us\/"},"modified":"2024-01-17T11:58:42","modified_gmt":"2024-01-17T10:58:42","slug":"a-propos","status":"publish","type":"page","link":"https:\/\/povedavicedo.com\/fr\/a-propos\/","title":{"rendered":"A propos"},"content":{"rendered":"\t\t<div data-elementor-type=\"wp-post\" data-elementor-id=\"24780\" class=\"elementor elementor-24780\">\n\t\t\t\t\t\t<section class=\"elementor-section elementor-top-section elementor-element elementor-element-d0ec3e8 elementor-section-stretched elementor-section-height-min-height elementor-section-boxed elementor-section-height-default elementor-section-items-middle\" data-id=\"d0ec3e8\" data-element_type=\"section\" data-settings=\"{&quot;stretch_section&quot;:&quot;section-stretched&quot;,&quot;background_background&quot;:&quot;classic&quot;}\">\n\t\t\t\t\t\t\t<div class=\"elementor-background-overlay\"><\/div>\n\t\t\t\t\t\t\t<div class=\"elementor-container elementor-column-gap-default\">\n\t\t\t\t\t<div class=\"elementor-column elementor-col-100 elementor-top-column elementor-element elementor-element-7a2980e\" data-id=\"7a2980e\" data-element_type=\"column\">\n\t\t\t<div class=\"elementor-widget-wrap elementor-element-populated\">\n\t\t\t\t\t\t<div class=\"elementor-element elementor-element-558787c2 elementor-widget elementor-widget-heading\" data-id=\"558787c2\" data-element_type=\"widget\" data-widget_type=\"heading.default\">\n\t\t\t\t<div class=\"elementor-widget-container\">\n\t\t\t\t\t<h1 class=\"elementor-heading-title elementor-size-default\">About Poveda Vicedo Abogados<\/h1>\t\t\t\t<\/div>\n\t\t\t\t<\/div>\n\t\t\t\t\t<\/div>\n\t\t<\/div>\n\t\t\t\t\t<\/div>\n\t\t<\/section>\n\t\t\t\t<section class=\"elementor-section elementor-top-section elementor-element elementor-element-537a5e87 elementor-section-content-middle elementor-section-stretched elementor-section-boxed elementor-section-height-default elementor-section-height-default\" data-id=\"537a5e87\" data-element_type=\"section\" data-settings=\"{&quot;stretch_section&quot;:&quot;section-stretched&quot;}\">\n\t\t\t\t\t\t<div class=\"elementor-container elementor-column-gap-no\">\n\t\t\t\t\t<div class=\"elementor-column elementor-col-100 elementor-top-column elementor-element elementor-element-43387ce3\" data-id=\"43387ce3\" data-element_type=\"column\">\n\t\t\t<div class=\"elementor-widget-wrap elementor-element-populated\">\n\t\t\t\t\t\t<div class=\"elementor-element elementor-element-3abd7b67 elementor-widget elementor-widget-text-editor\" data-id=\"3abd7b67\" data-element_type=\"widget\" data-widget_type=\"text-editor.default\">\n\t\t\t\t<div class=\"elementor-widget-container\">\n\t\t\t\t\t\t\t\t\t<h2><b>UN CABINET D&#8217;AVOCATS COMPLET<\/b><\/h2>\n<strong>Fond\u00e9 en 1957<\/strong>\u00a0par Angel Poveda senior,\u00a0<strong>Poveda Abogados &amp; Solicitors<\/strong>\u00a0 est devenu un cabinet d&#8217;avocats moderne et avant-gardiste bas\u00e9 dans le centre-ville de Valence et \u00e9galement dans la c\u00e9l\u00e8bre ville c\u00f4ti\u00e8re de Javea, Alicante. De plus, nous fournissons nos services \u00e0 notre client\u00e8le internationale anglophone dans toute l&#8217;Espagne, le Royaume-Uni et l&#8217;Irlande. Nous sommes vos avocats anglophones et hispanophones \u00e0 Valence et Javea, Alicante, Espagne.\t\t\t\t\t\t\t\t<\/div>\n\t\t\t\t<\/div>\n\t\t\t\t<div class=\"elementor-element elementor-element-28dea02 elementor-widget elementor-widget-testimonial\" data-id=\"28dea02\" data-element_type=\"widget\" data-widget_type=\"testimonial.default\">\n\t\t\t\t<div class=\"elementor-widget-container\">\n\t\t\t\t\t\t\t<div class=\"elementor-testimonial-wrapper\">\n\t\t\t\t\t\t\t<div class=\"elementor-testimonial-content\">Nous consid\u00e9rons Poveda Vicedo comme une v\u00e9ritable \u00e9quipe juridique \u00ab \u00e0 service complet \u00bb. Du droit civil au droit p\u00e9nal, de l'aide personnelle \u00e0 la protection des entreprises, notre \u00e9quipe est pr\u00eate - et poss\u00e8de les comp\u00e9tences - pour agir en votre nom imm\u00e9diatement.<\/div>\n\t\t\t\n\t\t\t\t\t\t<div class=\"elementor-testimonial-meta\">\n\t\t\t\t<div class=\"elementor-testimonial-meta-inner\">\n\t\t\t\t\t\n\t\t\t\t\t\t\t\t\t\t<div class=\"elementor-testimonial-details\">\n\t\t\t\t\t\t\t\t\t\t\t\t\t\t<div class=\"elementor-testimonial-name\">\u00c1ngel Poveda<\/div>\n\t\t\t\t\t\t\t\t\t\t\t\t\t\t\t\t\t\t\t\t\t\t<div class=\"elementor-testimonial-job\">Lawyer<\/div>\n\t\t\t\t\t\t\t\t\t\t\t\t\t<\/div>\n\t\t\t\t\t\t\t\t\t<\/div>\n\t\t\t<\/div>\n\t\t\t\t\t<\/div>\n\t\t\t\t\t\t<\/div>\n\t\t\t\t<\/div>\n\t\t\t\t<section class=\"elementor-section elementor-inner-section elementor-element elementor-element-5985f3c4 elementor-section-boxed elementor-section-height-default elementor-section-height-default\" data-id=\"5985f3c4\" data-element_type=\"section\">\n\t\t\t\t\t\t<div class=\"elementor-container elementor-column-gap-default\">\n\t\t\t\t\t<div class=\"elementor-column elementor-col-50 elementor-inner-column elementor-element elementor-element-371240cd\" data-id=\"371240cd\" data-element_type=\"column\">\n\t\t\t<div class=\"elementor-widget-wrap elementor-element-populated\">\n\t\t\t\t\t\t<div class=\"elementor-element elementor-element-f547336 elementor-widget elementor-widget-text-editor\" data-id=\"f547336\" data-element_type=\"widget\" data-widget_type=\"text-editor.default\">\n\t\t\t\t<div class=\"elementor-widget-container\">\n\t\t\t\t\t\t\t\t\t<h3><b>Services juridiques espagnols ax\u00e9s sur le client en fran\u00e7ais<\/b><\/h3><p>Chez Poveda Vicedo, notre objectif est de vous donner des conseils clairs, courtois et r\u00e9fl\u00e9chis sp\u00e9cifiques \u00e0 votre cas afin de vous permettre de prendre une d\u00e9cision en toute connaissance de cause quant \u00e0 la meilleure voie \u00e0 suivre pour votre situation particuli\u00e8re.<\/p><p><b>Abogados &amp; Solicitors en Espagne<\/b><\/p><p>Comme notre nom l&#8217;indique, nous sommes un partenariat d&#8217;Abogados &amp; Solicitors &#8211; Nos clients ont la possibilit\u00e9 inestimable de pouvoir parler et correspondre directement avec des avocats anglophones qualifi\u00e9s et autoris\u00e9s \u00e0 exercer en Espagne ainsi que dans leur juridiction d&#8217;origine. De m\u00eame, nos clients peuvent \u00e9galement traiter directement avec des avocats espagnols parlant couramment l&#8217;anglais et poss\u00e9dant de nombreuses ann\u00e9es d&#8217;exp\u00e9rience dans le traitement de clients \u00e9trangers.<\/p>\t\t\t\t\t\t\t\t<\/div>\n\t\t\t\t<\/div>\n\t\t\t\t\t<\/div>\n\t\t<\/div>\n\t\t\t\t<div class=\"elementor-column elementor-col-50 elementor-inner-column elementor-element elementor-element-28aa17ce\" data-id=\"28aa17ce\" data-element_type=\"column\">\n\t\t\t<div class=\"elementor-widget-wrap elementor-element-populated\">\n\t\t\t\t\t\t<div class=\"elementor-element elementor-element-24dd1629 elementor-widget elementor-widget-text-editor\" data-id=\"24dd1629\" data-element_type=\"widget\" data-widget_type=\"text-editor.default\">\n\t\t\t\t<div class=\"elementor-widget-container\">\n\t\t\t\t\t\t\t\t\t<h3><b>Utilisation des communications modernes pour combler la distance<\/b><\/h3>\nNous sommes un cabinet de m\u00e9decine g\u00e9n\u00e9rale avec une v\u00e9ritable port\u00e9e mondiale. Une caract\u00e9ristique cl\u00e9 de notre entreprise est que nous pouvons fournir nos services juridiques \u00e0 distance.\n\nPour que nous puissions le faire efficacement, nous d\u00e9veloppons constamment notre utilisation des technologies de l&#8217;information et de la communication afin de combler les distances g\u00e9n\u00e9ralement rencontr\u00e9es par nos clients \u00e9trangers.\n\nVOIP (Voice Over Internet Protocol) et la vid\u00e9oconf\u00e9rence sont deux de ces technologies qui nous permettent de maintenir un contact \u00e9troit avec nos clients, qu&#8217;ils soient \u00e0 Dublin, Londres, Abu Dhabi, New York ou ici en Espagne. Une fois que vous avez une connexion Internet haut d\u00e9bit, un microphone, des haut-parleurs et une webcam, nous pouvons faire une visioconf\u00e9rence avec vous. Veuillez nous envoyer un courriel \u00e0 l&#8217;avance pour convenir d&#8217;un rendez-vous.\n\n \t\t\t\t\t\t\t\t\t<\/div>\n\t\t\t\t<\/div>\n\t\t\t\t\t<\/div>\n\t\t<\/div>\n\t\t\t\t\t<\/div>\n\t\t<\/section>\n\t\t\t\t\t<\/div>\n\t\t<\/div>\n\t\t\t\t\t<\/div>\n\t\t<\/section>\n\t\t\t\t<section class=\"elementor-section elementor-top-section elementor-element elementor-element-34bff0a elementor-section-boxed elementor-section-height-default elementor-section-height-default\" data-id=\"34bff0a\" data-element_type=\"section\">\n\t\t\t\t\t\t<div class=\"elementor-container elementor-column-gap-default\">\n\t\t\t\t\t<div class=\"elementor-column elementor-col-100 elementor-top-column elementor-element elementor-element-31d84ef\" data-id=\"31d84ef\" data-element_type=\"column\">\n\t\t\t<div class=\"elementor-widget-wrap elementor-element-populated\">\n\t\t\t\t\t\t<section class=\"elementor-section elementor-inner-section elementor-element elementor-element-a51c501 elementor-section-boxed elementor-section-height-default elementor-section-height-default\" data-id=\"a51c501\" data-element_type=\"section\">\n\t\t\t\t\t\t<div class=\"elementor-container elementor-column-gap-default\">\n\t\t\t\t\t<div class=\"elementor-column elementor-col-50 elementor-inner-column elementor-element elementor-element-466478b\" data-id=\"466478b\" data-element_type=\"column\">\n\t\t\t<div class=\"elementor-widget-wrap elementor-element-populated\">\n\t\t\t\t\t\t<div class=\"elementor-element elementor-element-647a530 elementor-widget elementor-widget-text-editor\" data-id=\"647a530\" data-element_type=\"widget\" data-widget_type=\"text-editor.default\">\n\t\t\t\t<div class=\"elementor-widget-container\">\n\t\t\t\t\t\t\t\t\t<h3><strong>Prestations recommand\u00e9es<\/strong><\/h3><p>Chez Poveda Vicedo, nous sommes fiers de collaborer avec :\u00a0<b style=\"font-style: inherit;\"><a href=\"https:\/\/www.dragoninsure.com\/\" target=\"_blank\" rel=\"noopener\">Dragon insurance<\/a><\/b><\/p>\t\t\t\t\t\t\t\t<\/div>\n\t\t\t\t<\/div>\n\t\t\t\t\t<\/div>\n\t\t<\/div>\n\t\t\t\t<div class=\"elementor-column elementor-col-50 elementor-inner-column elementor-element elementor-element-0e60a65\" data-id=\"0e60a65\" data-element_type=\"column\">\n\t\t\t<div class=\"elementor-widget-wrap elementor-element-populated\">\n\t\t\t\t\t\t<div class=\"elementor-element elementor-element-5b6b146 elementor-widget elementor-widget-image\" data-id=\"5b6b146\" data-element_type=\"widget\" data-widget_type=\"image.default\">\n\t\t\t\t<div class=\"elementor-widget-container\">\n\t\t\t\t\t\t\t\t\t\t\t\t\t\t\t\t<a href=\"https:\/\/www.dragoninsure.com\/\">\n\t\t\t\t\t\t\t<img decoding=\"async\" width=\"300\" height=\"77\" src=\"https:\/\/povedavicedo.com\/wp-content\/uploads\/logo-1.jpg\" class=\"attachment-large size-large wp-image-25835\" alt=\"logo.jpg\" \/>\t\t\t\t\t\t\t\t<\/a>\n\t\t\t\t\t\t\t\t\t\t\t\t\t\t\t<\/div>\n\t\t\t\t<\/div>\n\t\t\t\t\t<\/div>\n\t\t<\/div>\n\t\t\t\t\t<\/div>\n\t\t<\/section>\n\t\t\t\t\t<\/div>\n\t\t<\/div>\n\t\t\t\t\t<\/div>\n\t\t<\/section>\n\t\t\t\t<\/div>\n\t\t","protected":false},"excerpt":{"rendered":"<p>About Poveda Vicedo Abogados UN CABINET D&#8217;AVOCATS COMPLET Fond\u00e9 en 1957\u00a0par Angel Poveda senior,\u00a0Poveda Abogados &amp; Solicitors\u00a0 est devenu un cabinet d&#8217;avocats moderne et avant-gardiste bas\u00e9 dans le centre-ville de Valence et \u00e9galement dans la c\u00e9l\u00e8bre ville c\u00f4ti\u00e8re de Javea, Alicante. De plus, nous fournissons nos services \u00e0 notre client\u00e8le internationale anglophone dans toute l&#8217;Espagne, &#8230; <a title=\"A propos\" class=\"read-more\" href=\"https:\/\/povedavicedo.com\/fr\/a-propos\/\" aria-label=\"En savoir plus sur A propos\">Lire la suite<\/a><\/p>\n","protected":false},"author":2,"featured_media":0,"parent":0,"menu_order":0,"comment_status":"closed","ping_status":"closed","template":"","meta":{"footnotes":""},"yoast_head":"<!-- This site is optimized with the Yoast SEO plugin v23.5 - https:\/\/yoast.com\/wordpress\/plugins\/seo\/ -->\n<title>A propos - Poveda Vicedo<\/title>\n<meta name=\"robots\" content=\"index, follow, max-snippet:-1, max-image-preview:large, max-video-preview:-1\" \/>\n<link rel=\"canonical\" href=\"https:\/\/povedavicedo.com\/fr\/a-propos\/\" \/>\n<meta property=\"og:locale\" content=\"fr_FR\" \/>\n<meta property=\"og:type\" content=\"article\" \/>\n<meta property=\"og:title\" content=\"A propos - Poveda Vicedo\" \/>\n<meta property=\"og:description\" content=\"About Poveda Vicedo Abogados UN CABINET D&#8217;AVOCATS COMPLET Fond\u00e9 en 1957\u00a0par Angel Poveda senior,\u00a0Poveda Abogados &amp; Solicitors\u00a0 est devenu un cabinet d&#8217;avocats moderne et avant-gardiste bas\u00e9 dans le centre-ville de Valence et \u00e9galement dans la c\u00e9l\u00e8bre ville c\u00f4ti\u00e8re de Javea, Alicante. De plus, nous fournissons nos services \u00e0 notre client\u00e8le internationale anglophone dans toute l&#8217;Espagne, ... Lire la suite\" \/>\n<meta property=\"og:url\" content=\"https:\/\/povedavicedo.com\/fr\/a-propos\/\" \/>\n<meta property=\"og:site_name\" content=\"Poveda Vicedo\" \/>\n<meta property=\"article:modified_time\" content=\"2024-01-17T10:58:42+00:00\" \/>\n<meta property=\"og:image\" content=\"https:\/\/povedavicedo.com\/wp-content\/uploads\/WhatsApp-Image-2023-04-14-at-14.32.34-5-scaled.jpeg\" \/>\n<meta name=\"twitter:card\" content=\"summary_large_image\" \/>\n<meta name=\"twitter:label1\" content=\"Dur\u00e9e de lecture estim\u00e9e\" \/>\n\t<meta name=\"twitter:data1\" content=\"2 minutes\" \/>\n<script type=\"application\/ld+json\" class=\"yoast-schema-graph\">{\"@context\":\"https:\/\/schema.org\",\"@graph\":[{\"@type\":\"WebPage\",\"@id\":\"https:\/\/povedavicedo.com\/fr\/a-propos\/\",\"url\":\"https:\/\/povedavicedo.com\/fr\/a-propos\/\",\"name\":\"A propos - Poveda Vicedo\",\"isPartOf\":{\"@id\":\"https:\/\/povedavicedo.com\/fr\/#website\"},\"primaryImageOfPage\":{\"@id\":\"https:\/\/povedavicedo.com\/fr\/a-propos\/#primaryimage\"},\"image\":{\"@id\":\"https:\/\/povedavicedo.com\/fr\/a-propos\/#primaryimage\"},\"thumbnailUrl\":\"https:\/\/povedavicedo.com\/wp-content\/uploads\/logo-1.jpg\",\"datePublished\":\"2023-04-29T10:06:12+00:00\",\"dateModified\":\"2024-01-17T10:58:42+00:00\",\"breadcrumb\":{\"@id\":\"https:\/\/povedavicedo.com\/fr\/a-propos\/#breadcrumb\"},\"inLanguage\":\"fr-FR\",\"potentialAction\":[{\"@type\":\"ReadAction\",\"target\":[\"https:\/\/povedavicedo.com\/fr\/a-propos\/\"]}]},{\"@type\":\"ImageObject\",\"inLanguage\":\"fr-FR\",\"@id\":\"https:\/\/povedavicedo.com\/fr\/a-propos\/#primaryimage\",\"url\":\"https:\/\/povedavicedo.com\/wp-content\/uploads\/logo-1.jpg\",\"contentUrl\":\"https:\/\/povedavicedo.com\/wp-content\/uploads\/logo-1.jpg\"},{\"@type\":\"BreadcrumbList\",\"@id\":\"https:\/\/povedavicedo.com\/fr\/a-propos\/#breadcrumb\",\"itemListElement\":[{\"@type\":\"ListItem\",\"position\":1,\"name\":\"Portada\",\"item\":\"https:\/\/povedavicedo.com\/fr\/\"},{\"@type\":\"ListItem\",\"position\":2,\"name\":\"A propos\"}]},{\"@type\":\"WebSite\",\"@id\":\"https:\/\/povedavicedo.com\/fr\/#website\",\"url\":\"https:\/\/povedavicedo.com\/fr\/\",\"name\":\"Poveda Vicedo\",\"description\":\"Abogados - Solicitors Est. 1957\",\"publisher\":{\"@id\":\"https:\/\/povedavicedo.com\/fr\/#organization\"},\"potentialAction\":[{\"@type\":\"SearchAction\",\"target\":{\"@type\":\"EntryPoint\",\"urlTemplate\":\"https:\/\/povedavicedo.com\/fr\/?s={search_term_string}\"},\"query-input\":{\"@type\":\"PropertyValueSpecification\",\"valueRequired\":true,\"valueName\":\"search_term_string\"}}],\"inLanguage\":\"fr-FR\"},{\"@type\":\"Organization\",\"@id\":\"https:\/\/povedavicedo.com\/fr\/#organization\",\"name\":\"Poveda Vicedo\",\"url\":\"https:\/\/povedavicedo.com\/fr\/\",\"logo\":{\"@type\":\"ImageObject\",\"inLanguage\":\"fr-FR\",\"@id\":\"https:\/\/povedavicedo.com\/fr\/#\/schema\/logo\/image\/\",\"url\":\"https:\/\/povedavicedo.com\/wp-content\/uploads\/poveda-vicedo-abogados-logo.png\",\"contentUrl\":\"https:\/\/povedavicedo.com\/wp-content\/uploads\/poveda-vicedo-abogados-logo.png\",\"width\":300,\"height\":82,\"caption\":\"Poveda Vicedo\"},\"image\":{\"@id\":\"https:\/\/povedavicedo.com\/fr\/#\/schema\/logo\/image\/\"}}]}<\/script>\n<!-- \/ Yoast SEO plugin. -->","yoast_head_json":{"title":"A propos - Poveda Vicedo","robots":{"index":"index","follow":"follow","max-snippet":"max-snippet:-1","max-image-preview":"max-image-preview:large","max-video-preview":"max-video-preview:-1"},"canonical":"https:\/\/povedavicedo.com\/fr\/a-propos\/","og_locale":"fr_FR","og_type":"article","og_title":"A propos - Poveda Vicedo","og_description":"About Poveda Vicedo Abogados UN CABINET D&#8217;AVOCATS COMPLET Fond\u00e9 en 1957\u00a0par Angel Poveda senior,\u00a0Poveda Abogados &amp; Solicitors\u00a0 est devenu un cabinet d&#8217;avocats moderne et avant-gardiste bas\u00e9 dans le centre-ville de Valence et \u00e9galement dans la c\u00e9l\u00e8bre ville c\u00f4ti\u00e8re de Javea, Alicante. De plus, nous fournissons nos services \u00e0 notre client\u00e8le internationale anglophone dans toute l&#8217;Espagne, ... Lire la suite","og_url":"https:\/\/povedavicedo.com\/fr\/a-propos\/","og_site_name":"Poveda Vicedo","article_modified_time":"2024-01-17T10:58:42+00:00","og_image":[{"url":"https:\/\/povedavicedo.com\/wp-content\/uploads\/WhatsApp-Image-2023-04-14-at-14.32.34-5-scaled.jpeg"}],"twitter_card":"summary_large_image","twitter_misc":{"Dur\u00e9e de lecture estim\u00e9e":"2 minutes"},"schema":{"@context":"https:\/\/schema.org","@graph":[{"@type":"WebPage","@id":"https:\/\/povedavicedo.com\/fr\/a-propos\/","url":"https:\/\/povedavicedo.com\/fr\/a-propos\/","name":"A propos - Poveda Vicedo","isPartOf":{"@id":"https:\/\/povedavicedo.com\/fr\/#website"},"primaryImageOfPage":{"@id":"https:\/\/povedavicedo.com\/fr\/a-propos\/#primaryimage"},"image":{"@id":"https:\/\/povedavicedo.com\/fr\/a-propos\/#primaryimage"},"thumbnailUrl":"https:\/\/povedavicedo.com\/wp-content\/uploads\/logo-1.jpg","datePublished":"2023-04-29T10:06:12+00:00","dateModified":"2024-01-17T10:58:42+00:00","breadcrumb":{"@id":"https:\/\/povedavicedo.com\/fr\/a-propos\/#breadcrumb"},"inLanguage":"fr-FR","potentialAction":[{"@type":"ReadAction","target":["https:\/\/povedavicedo.com\/fr\/a-propos\/"]}]},{"@type":"ImageObject","inLanguage":"fr-FR","@id":"https:\/\/povedavicedo.com\/fr\/a-propos\/#primaryimage","url":"https:\/\/povedavicedo.com\/wp-content\/uploads\/logo-1.jpg","contentUrl":"https:\/\/povedavicedo.com\/wp-content\/uploads\/logo-1.jpg"},{"@type":"BreadcrumbList","@id":"https:\/\/povedavicedo.com\/fr\/a-propos\/#breadcrumb","itemListElement":[{"@type":"ListItem","position":1,"name":"Portada","item":"https:\/\/povedavicedo.com\/fr\/"},{"@type":"ListItem","position":2,"name":"A propos"}]},{"@type":"WebSite","@id":"https:\/\/povedavicedo.com\/fr\/#website","url":"https:\/\/povedavicedo.com\/fr\/","name":"Poveda Vicedo","description":"Abogados - Solicitors Est. 1957","publisher":{"@id":"https:\/\/povedavicedo.com\/fr\/#organization"},"potentialAction":[{"@type":"SearchAction","target":{"@type":"EntryPoint","urlTemplate":"https:\/\/povedavicedo.com\/fr\/?s={search_term_string}"},"query-input":{"@type":"PropertyValueSpecification","valueRequired":true,"valueName":"search_term_string"}}],"inLanguage":"fr-FR"},{"@type":"Organization","@id":"https:\/\/povedavicedo.com\/fr\/#organization","name":"Poveda Vicedo","url":"https:\/\/povedavicedo.com\/fr\/","logo":{"@type":"ImageObject","inLanguage":"fr-FR","@id":"https:\/\/povedavicedo.com\/fr\/#\/schema\/logo\/image\/","url":"https:\/\/povedavicedo.com\/wp-content\/uploads\/poveda-vicedo-abogados-logo.png","contentUrl":"https:\/\/povedavicedo.com\/wp-content\/uploads\/poveda-vicedo-abogados-logo.png","width":300,"height":82,"caption":"Poveda Vicedo"},"image":{"@id":"https:\/\/povedavicedo.com\/fr\/#\/schema\/logo\/image\/"}}]}},"_links":{"self":[{"href":"https:\/\/povedavicedo.com\/fr\/wp-json\/wp\/v2\/pages\/24780"}],"collection":[{"href":"https:\/\/povedavicedo.com\/fr\/wp-json\/wp\/v2\/pages"}],"about":[{"href":"https:\/\/povedavicedo.com\/fr\/wp-json\/wp\/v2\/types\/page"}],"author":[{"embeddable":true,"href":"https:\/\/povedavicedo.com\/fr\/wp-json\/wp\/v2\/users\/2"}],"replies":[{"embeddable":true,"href":"https:\/\/povedavicedo.com\/fr\/wp-json\/wp\/v2\/comments?post=24780"}],"version-history":[{"count":1,"href":"https:\/\/povedavicedo.com\/fr\/wp-json\/wp\/v2\/pages\/24780\/revisions"}],"predecessor-version":[{"id":25869,"href":"https:\/\/povedavicedo.com\/fr\/wp-json\/wp\/v2\/pages\/24780\/revisions\/25869"}],"wp:attachment":[{"href":"https:\/\/povedavicedo.com\/fr\/wp-json\/wp\/v2\/media?parent=24780"}],"curies":[{"name":"wp","href":"https:\/\/api.w.org\/{rel}","templated":true}]}}